{"id":243663,"date":"2026-03-13T11:46:17","date_gmt":"2026-03-13T10:46:17","guid":{"rendered":"https:\/\/stylestore.com\/se\/product\/wblmarleen-ls-oversized-shirt-4\/"},"modified":"2026-04-04T08:04:49","modified_gmt":"2026-04-04T06:04:49","slug":"wblmarleen-ls-oversized-shirt-4","status":"publish","type":"product","link":"https:\/\/stylestore.com\/se\/product\/wblmarleen-ls-oversized-shirt-4\/","title":{"rendered":"WBLMARLEEN LS OVERSIZED SHIRT"},"content":{"rendered":"<p>L\u00e4tt, mjuk lyocellkvalitet<br \/>\nBred \u00e4rm med manschett och knapp<br \/>\nKlassisk krage<br \/>\nKnappkn\u00e4ppning<br \/>\nBr\u00f6stficka<br \/>\nS\u00e4nkt axel<br \/>\nH\u00f6ftl\u00e4ngd<br \/>\nL\u00f6s passform.<br \/>\nRundad f\u00e5ll<br \/>\nModellen \u00e4r 172 cm l\u00e5ng och b\u00e4r storlek S<br \/>\nProdukten \u00e4r normal i storleken f\u00f6r en oversized look. V\u00e4lj en storlek mindre f\u00f6r en mindre oversized look<\/p>\n","protected":false},"excerpt":{"rendered":"","protected":false},"featured_media":243698,"template":"","meta":{"_acf_changed":false},"product_brand":[],"product_cat":[1821,1819],"product_tag":[2567],"class_list":{"0":"post-243663","1":"product","2":"type-product","3":"status-publish","4":"has-post-thumbnail","6":"product_cat-skjortor","7":"product_cat-toppar","8":"product_tag-b2b","11":"instock","12":"taxable","13":"shipping-taxable","14":"purchasable","15":"product-type-variable"},"acf":[],"yoast_head":"<!-- This site is optimized with the Yoast SEO plugin v23.8 - https:\/\/yoast.com\/wordpress\/plugins\/seo\/ -->\n<title>WBLMARLEEN LS OVERSIZED SHIRT &#187; Stylestore.com Sweden<\/title>\n<meta name=\"robots\" content=\"index, follow, max-snippet:-1, max-image-preview:large, max-video-preview:-1\" \/>\n<link rel=\"canonical\" href=\"https:\/\/stylestore.com\/se\/product\/wblmarleen-ls-oversized-shirt-4\/\" \/>\n<meta property=\"og:locale\" content=\"sv_SE\" \/>\n<meta property=\"og:type\" content=\"article\" \/>\n<meta property=\"og:title\" content=\"WBLMARLEEN LS OVERSIZED SHIRT &#187; Stylestore.com Sweden\" \/>\n<meta property=\"og:url\" content=\"https:\/\/stylestore.com\/se\/product\/wblmarleen-ls-oversized-shirt-4\/\" \/>\n<meta property=\"og:site_name\" content=\"Stylestore.com Sweden\" \/>\n<meta property=\"article:modified_time\" content=\"2026-04-04T06:04:49+00:00\" \/>\n<meta name=\"twitter:card\" content=\"summary_large_image\" \/>\n<script type=\"application\/ld+json\" class=\"yoast-schema-graph\">{\"@context\":\"https:\/\/schema.org\",\"@graph\":[{\"@type\":\"WebPage\",\"@id\":\"https:\/\/stylestore.com\/se\/product\/wblmarleen-ls-oversized-shirt-4\/\",\"url\":\"https:\/\/stylestore.com\/se\/product\/wblmarleen-ls-oversized-shirt-4\/\",\"name\":\"WBLMARLEEN LS OVERSIZED SHIRT &#187; Stylestore.com Sweden\",\"isPartOf\":{\"@id\":\"https:\/\/stylestore.com\/se\/#website\"},\"primaryImageOfPage\":{\"@id\":\"https:\/\/stylestore.com\/se\/product\/wblmarleen-ls-oversized-shirt-4\/#primaryimage\"},\"image\":{\"@id\":\"https:\/\/stylestore.com\/se\/product\/wblmarleen-ls-oversized-shirt-4\/#primaryimage\"},\"thumbnailUrl\":\"https:\/\/stylestore.com\/se\/wp-content\/uploads\/sites\/5\/2026\/03\/Wblmarleen_Oversized_Ls_Shirt_Lavender_Sky-1-scaled.jpg\",\"datePublished\":\"2026-03-13T10:46:17+00:00\",\"dateModified\":\"2026-04-04T06:04:49+00:00\",\"breadcrumb\":{\"@id\":\"https:\/\/stylestore.com\/se\/product\/wblmarleen-ls-oversized-shirt-4\/#breadcrumb\"},\"inLanguage\":\"sv-SE\",\"potentialAction\":[{\"@type\":\"ReadAction\",\"target\":[\"https:\/\/stylestore.com\/se\/product\/wblmarleen-ls-oversized-shirt-4\/\"]}]},{\"@type\":\"ImageObject\",\"inLanguage\":\"sv-SE\",\"@id\":\"https:\/\/stylestore.com\/se\/product\/wblmarleen-ls-oversized-shirt-4\/#primaryimage\",\"url\":\"https:\/\/stylestore.com\/se\/wp-content\/uploads\/sites\/5\/2026\/03\/Wblmarleen_Oversized_Ls_Shirt_Lavender_Sky-1-scaled.jpg\",\"contentUrl\":\"https:\/\/stylestore.com\/se\/wp-content\/uploads\/sites\/5\/2026\/03\/Wblmarleen_Oversized_Ls_Shirt_Lavender_Sky-1-scaled.jpg\",\"width\":1707,\"height\":2560},{\"@type\":\"BreadcrumbList\",\"@id\":\"https:\/\/stylestore.com\/se\/product\/wblmarleen-ls-oversized-shirt-4\/#breadcrumb\",\"itemListElement\":[{\"@type\":\"ListItem\",\"position\":1,\"name\":\"Home\",\"item\":\"https:\/\/stylestore.com\/se\/\"},{\"@type\":\"ListItem\",\"position\":2,\"name\":\"S\u00f8g\",\"item\":\"https:\/\/stylestore.com\/se\/soeg\/\"},{\"@type\":\"ListItem\",\"position\":3,\"name\":\"WBLMARLEEN LS OVERSIZED SHIRT\"}]},{\"@type\":\"WebSite\",\"@id\":\"https:\/\/stylestore.com\/se\/#website\",\"url\":\"https:\/\/stylestore.com\/se\/\",\"name\":\"Stylestore.com Sweden\",\"description\":\"\",\"potentialAction\":[{\"@type\":\"SearchAction\",\"target\":{\"@type\":\"EntryPoint\",\"urlTemplate\":\"https:\/\/stylestore.com\/se\/?s={search_term_string}\"},\"query-input\":{\"@type\":\"PropertyValueSpecification\",\"valueRequired\":true,\"valueName\":\"search_term_string\"}}],\"inLanguage\":\"sv-SE\"}]}<\/script>\n<!-- \/ Yoast SEO plugin. -->","yoast_head_json":{"title":"WBLMARLEEN LS OVERSIZED SHIRT &#187; Stylestore.com Sweden","robots":{"index":"index","follow":"follow","max-snippet":"max-snippet:-1","max-image-preview":"max-image-preview:large","max-video-preview":"max-video-preview:-1"},"canonical":"https:\/\/stylestore.com\/se\/product\/wblmarleen-ls-oversized-shirt-4\/","og_locale":"sv_SE","og_type":"article","og_title":"WBLMARLEEN LS OVERSIZED SHIRT &#187; Stylestore.com Sweden","og_url":"https:\/\/stylestore.com\/se\/product\/wblmarleen-ls-oversized-shirt-4\/","og_site_name":"Stylestore.com Sweden","article_modified_time":"2026-04-04T06:04:49+00:00","twitter_card":"summary_large_image","schema":{"@context":"https:\/\/schema.org","@graph":[{"@type":"WebPage","@id":"https:\/\/stylestore.com\/se\/product\/wblmarleen-ls-oversized-shirt-4\/","url":"https:\/\/stylestore.com\/se\/product\/wblmarleen-ls-oversized-shirt-4\/","name":"WBLMARLEEN LS OVERSIZED SHIRT &#187; Stylestore.com Sweden","isPartOf":{"@id":"https:\/\/stylestore.com\/se\/#website"},"primaryImageOfPage":{"@id":"https:\/\/stylestore.com\/se\/product\/wblmarleen-ls-oversized-shirt-4\/#primaryimage"},"image":{"@id":"https:\/\/stylestore.com\/se\/product\/wblmarleen-ls-oversized-shirt-4\/#primaryimage"},"thumbnailUrl":"https:\/\/stylestore.com\/se\/wp-content\/uploads\/sites\/5\/2026\/03\/Wblmarleen_Oversized_Ls_Shirt_Lavender_Sky-1-scaled.jpg","datePublished":"2026-03-13T10:46:17+00:00","dateModified":"2026-04-04T06:04:49+00:00","breadcrumb":{"@id":"https:\/\/stylestore.com\/se\/product\/wblmarleen-ls-oversized-shirt-4\/#breadcrumb"},"inLanguage":"sv-SE","potentialAction":[{"@type":"ReadAction","target":["https:\/\/stylestore.com\/se\/product\/wblmarleen-ls-oversized-shirt-4\/"]}]},{"@type":"ImageObject","inLanguage":"sv-SE","@id":"https:\/\/stylestore.com\/se\/product\/wblmarleen-ls-oversized-shirt-4\/#primaryimage","url":"https:\/\/stylestore.com\/se\/wp-content\/uploads\/sites\/5\/2026\/03\/Wblmarleen_Oversized_Ls_Shirt_Lavender_Sky-1-scaled.jpg","contentUrl":"https:\/\/stylestore.com\/se\/wp-content\/uploads\/sites\/5\/2026\/03\/Wblmarleen_Oversized_Ls_Shirt_Lavender_Sky-1-scaled.jpg","width":1707,"height":2560},{"@type":"BreadcrumbList","@id":"https:\/\/stylestore.com\/se\/product\/wblmarleen-ls-oversized-shirt-4\/#breadcrumb","itemListElement":[{"@type":"ListItem","position":1,"name":"Home","item":"https:\/\/stylestore.com\/se\/"},{"@type":"ListItem","position":2,"name":"S\u00f8g","item":"https:\/\/stylestore.com\/se\/soeg\/"},{"@type":"ListItem","position":3,"name":"WBLMARLEEN LS OVERSIZED SHIRT"}]},{"@type":"WebSite","@id":"https:\/\/stylestore.com\/se\/#website","url":"https:\/\/stylestore.com\/se\/","name":"Stylestore.com Sweden","description":"","potentialAction":[{"@type":"SearchAction","target":{"@type":"EntryPoint","urlTemplate":"https:\/\/stylestore.com\/se\/?s={search_term_string}"},"query-input":{"@type":"PropertyValueSpecification","valueRequired":true,"valueName":"search_term_string"}}],"inLanguage":"sv-SE"}]}},"_links":{"self":[{"href":"https:\/\/stylestore.com\/se\/wp-json\/wp\/v2\/product\/243663","targetHints":{"allow":["GET"]}}],"collection":[{"href":"https:\/\/stylestore.com\/se\/wp-json\/wp\/v2\/product"}],"about":[{"href":"https:\/\/stylestore.com\/se\/wp-json\/wp\/v2\/types\/product"}],"wp:featuredmedia":[{"embeddable":true,"href":"https:\/\/stylestore.com\/se\/wp-json\/wp\/v2\/media\/243698"}],"wp:attachment":[{"href":"https:\/\/stylestore.com\/se\/wp-json\/wp\/v2\/media?parent=243663"}],"wp:term":[{"taxonomy":"product_brand","embeddable":true,"href":"https:\/\/stylestore.com\/se\/wp-json\/wp\/v2\/product_brand?post=243663"},{"taxonomy":"product_cat","embeddable":true,"href":"https:\/\/stylestore.com\/se\/wp-json\/wp\/v2\/product_cat?post=243663"},{"taxonomy":"product_tag","embeddable":true,"href":"https:\/\/stylestore.com\/se\/wp-json\/wp\/v2\/product_tag?post=243663"}],"curies":[{"name":"wp","href":"https:\/\/api.w.org\/{rel}","templated":true}]}}