{"id":242104,"date":"2026-02-24T08:57:38","date_gmt":"2026-02-24T07:57:38","guid":{"rendered":"https:\/\/stylestore.com\/se\/product\/slmermaid-wide-pant-3\/"},"modified":"2026-04-19T08:04:32","modified_gmt":"2026-04-19T06:04:32","slug":"slmermaid-wide-pant-3","status":"publish","type":"product","link":"https:\/\/stylestore.com\/se\/product\/slmermaid-wide-pant-3\/","title":{"rendered":"SLMERMAID WIDE PANT"},"content":{"rendered":"<p>Mjuk dubbelstickad jerseykvalitet<br \/>\nElastisk midja med dragskor<br \/>\nFicka i sidos\u00f6mmen<br \/>\nNormal l\u00e4ngd<br \/>\nBreda ben<br \/>\nNormal passform<\/p>\n<p>Modellen \u00e4r 172 cm l\u00e5ng och b\u00e4r storlek S.<br \/>\nProdukten \u00e4r normal i storleken.<\/p>\n","protected":false},"excerpt":{"rendered":"","protected":false},"featured_media":244348,"template":"","meta":{"_acf_changed":false},"product_brand":[],"product_cat":[1817,1825],"product_tag":[2264,2567],"class_list":{"0":"post-242104","1":"product","2":"type-product","3":"status-publish","4":"has-post-thumbnail","6":"product_cat-byxor","7":"product_cat-kjolar-jeans","8":"product_tag-noos","9":"product_tag-b2b","12":"instock","13":"taxable","14":"shipping-taxable","15":"purchasable","16":"product-type-variable"},"acf":[],"yoast_head":"<!-- This site is optimized with the Yoast SEO plugin v23.8 - https:\/\/yoast.com\/wordpress\/plugins\/seo\/ -->\n<title>SLMERMAID WIDE PANT &#187; Stylestore.com Sweden<\/title>\n<meta name=\"robots\" content=\"index, follow, max-snippet:-1, max-image-preview:large, max-video-preview:-1\" \/>\n<link rel=\"canonical\" href=\"https:\/\/stylestore.com\/se\/product\/slmermaid-wide-pant-3\/\" \/>\n<meta property=\"og:locale\" content=\"sv_SE\" \/>\n<meta property=\"og:type\" content=\"article\" \/>\n<meta property=\"og:title\" content=\"SLMERMAID WIDE PANT &#187; Stylestore.com Sweden\" \/>\n<meta property=\"og:url\" content=\"https:\/\/stylestore.com\/se\/product\/slmermaid-wide-pant-3\/\" \/>\n<meta property=\"og:site_name\" content=\"Stylestore.com Sweden\" \/>\n<meta property=\"article:modified_time\" content=\"2026-04-19T06:04:32+00:00\" \/>\n<meta name=\"twitter:card\" content=\"summary_large_image\" \/>\n<script type=\"application\/ld+json\" class=\"yoast-schema-graph\">{\"@context\":\"https:\/\/schema.org\",\"@graph\":[{\"@type\":\"WebPage\",\"@id\":\"https:\/\/stylestore.com\/se\/product\/slmermaid-wide-pant-3\/\",\"url\":\"https:\/\/stylestore.com\/se\/product\/slmermaid-wide-pant-3\/\",\"name\":\"SLMERMAID WIDE PANT &#187; Stylestore.com Sweden\",\"isPartOf\":{\"@id\":\"https:\/\/stylestore.com\/se\/#website\"},\"primaryImageOfPage\":{\"@id\":\"https:\/\/stylestore.com\/se\/product\/slmermaid-wide-pant-3\/#primaryimage\"},\"image\":{\"@id\":\"https:\/\/stylestore.com\/se\/product\/slmermaid-wide-pant-3\/#primaryimage\"},\"thumbnailUrl\":\"https:\/\/stylestore.com\/se\/wp-content\/uploads\/sites\/5\/2026\/04\/Slmermaid_hood_Zip_Sweat_Grey_Melange00001.jpg\",\"datePublished\":\"2026-02-24T07:57:38+00:00\",\"dateModified\":\"2026-04-19T06:04:32+00:00\",\"breadcrumb\":{\"@id\":\"https:\/\/stylestore.com\/se\/product\/slmermaid-wide-pant-3\/#breadcrumb\"},\"inLanguage\":\"sv-SE\",\"potentialAction\":[{\"@type\":\"ReadAction\",\"target\":[\"https:\/\/stylestore.com\/se\/product\/slmermaid-wide-pant-3\/\"]}]},{\"@type\":\"ImageObject\",\"inLanguage\":\"sv-SE\",\"@id\":\"https:\/\/stylestore.com\/se\/product\/slmermaid-wide-pant-3\/#primaryimage\",\"url\":\"https:\/\/stylestore.com\/se\/wp-content\/uploads\/sites\/5\/2026\/04\/Slmermaid_hood_Zip_Sweat_Grey_Melange00001.jpg\",\"contentUrl\":\"https:\/\/stylestore.com\/se\/wp-content\/uploads\/sites\/5\/2026\/04\/Slmermaid_hood_Zip_Sweat_Grey_Melange00001.jpg\",\"width\":1682,\"height\":2522},{\"@type\":\"BreadcrumbList\",\"@id\":\"https:\/\/stylestore.com\/se\/product\/slmermaid-wide-pant-3\/#breadcrumb\",\"itemListElement\":[{\"@type\":\"ListItem\",\"position\":1,\"name\":\"Home\",\"item\":\"https:\/\/stylestore.com\/se\/\"},{\"@type\":\"ListItem\",\"position\":2,\"name\":\"S\u00f8g\",\"item\":\"https:\/\/stylestore.com\/se\/soeg\/\"},{\"@type\":\"ListItem\",\"position\":3,\"name\":\"SLMERMAID WIDE PANT\"}]},{\"@type\":\"WebSite\",\"@id\":\"https:\/\/stylestore.com\/se\/#website\",\"url\":\"https:\/\/stylestore.com\/se\/\",\"name\":\"Stylestore.com Sweden\",\"description\":\"\",\"potentialAction\":[{\"@type\":\"SearchAction\",\"target\":{\"@type\":\"EntryPoint\",\"urlTemplate\":\"https:\/\/stylestore.com\/se\/?s={search_term_string}\"},\"query-input\":{\"@type\":\"PropertyValueSpecification\",\"valueRequired\":true,\"valueName\":\"search_term_string\"}}],\"inLanguage\":\"sv-SE\"}]}<\/script>\n<!-- \/ Yoast SEO plugin. -->","yoast_head_json":{"title":"SLMERMAID WIDE PANT &#187; Stylestore.com Sweden","robots":{"index":"index","follow":"follow","max-snippet":"max-snippet:-1","max-image-preview":"max-image-preview:large","max-video-preview":"max-video-preview:-1"},"canonical":"https:\/\/stylestore.com\/se\/product\/slmermaid-wide-pant-3\/","og_locale":"sv_SE","og_type":"article","og_title":"SLMERMAID WIDE PANT &#187; Stylestore.com Sweden","og_url":"https:\/\/stylestore.com\/se\/product\/slmermaid-wide-pant-3\/","og_site_name":"Stylestore.com Sweden","article_modified_time":"2026-04-19T06:04:32+00:00","twitter_card":"summary_large_image","schema":{"@context":"https:\/\/schema.org","@graph":[{"@type":"WebPage","@id":"https:\/\/stylestore.com\/se\/product\/slmermaid-wide-pant-3\/","url":"https:\/\/stylestore.com\/se\/product\/slmermaid-wide-pant-3\/","name":"SLMERMAID WIDE PANT &#187; Stylestore.com Sweden","isPartOf":{"@id":"https:\/\/stylestore.com\/se\/#website"},"primaryImageOfPage":{"@id":"https:\/\/stylestore.com\/se\/product\/slmermaid-wide-pant-3\/#primaryimage"},"image":{"@id":"https:\/\/stylestore.com\/se\/product\/slmermaid-wide-pant-3\/#primaryimage"},"thumbnailUrl":"https:\/\/stylestore.com\/se\/wp-content\/uploads\/sites\/5\/2026\/04\/Slmermaid_hood_Zip_Sweat_Grey_Melange00001.jpg","datePublished":"2026-02-24T07:57:38+00:00","dateModified":"2026-04-19T06:04:32+00:00","breadcrumb":{"@id":"https:\/\/stylestore.com\/se\/product\/slmermaid-wide-pant-3\/#breadcrumb"},"inLanguage":"sv-SE","potentialAction":[{"@type":"ReadAction","target":["https:\/\/stylestore.com\/se\/product\/slmermaid-wide-pant-3\/"]}]},{"@type":"ImageObject","inLanguage":"sv-SE","@id":"https:\/\/stylestore.com\/se\/product\/slmermaid-wide-pant-3\/#primaryimage","url":"https:\/\/stylestore.com\/se\/wp-content\/uploads\/sites\/5\/2026\/04\/Slmermaid_hood_Zip_Sweat_Grey_Melange00001.jpg","contentUrl":"https:\/\/stylestore.com\/se\/wp-content\/uploads\/sites\/5\/2026\/04\/Slmermaid_hood_Zip_Sweat_Grey_Melange00001.jpg","width":1682,"height":2522},{"@type":"BreadcrumbList","@id":"https:\/\/stylestore.com\/se\/product\/slmermaid-wide-pant-3\/#breadcrumb","itemListElement":[{"@type":"ListItem","position":1,"name":"Home","item":"https:\/\/stylestore.com\/se\/"},{"@type":"ListItem","position":2,"name":"S\u00f8g","item":"https:\/\/stylestore.com\/se\/soeg\/"},{"@type":"ListItem","position":3,"name":"SLMERMAID WIDE PANT"}]},{"@type":"WebSite","@id":"https:\/\/stylestore.com\/se\/#website","url":"https:\/\/stylestore.com\/se\/","name":"Stylestore.com Sweden","description":"","potentialAction":[{"@type":"SearchAction","target":{"@type":"EntryPoint","urlTemplate":"https:\/\/stylestore.com\/se\/?s={search_term_string}"},"query-input":{"@type":"PropertyValueSpecification","valueRequired":true,"valueName":"search_term_string"}}],"inLanguage":"sv-SE"}]}},"_links":{"self":[{"href":"https:\/\/stylestore.com\/se\/wp-json\/wp\/v2\/product\/242104","targetHints":{"allow":["GET"]}}],"collection":[{"href":"https:\/\/stylestore.com\/se\/wp-json\/wp\/v2\/product"}],"about":[{"href":"https:\/\/stylestore.com\/se\/wp-json\/wp\/v2\/types\/product"}],"wp:featuredmedia":[{"embeddable":true,"href":"https:\/\/stylestore.com\/se\/wp-json\/wp\/v2\/media\/244348"}],"wp:attachment":[{"href":"https:\/\/stylestore.com\/se\/wp-json\/wp\/v2\/media?parent=242104"}],"wp:term":[{"taxonomy":"product_brand","embeddable":true,"href":"https:\/\/stylestore.com\/se\/wp-json\/wp\/v2\/product_brand?post=242104"},{"taxonomy":"product_cat","embeddable":true,"href":"https:\/\/stylestore.com\/se\/wp-json\/wp\/v2\/product_cat?post=242104"},{"taxonomy":"product_tag","embeddable":true,"href":"https:\/\/stylestore.com\/se\/wp-json\/wp\/v2\/product_tag?post=242104"}],"curies":[{"name":"wp","href":"https:\/\/api.w.org\/{rel}","templated":true}]}}