{"id":233216,"date":"2025-11-18T11:49:36","date_gmt":"2025-11-18T10:49:36","guid":{"rendered":"https:\/\/stylestore.com\/se\/product\/slmermaid-zip-jacket\/"},"modified":"2026-04-16T08:06:12","modified_gmt":"2026-04-16T06:06:12","slug":"slmermaid-zip-jacket","status":"publish","type":"product","link":"https:\/\/stylestore.com\/se\/product\/slmermaid-zip-jacket\/","title":{"rendered":"SLMERMAID ZIP JACKET"},"content":{"rendered":"<p>Mjuk dubbelstickad jerseykvalitet<br \/>\nSt\u00e5ende krage<br \/>\nOk-sk\u00e4rning<br \/>\nBat-\u00e4rm<br \/>\nDragkedja och kn\u00e4ppning med knappar fram<br \/>\nBred paspel-ficka<br \/>\nRibbning vid \u00e4rm- och kroppskant<br \/>\nH\u00f6ftl\u00e4ngd<br \/>\nNormal passform<\/p>\n<p>Modellen \u00e4r 172 cm l\u00e5ng och b\u00e4r storlek S.<br \/>\nProdukten \u00e4r normal i storleken.<\/p>\n","protected":false},"excerpt":{"rendered":"","protected":false},"featured_media":235029,"template":"","meta":{"_acf_changed":false},"product_brand":[],"product_cat":[1808,1812],"product_tag":[2167,2264,2825,2567],"class_list":{"0":"post-233216","1":"product","2":"type-product","3":"status-publish","4":"has-post-thumbnail","6":"product_cat-jackor","7":"product_cat-korta-jackor","8":"product_tag-new","9":"product_tag-noos","10":"product_tag-pre-order","11":"product_tag-b2b","14":"instock","15":"taxable","16":"shipping-taxable","17":"purchasable","18":"product-type-variable"},"acf":[],"yoast_head":"<!-- This site is optimized with the Yoast SEO plugin v23.8 - https:\/\/yoast.com\/wordpress\/plugins\/seo\/ -->\n<title>SLMERMAID ZIP JACKET &#187; Stylestore.com Sweden<\/title>\n<meta name=\"robots\" content=\"index, follow, max-snippet:-1, max-image-preview:large, max-video-preview:-1\" \/>\n<link rel=\"canonical\" href=\"https:\/\/stylestore.com\/se\/product\/slmermaid-zip-jacket\/\" \/>\n<meta property=\"og:locale\" content=\"sv_SE\" \/>\n<meta property=\"og:type\" content=\"article\" \/>\n<meta property=\"og:title\" content=\"SLMERMAID ZIP JACKET &#187; Stylestore.com Sweden\" \/>\n<meta property=\"og:url\" content=\"https:\/\/stylestore.com\/se\/product\/slmermaid-zip-jacket\/\" \/>\n<meta property=\"og:site_name\" content=\"Stylestore.com Sweden\" \/>\n<meta property=\"article:modified_time\" content=\"2026-04-16T06:06:12+00:00\" \/>\n<meta property=\"og:image\" content=\"https:\/\/stylestore.com\/se\/wp-content\/uploads\/sites\/5\/2025\/11\/Slmermaid_Zip_Jacket_Black00001-3.jpg\" \/>\n\t<meta property=\"og:image:width\" content=\"1660\" \/>\n\t<meta property=\"og:image:height\" content=\"2489\" \/>\n\t<meta property=\"og:image:type\" content=\"image\/jpeg\" \/>\n<meta name=\"twitter:card\" content=\"summary_large_image\" \/>\n<script type=\"application\/ld+json\" class=\"yoast-schema-graph\">{\"@context\":\"https:\/\/schema.org\",\"@graph\":[{\"@type\":\"WebPage\",\"@id\":\"https:\/\/stylestore.com\/se\/product\/slmermaid-zip-jacket\/\",\"url\":\"https:\/\/stylestore.com\/se\/product\/slmermaid-zip-jacket\/\",\"name\":\"SLMERMAID ZIP JACKET &#187; Stylestore.com Sweden\",\"isPartOf\":{\"@id\":\"https:\/\/stylestore.com\/se\/#website\"},\"primaryImageOfPage\":{\"@id\":\"https:\/\/stylestore.com\/se\/product\/slmermaid-zip-jacket\/#primaryimage\"},\"image\":{\"@id\":\"https:\/\/stylestore.com\/se\/product\/slmermaid-zip-jacket\/#primaryimage\"},\"thumbnailUrl\":\"https:\/\/stylestore.com\/se\/wp-content\/uploads\/sites\/5\/2025\/11\/Slmermaid_Zip_Jacket_Black00001-3.jpg\",\"datePublished\":\"2025-11-18T10:49:36+00:00\",\"dateModified\":\"2026-04-16T06:06:12+00:00\",\"breadcrumb\":{\"@id\":\"https:\/\/stylestore.com\/se\/product\/slmermaid-zip-jacket\/#breadcrumb\"},\"inLanguage\":\"sv-SE\",\"potentialAction\":[{\"@type\":\"ReadAction\",\"target\":[\"https:\/\/stylestore.com\/se\/product\/slmermaid-zip-jacket\/\"]}]},{\"@type\":\"ImageObject\",\"inLanguage\":\"sv-SE\",\"@id\":\"https:\/\/stylestore.com\/se\/product\/slmermaid-zip-jacket\/#primaryimage\",\"url\":\"https:\/\/stylestore.com\/se\/wp-content\/uploads\/sites\/5\/2025\/11\/Slmermaid_Zip_Jacket_Black00001-3.jpg\",\"contentUrl\":\"https:\/\/stylestore.com\/se\/wp-content\/uploads\/sites\/5\/2025\/11\/Slmermaid_Zip_Jacket_Black00001-3.jpg\",\"width\":1660,\"height\":2489},{\"@type\":\"BreadcrumbList\",\"@id\":\"https:\/\/stylestore.com\/se\/product\/slmermaid-zip-jacket\/#breadcrumb\",\"itemListElement\":[{\"@type\":\"ListItem\",\"position\":1,\"name\":\"Home\",\"item\":\"https:\/\/stylestore.com\/se\/\"},{\"@type\":\"ListItem\",\"position\":2,\"name\":\"S\u00f8g\",\"item\":\"https:\/\/stylestore.com\/se\/soeg\/\"},{\"@type\":\"ListItem\",\"position\":3,\"name\":\"SLMERMAID ZIP JACKET\"}]},{\"@type\":\"WebSite\",\"@id\":\"https:\/\/stylestore.com\/se\/#website\",\"url\":\"https:\/\/stylestore.com\/se\/\",\"name\":\"Stylestore.com Sweden\",\"description\":\"\",\"potentialAction\":[{\"@type\":\"SearchAction\",\"target\":{\"@type\":\"EntryPoint\",\"urlTemplate\":\"https:\/\/stylestore.com\/se\/?s={search_term_string}\"},\"query-input\":{\"@type\":\"PropertyValueSpecification\",\"valueRequired\":true,\"valueName\":\"search_term_string\"}}],\"inLanguage\":\"sv-SE\"}]}<\/script>\n<!-- \/ Yoast SEO plugin. -->","yoast_head_json":{"title":"SLMERMAID ZIP JACKET &#187; Stylestore.com Sweden","robots":{"index":"index","follow":"follow","max-snippet":"max-snippet:-1","max-image-preview":"max-image-preview:large","max-video-preview":"max-video-preview:-1"},"canonical":"https:\/\/stylestore.com\/se\/product\/slmermaid-zip-jacket\/","og_locale":"sv_SE","og_type":"article","og_title":"SLMERMAID ZIP JACKET &#187; Stylestore.com Sweden","og_url":"https:\/\/stylestore.com\/se\/product\/slmermaid-zip-jacket\/","og_site_name":"Stylestore.com Sweden","article_modified_time":"2026-04-16T06:06:12+00:00","og_image":[{"width":1660,"height":2489,"url":"https:\/\/stylestore.com\/se\/wp-content\/uploads\/sites\/5\/2025\/11\/Slmermaid_Zip_Jacket_Black00001-3.jpg","type":"image\/jpeg"}],"twitter_card":"summary_large_image","schema":{"@context":"https:\/\/schema.org","@graph":[{"@type":"WebPage","@id":"https:\/\/stylestore.com\/se\/product\/slmermaid-zip-jacket\/","url":"https:\/\/stylestore.com\/se\/product\/slmermaid-zip-jacket\/","name":"SLMERMAID ZIP JACKET &#187; Stylestore.com Sweden","isPartOf":{"@id":"https:\/\/stylestore.com\/se\/#website"},"primaryImageOfPage":{"@id":"https:\/\/stylestore.com\/se\/product\/slmermaid-zip-jacket\/#primaryimage"},"image":{"@id":"https:\/\/stylestore.com\/se\/product\/slmermaid-zip-jacket\/#primaryimage"},"thumbnailUrl":"https:\/\/stylestore.com\/se\/wp-content\/uploads\/sites\/5\/2025\/11\/Slmermaid_Zip_Jacket_Black00001-3.jpg","datePublished":"2025-11-18T10:49:36+00:00","dateModified":"2026-04-16T06:06:12+00:00","breadcrumb":{"@id":"https:\/\/stylestore.com\/se\/product\/slmermaid-zip-jacket\/#breadcrumb"},"inLanguage":"sv-SE","potentialAction":[{"@type":"ReadAction","target":["https:\/\/stylestore.com\/se\/product\/slmermaid-zip-jacket\/"]}]},{"@type":"ImageObject","inLanguage":"sv-SE","@id":"https:\/\/stylestore.com\/se\/product\/slmermaid-zip-jacket\/#primaryimage","url":"https:\/\/stylestore.com\/se\/wp-content\/uploads\/sites\/5\/2025\/11\/Slmermaid_Zip_Jacket_Black00001-3.jpg","contentUrl":"https:\/\/stylestore.com\/se\/wp-content\/uploads\/sites\/5\/2025\/11\/Slmermaid_Zip_Jacket_Black00001-3.jpg","width":1660,"height":2489},{"@type":"BreadcrumbList","@id":"https:\/\/stylestore.com\/se\/product\/slmermaid-zip-jacket\/#breadcrumb","itemListElement":[{"@type":"ListItem","position":1,"name":"Home","item":"https:\/\/stylestore.com\/se\/"},{"@type":"ListItem","position":2,"name":"S\u00f8g","item":"https:\/\/stylestore.com\/se\/soeg\/"},{"@type":"ListItem","position":3,"name":"SLMERMAID ZIP JACKET"}]},{"@type":"WebSite","@id":"https:\/\/stylestore.com\/se\/#website","url":"https:\/\/stylestore.com\/se\/","name":"Stylestore.com Sweden","description":"","potentialAction":[{"@type":"SearchAction","target":{"@type":"EntryPoint","urlTemplate":"https:\/\/stylestore.com\/se\/?s={search_term_string}"},"query-input":{"@type":"PropertyValueSpecification","valueRequired":true,"valueName":"search_term_string"}}],"inLanguage":"sv-SE"}]}},"_links":{"self":[{"href":"https:\/\/stylestore.com\/se\/wp-json\/wp\/v2\/product\/233216","targetHints":{"allow":["GET"]}}],"collection":[{"href":"https:\/\/stylestore.com\/se\/wp-json\/wp\/v2\/product"}],"about":[{"href":"https:\/\/stylestore.com\/se\/wp-json\/wp\/v2\/types\/product"}],"wp:featuredmedia":[{"embeddable":true,"href":"https:\/\/stylestore.com\/se\/wp-json\/wp\/v2\/media\/235029"}],"wp:attachment":[{"href":"https:\/\/stylestore.com\/se\/wp-json\/wp\/v2\/media?parent=233216"}],"wp:term":[{"taxonomy":"product_brand","embeddable":true,"href":"https:\/\/stylestore.com\/se\/wp-json\/wp\/v2\/product_brand?post=233216"},{"taxonomy":"product_cat","embeddable":true,"href":"https:\/\/stylestore.com\/se\/wp-json\/wp\/v2\/product_cat?post=233216"},{"taxonomy":"product_tag","embeddable":true,"href":"https:\/\/stylestore.com\/se\/wp-json\/wp\/v2\/product_tag?post=233216"}],"curies":[{"name":"wp","href":"https:\/\/api.w.org\/{rel}","templated":true}]}}