{"id":231262,"date":"2025-11-17T08:48:08","date_gmt":"2025-11-17T07:48:08","guid":{"rendered":"https:\/\/stylestore.com\/se\/product\/wbltribecca-quilted-jacket-2\/"},"modified":"2026-04-16T08:06:21","modified_gmt":"2026-04-16T06:06:21","slug":"wbltribecca-quilted-jacket-2","status":"publish","type":"product","link":"https:\/\/stylestore.com\/se\/product\/wbltribecca-quilted-jacket-2\/","title":{"rendered":"WBLTRIBECCA QUILTED JACKET"},"content":{"rendered":"<p>Quiltad jacka<br \/>\nL\u00f6s passform<br \/>\nL\u00e4ngd under h\u00f6ften<br \/>\nH\u00f6g &#8211; l\u00e5g f\u00e5ll<br \/>\nKrage i kraftig ribbstickning<br \/>\nSt\u00e4ngande tv\u00e5v\u00e4gsdragkedja framtill<br \/>\nRibbstickad manschett p\u00e5 insidan<br \/>\nL\u00e4ngd under h\u00f6ften<\/p>\n","protected":false},"excerpt":{"rendered":"","protected":false},"featured_media":237650,"template":"","meta":{"_acf_changed":false},"product_brand":[],"product_cat":[1808,2254,1812],"product_tag":[2167,2170,2567],"class_list":{"0":"post-231262","1":"product","2":"type-product","3":"status-publish","4":"has-post-thumbnail","6":"product_cat-jackor","7":"product_cat-jackor-must-haves","8":"product_cat-korta-jackor","9":"product_tag-new","10":"product_tag-sustainable","11":"product_tag-b2b","14":"instock","15":"taxable","16":"shipping-taxable","17":"purchasable","18":"product-type-variable"},"acf":[],"yoast_head":"<!-- This site is optimized with the Yoast SEO plugin v23.8 - https:\/\/yoast.com\/wordpress\/plugins\/seo\/ -->\n<title>WBLTRIBECCA QUILTED JACKET &#187; Stylestore.com Sweden<\/title>\n<meta name=\"robots\" content=\"index, follow, max-snippet:-1, max-image-preview:large, max-video-preview:-1\" \/>\n<link rel=\"canonical\" href=\"https:\/\/stylestore.com\/se\/product\/wbltribecca-quilted-jacket-2\/\" \/>\n<meta property=\"og:locale\" content=\"sv_SE\" \/>\n<meta property=\"og:type\" content=\"article\" \/>\n<meta property=\"og:title\" content=\"WBLTRIBECCA QUILTED JACKET &#187; Stylestore.com Sweden\" \/>\n<meta property=\"og:url\" content=\"https:\/\/stylestore.com\/se\/product\/wbltribecca-quilted-jacket-2\/\" \/>\n<meta property=\"og:site_name\" content=\"Stylestore.com Sweden\" \/>\n<meta property=\"article:modified_time\" content=\"2026-04-16T06:06:21+00:00\" \/>\n<meta name=\"twitter:card\" content=\"summary_large_image\" \/>\n<script type=\"application\/ld+json\" class=\"yoast-schema-graph\">{\"@context\":\"https:\/\/schema.org\",\"@graph\":[{\"@type\":\"WebPage\",\"@id\":\"https:\/\/stylestore.com\/se\/product\/wbltribecca-quilted-jacket-2\/\",\"url\":\"https:\/\/stylestore.com\/se\/product\/wbltribecca-quilted-jacket-2\/\",\"name\":\"WBLTRIBECCA QUILTED JACKET &#187; Stylestore.com Sweden\",\"isPartOf\":{\"@id\":\"https:\/\/stylestore.com\/se\/#website\"},\"primaryImageOfPage\":{\"@id\":\"https:\/\/stylestore.com\/se\/product\/wbltribecca-quilted-jacket-2\/#primaryimage\"},\"image\":{\"@id\":\"https:\/\/stylestore.com\/se\/product\/wbltribecca-quilted-jacket-2\/#primaryimage\"},\"thumbnailUrl\":\"https:\/\/stylestore.com\/se\/wp-content\/uploads\/sites\/5\/2025\/12\/Wbltribecca_Quilted_Jacket_Grey_Sand00002-3.jpg\",\"datePublished\":\"2025-11-17T07:48:08+00:00\",\"dateModified\":\"2026-04-16T06:06:21+00:00\",\"breadcrumb\":{\"@id\":\"https:\/\/stylestore.com\/se\/product\/wbltribecca-quilted-jacket-2\/#breadcrumb\"},\"inLanguage\":\"sv-SE\",\"potentialAction\":[{\"@type\":\"ReadAction\",\"target\":[\"https:\/\/stylestore.com\/se\/product\/wbltribecca-quilted-jacket-2\/\"]}]},{\"@type\":\"ImageObject\",\"inLanguage\":\"sv-SE\",\"@id\":\"https:\/\/stylestore.com\/se\/product\/wbltribecca-quilted-jacket-2\/#primaryimage\",\"url\":\"https:\/\/stylestore.com\/se\/wp-content\/uploads\/sites\/5\/2025\/12\/Wbltribecca_Quilted_Jacket_Grey_Sand00002-3.jpg\",\"contentUrl\":\"https:\/\/stylestore.com\/se\/wp-content\/uploads\/sites\/5\/2025\/12\/Wbltribecca_Quilted_Jacket_Grey_Sand00002-3.jpg\",\"width\":1188,\"height\":1781},{\"@type\":\"BreadcrumbList\",\"@id\":\"https:\/\/stylestore.com\/se\/product\/wbltribecca-quilted-jacket-2\/#breadcrumb\",\"itemListElement\":[{\"@type\":\"ListItem\",\"position\":1,\"name\":\"Home\",\"item\":\"https:\/\/stylestore.com\/se\/\"},{\"@type\":\"ListItem\",\"position\":2,\"name\":\"S\u00f8g\",\"item\":\"https:\/\/stylestore.com\/se\/soeg\/\"},{\"@type\":\"ListItem\",\"position\":3,\"name\":\"WBLTRIBECCA QUILTED JACKET\"}]},{\"@type\":\"WebSite\",\"@id\":\"https:\/\/stylestore.com\/se\/#website\",\"url\":\"https:\/\/stylestore.com\/se\/\",\"name\":\"Stylestore.com Sweden\",\"description\":\"\",\"potentialAction\":[{\"@type\":\"SearchAction\",\"target\":{\"@type\":\"EntryPoint\",\"urlTemplate\":\"https:\/\/stylestore.com\/se\/?s={search_term_string}\"},\"query-input\":{\"@type\":\"PropertyValueSpecification\",\"valueRequired\":true,\"valueName\":\"search_term_string\"}}],\"inLanguage\":\"sv-SE\"}]}<\/script>\n<!-- \/ Yoast SEO plugin. -->","yoast_head_json":{"title":"WBLTRIBECCA QUILTED JACKET &#187; Stylestore.com Sweden","robots":{"index":"index","follow":"follow","max-snippet":"max-snippet:-1","max-image-preview":"max-image-preview:large","max-video-preview":"max-video-preview:-1"},"canonical":"https:\/\/stylestore.com\/se\/product\/wbltribecca-quilted-jacket-2\/","og_locale":"sv_SE","og_type":"article","og_title":"WBLTRIBECCA QUILTED JACKET &#187; Stylestore.com Sweden","og_url":"https:\/\/stylestore.com\/se\/product\/wbltribecca-quilted-jacket-2\/","og_site_name":"Stylestore.com Sweden","article_modified_time":"2026-04-16T06:06:21+00:00","twitter_card":"summary_large_image","schema":{"@context":"https:\/\/schema.org","@graph":[{"@type":"WebPage","@id":"https:\/\/stylestore.com\/se\/product\/wbltribecca-quilted-jacket-2\/","url":"https:\/\/stylestore.com\/se\/product\/wbltribecca-quilted-jacket-2\/","name":"WBLTRIBECCA QUILTED JACKET &#187; Stylestore.com Sweden","isPartOf":{"@id":"https:\/\/stylestore.com\/se\/#website"},"primaryImageOfPage":{"@id":"https:\/\/stylestore.com\/se\/product\/wbltribecca-quilted-jacket-2\/#primaryimage"},"image":{"@id":"https:\/\/stylestore.com\/se\/product\/wbltribecca-quilted-jacket-2\/#primaryimage"},"thumbnailUrl":"https:\/\/stylestore.com\/se\/wp-content\/uploads\/sites\/5\/2025\/12\/Wbltribecca_Quilted_Jacket_Grey_Sand00002-3.jpg","datePublished":"2025-11-17T07:48:08+00:00","dateModified":"2026-04-16T06:06:21+00:00","breadcrumb":{"@id":"https:\/\/stylestore.com\/se\/product\/wbltribecca-quilted-jacket-2\/#breadcrumb"},"inLanguage":"sv-SE","potentialAction":[{"@type":"ReadAction","target":["https:\/\/stylestore.com\/se\/product\/wbltribecca-quilted-jacket-2\/"]}]},{"@type":"ImageObject","inLanguage":"sv-SE","@id":"https:\/\/stylestore.com\/se\/product\/wbltribecca-quilted-jacket-2\/#primaryimage","url":"https:\/\/stylestore.com\/se\/wp-content\/uploads\/sites\/5\/2025\/12\/Wbltribecca_Quilted_Jacket_Grey_Sand00002-3.jpg","contentUrl":"https:\/\/stylestore.com\/se\/wp-content\/uploads\/sites\/5\/2025\/12\/Wbltribecca_Quilted_Jacket_Grey_Sand00002-3.jpg","width":1188,"height":1781},{"@type":"BreadcrumbList","@id":"https:\/\/stylestore.com\/se\/product\/wbltribecca-quilted-jacket-2\/#breadcrumb","itemListElement":[{"@type":"ListItem","position":1,"name":"Home","item":"https:\/\/stylestore.com\/se\/"},{"@type":"ListItem","position":2,"name":"S\u00f8g","item":"https:\/\/stylestore.com\/se\/soeg\/"},{"@type":"ListItem","position":3,"name":"WBLTRIBECCA QUILTED JACKET"}]},{"@type":"WebSite","@id":"https:\/\/stylestore.com\/se\/#website","url":"https:\/\/stylestore.com\/se\/","name":"Stylestore.com Sweden","description":"","potentialAction":[{"@type":"SearchAction","target":{"@type":"EntryPoint","urlTemplate":"https:\/\/stylestore.com\/se\/?s={search_term_string}"},"query-input":{"@type":"PropertyValueSpecification","valueRequired":true,"valueName":"search_term_string"}}],"inLanguage":"sv-SE"}]}},"_links":{"self":[{"href":"https:\/\/stylestore.com\/se\/wp-json\/wp\/v2\/product\/231262","targetHints":{"allow":["GET"]}}],"collection":[{"href":"https:\/\/stylestore.com\/se\/wp-json\/wp\/v2\/product"}],"about":[{"href":"https:\/\/stylestore.com\/se\/wp-json\/wp\/v2\/types\/product"}],"wp:featuredmedia":[{"embeddable":true,"href":"https:\/\/stylestore.com\/se\/wp-json\/wp\/v2\/media\/237650"}],"wp:attachment":[{"href":"https:\/\/stylestore.com\/se\/wp-json\/wp\/v2\/media?parent=231262"}],"wp:term":[{"taxonomy":"product_brand","embeddable":true,"href":"https:\/\/stylestore.com\/se\/wp-json\/wp\/v2\/product_brand?post=231262"},{"taxonomy":"product_cat","embeddable":true,"href":"https:\/\/stylestore.com\/se\/wp-json\/wp\/v2\/product_cat?post=231262"},{"taxonomy":"product_tag","embeddable":true,"href":"https:\/\/stylestore.com\/se\/wp-json\/wp\/v2\/product_tag?post=231262"}],"curies":[{"name":"wp","href":"https:\/\/api.w.org\/{rel}","templated":true}]}}