{"id":231178,"date":"2025-11-17T08:28:28","date_gmt":"2025-11-17T07:28:28","guid":{"rendered":"https:\/\/stylestore.com\/se\/product\/wblabby-3-4-down-jacket-6\/"},"modified":"2026-04-16T08:06:22","modified_gmt":"2026-04-16T06:06:22","slug":"wblabby-3-4-down-jacket-6","status":"publish","type":"product","link":"https:\/\/stylestore.com\/se\/product\/wblabby-3-4-down-jacket-6\/","title":{"rendered":"WBLABBY 3\/4 DOWN Jacket"},"content":{"rendered":"<p>Dunjacka<br \/>\nFyllning av ultral\u00e4tt dunblandning<br \/>\nK\u00f6ldbest\u00e4ndig<br \/>\nVindavvisande<br \/>\nVattenavvisande<br \/>\nNormal passform<br \/>\nL\u00e4ngd \u00f6ver kn\u00e4et<br \/>\nHuva med justerbart sn\u00f6re<br \/>\nMjuk krage p\u00e5 insidan<br \/>\nElastiska b\u00e4rremmar p\u00e5 insidan<br \/>\nDragkedja och tryckknapp framtill<br \/>\nSidofickor med dragkedja<br \/>\nInnerficka med dragkedja<br \/>\nMjuk innermanschett med tumh\u00e5l<\/p>\n","protected":false},"excerpt":{"rendered":"","protected":false},"featured_media":237471,"template":"","meta":{"_acf_changed":false},"product_brand":[],"product_cat":[2254,1808,1813],"product_tag":[2825,2170,2567],"class_list":{"0":"post-231178","1":"product","2":"type-product","3":"status-publish","4":"has-post-thumbnail","6":"product_cat-jackor-must-haves","7":"product_cat-jackor","8":"product_cat-langa-rockar","9":"product_tag-pre-order","10":"product_tag-sustainable","11":"product_tag-b2b","14":"instock","15":"taxable","16":"shipping-taxable","17":"purchasable","18":"product-type-variable"},"acf":[],"yoast_head":"<!-- This site is optimized with the Yoast SEO plugin v23.8 - https:\/\/yoast.com\/wordpress\/plugins\/seo\/ -->\n<title>WBLABBY 3\/4 DOWN Jacket &#187; Stylestore.com Sweden<\/title>\n<meta name=\"robots\" content=\"index, follow, max-snippet:-1, max-image-preview:large, max-video-preview:-1\" \/>\n<link rel=\"canonical\" href=\"https:\/\/stylestore.com\/se\/product\/wblabby-3-4-down-jacket-6\/\" \/>\n<meta property=\"og:locale\" content=\"sv_SE\" \/>\n<meta property=\"og:type\" content=\"article\" \/>\n<meta property=\"og:title\" content=\"WBLABBY 3\/4 DOWN Jacket &#187; Stylestore.com Sweden\" \/>\n<meta property=\"og:url\" content=\"https:\/\/stylestore.com\/se\/product\/wblabby-3-4-down-jacket-6\/\" \/>\n<meta property=\"og:site_name\" content=\"Stylestore.com Sweden\" \/>\n<meta property=\"article:modified_time\" content=\"2026-04-16T06:06:22+00:00\" \/>\n<meta name=\"twitter:card\" content=\"summary_large_image\" \/>\n<script type=\"application\/ld+json\" class=\"yoast-schema-graph\">{\"@context\":\"https:\/\/schema.org\",\"@graph\":[{\"@type\":\"WebPage\",\"@id\":\"https:\/\/stylestore.com\/se\/product\/wblabby-3-4-down-jacket-6\/\",\"url\":\"https:\/\/stylestore.com\/se\/product\/wblabby-3-4-down-jacket-6\/\",\"name\":\"WBLABBY 3\/4 DOWN Jacket &#187; Stylestore.com Sweden\",\"isPartOf\":{\"@id\":\"https:\/\/stylestore.com\/se\/#website\"},\"primaryImageOfPage\":{\"@id\":\"https:\/\/stylestore.com\/se\/product\/wblabby-3-4-down-jacket-6\/#primaryimage\"},\"image\":{\"@id\":\"https:\/\/stylestore.com\/se\/product\/wblabby-3-4-down-jacket-6\/#primaryimage\"},\"thumbnailUrl\":\"https:\/\/stylestore.com\/se\/wp-content\/uploads\/sites\/5\/2025\/12\/WBLABBY_3-4_Puffer_Jacket_Olive_Night-1.jpg\",\"datePublished\":\"2025-11-17T07:28:28+00:00\",\"dateModified\":\"2026-04-16T06:06:22+00:00\",\"breadcrumb\":{\"@id\":\"https:\/\/stylestore.com\/se\/product\/wblabby-3-4-down-jacket-6\/#breadcrumb\"},\"inLanguage\":\"sv-SE\",\"potentialAction\":[{\"@type\":\"ReadAction\",\"target\":[\"https:\/\/stylestore.com\/se\/product\/wblabby-3-4-down-jacket-6\/\"]}]},{\"@type\":\"ImageObject\",\"inLanguage\":\"sv-SE\",\"@id\":\"https:\/\/stylestore.com\/se\/product\/wblabby-3-4-down-jacket-6\/#primaryimage\",\"url\":\"https:\/\/stylestore.com\/se\/wp-content\/uploads\/sites\/5\/2025\/12\/WBLABBY_3-4_Puffer_Jacket_Olive_Night-1.jpg\",\"contentUrl\":\"https:\/\/stylestore.com\/se\/wp-content\/uploads\/sites\/5\/2025\/12\/WBLABBY_3-4_Puffer_Jacket_Olive_Night-1.jpg\",\"width\":1630,\"height\":2445},{\"@type\":\"BreadcrumbList\",\"@id\":\"https:\/\/stylestore.com\/se\/product\/wblabby-3-4-down-jacket-6\/#breadcrumb\",\"itemListElement\":[{\"@type\":\"ListItem\",\"position\":1,\"name\":\"Home\",\"item\":\"https:\/\/stylestore.com\/se\/\"},{\"@type\":\"ListItem\",\"position\":2,\"name\":\"S\u00f8g\",\"item\":\"https:\/\/stylestore.com\/se\/soeg\/\"},{\"@type\":\"ListItem\",\"position\":3,\"name\":\"WBLABBY 3\/4 DOWN Jacket\"}]},{\"@type\":\"WebSite\",\"@id\":\"https:\/\/stylestore.com\/se\/#website\",\"url\":\"https:\/\/stylestore.com\/se\/\",\"name\":\"Stylestore.com Sweden\",\"description\":\"\",\"potentialAction\":[{\"@type\":\"SearchAction\",\"target\":{\"@type\":\"EntryPoint\",\"urlTemplate\":\"https:\/\/stylestore.com\/se\/?s={search_term_string}\"},\"query-input\":{\"@type\":\"PropertyValueSpecification\",\"valueRequired\":true,\"valueName\":\"search_term_string\"}}],\"inLanguage\":\"sv-SE\"}]}<\/script>\n<!-- \/ Yoast SEO plugin. -->","yoast_head_json":{"title":"WBLABBY 3\/4 DOWN Jacket &#187; Stylestore.com Sweden","robots":{"index":"index","follow":"follow","max-snippet":"max-snippet:-1","max-image-preview":"max-image-preview:large","max-video-preview":"max-video-preview:-1"},"canonical":"https:\/\/stylestore.com\/se\/product\/wblabby-3-4-down-jacket-6\/","og_locale":"sv_SE","og_type":"article","og_title":"WBLABBY 3\/4 DOWN Jacket &#187; Stylestore.com Sweden","og_url":"https:\/\/stylestore.com\/se\/product\/wblabby-3-4-down-jacket-6\/","og_site_name":"Stylestore.com Sweden","article_modified_time":"2026-04-16T06:06:22+00:00","twitter_card":"summary_large_image","schema":{"@context":"https:\/\/schema.org","@graph":[{"@type":"WebPage","@id":"https:\/\/stylestore.com\/se\/product\/wblabby-3-4-down-jacket-6\/","url":"https:\/\/stylestore.com\/se\/product\/wblabby-3-4-down-jacket-6\/","name":"WBLABBY 3\/4 DOWN Jacket &#187; Stylestore.com Sweden","isPartOf":{"@id":"https:\/\/stylestore.com\/se\/#website"},"primaryImageOfPage":{"@id":"https:\/\/stylestore.com\/se\/product\/wblabby-3-4-down-jacket-6\/#primaryimage"},"image":{"@id":"https:\/\/stylestore.com\/se\/product\/wblabby-3-4-down-jacket-6\/#primaryimage"},"thumbnailUrl":"https:\/\/stylestore.com\/se\/wp-content\/uploads\/sites\/5\/2025\/12\/WBLABBY_3-4_Puffer_Jacket_Olive_Night-1.jpg","datePublished":"2025-11-17T07:28:28+00:00","dateModified":"2026-04-16T06:06:22+00:00","breadcrumb":{"@id":"https:\/\/stylestore.com\/se\/product\/wblabby-3-4-down-jacket-6\/#breadcrumb"},"inLanguage":"sv-SE","potentialAction":[{"@type":"ReadAction","target":["https:\/\/stylestore.com\/se\/product\/wblabby-3-4-down-jacket-6\/"]}]},{"@type":"ImageObject","inLanguage":"sv-SE","@id":"https:\/\/stylestore.com\/se\/product\/wblabby-3-4-down-jacket-6\/#primaryimage","url":"https:\/\/stylestore.com\/se\/wp-content\/uploads\/sites\/5\/2025\/12\/WBLABBY_3-4_Puffer_Jacket_Olive_Night-1.jpg","contentUrl":"https:\/\/stylestore.com\/se\/wp-content\/uploads\/sites\/5\/2025\/12\/WBLABBY_3-4_Puffer_Jacket_Olive_Night-1.jpg","width":1630,"height":2445},{"@type":"BreadcrumbList","@id":"https:\/\/stylestore.com\/se\/product\/wblabby-3-4-down-jacket-6\/#breadcrumb","itemListElement":[{"@type":"ListItem","position":1,"name":"Home","item":"https:\/\/stylestore.com\/se\/"},{"@type":"ListItem","position":2,"name":"S\u00f8g","item":"https:\/\/stylestore.com\/se\/soeg\/"},{"@type":"ListItem","position":3,"name":"WBLABBY 3\/4 DOWN Jacket"}]},{"@type":"WebSite","@id":"https:\/\/stylestore.com\/se\/#website","url":"https:\/\/stylestore.com\/se\/","name":"Stylestore.com Sweden","description":"","potentialAction":[{"@type":"SearchAction","target":{"@type":"EntryPoint","urlTemplate":"https:\/\/stylestore.com\/se\/?s={search_term_string}"},"query-input":{"@type":"PropertyValueSpecification","valueRequired":true,"valueName":"search_term_string"}}],"inLanguage":"sv-SE"}]}},"_links":{"self":[{"href":"https:\/\/stylestore.com\/se\/wp-json\/wp\/v2\/product\/231178","targetHints":{"allow":["GET"]}}],"collection":[{"href":"https:\/\/stylestore.com\/se\/wp-json\/wp\/v2\/product"}],"about":[{"href":"https:\/\/stylestore.com\/se\/wp-json\/wp\/v2\/types\/product"}],"wp:featuredmedia":[{"embeddable":true,"href":"https:\/\/stylestore.com\/se\/wp-json\/wp\/v2\/media\/237471"}],"wp:attachment":[{"href":"https:\/\/stylestore.com\/se\/wp-json\/wp\/v2\/media?parent=231178"}],"wp:term":[{"taxonomy":"product_brand","embeddable":true,"href":"https:\/\/stylestore.com\/se\/wp-json\/wp\/v2\/product_brand?post=231178"},{"taxonomy":"product_cat","embeddable":true,"href":"https:\/\/stylestore.com\/se\/wp-json\/wp\/v2\/product_cat?post=231178"},{"taxonomy":"product_tag","embeddable":true,"href":"https:\/\/stylestore.com\/se\/wp-json\/wp\/v2\/product_tag?post=231178"}],"curies":[{"name":"wp","href":"https:\/\/api.w.org\/{rel}","templated":true}]}}