{"id":225192,"date":"2025-07-09T10:47:27","date_gmt":"2025-07-09T08:47:27","guid":{"rendered":"https:\/\/stylestore.com\/se\/?post_type=product&#038;p=225192"},"modified":"2026-04-14T08:05:45","modified_gmt":"2026-04-14T06:05:45","slug":"wblastrid-quilted-jacket-6","status":"publish","type":"product","link":"https:\/\/stylestore.com\/se\/product\/wblastrid-quilted-jacket-6\/","title":{"rendered":"WBLASTRID QUILTED JACKET"},"content":{"rendered":"<p>Vi \u00e4r f\u00f6r\u00e4lskade i den h\u00e4r l\u00e4tt vadderade bomberjackan med huva och dragsko i midjan.<br \/>\nDen \u00e4r tillverkad av ett riktigt fint uppgraderat och ultral\u00e4tt tyg som uppfyller kraven p\u00e5 funktionalitet, samtidigt som du f\u00e5r en enormt praktisk jacka som h\u00e5ller dig varm.<br \/>\nDen finns i alla de finaste f\u00e4rgerna. Du kan b\u00e4ra den med l\u00e4tthet och matcha den med en m\u00e4ngd olika outfits.<br \/>\nModellen \u00e4r 176 cm l\u00e5ng och b\u00e4r storlek Small.<br \/>\n#Betterwardrobe<\/p>\n","protected":false},"excerpt":{"rendered":"","protected":false},"featured_media":241549,"template":"","meta":{"_acf_changed":false},"product_brand":[],"product_cat":[1812],"product_tag":[2170,2567],"class_list":{"0":"post-225192","1":"product","2":"type-product","3":"status-publish","4":"has-post-thumbnail","6":"product_cat-korta-jackor","7":"product_tag-sustainable","8":"product_tag-b2b","9":"pa_washing-instructions-maschine-wash-at-40-degrees","12":"instock","13":"taxable","14":"shipping-taxable","15":"purchasable","16":"product-type-variable"},"acf":[],"yoast_head":"<!-- This site is optimized with the Yoast SEO plugin v23.8 - https:\/\/yoast.com\/wordpress\/plugins\/seo\/ -->\n<title>WBLASTRID QUILTED JACKET &#187; Stylestore.com Sweden<\/title>\n<meta name=\"robots\" content=\"index, follow, max-snippet:-1, max-image-preview:large, max-video-preview:-1\" \/>\n<link rel=\"canonical\" href=\"https:\/\/stylestore.com\/se\/product\/wblastrid-quilted-jacket-6\/\" \/>\n<meta property=\"og:locale\" content=\"sv_SE\" \/>\n<meta property=\"og:type\" content=\"article\" \/>\n<meta property=\"og:title\" content=\"WBLASTRID QUILTED JACKET &#187; Stylestore.com Sweden\" \/>\n<meta property=\"og:url\" content=\"https:\/\/stylestore.com\/se\/product\/wblastrid-quilted-jacket-6\/\" \/>\n<meta property=\"og:site_name\" content=\"Stylestore.com Sweden\" \/>\n<meta property=\"article:modified_time\" content=\"2026-04-14T06:05:45+00:00\" \/>\n<meta property=\"og:image\" content=\"https:\/\/stylestore.com\/se\/wp-content\/uploads\/sites\/5\/2025\/07\/Wblastrid_Quilted_Jacket_Birch00008.jpg\" \/>\n\t<meta property=\"og:image:width\" content=\"1193\" \/>\n\t<meta property=\"og:image:height\" content=\"1789\" \/>\n\t<meta property=\"og:image:type\" content=\"image\/jpeg\" \/>\n<meta name=\"twitter:card\" content=\"summary_large_image\" \/>\n<script type=\"application\/ld+json\" class=\"yoast-schema-graph\">{\"@context\":\"https:\/\/schema.org\",\"@graph\":[{\"@type\":\"WebPage\",\"@id\":\"https:\/\/stylestore.com\/se\/product\/wblastrid-quilted-jacket-6\/\",\"url\":\"https:\/\/stylestore.com\/se\/product\/wblastrid-quilted-jacket-6\/\",\"name\":\"WBLASTRID QUILTED JACKET &#187; Stylestore.com Sweden\",\"isPartOf\":{\"@id\":\"https:\/\/stylestore.com\/se\/#website\"},\"primaryImageOfPage\":{\"@id\":\"https:\/\/stylestore.com\/se\/product\/wblastrid-quilted-jacket-6\/#primaryimage\"},\"image\":{\"@id\":\"https:\/\/stylestore.com\/se\/product\/wblastrid-quilted-jacket-6\/#primaryimage\"},\"thumbnailUrl\":\"https:\/\/stylestore.com\/se\/wp-content\/uploads\/sites\/5\/2026\/02\/Wblastrid_Quilted_Jacket_Birch00008.jpg\",\"datePublished\":\"2025-07-09T08:47:27+00:00\",\"dateModified\":\"2026-04-14T06:05:45+00:00\",\"breadcrumb\":{\"@id\":\"https:\/\/stylestore.com\/se\/product\/wblastrid-quilted-jacket-6\/#breadcrumb\"},\"inLanguage\":\"sv-SE\",\"potentialAction\":[{\"@type\":\"ReadAction\",\"target\":[\"https:\/\/stylestore.com\/se\/product\/wblastrid-quilted-jacket-6\/\"]}]},{\"@type\":\"ImageObject\",\"inLanguage\":\"sv-SE\",\"@id\":\"https:\/\/stylestore.com\/se\/product\/wblastrid-quilted-jacket-6\/#primaryimage\",\"url\":\"https:\/\/stylestore.com\/se\/wp-content\/uploads\/sites\/5\/2026\/02\/Wblastrid_Quilted_Jacket_Birch00008.jpg\",\"contentUrl\":\"https:\/\/stylestore.com\/se\/wp-content\/uploads\/sites\/5\/2026\/02\/Wblastrid_Quilted_Jacket_Birch00008.jpg\",\"width\":1193,\"height\":1789},{\"@type\":\"BreadcrumbList\",\"@id\":\"https:\/\/stylestore.com\/se\/product\/wblastrid-quilted-jacket-6\/#breadcrumb\",\"itemListElement\":[{\"@type\":\"ListItem\",\"position\":1,\"name\":\"Home\",\"item\":\"https:\/\/stylestore.com\/se\/\"},{\"@type\":\"ListItem\",\"position\":2,\"name\":\"S\u00f8g\",\"item\":\"https:\/\/stylestore.com\/se\/soeg\/\"},{\"@type\":\"ListItem\",\"position\":3,\"name\":\"WBLASTRID QUILTED JACKET\"}]},{\"@type\":\"WebSite\",\"@id\":\"https:\/\/stylestore.com\/se\/#website\",\"url\":\"https:\/\/stylestore.com\/se\/\",\"name\":\"Stylestore.com Sweden\",\"description\":\"\",\"potentialAction\":[{\"@type\":\"SearchAction\",\"target\":{\"@type\":\"EntryPoint\",\"urlTemplate\":\"https:\/\/stylestore.com\/se\/?s={search_term_string}\"},\"query-input\":{\"@type\":\"PropertyValueSpecification\",\"valueRequired\":true,\"valueName\":\"search_term_string\"}}],\"inLanguage\":\"sv-SE\"}]}<\/script>\n<!-- \/ Yoast SEO plugin. -->","yoast_head_json":{"title":"WBLASTRID QUILTED JACKET &#187; Stylestore.com Sweden","robots":{"index":"index","follow":"follow","max-snippet":"max-snippet:-1","max-image-preview":"max-image-preview:large","max-video-preview":"max-video-preview:-1"},"canonical":"https:\/\/stylestore.com\/se\/product\/wblastrid-quilted-jacket-6\/","og_locale":"sv_SE","og_type":"article","og_title":"WBLASTRID QUILTED JACKET &#187; Stylestore.com Sweden","og_url":"https:\/\/stylestore.com\/se\/product\/wblastrid-quilted-jacket-6\/","og_site_name":"Stylestore.com Sweden","article_modified_time":"2026-04-14T06:05:45+00:00","og_image":[{"width":1193,"height":1789,"url":"https:\/\/stylestore.com\/se\/wp-content\/uploads\/sites\/5\/2025\/07\/Wblastrid_Quilted_Jacket_Birch00008.jpg","type":"image\/jpeg"}],"twitter_card":"summary_large_image","schema":{"@context":"https:\/\/schema.org","@graph":[{"@type":"WebPage","@id":"https:\/\/stylestore.com\/se\/product\/wblastrid-quilted-jacket-6\/","url":"https:\/\/stylestore.com\/se\/product\/wblastrid-quilted-jacket-6\/","name":"WBLASTRID QUILTED JACKET &#187; Stylestore.com Sweden","isPartOf":{"@id":"https:\/\/stylestore.com\/se\/#website"},"primaryImageOfPage":{"@id":"https:\/\/stylestore.com\/se\/product\/wblastrid-quilted-jacket-6\/#primaryimage"},"image":{"@id":"https:\/\/stylestore.com\/se\/product\/wblastrid-quilted-jacket-6\/#primaryimage"},"thumbnailUrl":"https:\/\/stylestore.com\/se\/wp-content\/uploads\/sites\/5\/2026\/02\/Wblastrid_Quilted_Jacket_Birch00008.jpg","datePublished":"2025-07-09T08:47:27+00:00","dateModified":"2026-04-14T06:05:45+00:00","breadcrumb":{"@id":"https:\/\/stylestore.com\/se\/product\/wblastrid-quilted-jacket-6\/#breadcrumb"},"inLanguage":"sv-SE","potentialAction":[{"@type":"ReadAction","target":["https:\/\/stylestore.com\/se\/product\/wblastrid-quilted-jacket-6\/"]}]},{"@type":"ImageObject","inLanguage":"sv-SE","@id":"https:\/\/stylestore.com\/se\/product\/wblastrid-quilted-jacket-6\/#primaryimage","url":"https:\/\/stylestore.com\/se\/wp-content\/uploads\/sites\/5\/2026\/02\/Wblastrid_Quilted_Jacket_Birch00008.jpg","contentUrl":"https:\/\/stylestore.com\/se\/wp-content\/uploads\/sites\/5\/2026\/02\/Wblastrid_Quilted_Jacket_Birch00008.jpg","width":1193,"height":1789},{"@type":"BreadcrumbList","@id":"https:\/\/stylestore.com\/se\/product\/wblastrid-quilted-jacket-6\/#breadcrumb","itemListElement":[{"@type":"ListItem","position":1,"name":"Home","item":"https:\/\/stylestore.com\/se\/"},{"@type":"ListItem","position":2,"name":"S\u00f8g","item":"https:\/\/stylestore.com\/se\/soeg\/"},{"@type":"ListItem","position":3,"name":"WBLASTRID QUILTED JACKET"}]},{"@type":"WebSite","@id":"https:\/\/stylestore.com\/se\/#website","url":"https:\/\/stylestore.com\/se\/","name":"Stylestore.com Sweden","description":"","potentialAction":[{"@type":"SearchAction","target":{"@type":"EntryPoint","urlTemplate":"https:\/\/stylestore.com\/se\/?s={search_term_string}"},"query-input":{"@type":"PropertyValueSpecification","valueRequired":true,"valueName":"search_term_string"}}],"inLanguage":"sv-SE"}]}},"_links":{"self":[{"href":"https:\/\/stylestore.com\/se\/wp-json\/wp\/v2\/product\/225192","targetHints":{"allow":["GET"]}}],"collection":[{"href":"https:\/\/stylestore.com\/se\/wp-json\/wp\/v2\/product"}],"about":[{"href":"https:\/\/stylestore.com\/se\/wp-json\/wp\/v2\/types\/product"}],"wp:featuredmedia":[{"embeddable":true,"href":"https:\/\/stylestore.com\/se\/wp-json\/wp\/v2\/media\/241549"}],"wp:attachment":[{"href":"https:\/\/stylestore.com\/se\/wp-json\/wp\/v2\/media?parent=225192"}],"wp:term":[{"taxonomy":"product_brand","embeddable":true,"href":"https:\/\/stylestore.com\/se\/wp-json\/wp\/v2\/product_brand?post=225192"},{"taxonomy":"product_cat","embeddable":true,"href":"https:\/\/stylestore.com\/se\/wp-json\/wp\/v2\/product_cat?post=225192"},{"taxonomy":"product_tag","embeddable":true,"href":"https:\/\/stylestore.com\/se\/wp-json\/wp\/v2\/product_tag?post=225192"}],"curies":[{"name":"wp","href":"https:\/\/api.w.org\/{rel}","templated":true}]}}