{"id":222330,"date":"2025-07-07T09:49:32","date_gmt":"2025-07-07T07:49:32","guid":{"rendered":"https:\/\/stylestore.com\/se\/product\/wblagnolia-tailored-jacket\/"},"modified":"2026-04-14T08:05:53","modified_gmt":"2026-04-14T06:05:53","slug":"wblagnolia-tailored-jacket","status":"publish","type":"product","link":"https:\/\/stylestore.com\/se\/product\/wblagnolia-tailored-jacket\/","title":{"rendered":"WBLAGNOLIA TAILORED JACKET"},"content":{"rendered":"<p>Mjuk gr\u00e5 melange twill med ull<br \/>\nNormal passform<br \/>\nFull l\u00e4ngd<br \/>\nVid modell<br \/>\nDold dragkedja bak<br \/>\nElastisk midja bak<br \/>\nKnytband i midjan<br \/>\nVeck fram<br \/>\nFickor<br \/>\nL\u00e4ngd \u00f6ver ankeln<br \/>\nModellen \u00e4r 172 cm l\u00e5ng och b\u00e4r storlek S<br \/>\nProdukten \u00e4r normal i storleken<\/p>\n","protected":false},"excerpt":{"rendered":"","protected":false},"featured_media":222336,"template":"","meta":{"_acf_changed":false},"product_brand":[],"product_cat":[2254,1812],"product_tag":[2167,2567],"class_list":{"0":"post-222330","1":"product","2":"type-product","3":"status-publish","4":"has-post-thumbnail","6":"product_cat-jackor-must-haves","7":"product_cat-korta-jackor","8":"product_tag-new","9":"product_tag-b2b","12":"instock","13":"taxable","14":"shipping-taxable","15":"purchasable","16":"product-type-variable"},"acf":[],"yoast_head":"<!-- This site is optimized with the Yoast SEO plugin v23.8 - https:\/\/yoast.com\/wordpress\/plugins\/seo\/ -->\n<title>WBLAGNOLIA TAILORED JACKET &#187; Stylestore.com Sweden<\/title>\n<meta name=\"robots\" content=\"index, follow, max-snippet:-1, max-image-preview:large, max-video-preview:-1\" \/>\n<link rel=\"canonical\" href=\"https:\/\/stylestore.com\/se\/product\/wblagnolia-tailored-jacket\/\" \/>\n<meta property=\"og:locale\" content=\"sv_SE\" \/>\n<meta property=\"og:type\" content=\"article\" \/>\n<meta property=\"og:title\" content=\"WBLAGNOLIA TAILORED JACKET &#187; Stylestore.com Sweden\" \/>\n<meta property=\"og:url\" content=\"https:\/\/stylestore.com\/se\/product\/wblagnolia-tailored-jacket\/\" \/>\n<meta property=\"og:site_name\" content=\"Stylestore.com Sweden\" \/>\n<meta property=\"article:modified_time\" content=\"2026-04-14T06:05:53+00:00\" \/>\n<meta property=\"og:image\" content=\"https:\/\/stylestore.com\/se\/wp-content\/uploads\/sites\/5\/2025\/07\/WBLAGNOLIA_TAILORED_JACKET_Acorn_Melange11-1.jpg\" \/>\n\t<meta property=\"og:image:width\" content=\"1236\" \/>\n\t<meta property=\"og:image:height\" content=\"1853\" \/>\n\t<meta property=\"og:image:type\" content=\"image\/jpeg\" \/>\n<meta name=\"twitter:card\" content=\"summary_large_image\" \/>\n<script type=\"application\/ld+json\" class=\"yoast-schema-graph\">{\"@context\":\"https:\/\/schema.org\",\"@graph\":[{\"@type\":\"WebPage\",\"@id\":\"https:\/\/stylestore.com\/se\/product\/wblagnolia-tailored-jacket\/\",\"url\":\"https:\/\/stylestore.com\/se\/product\/wblagnolia-tailored-jacket\/\",\"name\":\"WBLAGNOLIA TAILORED JACKET &#187; Stylestore.com Sweden\",\"isPartOf\":{\"@id\":\"https:\/\/stylestore.com\/se\/#website\"},\"primaryImageOfPage\":{\"@id\":\"https:\/\/stylestore.com\/se\/product\/wblagnolia-tailored-jacket\/#primaryimage\"},\"image\":{\"@id\":\"https:\/\/stylestore.com\/se\/product\/wblagnolia-tailored-jacket\/#primaryimage\"},\"thumbnailUrl\":\"https:\/\/stylestore.com\/se\/wp-content\/uploads\/sites\/5\/2025\/07\/WBLAGNOLIA_TAILORED_JACKET_Acorn_Melange11-1.jpg\",\"datePublished\":\"2025-07-07T07:49:32+00:00\",\"dateModified\":\"2026-04-14T06:05:53+00:00\",\"breadcrumb\":{\"@id\":\"https:\/\/stylestore.com\/se\/product\/wblagnolia-tailored-jacket\/#breadcrumb\"},\"inLanguage\":\"sv-SE\",\"potentialAction\":[{\"@type\":\"ReadAction\",\"target\":[\"https:\/\/stylestore.com\/se\/product\/wblagnolia-tailored-jacket\/\"]}]},{\"@type\":\"ImageObject\",\"inLanguage\":\"sv-SE\",\"@id\":\"https:\/\/stylestore.com\/se\/product\/wblagnolia-tailored-jacket\/#primaryimage\",\"url\":\"https:\/\/stylestore.com\/se\/wp-content\/uploads\/sites\/5\/2025\/07\/WBLAGNOLIA_TAILORED_JACKET_Acorn_Melange11-1.jpg\",\"contentUrl\":\"https:\/\/stylestore.com\/se\/wp-content\/uploads\/sites\/5\/2025\/07\/WBLAGNOLIA_TAILORED_JACKET_Acorn_Melange11-1.jpg\",\"width\":1236,\"height\":1853},{\"@type\":\"BreadcrumbList\",\"@id\":\"https:\/\/stylestore.com\/se\/product\/wblagnolia-tailored-jacket\/#breadcrumb\",\"itemListElement\":[{\"@type\":\"ListItem\",\"position\":1,\"name\":\"Home\",\"item\":\"https:\/\/stylestore.com\/se\/\"},{\"@type\":\"ListItem\",\"position\":2,\"name\":\"S\u00f8g\",\"item\":\"https:\/\/stylestore.com\/se\/soeg\/\"},{\"@type\":\"ListItem\",\"position\":3,\"name\":\"WBLAGNOLIA TAILORED JACKET\"}]},{\"@type\":\"WebSite\",\"@id\":\"https:\/\/stylestore.com\/se\/#website\",\"url\":\"https:\/\/stylestore.com\/se\/\",\"name\":\"Stylestore.com Sweden\",\"description\":\"\",\"potentialAction\":[{\"@type\":\"SearchAction\",\"target\":{\"@type\":\"EntryPoint\",\"urlTemplate\":\"https:\/\/stylestore.com\/se\/?s={search_term_string}\"},\"query-input\":{\"@type\":\"PropertyValueSpecification\",\"valueRequired\":true,\"valueName\":\"search_term_string\"}}],\"inLanguage\":\"sv-SE\"}]}<\/script>\n<!-- \/ Yoast SEO plugin. -->","yoast_head_json":{"title":"WBLAGNOLIA TAILORED JACKET &#187; Stylestore.com Sweden","robots":{"index":"index","follow":"follow","max-snippet":"max-snippet:-1","max-image-preview":"max-image-preview:large","max-video-preview":"max-video-preview:-1"},"canonical":"https:\/\/stylestore.com\/se\/product\/wblagnolia-tailored-jacket\/","og_locale":"sv_SE","og_type":"article","og_title":"WBLAGNOLIA TAILORED JACKET &#187; Stylestore.com Sweden","og_url":"https:\/\/stylestore.com\/se\/product\/wblagnolia-tailored-jacket\/","og_site_name":"Stylestore.com Sweden","article_modified_time":"2026-04-14T06:05:53+00:00","og_image":[{"width":1236,"height":1853,"url":"https:\/\/stylestore.com\/se\/wp-content\/uploads\/sites\/5\/2025\/07\/WBLAGNOLIA_TAILORED_JACKET_Acorn_Melange11-1.jpg","type":"image\/jpeg"}],"twitter_card":"summary_large_image","schema":{"@context":"https:\/\/schema.org","@graph":[{"@type":"WebPage","@id":"https:\/\/stylestore.com\/se\/product\/wblagnolia-tailored-jacket\/","url":"https:\/\/stylestore.com\/se\/product\/wblagnolia-tailored-jacket\/","name":"WBLAGNOLIA TAILORED JACKET &#187; Stylestore.com Sweden","isPartOf":{"@id":"https:\/\/stylestore.com\/se\/#website"},"primaryImageOfPage":{"@id":"https:\/\/stylestore.com\/se\/product\/wblagnolia-tailored-jacket\/#primaryimage"},"image":{"@id":"https:\/\/stylestore.com\/se\/product\/wblagnolia-tailored-jacket\/#primaryimage"},"thumbnailUrl":"https:\/\/stylestore.com\/se\/wp-content\/uploads\/sites\/5\/2025\/07\/WBLAGNOLIA_TAILORED_JACKET_Acorn_Melange11-1.jpg","datePublished":"2025-07-07T07:49:32+00:00","dateModified":"2026-04-14T06:05:53+00:00","breadcrumb":{"@id":"https:\/\/stylestore.com\/se\/product\/wblagnolia-tailored-jacket\/#breadcrumb"},"inLanguage":"sv-SE","potentialAction":[{"@type":"ReadAction","target":["https:\/\/stylestore.com\/se\/product\/wblagnolia-tailored-jacket\/"]}]},{"@type":"ImageObject","inLanguage":"sv-SE","@id":"https:\/\/stylestore.com\/se\/product\/wblagnolia-tailored-jacket\/#primaryimage","url":"https:\/\/stylestore.com\/se\/wp-content\/uploads\/sites\/5\/2025\/07\/WBLAGNOLIA_TAILORED_JACKET_Acorn_Melange11-1.jpg","contentUrl":"https:\/\/stylestore.com\/se\/wp-content\/uploads\/sites\/5\/2025\/07\/WBLAGNOLIA_TAILORED_JACKET_Acorn_Melange11-1.jpg","width":1236,"height":1853},{"@type":"BreadcrumbList","@id":"https:\/\/stylestore.com\/se\/product\/wblagnolia-tailored-jacket\/#breadcrumb","itemListElement":[{"@type":"ListItem","position":1,"name":"Home","item":"https:\/\/stylestore.com\/se\/"},{"@type":"ListItem","position":2,"name":"S\u00f8g","item":"https:\/\/stylestore.com\/se\/soeg\/"},{"@type":"ListItem","position":3,"name":"WBLAGNOLIA TAILORED JACKET"}]},{"@type":"WebSite","@id":"https:\/\/stylestore.com\/se\/#website","url":"https:\/\/stylestore.com\/se\/","name":"Stylestore.com Sweden","description":"","potentialAction":[{"@type":"SearchAction","target":{"@type":"EntryPoint","urlTemplate":"https:\/\/stylestore.com\/se\/?s={search_term_string}"},"query-input":{"@type":"PropertyValueSpecification","valueRequired":true,"valueName":"search_term_string"}}],"inLanguage":"sv-SE"}]}},"_links":{"self":[{"href":"https:\/\/stylestore.com\/se\/wp-json\/wp\/v2\/product\/222330","targetHints":{"allow":["GET"]}}],"collection":[{"href":"https:\/\/stylestore.com\/se\/wp-json\/wp\/v2\/product"}],"about":[{"href":"https:\/\/stylestore.com\/se\/wp-json\/wp\/v2\/types\/product"}],"wp:featuredmedia":[{"embeddable":true,"href":"https:\/\/stylestore.com\/se\/wp-json\/wp\/v2\/media\/222336"}],"wp:attachment":[{"href":"https:\/\/stylestore.com\/se\/wp-json\/wp\/v2\/media?parent=222330"}],"wp:term":[{"taxonomy":"product_brand","embeddable":true,"href":"https:\/\/stylestore.com\/se\/wp-json\/wp\/v2\/product_brand?post=222330"},{"taxonomy":"product_cat","embeddable":true,"href":"https:\/\/stylestore.com\/se\/wp-json\/wp\/v2\/product_cat?post=222330"},{"taxonomy":"product_tag","embeddable":true,"href":"https:\/\/stylestore.com\/se\/wp-json\/wp\/v2\/product_tag?post=222330"}],"curies":[{"name":"wp","href":"https:\/\/api.w.org\/{rel}","templated":true}]}}