{"id":221968,"date":"2025-07-04T14:17:31","date_gmt":"2025-07-04T12:17:31","guid":{"rendered":"https:\/\/stylestore.com\/se\/product\/wblfrancisca-wide-denim-pant\/"},"modified":"2026-04-14T08:05:55","modified_gmt":"2026-04-14T06:05:55","slug":"wblfrancisca-wide-denim-pant","status":"publish","type":"product","link":"https:\/\/stylestore.com\/se\/product\/wblfrancisca-wide-denim-pant\/","title":{"rendered":"WBLFRANCISCA WIDE DENIM PANT"},"content":{"rendered":"<p>Mjuktv\u00e4ttad bomullskvalitet<br \/>\nNormal passform<br \/>\nFull l\u00e4ngd<br \/>\nBreda ben<br \/>\nSt\u00e4ngs med knapp<br \/>\nPanel p\u00e5 framsidan<br \/>\nVeck p\u00e5 framsidan<br \/>\nB\u00e4ltesh\u00e4llor i midjan<br \/>\nElastisk midja bak<br \/>\nFickor p\u00e5 sidorna<br \/>\nModellen \u00e4r 172 cm l\u00e5ng och b\u00e4r storlek S<br \/>\nProdukten \u00e4r normal i storleken<\/p>\n","protected":false},"excerpt":{"rendered":"","protected":false},"featured_media":243702,"template":"","meta":{"_acf_changed":false},"product_brand":[],"product_cat":[1826,1827,1825],"product_tag":[2167,2567],"class_list":{"0":"post-221968","1":"product","2":"type-product","3":"status-publish","4":"has-post-thumbnail","6":"product_cat-byxor-kjolar-jeans","7":"product_cat-jeans","8":"product_cat-kjolar-jeans","9":"product_tag-new","10":"product_tag-b2b","13":"instock","14":"taxable","15":"shipping-taxable","16":"purchasable","17":"product-type-variable"},"acf":[],"yoast_head":"<!-- This site is optimized with the Yoast SEO plugin v23.8 - https:\/\/yoast.com\/wordpress\/plugins\/seo\/ -->\n<title>WBLFRANCISCA WIDE DENIM PANT &#187; Stylestore.com Sweden<\/title>\n<meta name=\"robots\" content=\"index, follow, max-snippet:-1, max-image-preview:large, max-video-preview:-1\" \/>\n<link rel=\"canonical\" href=\"https:\/\/stylestore.com\/se\/product\/wblfrancisca-wide-denim-pant\/\" \/>\n<meta property=\"og:locale\" content=\"sv_SE\" \/>\n<meta property=\"og:type\" content=\"article\" \/>\n<meta property=\"og:title\" content=\"WBLFRANCISCA WIDE DENIM PANT &#187; Stylestore.com Sweden\" \/>\n<meta property=\"og:url\" content=\"https:\/\/stylestore.com\/se\/product\/wblfrancisca-wide-denim-pant\/\" \/>\n<meta property=\"og:site_name\" content=\"Stylestore.com Sweden\" \/>\n<meta property=\"article:modified_time\" content=\"2026-04-14T06:05:55+00:00\" \/>\n<meta property=\"og:image\" content=\"https:\/\/stylestore.com\/se\/wp-content\/uploads\/sites\/5\/2025\/07\/WBLFRANCISCA_LS_DENIM_SHIRT_WBLFRANCISCA_WIDE_DENIM_PANT_Ocean_Blue6.jpg\" \/>\n\t<meta property=\"og:image:width\" content=\"1594\" \/>\n\t<meta property=\"og:image:height\" content=\"2389\" \/>\n\t<meta property=\"og:image:type\" content=\"image\/jpeg\" \/>\n<meta name=\"twitter:card\" content=\"summary_large_image\" \/>\n<script type=\"application\/ld+json\" class=\"yoast-schema-graph\">{\"@context\":\"https:\/\/schema.org\",\"@graph\":[{\"@type\":\"WebPage\",\"@id\":\"https:\/\/stylestore.com\/se\/product\/wblfrancisca-wide-denim-pant\/\",\"url\":\"https:\/\/stylestore.com\/se\/product\/wblfrancisca-wide-denim-pant\/\",\"name\":\"WBLFRANCISCA WIDE DENIM PANT &#187; Stylestore.com Sweden\",\"isPartOf\":{\"@id\":\"https:\/\/stylestore.com\/se\/#website\"},\"primaryImageOfPage\":{\"@id\":\"https:\/\/stylestore.com\/se\/product\/wblfrancisca-wide-denim-pant\/#primaryimage\"},\"image\":{\"@id\":\"https:\/\/stylestore.com\/se\/product\/wblfrancisca-wide-denim-pant\/#primaryimage\"},\"thumbnailUrl\":\"https:\/\/stylestore.com\/se\/wp-content\/uploads\/sites\/5\/2026\/03\/WBLFRANCISCA20WIDE20DENIM20PANT_OCEAN_BLUE1.jpg\",\"datePublished\":\"2025-07-04T12:17:31+00:00\",\"dateModified\":\"2026-04-14T06:05:55+00:00\",\"breadcrumb\":{\"@id\":\"https:\/\/stylestore.com\/se\/product\/wblfrancisca-wide-denim-pant\/#breadcrumb\"},\"inLanguage\":\"sv-SE\",\"potentialAction\":[{\"@type\":\"ReadAction\",\"target\":[\"https:\/\/stylestore.com\/se\/product\/wblfrancisca-wide-denim-pant\/\"]}]},{\"@type\":\"ImageObject\",\"inLanguage\":\"sv-SE\",\"@id\":\"https:\/\/stylestore.com\/se\/product\/wblfrancisca-wide-denim-pant\/#primaryimage\",\"url\":\"https:\/\/stylestore.com\/se\/wp-content\/uploads\/sites\/5\/2026\/03\/WBLFRANCISCA20WIDE20DENIM20PANT_OCEAN_BLUE1.jpg\",\"contentUrl\":\"https:\/\/stylestore.com\/se\/wp-content\/uploads\/sites\/5\/2026\/03\/WBLFRANCISCA20WIDE20DENIM20PANT_OCEAN_BLUE1.jpg\",\"width\":1669,\"height\":2505},{\"@type\":\"BreadcrumbList\",\"@id\":\"https:\/\/stylestore.com\/se\/product\/wblfrancisca-wide-denim-pant\/#breadcrumb\",\"itemListElement\":[{\"@type\":\"ListItem\",\"position\":1,\"name\":\"Home\",\"item\":\"https:\/\/stylestore.com\/se\/\"},{\"@type\":\"ListItem\",\"position\":2,\"name\":\"S\u00f8g\",\"item\":\"https:\/\/stylestore.com\/se\/soeg\/\"},{\"@type\":\"ListItem\",\"position\":3,\"name\":\"WBLFRANCISCA WIDE DENIM PANT\"}]},{\"@type\":\"WebSite\",\"@id\":\"https:\/\/stylestore.com\/se\/#website\",\"url\":\"https:\/\/stylestore.com\/se\/\",\"name\":\"Stylestore.com Sweden\",\"description\":\"\",\"potentialAction\":[{\"@type\":\"SearchAction\",\"target\":{\"@type\":\"EntryPoint\",\"urlTemplate\":\"https:\/\/stylestore.com\/se\/?s={search_term_string}\"},\"query-input\":{\"@type\":\"PropertyValueSpecification\",\"valueRequired\":true,\"valueName\":\"search_term_string\"}}],\"inLanguage\":\"sv-SE\"}]}<\/script>\n<!-- \/ Yoast SEO plugin. -->","yoast_head_json":{"title":"WBLFRANCISCA WIDE DENIM PANT &#187; Stylestore.com Sweden","robots":{"index":"index","follow":"follow","max-snippet":"max-snippet:-1","max-image-preview":"max-image-preview:large","max-video-preview":"max-video-preview:-1"},"canonical":"https:\/\/stylestore.com\/se\/product\/wblfrancisca-wide-denim-pant\/","og_locale":"sv_SE","og_type":"article","og_title":"WBLFRANCISCA WIDE DENIM PANT &#187; Stylestore.com Sweden","og_url":"https:\/\/stylestore.com\/se\/product\/wblfrancisca-wide-denim-pant\/","og_site_name":"Stylestore.com Sweden","article_modified_time":"2026-04-14T06:05:55+00:00","og_image":[{"width":1594,"height":2389,"url":"https:\/\/stylestore.com\/se\/wp-content\/uploads\/sites\/5\/2025\/07\/WBLFRANCISCA_LS_DENIM_SHIRT_WBLFRANCISCA_WIDE_DENIM_PANT_Ocean_Blue6.jpg","type":"image\/jpeg"}],"twitter_card":"summary_large_image","schema":{"@context":"https:\/\/schema.org","@graph":[{"@type":"WebPage","@id":"https:\/\/stylestore.com\/se\/product\/wblfrancisca-wide-denim-pant\/","url":"https:\/\/stylestore.com\/se\/product\/wblfrancisca-wide-denim-pant\/","name":"WBLFRANCISCA WIDE DENIM PANT &#187; Stylestore.com Sweden","isPartOf":{"@id":"https:\/\/stylestore.com\/se\/#website"},"primaryImageOfPage":{"@id":"https:\/\/stylestore.com\/se\/product\/wblfrancisca-wide-denim-pant\/#primaryimage"},"image":{"@id":"https:\/\/stylestore.com\/se\/product\/wblfrancisca-wide-denim-pant\/#primaryimage"},"thumbnailUrl":"https:\/\/stylestore.com\/se\/wp-content\/uploads\/sites\/5\/2026\/03\/WBLFRANCISCA20WIDE20DENIM20PANT_OCEAN_BLUE1.jpg","datePublished":"2025-07-04T12:17:31+00:00","dateModified":"2026-04-14T06:05:55+00:00","breadcrumb":{"@id":"https:\/\/stylestore.com\/se\/product\/wblfrancisca-wide-denim-pant\/#breadcrumb"},"inLanguage":"sv-SE","potentialAction":[{"@type":"ReadAction","target":["https:\/\/stylestore.com\/se\/product\/wblfrancisca-wide-denim-pant\/"]}]},{"@type":"ImageObject","inLanguage":"sv-SE","@id":"https:\/\/stylestore.com\/se\/product\/wblfrancisca-wide-denim-pant\/#primaryimage","url":"https:\/\/stylestore.com\/se\/wp-content\/uploads\/sites\/5\/2026\/03\/WBLFRANCISCA20WIDE20DENIM20PANT_OCEAN_BLUE1.jpg","contentUrl":"https:\/\/stylestore.com\/se\/wp-content\/uploads\/sites\/5\/2026\/03\/WBLFRANCISCA20WIDE20DENIM20PANT_OCEAN_BLUE1.jpg","width":1669,"height":2505},{"@type":"BreadcrumbList","@id":"https:\/\/stylestore.com\/se\/product\/wblfrancisca-wide-denim-pant\/#breadcrumb","itemListElement":[{"@type":"ListItem","position":1,"name":"Home","item":"https:\/\/stylestore.com\/se\/"},{"@type":"ListItem","position":2,"name":"S\u00f8g","item":"https:\/\/stylestore.com\/se\/soeg\/"},{"@type":"ListItem","position":3,"name":"WBLFRANCISCA WIDE DENIM PANT"}]},{"@type":"WebSite","@id":"https:\/\/stylestore.com\/se\/#website","url":"https:\/\/stylestore.com\/se\/","name":"Stylestore.com Sweden","description":"","potentialAction":[{"@type":"SearchAction","target":{"@type":"EntryPoint","urlTemplate":"https:\/\/stylestore.com\/se\/?s={search_term_string}"},"query-input":{"@type":"PropertyValueSpecification","valueRequired":true,"valueName":"search_term_string"}}],"inLanguage":"sv-SE"}]}},"_links":{"self":[{"href":"https:\/\/stylestore.com\/se\/wp-json\/wp\/v2\/product\/221968","targetHints":{"allow":["GET"]}}],"collection":[{"href":"https:\/\/stylestore.com\/se\/wp-json\/wp\/v2\/product"}],"about":[{"href":"https:\/\/stylestore.com\/se\/wp-json\/wp\/v2\/types\/product"}],"wp:featuredmedia":[{"embeddable":true,"href":"https:\/\/stylestore.com\/se\/wp-json\/wp\/v2\/media\/243702"}],"wp:attachment":[{"href":"https:\/\/stylestore.com\/se\/wp-json\/wp\/v2\/media?parent=221968"}],"wp:term":[{"taxonomy":"product_brand","embeddable":true,"href":"https:\/\/stylestore.com\/se\/wp-json\/wp\/v2\/product_brand?post=221968"},{"taxonomy":"product_cat","embeddable":true,"href":"https:\/\/stylestore.com\/se\/wp-json\/wp\/v2\/product_cat?post=221968"},{"taxonomy":"product_tag","embeddable":true,"href":"https:\/\/stylestore.com\/se\/wp-json\/wp\/v2\/product_tag?post=221968"}],"curies":[{"name":"wp","href":"https:\/\/api.w.org\/{rel}","templated":true}]}}