{"id":205217,"date":"2024-12-12T09:37:02","date_gmt":"2024-12-12T08:37:02","guid":{"rendered":"https:\/\/stylestore.com\/se\/product\/wblvalentina-striped-blazer\/"},"modified":"2026-05-01T08:05:44","modified_gmt":"2026-05-01T06:05:44","slug":"wblvalentina-striped-blazer","status":"publish","type":"product","link":"https:\/\/stylestore.com\/se\/product\/wblvalentina-striped-blazer\/","title":{"rendered":"WBLVALENTINA STRIPED BLAZER"},"content":{"rendered":"<p>Klassisk marinbl\u00e5\/vit randig<br \/>\nKlassisk kavajmodell<br \/>\nFodrad<br \/>\nNormal passform<br \/>\nL\u00e4ngd under h\u00f6ften<br \/>\nRevers och krage<br \/>\nSt\u00e4ngs med en knapp<br \/>\nFickor med ficklock fram<br \/>\nSlit bak<\/p>\n<p>Modellen \u00e4r 172 cm l\u00e5ng och b\u00e4r storlek S<br \/>\nProdukten \u00e4r normal i storleken<\/p>\n","protected":false},"excerpt":{"rendered":"","protected":false},"featured_media":206199,"template":"","meta":{"_acf_changed":false},"product_brand":[],"product_cat":[1814,1842],"product_tag":[2567],"class_list":{"0":"post-205217","1":"product","2":"type-product","3":"status-publish","4":"has-post-thumbnail","6":"product_cat-tailormade","7":"product_cat-vaskor","8":"product_tag-b2b","11":"outofstock","12":"taxable","13":"shipping-taxable","14":"purchasable","15":"product-type-variable"},"acf":[],"yoast_head":"<!-- This site is optimized with the Yoast SEO plugin v23.8 - https:\/\/yoast.com\/wordpress\/plugins\/seo\/ -->\n<title>WBLVALENTINA STRIPED BLAZER &#187; Stylestore.com Sweden<\/title>\n<meta name=\"robots\" content=\"index, follow, max-snippet:-1, max-image-preview:large, max-video-preview:-1\" \/>\n<link rel=\"canonical\" href=\"https:\/\/stylestore.com\/se\/product\/wblvalentina-striped-blazer\/\" \/>\n<meta property=\"og:locale\" content=\"sv_SE\" \/>\n<meta property=\"og:type\" content=\"article\" \/>\n<meta property=\"og:title\" content=\"WBLVALENTINA STRIPED BLAZER &#187; Stylestore.com Sweden\" \/>\n<meta property=\"og:url\" content=\"https:\/\/stylestore.com\/se\/product\/wblvalentina-striped-blazer\/\" \/>\n<meta property=\"og:site_name\" content=\"Stylestore.com Sweden\" \/>\n<meta property=\"article:modified_time\" content=\"2026-05-01T06:05:44+00:00\" \/>\n<meta property=\"og:image\" content=\"https:\/\/stylestore.com\/se\/wp-content\/uploads\/sites\/5\/2024\/12\/Wblvalentina_Striped_Tailored_Blazer_Midnight_Blue_Pinstripe1.jpg\" \/>\n\t<meta property=\"og:image:width\" content=\"1402\" \/>\n\t<meta property=\"og:image:height\" content=\"2101\" \/>\n\t<meta property=\"og:image:type\" content=\"image\/jpeg\" \/>\n<meta name=\"twitter:card\" content=\"summary_large_image\" \/>\n<script type=\"application\/ld+json\" class=\"yoast-schema-graph\">{\"@context\":\"https:\/\/schema.org\",\"@graph\":[{\"@type\":\"WebPage\",\"@id\":\"https:\/\/stylestore.com\/se\/product\/wblvalentina-striped-blazer\/\",\"url\":\"https:\/\/stylestore.com\/se\/product\/wblvalentina-striped-blazer\/\",\"name\":\"WBLVALENTINA STRIPED BLAZER &#187; Stylestore.com Sweden\",\"isPartOf\":{\"@id\":\"https:\/\/stylestore.com\/se\/#website\"},\"primaryImageOfPage\":{\"@id\":\"https:\/\/stylestore.com\/se\/product\/wblvalentina-striped-blazer\/#primaryimage\"},\"image\":{\"@id\":\"https:\/\/stylestore.com\/se\/product\/wblvalentina-striped-blazer\/#primaryimage\"},\"thumbnailUrl\":\"https:\/\/stylestore.com\/se\/wp-content\/uploads\/sites\/5\/2024\/12\/Wblvalentina_Striped_Tailored_Blazer_Midnight_Blue_Pinstripe1.jpg\",\"datePublished\":\"2024-12-12T08:37:02+00:00\",\"dateModified\":\"2026-05-01T06:05:44+00:00\",\"breadcrumb\":{\"@id\":\"https:\/\/stylestore.com\/se\/product\/wblvalentina-striped-blazer\/#breadcrumb\"},\"inLanguage\":\"sv-SE\",\"potentialAction\":[{\"@type\":\"ReadAction\",\"target\":[\"https:\/\/stylestore.com\/se\/product\/wblvalentina-striped-blazer\/\"]}]},{\"@type\":\"ImageObject\",\"inLanguage\":\"sv-SE\",\"@id\":\"https:\/\/stylestore.com\/se\/product\/wblvalentina-striped-blazer\/#primaryimage\",\"url\":\"https:\/\/stylestore.com\/se\/wp-content\/uploads\/sites\/5\/2024\/12\/Wblvalentina_Striped_Tailored_Blazer_Midnight_Blue_Pinstripe1.jpg\",\"contentUrl\":\"https:\/\/stylestore.com\/se\/wp-content\/uploads\/sites\/5\/2024\/12\/Wblvalentina_Striped_Tailored_Blazer_Midnight_Blue_Pinstripe1.jpg\",\"width\":1402,\"height\":2101},{\"@type\":\"BreadcrumbList\",\"@id\":\"https:\/\/stylestore.com\/se\/product\/wblvalentina-striped-blazer\/#breadcrumb\",\"itemListElement\":[{\"@type\":\"ListItem\",\"position\":1,\"name\":\"Home\",\"item\":\"https:\/\/stylestore.com\/se\/\"},{\"@type\":\"ListItem\",\"position\":2,\"name\":\"S\u00f8g\",\"item\":\"https:\/\/stylestore.com\/se\/soeg\/\"},{\"@type\":\"ListItem\",\"position\":3,\"name\":\"WBLVALENTINA STRIPED BLAZER\"}]},{\"@type\":\"WebSite\",\"@id\":\"https:\/\/stylestore.com\/se\/#website\",\"url\":\"https:\/\/stylestore.com\/se\/\",\"name\":\"Stylestore.com Sweden\",\"description\":\"\",\"potentialAction\":[{\"@type\":\"SearchAction\",\"target\":{\"@type\":\"EntryPoint\",\"urlTemplate\":\"https:\/\/stylestore.com\/se\/?s={search_term_string}\"},\"query-input\":{\"@type\":\"PropertyValueSpecification\",\"valueRequired\":true,\"valueName\":\"search_term_string\"}}],\"inLanguage\":\"sv-SE\"}]}<\/script>\n<!-- \/ Yoast SEO plugin. -->","yoast_head_json":{"title":"WBLVALENTINA STRIPED BLAZER &#187; Stylestore.com Sweden","robots":{"index":"index","follow":"follow","max-snippet":"max-snippet:-1","max-image-preview":"max-image-preview:large","max-video-preview":"max-video-preview:-1"},"canonical":"https:\/\/stylestore.com\/se\/product\/wblvalentina-striped-blazer\/","og_locale":"sv_SE","og_type":"article","og_title":"WBLVALENTINA STRIPED BLAZER &#187; Stylestore.com Sweden","og_url":"https:\/\/stylestore.com\/se\/product\/wblvalentina-striped-blazer\/","og_site_name":"Stylestore.com Sweden","article_modified_time":"2026-05-01T06:05:44+00:00","og_image":[{"width":1402,"height":2101,"url":"https:\/\/stylestore.com\/se\/wp-content\/uploads\/sites\/5\/2024\/12\/Wblvalentina_Striped_Tailored_Blazer_Midnight_Blue_Pinstripe1.jpg","type":"image\/jpeg"}],"twitter_card":"summary_large_image","schema":{"@context":"https:\/\/schema.org","@graph":[{"@type":"WebPage","@id":"https:\/\/stylestore.com\/se\/product\/wblvalentina-striped-blazer\/","url":"https:\/\/stylestore.com\/se\/product\/wblvalentina-striped-blazer\/","name":"WBLVALENTINA STRIPED BLAZER &#187; Stylestore.com Sweden","isPartOf":{"@id":"https:\/\/stylestore.com\/se\/#website"},"primaryImageOfPage":{"@id":"https:\/\/stylestore.com\/se\/product\/wblvalentina-striped-blazer\/#primaryimage"},"image":{"@id":"https:\/\/stylestore.com\/se\/product\/wblvalentina-striped-blazer\/#primaryimage"},"thumbnailUrl":"https:\/\/stylestore.com\/se\/wp-content\/uploads\/sites\/5\/2024\/12\/Wblvalentina_Striped_Tailored_Blazer_Midnight_Blue_Pinstripe1.jpg","datePublished":"2024-12-12T08:37:02+00:00","dateModified":"2026-05-01T06:05:44+00:00","breadcrumb":{"@id":"https:\/\/stylestore.com\/se\/product\/wblvalentina-striped-blazer\/#breadcrumb"},"inLanguage":"sv-SE","potentialAction":[{"@type":"ReadAction","target":["https:\/\/stylestore.com\/se\/product\/wblvalentina-striped-blazer\/"]}]},{"@type":"ImageObject","inLanguage":"sv-SE","@id":"https:\/\/stylestore.com\/se\/product\/wblvalentina-striped-blazer\/#primaryimage","url":"https:\/\/stylestore.com\/se\/wp-content\/uploads\/sites\/5\/2024\/12\/Wblvalentina_Striped_Tailored_Blazer_Midnight_Blue_Pinstripe1.jpg","contentUrl":"https:\/\/stylestore.com\/se\/wp-content\/uploads\/sites\/5\/2024\/12\/Wblvalentina_Striped_Tailored_Blazer_Midnight_Blue_Pinstripe1.jpg","width":1402,"height":2101},{"@type":"BreadcrumbList","@id":"https:\/\/stylestore.com\/se\/product\/wblvalentina-striped-blazer\/#breadcrumb","itemListElement":[{"@type":"ListItem","position":1,"name":"Home","item":"https:\/\/stylestore.com\/se\/"},{"@type":"ListItem","position":2,"name":"S\u00f8g","item":"https:\/\/stylestore.com\/se\/soeg\/"},{"@type":"ListItem","position":3,"name":"WBLVALENTINA STRIPED BLAZER"}]},{"@type":"WebSite","@id":"https:\/\/stylestore.com\/se\/#website","url":"https:\/\/stylestore.com\/se\/","name":"Stylestore.com Sweden","description":"","potentialAction":[{"@type":"SearchAction","target":{"@type":"EntryPoint","urlTemplate":"https:\/\/stylestore.com\/se\/?s={search_term_string}"},"query-input":{"@type":"PropertyValueSpecification","valueRequired":true,"valueName":"search_term_string"}}],"inLanguage":"sv-SE"}]}},"_links":{"self":[{"href":"https:\/\/stylestore.com\/se\/wp-json\/wp\/v2\/product\/205217","targetHints":{"allow":["GET"]}}],"collection":[{"href":"https:\/\/stylestore.com\/se\/wp-json\/wp\/v2\/product"}],"about":[{"href":"https:\/\/stylestore.com\/se\/wp-json\/wp\/v2\/types\/product"}],"wp:featuredmedia":[{"embeddable":true,"href":"https:\/\/stylestore.com\/se\/wp-json\/wp\/v2\/media\/206199"}],"wp:attachment":[{"href":"https:\/\/stylestore.com\/se\/wp-json\/wp\/v2\/media?parent=205217"}],"wp:term":[{"taxonomy":"product_brand","embeddable":true,"href":"https:\/\/stylestore.com\/se\/wp-json\/wp\/v2\/product_brand?post=205217"},{"taxonomy":"product_cat","embeddable":true,"href":"https:\/\/stylestore.com\/se\/wp-json\/wp\/v2\/product_cat?post=205217"},{"taxonomy":"product_tag","embeddable":true,"href":"https:\/\/stylestore.com\/se\/wp-json\/wp\/v2\/product_tag?post=205217"}],"curies":[{"name":"wp","href":"https:\/\/api.w.org\/{rel}","templated":true}]}}