{"id":205083,"date":"2024-12-12T09:05:01","date_gmt":"2024-12-12T08:05:01","guid":{"rendered":"https:\/\/stylestore.com\/se\/product\/wblpeyton-denim-jacket\/"},"modified":"2026-04-14T08:06:07","modified_gmt":"2026-04-14T06:06:07","slug":"wblpeyton-denim-jacket","status":"publish","type":"product","link":"https:\/\/stylestore.com\/se\/product\/wblpeyton-denim-jacket\/","title":{"rendered":"WBLPEYTON DENIM JACKET"},"content":{"rendered":"<p>Denimkvalitet<br \/>\nS\u00e4nkta axlar<br \/>\nSt\u00e5ende krage<br \/>\nL\u00f6s passform<br \/>\nBreda \u00e4rmar med tryckknappar<br \/>\nH\u00f6ftl\u00e4ngd<br \/>\nSt\u00e5ende krage<br \/>\nSt\u00e4ngs med tryckknappar<br \/>\nStora p\u00e5sydda fickor med ficklock fr<\/p>\n<p>Modellen \u00e4r 172 cm l\u00e5ng och b\u00e4r storlek S<br \/>\nProdukten \u00e4r normal i storleken f\u00f6r en oversized look. V\u00e4lj en storlek mindre f\u00f6r en mindre oversized look<\/p>\n","protected":false},"excerpt":{"rendered":"","protected":false},"featured_media":206128,"template":"","meta":{"_acf_changed":false},"product_brand":[],"product_cat":[1808,1810,1812],"product_tag":[2567],"class_list":{"0":"post-205083","1":"product","2":"type-product","3":"status-publish","4":"has-post-thumbnail","6":"product_cat-jackor","7":"product_cat-jeansjackor","8":"product_cat-korta-jackor","9":"product_tag-b2b","12":"outofstock","13":"taxable","14":"shipping-taxable","15":"purchasable","16":"product-type-variable"},"acf":[],"yoast_head":"<!-- This site is optimized with the Yoast SEO plugin v23.8 - https:\/\/yoast.com\/wordpress\/plugins\/seo\/ -->\n<title>WBLPEYTON DENIM JACKET &#187; Stylestore.com Sweden<\/title>\n<meta name=\"robots\" content=\"index, follow, max-snippet:-1, max-image-preview:large, max-video-preview:-1\" \/>\n<link rel=\"canonical\" href=\"https:\/\/stylestore.com\/se\/product\/wblpeyton-denim-jacket\/\" \/>\n<meta property=\"og:locale\" content=\"sv_SE\" \/>\n<meta property=\"og:type\" content=\"article\" \/>\n<meta property=\"og:title\" content=\"WBLPEYTON DENIM JACKET &#187; Stylestore.com Sweden\" \/>\n<meta property=\"og:url\" content=\"https:\/\/stylestore.com\/se\/product\/wblpeyton-denim-jacket\/\" \/>\n<meta property=\"og:site_name\" content=\"Stylestore.com Sweden\" \/>\n<meta property=\"article:modified_time\" content=\"2026-04-14T06:06:07+00:00\" \/>\n<meta property=\"og:image\" content=\"https:\/\/stylestore.com\/se\/wp-content\/uploads\/sites\/5\/2024\/12\/Wblpeyton_Denim_Jacket_Horizon1.jpg\" \/>\n\t<meta property=\"og:image:width\" content=\"935\" \/>\n\t<meta property=\"og:image:height\" content=\"1401\" \/>\n\t<meta property=\"og:image:type\" content=\"image\/jpeg\" \/>\n<meta name=\"twitter:card\" content=\"summary_large_image\" \/>\n<script type=\"application\/ld+json\" class=\"yoast-schema-graph\">{\"@context\":\"https:\/\/schema.org\",\"@graph\":[{\"@type\":\"WebPage\",\"@id\":\"https:\/\/stylestore.com\/se\/product\/wblpeyton-denim-jacket\/\",\"url\":\"https:\/\/stylestore.com\/se\/product\/wblpeyton-denim-jacket\/\",\"name\":\"WBLPEYTON DENIM JACKET &#187; Stylestore.com Sweden\",\"isPartOf\":{\"@id\":\"https:\/\/stylestore.com\/se\/#website\"},\"primaryImageOfPage\":{\"@id\":\"https:\/\/stylestore.com\/se\/product\/wblpeyton-denim-jacket\/#primaryimage\"},\"image\":{\"@id\":\"https:\/\/stylestore.com\/se\/product\/wblpeyton-denim-jacket\/#primaryimage\"},\"thumbnailUrl\":\"https:\/\/stylestore.com\/se\/wp-content\/uploads\/sites\/5\/2024\/12\/Wblpeyton_Denim_Jacket_Horizon1.jpg\",\"datePublished\":\"2024-12-12T08:05:01+00:00\",\"dateModified\":\"2026-04-14T06:06:07+00:00\",\"breadcrumb\":{\"@id\":\"https:\/\/stylestore.com\/se\/product\/wblpeyton-denim-jacket\/#breadcrumb\"},\"inLanguage\":\"sv-SE\",\"potentialAction\":[{\"@type\":\"ReadAction\",\"target\":[\"https:\/\/stylestore.com\/se\/product\/wblpeyton-denim-jacket\/\"]}]},{\"@type\":\"ImageObject\",\"inLanguage\":\"sv-SE\",\"@id\":\"https:\/\/stylestore.com\/se\/product\/wblpeyton-denim-jacket\/#primaryimage\",\"url\":\"https:\/\/stylestore.com\/se\/wp-content\/uploads\/sites\/5\/2024\/12\/Wblpeyton_Denim_Jacket_Horizon1.jpg\",\"contentUrl\":\"https:\/\/stylestore.com\/se\/wp-content\/uploads\/sites\/5\/2024\/12\/Wblpeyton_Denim_Jacket_Horizon1.jpg\",\"width\":935,\"height\":1401},{\"@type\":\"BreadcrumbList\",\"@id\":\"https:\/\/stylestore.com\/se\/product\/wblpeyton-denim-jacket\/#breadcrumb\",\"itemListElement\":[{\"@type\":\"ListItem\",\"position\":1,\"name\":\"Home\",\"item\":\"https:\/\/stylestore.com\/se\/\"},{\"@type\":\"ListItem\",\"position\":2,\"name\":\"S\u00f8g\",\"item\":\"https:\/\/stylestore.com\/se\/soeg\/\"},{\"@type\":\"ListItem\",\"position\":3,\"name\":\"WBLPEYTON DENIM JACKET\"}]},{\"@type\":\"WebSite\",\"@id\":\"https:\/\/stylestore.com\/se\/#website\",\"url\":\"https:\/\/stylestore.com\/se\/\",\"name\":\"Stylestore.com Sweden\",\"description\":\"\",\"potentialAction\":[{\"@type\":\"SearchAction\",\"target\":{\"@type\":\"EntryPoint\",\"urlTemplate\":\"https:\/\/stylestore.com\/se\/?s={search_term_string}\"},\"query-input\":{\"@type\":\"PropertyValueSpecification\",\"valueRequired\":true,\"valueName\":\"search_term_string\"}}],\"inLanguage\":\"sv-SE\"}]}<\/script>\n<!-- \/ Yoast SEO plugin. -->","yoast_head_json":{"title":"WBLPEYTON DENIM JACKET &#187; Stylestore.com Sweden","robots":{"index":"index","follow":"follow","max-snippet":"max-snippet:-1","max-image-preview":"max-image-preview:large","max-video-preview":"max-video-preview:-1"},"canonical":"https:\/\/stylestore.com\/se\/product\/wblpeyton-denim-jacket\/","og_locale":"sv_SE","og_type":"article","og_title":"WBLPEYTON DENIM JACKET &#187; Stylestore.com Sweden","og_url":"https:\/\/stylestore.com\/se\/product\/wblpeyton-denim-jacket\/","og_site_name":"Stylestore.com Sweden","article_modified_time":"2026-04-14T06:06:07+00:00","og_image":[{"width":935,"height":1401,"url":"https:\/\/stylestore.com\/se\/wp-content\/uploads\/sites\/5\/2024\/12\/Wblpeyton_Denim_Jacket_Horizon1.jpg","type":"image\/jpeg"}],"twitter_card":"summary_large_image","schema":{"@context":"https:\/\/schema.org","@graph":[{"@type":"WebPage","@id":"https:\/\/stylestore.com\/se\/product\/wblpeyton-denim-jacket\/","url":"https:\/\/stylestore.com\/se\/product\/wblpeyton-denim-jacket\/","name":"WBLPEYTON DENIM JACKET &#187; Stylestore.com Sweden","isPartOf":{"@id":"https:\/\/stylestore.com\/se\/#website"},"primaryImageOfPage":{"@id":"https:\/\/stylestore.com\/se\/product\/wblpeyton-denim-jacket\/#primaryimage"},"image":{"@id":"https:\/\/stylestore.com\/se\/product\/wblpeyton-denim-jacket\/#primaryimage"},"thumbnailUrl":"https:\/\/stylestore.com\/se\/wp-content\/uploads\/sites\/5\/2024\/12\/Wblpeyton_Denim_Jacket_Horizon1.jpg","datePublished":"2024-12-12T08:05:01+00:00","dateModified":"2026-04-14T06:06:07+00:00","breadcrumb":{"@id":"https:\/\/stylestore.com\/se\/product\/wblpeyton-denim-jacket\/#breadcrumb"},"inLanguage":"sv-SE","potentialAction":[{"@type":"ReadAction","target":["https:\/\/stylestore.com\/se\/product\/wblpeyton-denim-jacket\/"]}]},{"@type":"ImageObject","inLanguage":"sv-SE","@id":"https:\/\/stylestore.com\/se\/product\/wblpeyton-denim-jacket\/#primaryimage","url":"https:\/\/stylestore.com\/se\/wp-content\/uploads\/sites\/5\/2024\/12\/Wblpeyton_Denim_Jacket_Horizon1.jpg","contentUrl":"https:\/\/stylestore.com\/se\/wp-content\/uploads\/sites\/5\/2024\/12\/Wblpeyton_Denim_Jacket_Horizon1.jpg","width":935,"height":1401},{"@type":"BreadcrumbList","@id":"https:\/\/stylestore.com\/se\/product\/wblpeyton-denim-jacket\/#breadcrumb","itemListElement":[{"@type":"ListItem","position":1,"name":"Home","item":"https:\/\/stylestore.com\/se\/"},{"@type":"ListItem","position":2,"name":"S\u00f8g","item":"https:\/\/stylestore.com\/se\/soeg\/"},{"@type":"ListItem","position":3,"name":"WBLPEYTON DENIM JACKET"}]},{"@type":"WebSite","@id":"https:\/\/stylestore.com\/se\/#website","url":"https:\/\/stylestore.com\/se\/","name":"Stylestore.com Sweden","description":"","potentialAction":[{"@type":"SearchAction","target":{"@type":"EntryPoint","urlTemplate":"https:\/\/stylestore.com\/se\/?s={search_term_string}"},"query-input":{"@type":"PropertyValueSpecification","valueRequired":true,"valueName":"search_term_string"}}],"inLanguage":"sv-SE"}]}},"_links":{"self":[{"href":"https:\/\/stylestore.com\/se\/wp-json\/wp\/v2\/product\/205083","targetHints":{"allow":["GET"]}}],"collection":[{"href":"https:\/\/stylestore.com\/se\/wp-json\/wp\/v2\/product"}],"about":[{"href":"https:\/\/stylestore.com\/se\/wp-json\/wp\/v2\/types\/product"}],"wp:featuredmedia":[{"embeddable":true,"href":"https:\/\/stylestore.com\/se\/wp-json\/wp\/v2\/media\/206128"}],"wp:attachment":[{"href":"https:\/\/stylestore.com\/se\/wp-json\/wp\/v2\/media?parent=205083"}],"wp:term":[{"taxonomy":"product_brand","embeddable":true,"href":"https:\/\/stylestore.com\/se\/wp-json\/wp\/v2\/product_brand?post=205083"},{"taxonomy":"product_cat","embeddable":true,"href":"https:\/\/stylestore.com\/se\/wp-json\/wp\/v2\/product_cat?post=205083"},{"taxonomy":"product_tag","embeddable":true,"href":"https:\/\/stylestore.com\/se\/wp-json\/wp\/v2\/product_tag?post=205083"}],"curies":[{"name":"wp","href":"https:\/\/api.w.org\/{rel}","templated":true}]}}