{"id":204856,"date":"2024-12-12T08:15:34","date_gmt":"2024-12-12T07:15:34","guid":{"rendered":"https:\/\/stylestore.com\/se\/product\/wbljulianna-denim-shaket\/"},"modified":"2026-04-14T08:06:08","modified_gmt":"2026-04-14T06:06:08","slug":"wbljulianna-denim-shaket","status":"publish","type":"product","link":"https:\/\/stylestore.com\/se\/product\/wbljulianna-denim-shaket\/","title":{"rendered":"WBLJULIANNA DENIM SHAKET"},"content":{"rendered":"<p>Fin svart denimkvalitet<br \/>\nSkjortjacka<br \/>\nFodrad<br \/>\nS\u00e4nkta axlar<br \/>\nL\u00f6s passform<br \/>\nL\u00e4ngd under midjan<br \/>\nSt\u00e5ende krage<br \/>\nKnappst\u00e4ngning<br \/>\nDekorativa fickor med ficklock fram<\/p>\n<p>Modellen \u00e4r 172 cm l\u00e5ng och b\u00e4r storlek S<\/p>\n","protected":false},"excerpt":{"rendered":"","protected":false},"featured_media":207866,"template":"","meta":{"_acf_changed":false},"product_brand":[],"product_cat":[1808,1821],"product_tag":[2567],"class_list":{"0":"post-204856","1":"product","2":"type-product","3":"status-publish","4":"has-post-thumbnail","6":"product_cat-jackor","7":"product_cat-skjortor","8":"product_tag-b2b","11":"outofstock","12":"taxable","13":"shipping-taxable","14":"purchasable","15":"product-type-variable"},"acf":[],"yoast_head":"<!-- This site is optimized with the Yoast SEO plugin v23.8 - https:\/\/yoast.com\/wordpress\/plugins\/seo\/ -->\n<title>WBLJULIANNA DENIM SHAKET &#187; Stylestore.com Sweden<\/title>\n<meta name=\"robots\" content=\"index, follow, max-snippet:-1, max-image-preview:large, max-video-preview:-1\" \/>\n<link rel=\"canonical\" href=\"https:\/\/stylestore.com\/se\/product\/wbljulianna-denim-shaket\/\" \/>\n<meta property=\"og:locale\" content=\"sv_SE\" \/>\n<meta property=\"og:type\" content=\"article\" \/>\n<meta property=\"og:title\" content=\"WBLJULIANNA DENIM SHAKET &#187; Stylestore.com Sweden\" \/>\n<meta property=\"og:url\" content=\"https:\/\/stylestore.com\/se\/product\/wbljulianna-denim-shaket\/\" \/>\n<meta property=\"og:site_name\" content=\"Stylestore.com Sweden\" \/>\n<meta property=\"article:modified_time\" content=\"2026-04-14T06:06:08+00:00\" \/>\n<meta property=\"og:image\" content=\"https:\/\/stylestore.com\/se\/wp-content\/uploads\/sites\/5\/2025\/01\/Wbljulianna_Denim_Shaket_Black_Denim1.jpg\" \/>\n\t<meta property=\"og:image:width\" content=\"1589\" \/>\n\t<meta property=\"og:image:height\" content=\"2383\" \/>\n\t<meta property=\"og:image:type\" content=\"image\/jpeg\" \/>\n<meta name=\"twitter:card\" content=\"summary_large_image\" \/>\n<script type=\"application\/ld+json\" class=\"yoast-schema-graph\">{\"@context\":\"https:\/\/schema.org\",\"@graph\":[{\"@type\":\"WebPage\",\"@id\":\"https:\/\/stylestore.com\/se\/product\/wbljulianna-denim-shaket\/\",\"url\":\"https:\/\/stylestore.com\/se\/product\/wbljulianna-denim-shaket\/\",\"name\":\"WBLJULIANNA DENIM SHAKET &#187; Stylestore.com Sweden\",\"isPartOf\":{\"@id\":\"https:\/\/stylestore.com\/se\/#website\"},\"primaryImageOfPage\":{\"@id\":\"https:\/\/stylestore.com\/se\/product\/wbljulianna-denim-shaket\/#primaryimage\"},\"image\":{\"@id\":\"https:\/\/stylestore.com\/se\/product\/wbljulianna-denim-shaket\/#primaryimage\"},\"thumbnailUrl\":\"https:\/\/stylestore.com\/se\/wp-content\/uploads\/sites\/5\/2025\/01\/Wbljulianna_Denim_Shaket_Black_Denim1.jpg\",\"datePublished\":\"2024-12-12T07:15:34+00:00\",\"dateModified\":\"2026-04-14T06:06:08+00:00\",\"breadcrumb\":{\"@id\":\"https:\/\/stylestore.com\/se\/product\/wbljulianna-denim-shaket\/#breadcrumb\"},\"inLanguage\":\"sv-SE\",\"potentialAction\":[{\"@type\":\"ReadAction\",\"target\":[\"https:\/\/stylestore.com\/se\/product\/wbljulianna-denim-shaket\/\"]}]},{\"@type\":\"ImageObject\",\"inLanguage\":\"sv-SE\",\"@id\":\"https:\/\/stylestore.com\/se\/product\/wbljulianna-denim-shaket\/#primaryimage\",\"url\":\"https:\/\/stylestore.com\/se\/wp-content\/uploads\/sites\/5\/2025\/01\/Wbljulianna_Denim_Shaket_Black_Denim1.jpg\",\"contentUrl\":\"https:\/\/stylestore.com\/se\/wp-content\/uploads\/sites\/5\/2025\/01\/Wbljulianna_Denim_Shaket_Black_Denim1.jpg\",\"width\":1589,\"height\":2383},{\"@type\":\"BreadcrumbList\",\"@id\":\"https:\/\/stylestore.com\/se\/product\/wbljulianna-denim-shaket\/#breadcrumb\",\"itemListElement\":[{\"@type\":\"ListItem\",\"position\":1,\"name\":\"Home\",\"item\":\"https:\/\/stylestore.com\/se\/\"},{\"@type\":\"ListItem\",\"position\":2,\"name\":\"S\u00f8g\",\"item\":\"https:\/\/stylestore.com\/se\/soeg\/\"},{\"@type\":\"ListItem\",\"position\":3,\"name\":\"WBLJULIANNA DENIM SHAKET\"}]},{\"@type\":\"WebSite\",\"@id\":\"https:\/\/stylestore.com\/se\/#website\",\"url\":\"https:\/\/stylestore.com\/se\/\",\"name\":\"Stylestore.com Sweden\",\"description\":\"\",\"potentialAction\":[{\"@type\":\"SearchAction\",\"target\":{\"@type\":\"EntryPoint\",\"urlTemplate\":\"https:\/\/stylestore.com\/se\/?s={search_term_string}\"},\"query-input\":{\"@type\":\"PropertyValueSpecification\",\"valueRequired\":true,\"valueName\":\"search_term_string\"}}],\"inLanguage\":\"sv-SE\"}]}<\/script>\n<!-- \/ Yoast SEO plugin. -->","yoast_head_json":{"title":"WBLJULIANNA DENIM SHAKET &#187; Stylestore.com Sweden","robots":{"index":"index","follow":"follow","max-snippet":"max-snippet:-1","max-image-preview":"max-image-preview:large","max-video-preview":"max-video-preview:-1"},"canonical":"https:\/\/stylestore.com\/se\/product\/wbljulianna-denim-shaket\/","og_locale":"sv_SE","og_type":"article","og_title":"WBLJULIANNA DENIM SHAKET &#187; Stylestore.com Sweden","og_url":"https:\/\/stylestore.com\/se\/product\/wbljulianna-denim-shaket\/","og_site_name":"Stylestore.com Sweden","article_modified_time":"2026-04-14T06:06:08+00:00","og_image":[{"width":1589,"height":2383,"url":"https:\/\/stylestore.com\/se\/wp-content\/uploads\/sites\/5\/2025\/01\/Wbljulianna_Denim_Shaket_Black_Denim1.jpg","type":"image\/jpeg"}],"twitter_card":"summary_large_image","schema":{"@context":"https:\/\/schema.org","@graph":[{"@type":"WebPage","@id":"https:\/\/stylestore.com\/se\/product\/wbljulianna-denim-shaket\/","url":"https:\/\/stylestore.com\/se\/product\/wbljulianna-denim-shaket\/","name":"WBLJULIANNA DENIM SHAKET &#187; Stylestore.com Sweden","isPartOf":{"@id":"https:\/\/stylestore.com\/se\/#website"},"primaryImageOfPage":{"@id":"https:\/\/stylestore.com\/se\/product\/wbljulianna-denim-shaket\/#primaryimage"},"image":{"@id":"https:\/\/stylestore.com\/se\/product\/wbljulianna-denim-shaket\/#primaryimage"},"thumbnailUrl":"https:\/\/stylestore.com\/se\/wp-content\/uploads\/sites\/5\/2025\/01\/Wbljulianna_Denim_Shaket_Black_Denim1.jpg","datePublished":"2024-12-12T07:15:34+00:00","dateModified":"2026-04-14T06:06:08+00:00","breadcrumb":{"@id":"https:\/\/stylestore.com\/se\/product\/wbljulianna-denim-shaket\/#breadcrumb"},"inLanguage":"sv-SE","potentialAction":[{"@type":"ReadAction","target":["https:\/\/stylestore.com\/se\/product\/wbljulianna-denim-shaket\/"]}]},{"@type":"ImageObject","inLanguage":"sv-SE","@id":"https:\/\/stylestore.com\/se\/product\/wbljulianna-denim-shaket\/#primaryimage","url":"https:\/\/stylestore.com\/se\/wp-content\/uploads\/sites\/5\/2025\/01\/Wbljulianna_Denim_Shaket_Black_Denim1.jpg","contentUrl":"https:\/\/stylestore.com\/se\/wp-content\/uploads\/sites\/5\/2025\/01\/Wbljulianna_Denim_Shaket_Black_Denim1.jpg","width":1589,"height":2383},{"@type":"BreadcrumbList","@id":"https:\/\/stylestore.com\/se\/product\/wbljulianna-denim-shaket\/#breadcrumb","itemListElement":[{"@type":"ListItem","position":1,"name":"Home","item":"https:\/\/stylestore.com\/se\/"},{"@type":"ListItem","position":2,"name":"S\u00f8g","item":"https:\/\/stylestore.com\/se\/soeg\/"},{"@type":"ListItem","position":3,"name":"WBLJULIANNA DENIM SHAKET"}]},{"@type":"WebSite","@id":"https:\/\/stylestore.com\/se\/#website","url":"https:\/\/stylestore.com\/se\/","name":"Stylestore.com Sweden","description":"","potentialAction":[{"@type":"SearchAction","target":{"@type":"EntryPoint","urlTemplate":"https:\/\/stylestore.com\/se\/?s={search_term_string}"},"query-input":{"@type":"PropertyValueSpecification","valueRequired":true,"valueName":"search_term_string"}}],"inLanguage":"sv-SE"}]}},"_links":{"self":[{"href":"https:\/\/stylestore.com\/se\/wp-json\/wp\/v2\/product\/204856","targetHints":{"allow":["GET"]}}],"collection":[{"href":"https:\/\/stylestore.com\/se\/wp-json\/wp\/v2\/product"}],"about":[{"href":"https:\/\/stylestore.com\/se\/wp-json\/wp\/v2\/types\/product"}],"wp:featuredmedia":[{"embeddable":true,"href":"https:\/\/stylestore.com\/se\/wp-json\/wp\/v2\/media\/207866"}],"wp:attachment":[{"href":"https:\/\/stylestore.com\/se\/wp-json\/wp\/v2\/media?parent=204856"}],"wp:term":[{"taxonomy":"product_brand","embeddable":true,"href":"https:\/\/stylestore.com\/se\/wp-json\/wp\/v2\/product_brand?post=204856"},{"taxonomy":"product_cat","embeddable":true,"href":"https:\/\/stylestore.com\/se\/wp-json\/wp\/v2\/product_cat?post=204856"},{"taxonomy":"product_tag","embeddable":true,"href":"https:\/\/stylestore.com\/se\/wp-json\/wp\/v2\/product_tag?post=204856"}],"curies":[{"name":"wp","href":"https:\/\/api.w.org\/{rel}","templated":true}]}}