{"id":193336,"date":"2024-07-02T15:14:56","date_gmt":"2024-07-02T13:14:56","guid":{"rendered":"https:\/\/stylestore.com\/se\/product\/wblmaya-tailored-wide-pant\/"},"modified":"2026-05-01T08:05:56","modified_gmt":"2026-05-01T06:05:56","slug":"wblmaya-tailored-wide-pant","status":"publish","type":"product","link":"https:\/\/stylestore.com\/se\/product\/wblmaya-tailored-wide-pant\/","title":{"rendered":"WBLMAYA TAILORED WIDE PANT"},"content":{"rendered":"<p>Byxa i l\u00e4tt mjuk lyocellkvalitet<br \/>\nNormal passform<br \/>\nFull l\u00e4ngd<br \/>\nVida ben<br \/>\nVeck framtill<br \/>\nBred midjeres\u00e5r och b\u00e4ltesh\u00e4llor<br \/>\nSt\u00e4ngs med knapp och dragkedja<br \/>\nFickor i sidorna<\/p>\n","protected":false},"excerpt":{"rendered":"","protected":false},"featured_media":212005,"template":"","meta":{"_acf_changed":false},"product_brand":[],"product_cat":[1826,1814],"product_tag":[2567],"class_list":{"0":"post-193336","1":"product","2":"type-product","3":"status-publish","4":"has-post-thumbnail","6":"product_cat-byxor-kjolar-jeans","7":"product_cat-tailormade","8":"product_tag-b2b","11":"instock","12":"taxable","13":"shipping-taxable","14":"purchasable","15":"product-type-variable"},"acf":[],"yoast_head":"<!-- This site is optimized with the Yoast SEO plugin v23.8 - https:\/\/yoast.com\/wordpress\/plugins\/seo\/ -->\n<title>WBLMAYA TAILORED WIDE PANT &#187; Stylestore.com Sweden<\/title>\n<meta name=\"robots\" content=\"index, follow, max-snippet:-1, max-image-preview:large, max-video-preview:-1\" \/>\n<link rel=\"canonical\" href=\"https:\/\/stylestore.com\/se\/product\/wblmaya-tailored-wide-pant\/\" \/>\n<meta property=\"og:locale\" content=\"sv_SE\" \/>\n<meta property=\"og:type\" content=\"article\" \/>\n<meta property=\"og:title\" content=\"WBLMAYA TAILORED WIDE PANT &#187; Stylestore.com Sweden\" \/>\n<meta property=\"og:url\" content=\"https:\/\/stylestore.com\/se\/product\/wblmaya-tailored-wide-pant\/\" \/>\n<meta property=\"og:site_name\" content=\"Stylestore.com Sweden\" \/>\n<meta property=\"article:modified_time\" content=\"2026-05-01T06:05:56+00:00\" \/>\n<meta property=\"og:image\" content=\"https:\/\/stylestore.com\/se\/wp-content\/uploads\/sites\/5\/2024\/07\/Wblmaya_Tailored_High_Waist_Wide_Pant_Suns_Grey-1.jpg\" \/>\n\t<meta property=\"og:image:width\" content=\"1500\" \/>\n\t<meta property=\"og:image:height\" content=\"2250\" \/>\n\t<meta property=\"og:image:type\" content=\"image\/jpeg\" \/>\n<meta name=\"twitter:card\" content=\"summary_large_image\" \/>\n<script type=\"application\/ld+json\" class=\"yoast-schema-graph\">{\"@context\":\"https:\/\/schema.org\",\"@graph\":[{\"@type\":\"WebPage\",\"@id\":\"https:\/\/stylestore.com\/se\/product\/wblmaya-tailored-wide-pant\/\",\"url\":\"https:\/\/stylestore.com\/se\/product\/wblmaya-tailored-wide-pant\/\",\"name\":\"WBLMAYA TAILORED WIDE PANT &#187; Stylestore.com Sweden\",\"isPartOf\":{\"@id\":\"https:\/\/stylestore.com\/se\/#website\"},\"primaryImageOfPage\":{\"@id\":\"https:\/\/stylestore.com\/se\/product\/wblmaya-tailored-wide-pant\/#primaryimage\"},\"image\":{\"@id\":\"https:\/\/stylestore.com\/se\/product\/wblmaya-tailored-wide-pant\/#primaryimage\"},\"thumbnailUrl\":\"https:\/\/stylestore.com\/se\/wp-content\/uploads\/sites\/5\/2025\/03\/WblMAYA_TAILORED_HIGH_WAIST_WIDE_PANT_SUNS_GREY1.jpg\",\"datePublished\":\"2024-07-02T13:14:56+00:00\",\"dateModified\":\"2026-05-01T06:05:56+00:00\",\"breadcrumb\":{\"@id\":\"https:\/\/stylestore.com\/se\/product\/wblmaya-tailored-wide-pant\/#breadcrumb\"},\"inLanguage\":\"sv-SE\",\"potentialAction\":[{\"@type\":\"ReadAction\",\"target\":[\"https:\/\/stylestore.com\/se\/product\/wblmaya-tailored-wide-pant\/\"]}]},{\"@type\":\"ImageObject\",\"inLanguage\":\"sv-SE\",\"@id\":\"https:\/\/stylestore.com\/se\/product\/wblmaya-tailored-wide-pant\/#primaryimage\",\"url\":\"https:\/\/stylestore.com\/se\/wp-content\/uploads\/sites\/5\/2025\/03\/WblMAYA_TAILORED_HIGH_WAIST_WIDE_PANT_SUNS_GREY1.jpg\",\"contentUrl\":\"https:\/\/stylestore.com\/se\/wp-content\/uploads\/sites\/5\/2025\/03\/WblMAYA_TAILORED_HIGH_WAIST_WIDE_PANT_SUNS_GREY1.jpg\",\"width\":1542,\"height\":2313},{\"@type\":\"BreadcrumbList\",\"@id\":\"https:\/\/stylestore.com\/se\/product\/wblmaya-tailored-wide-pant\/#breadcrumb\",\"itemListElement\":[{\"@type\":\"ListItem\",\"position\":1,\"name\":\"Home\",\"item\":\"https:\/\/stylestore.com\/se\/\"},{\"@type\":\"ListItem\",\"position\":2,\"name\":\"S\u00f8g\",\"item\":\"https:\/\/stylestore.com\/se\/soeg\/\"},{\"@type\":\"ListItem\",\"position\":3,\"name\":\"WBLMAYA TAILORED WIDE PANT\"}]},{\"@type\":\"WebSite\",\"@id\":\"https:\/\/stylestore.com\/se\/#website\",\"url\":\"https:\/\/stylestore.com\/se\/\",\"name\":\"Stylestore.com Sweden\",\"description\":\"\",\"potentialAction\":[{\"@type\":\"SearchAction\",\"target\":{\"@type\":\"EntryPoint\",\"urlTemplate\":\"https:\/\/stylestore.com\/se\/?s={search_term_string}\"},\"query-input\":{\"@type\":\"PropertyValueSpecification\",\"valueRequired\":true,\"valueName\":\"search_term_string\"}}],\"inLanguage\":\"sv-SE\"}]}<\/script>\n<!-- \/ Yoast SEO plugin. -->","yoast_head_json":{"title":"WBLMAYA TAILORED WIDE PANT &#187; Stylestore.com Sweden","robots":{"index":"index","follow":"follow","max-snippet":"max-snippet:-1","max-image-preview":"max-image-preview:large","max-video-preview":"max-video-preview:-1"},"canonical":"https:\/\/stylestore.com\/se\/product\/wblmaya-tailored-wide-pant\/","og_locale":"sv_SE","og_type":"article","og_title":"WBLMAYA TAILORED WIDE PANT &#187; Stylestore.com Sweden","og_url":"https:\/\/stylestore.com\/se\/product\/wblmaya-tailored-wide-pant\/","og_site_name":"Stylestore.com Sweden","article_modified_time":"2026-05-01T06:05:56+00:00","og_image":[{"width":1500,"height":2250,"url":"https:\/\/stylestore.com\/se\/wp-content\/uploads\/sites\/5\/2024\/07\/Wblmaya_Tailored_High_Waist_Wide_Pant_Suns_Grey-1.jpg","type":"image\/jpeg"}],"twitter_card":"summary_large_image","schema":{"@context":"https:\/\/schema.org","@graph":[{"@type":"WebPage","@id":"https:\/\/stylestore.com\/se\/product\/wblmaya-tailored-wide-pant\/","url":"https:\/\/stylestore.com\/se\/product\/wblmaya-tailored-wide-pant\/","name":"WBLMAYA TAILORED WIDE PANT &#187; Stylestore.com Sweden","isPartOf":{"@id":"https:\/\/stylestore.com\/se\/#website"},"primaryImageOfPage":{"@id":"https:\/\/stylestore.com\/se\/product\/wblmaya-tailored-wide-pant\/#primaryimage"},"image":{"@id":"https:\/\/stylestore.com\/se\/product\/wblmaya-tailored-wide-pant\/#primaryimage"},"thumbnailUrl":"https:\/\/stylestore.com\/se\/wp-content\/uploads\/sites\/5\/2025\/03\/WblMAYA_TAILORED_HIGH_WAIST_WIDE_PANT_SUNS_GREY1.jpg","datePublished":"2024-07-02T13:14:56+00:00","dateModified":"2026-05-01T06:05:56+00:00","breadcrumb":{"@id":"https:\/\/stylestore.com\/se\/product\/wblmaya-tailored-wide-pant\/#breadcrumb"},"inLanguage":"sv-SE","potentialAction":[{"@type":"ReadAction","target":["https:\/\/stylestore.com\/se\/product\/wblmaya-tailored-wide-pant\/"]}]},{"@type":"ImageObject","inLanguage":"sv-SE","@id":"https:\/\/stylestore.com\/se\/product\/wblmaya-tailored-wide-pant\/#primaryimage","url":"https:\/\/stylestore.com\/se\/wp-content\/uploads\/sites\/5\/2025\/03\/WblMAYA_TAILORED_HIGH_WAIST_WIDE_PANT_SUNS_GREY1.jpg","contentUrl":"https:\/\/stylestore.com\/se\/wp-content\/uploads\/sites\/5\/2025\/03\/WblMAYA_TAILORED_HIGH_WAIST_WIDE_PANT_SUNS_GREY1.jpg","width":1542,"height":2313},{"@type":"BreadcrumbList","@id":"https:\/\/stylestore.com\/se\/product\/wblmaya-tailored-wide-pant\/#breadcrumb","itemListElement":[{"@type":"ListItem","position":1,"name":"Home","item":"https:\/\/stylestore.com\/se\/"},{"@type":"ListItem","position":2,"name":"S\u00f8g","item":"https:\/\/stylestore.com\/se\/soeg\/"},{"@type":"ListItem","position":3,"name":"WBLMAYA TAILORED WIDE PANT"}]},{"@type":"WebSite","@id":"https:\/\/stylestore.com\/se\/#website","url":"https:\/\/stylestore.com\/se\/","name":"Stylestore.com Sweden","description":"","potentialAction":[{"@type":"SearchAction","target":{"@type":"EntryPoint","urlTemplate":"https:\/\/stylestore.com\/se\/?s={search_term_string}"},"query-input":{"@type":"PropertyValueSpecification","valueRequired":true,"valueName":"search_term_string"}}],"inLanguage":"sv-SE"}]}},"_links":{"self":[{"href":"https:\/\/stylestore.com\/se\/wp-json\/wp\/v2\/product\/193336","targetHints":{"allow":["GET"]}}],"collection":[{"href":"https:\/\/stylestore.com\/se\/wp-json\/wp\/v2\/product"}],"about":[{"href":"https:\/\/stylestore.com\/se\/wp-json\/wp\/v2\/types\/product"}],"wp:featuredmedia":[{"embeddable":true,"href":"https:\/\/stylestore.com\/se\/wp-json\/wp\/v2\/media\/212005"}],"wp:attachment":[{"href":"https:\/\/stylestore.com\/se\/wp-json\/wp\/v2\/media?parent=193336"}],"wp:term":[{"taxonomy":"product_brand","embeddable":true,"href":"https:\/\/stylestore.com\/se\/wp-json\/wp\/v2\/product_brand?post=193336"},{"taxonomy":"product_cat","embeddable":true,"href":"https:\/\/stylestore.com\/se\/wp-json\/wp\/v2\/product_cat?post=193336"},{"taxonomy":"product_tag","embeddable":true,"href":"https:\/\/stylestore.com\/se\/wp-json\/wp\/v2\/product_tag?post=193336"}],"curies":[{"name":"wp","href":"https:\/\/api.w.org\/{rel}","templated":true}]}}