{"id":193056,"date":"2024-07-01T11:56:35","date_gmt":"2024-07-01T09:56:35","guid":{"rendered":"https:\/\/stylestore.com\/se\/product\/wblbrooke-mw-boyfriend-jeans\/"},"modified":"2026-05-01T08:05:57","modified_gmt":"2026-05-01T06:05:57","slug":"wblbrooke-mw-boyfriend-jeans","status":"publish","type":"product","link":"https:\/\/stylestore.com\/se\/product\/wblbrooke-mw-boyfriend-jeans\/","title":{"rendered":"WBLBROOKE MW BOYFRIEND  JEANS"},"content":{"rendered":"<p>Klassiska jeans<br \/>\nIngen stretch<br \/>\nMedelh\u00f6g midja<br \/>\nL\u00f6s passform<br \/>\nRaka ben<br \/>\nRundade framfickor och myntficka<br \/>\nOk p\u00e5 baksidan<br \/>\nS\u00f6mnad p\u00e5 bakfickorna<br \/>\nAnkell\u00e4ngd<br \/>\nMidjeband och b\u00e4ltesh\u00e4llor<br \/>\nSt\u00e4ngs med knapp och dragkedja<br \/>\nR\u00e5 kant vid benens nederkant<\/p>\n","protected":false},"excerpt":{"rendered":"","protected":false},"featured_media":204291,"template":"","meta":{"_acf_changed":false},"product_brand":[],"product_cat":[2255,1825],"product_tag":[2567],"class_list":{"0":"post-193056","1":"product","2":"type-product","3":"status-publish","4":"has-post-thumbnail","6":"product_cat-jeans-must-haves","7":"product_cat-kjolar-jeans","8":"product_tag-b2b","11":"instock","12":"taxable","13":"shipping-taxable","14":"purchasable","15":"product-type-variable"},"acf":[],"yoast_head":"<!-- This site is optimized with the Yoast SEO plugin v23.8 - https:\/\/yoast.com\/wordpress\/plugins\/seo\/ -->\n<title>WBLBROOKE MW BOYFRIEND JEANS &#187; Stylestore.com Sweden<\/title>\n<meta name=\"description\" content=\"Klassiska jeans med l\u00f6s passform och raka ben i ankell\u00e4ngd. Medelh\u00f6g midja, r\u00e5 kant och tidl\u00f6sa denimdetaljer.\" \/>\n<meta name=\"robots\" content=\"index, follow, max-snippet:-1, max-image-preview:large, max-video-preview:-1\" \/>\n<link rel=\"canonical\" href=\"https:\/\/stylestore.com\/se\/product\/wblbrooke-mw-boyfriend-jeans\/\" \/>\n<meta property=\"og:locale\" content=\"sv_SE\" \/>\n<meta property=\"og:type\" content=\"article\" \/>\n<meta property=\"og:title\" content=\"WBLBROOKE MW BOYFRIEND JEANS &#187; Stylestore.com Sweden\" \/>\n<meta property=\"og:description\" content=\"Klassiska jeans med l\u00f6s passform och raka ben i ankell\u00e4ngd. Medelh\u00f6g midja, r\u00e5 kant och tidl\u00f6sa denimdetaljer.\" \/>\n<meta property=\"og:url\" content=\"https:\/\/stylestore.com\/se\/product\/wblbrooke-mw-boyfriend-jeans\/\" \/>\n<meta property=\"og:site_name\" content=\"Stylestore.com Sweden\" \/>\n<meta property=\"article:modified_time\" content=\"2026-05-01T06:05:57+00:00\" \/>\n<meta property=\"og:image\" content=\"https:\/\/stylestore.com\/se\/wp-content\/uploads\/sites\/5\/2024\/12\/Wblbrooke_Boyfriend_Jeans_Spring_Blue1.jpg\" \/>\n\t<meta property=\"og:image:width\" content=\"1364\" \/>\n\t<meta property=\"og:image:height\" content=\"2046\" \/>\n\t<meta property=\"og:image:type\" content=\"image\/jpeg\" \/>\n<meta name=\"twitter:card\" content=\"summary_large_image\" \/>\n<script type=\"application\/ld+json\" class=\"yoast-schema-graph\">{\"@context\":\"https:\/\/schema.org\",\"@graph\":[{\"@type\":\"WebPage\",\"@id\":\"https:\/\/stylestore.com\/se\/product\/wblbrooke-mw-boyfriend-jeans\/\",\"url\":\"https:\/\/stylestore.com\/se\/product\/wblbrooke-mw-boyfriend-jeans\/\",\"name\":\"WBLBROOKE MW BOYFRIEND JEANS &#187; Stylestore.com Sweden\",\"isPartOf\":{\"@id\":\"https:\/\/stylestore.com\/se\/#website\"},\"primaryImageOfPage\":{\"@id\":\"https:\/\/stylestore.com\/se\/product\/wblbrooke-mw-boyfriend-jeans\/#primaryimage\"},\"image\":{\"@id\":\"https:\/\/stylestore.com\/se\/product\/wblbrooke-mw-boyfriend-jeans\/#primaryimage\"},\"thumbnailUrl\":\"https:\/\/stylestore.com\/se\/wp-content\/uploads\/sites\/5\/2024\/12\/Wblbrooke_Boyfriend_Jeans_Spring_Blue1.jpg\",\"datePublished\":\"2024-07-01T09:56:35+00:00\",\"dateModified\":\"2026-05-01T06:05:57+00:00\",\"description\":\"Klassiska jeans med l\u00f6s passform och raka ben i ankell\u00e4ngd. Medelh\u00f6g midja, r\u00e5 kant och tidl\u00f6sa denimdetaljer.\",\"breadcrumb\":{\"@id\":\"https:\/\/stylestore.com\/se\/product\/wblbrooke-mw-boyfriend-jeans\/#breadcrumb\"},\"inLanguage\":\"sv-SE\",\"potentialAction\":[{\"@type\":\"ReadAction\",\"target\":[\"https:\/\/stylestore.com\/se\/product\/wblbrooke-mw-boyfriend-jeans\/\"]}]},{\"@type\":\"ImageObject\",\"inLanguage\":\"sv-SE\",\"@id\":\"https:\/\/stylestore.com\/se\/product\/wblbrooke-mw-boyfriend-jeans\/#primaryimage\",\"url\":\"https:\/\/stylestore.com\/se\/wp-content\/uploads\/sites\/5\/2024\/12\/Wblbrooke_Boyfriend_Jeans_Spring_Blue1.jpg\",\"contentUrl\":\"https:\/\/stylestore.com\/se\/wp-content\/uploads\/sites\/5\/2024\/12\/Wblbrooke_Boyfriend_Jeans_Spring_Blue1.jpg\",\"width\":1364,\"height\":2046},{\"@type\":\"BreadcrumbList\",\"@id\":\"https:\/\/stylestore.com\/se\/product\/wblbrooke-mw-boyfriend-jeans\/#breadcrumb\",\"itemListElement\":[{\"@type\":\"ListItem\",\"position\":1,\"name\":\"Home\",\"item\":\"https:\/\/stylestore.com\/se\/\"},{\"@type\":\"ListItem\",\"position\":2,\"name\":\"S\u00f8g\",\"item\":\"https:\/\/stylestore.com\/se\/soeg\/\"},{\"@type\":\"ListItem\",\"position\":3,\"name\":\"WBLBROOKE MW BOYFRIEND JEANS\"}]},{\"@type\":\"WebSite\",\"@id\":\"https:\/\/stylestore.com\/se\/#website\",\"url\":\"https:\/\/stylestore.com\/se\/\",\"name\":\"Stylestore.com Sweden\",\"description\":\"\",\"potentialAction\":[{\"@type\":\"SearchAction\",\"target\":{\"@type\":\"EntryPoint\",\"urlTemplate\":\"https:\/\/stylestore.com\/se\/?s={search_term_string}\"},\"query-input\":{\"@type\":\"PropertyValueSpecification\",\"valueRequired\":true,\"valueName\":\"search_term_string\"}}],\"inLanguage\":\"sv-SE\"}]}<\/script>\n<!-- \/ Yoast SEO plugin. -->","yoast_head_json":{"title":"WBLBROOKE MW BOYFRIEND JEANS &#187; Stylestore.com Sweden","description":"Klassiska jeans med l\u00f6s passform och raka ben i ankell\u00e4ngd. Medelh\u00f6g midja, r\u00e5 kant och tidl\u00f6sa denimdetaljer.","robots":{"index":"index","follow":"follow","max-snippet":"max-snippet:-1","max-image-preview":"max-image-preview:large","max-video-preview":"max-video-preview:-1"},"canonical":"https:\/\/stylestore.com\/se\/product\/wblbrooke-mw-boyfriend-jeans\/","og_locale":"sv_SE","og_type":"article","og_title":"WBLBROOKE MW BOYFRIEND JEANS &#187; Stylestore.com Sweden","og_description":"Klassiska jeans med l\u00f6s passform och raka ben i ankell\u00e4ngd. Medelh\u00f6g midja, r\u00e5 kant och tidl\u00f6sa denimdetaljer.","og_url":"https:\/\/stylestore.com\/se\/product\/wblbrooke-mw-boyfriend-jeans\/","og_site_name":"Stylestore.com Sweden","article_modified_time":"2026-05-01T06:05:57+00:00","og_image":[{"width":1364,"height":2046,"url":"https:\/\/stylestore.com\/se\/wp-content\/uploads\/sites\/5\/2024\/12\/Wblbrooke_Boyfriend_Jeans_Spring_Blue1.jpg","type":"image\/jpeg"}],"twitter_card":"summary_large_image","schema":{"@context":"https:\/\/schema.org","@graph":[{"@type":"WebPage","@id":"https:\/\/stylestore.com\/se\/product\/wblbrooke-mw-boyfriend-jeans\/","url":"https:\/\/stylestore.com\/se\/product\/wblbrooke-mw-boyfriend-jeans\/","name":"WBLBROOKE MW BOYFRIEND JEANS &#187; Stylestore.com Sweden","isPartOf":{"@id":"https:\/\/stylestore.com\/se\/#website"},"primaryImageOfPage":{"@id":"https:\/\/stylestore.com\/se\/product\/wblbrooke-mw-boyfriend-jeans\/#primaryimage"},"image":{"@id":"https:\/\/stylestore.com\/se\/product\/wblbrooke-mw-boyfriend-jeans\/#primaryimage"},"thumbnailUrl":"https:\/\/stylestore.com\/se\/wp-content\/uploads\/sites\/5\/2024\/12\/Wblbrooke_Boyfriend_Jeans_Spring_Blue1.jpg","datePublished":"2024-07-01T09:56:35+00:00","dateModified":"2026-05-01T06:05:57+00:00","description":"Klassiska jeans med l\u00f6s passform och raka ben i ankell\u00e4ngd. Medelh\u00f6g midja, r\u00e5 kant och tidl\u00f6sa denimdetaljer.","breadcrumb":{"@id":"https:\/\/stylestore.com\/se\/product\/wblbrooke-mw-boyfriend-jeans\/#breadcrumb"},"inLanguage":"sv-SE","potentialAction":[{"@type":"ReadAction","target":["https:\/\/stylestore.com\/se\/product\/wblbrooke-mw-boyfriend-jeans\/"]}]},{"@type":"ImageObject","inLanguage":"sv-SE","@id":"https:\/\/stylestore.com\/se\/product\/wblbrooke-mw-boyfriend-jeans\/#primaryimage","url":"https:\/\/stylestore.com\/se\/wp-content\/uploads\/sites\/5\/2024\/12\/Wblbrooke_Boyfriend_Jeans_Spring_Blue1.jpg","contentUrl":"https:\/\/stylestore.com\/se\/wp-content\/uploads\/sites\/5\/2024\/12\/Wblbrooke_Boyfriend_Jeans_Spring_Blue1.jpg","width":1364,"height":2046},{"@type":"BreadcrumbList","@id":"https:\/\/stylestore.com\/se\/product\/wblbrooke-mw-boyfriend-jeans\/#breadcrumb","itemListElement":[{"@type":"ListItem","position":1,"name":"Home","item":"https:\/\/stylestore.com\/se\/"},{"@type":"ListItem","position":2,"name":"S\u00f8g","item":"https:\/\/stylestore.com\/se\/soeg\/"},{"@type":"ListItem","position":3,"name":"WBLBROOKE MW BOYFRIEND JEANS"}]},{"@type":"WebSite","@id":"https:\/\/stylestore.com\/se\/#website","url":"https:\/\/stylestore.com\/se\/","name":"Stylestore.com Sweden","description":"","potentialAction":[{"@type":"SearchAction","target":{"@type":"EntryPoint","urlTemplate":"https:\/\/stylestore.com\/se\/?s={search_term_string}"},"query-input":{"@type":"PropertyValueSpecification","valueRequired":true,"valueName":"search_term_string"}}],"inLanguage":"sv-SE"}]}},"_links":{"self":[{"href":"https:\/\/stylestore.com\/se\/wp-json\/wp\/v2\/product\/193056","targetHints":{"allow":["GET"]}}],"collection":[{"href":"https:\/\/stylestore.com\/se\/wp-json\/wp\/v2\/product"}],"about":[{"href":"https:\/\/stylestore.com\/se\/wp-json\/wp\/v2\/types\/product"}],"wp:featuredmedia":[{"embeddable":true,"href":"https:\/\/stylestore.com\/se\/wp-json\/wp\/v2\/media\/204291"}],"wp:attachment":[{"href":"https:\/\/stylestore.com\/se\/wp-json\/wp\/v2\/media?parent=193056"}],"wp:term":[{"taxonomy":"product_brand","embeddable":true,"href":"https:\/\/stylestore.com\/se\/wp-json\/wp\/v2\/product_brand?post=193056"},{"taxonomy":"product_cat","embeddable":true,"href":"https:\/\/stylestore.com\/se\/wp-json\/wp\/v2\/product_cat?post=193056"},{"taxonomy":"product_tag","embeddable":true,"href":"https:\/\/stylestore.com\/se\/wp-json\/wp\/v2\/product_tag?post=193056"}],"curies":[{"name":"wp","href":"https:\/\/api.w.org\/{rel}","templated":true}]}}