{"id":192288,"date":"2024-06-28T11:22:28","date_gmt":"2024-06-28T09:22:28","guid":{"rendered":"https:\/\/stylestore.com\/se\/product\/wblviolet-tailored-blazer\/"},"modified":"2026-04-20T08:06:24","modified_gmt":"2026-04-20T06:06:24","slug":"wblviolet-tailored-blazer","status":"publish","type":"product","link":"https:\/\/stylestore.com\/se\/product\/wblviolet-tailored-blazer\/","title":{"rendered":"WBLVIOLET TAILORED BLAZER"},"content":{"rendered":"<p>Klassisk kavaj<br \/>\nTyg med fina kritstrecksr\u00e4nder<br \/>\nFodrad<br \/>\nNormal passform<br \/>\nH\u00f6ftl\u00e4ngd<br \/>\nUppslag och krage<br \/>\nSt\u00e4ngs med en knapp<br \/>\nFickor med ficklock framtill<br \/>\nSlits baktill<\/p>\n","protected":false},"excerpt":{"rendered":"","protected":false},"featured_media":211807,"template":"","meta":{"_acf_changed":false},"product_brand":[],"product_cat":[2260,1814],"product_tag":[2567],"class_list":{"0":"post-192288","1":"product","2":"type-product","3":"status-publish","4":"has-post-thumbnail","6":"product_cat-tailormade-must-haves","7":"product_cat-tailormade","8":"product_tag-b2b","11":"instock","12":"taxable","13":"shipping-taxable","14":"purchasable","15":"product-type-variable"},"acf":[],"yoast_head":"<!-- This site is optimized with the Yoast SEO plugin v23.8 - https:\/\/yoast.com\/wordpress\/plugins\/seo\/ -->\n<title>WBLVIOLET TAILORED BLAZER &#187; Stylestore.com Sweden<\/title>\n<meta name=\"description\" content=\"Elegant klassisk kavaj med fina kritstrecksr\u00e4nder och normal passform. Designad med slag, enknapps-st\u00e4ngning och fickor med ficklock. Perfekt f\u00f6r en sofistikerad look.\" \/>\n<meta name=\"robots\" content=\"index, follow, max-snippet:-1, max-image-preview:large, max-video-preview:-1\" \/>\n<link rel=\"canonical\" href=\"https:\/\/stylestore.com\/se\/product\/wblviolet-tailored-blazer\/\" \/>\n<meta property=\"og:locale\" content=\"sv_SE\" \/>\n<meta property=\"og:type\" content=\"article\" \/>\n<meta property=\"og:title\" content=\"WBLVIOLET TAILORED BLAZER &#187; Stylestore.com Sweden\" \/>\n<meta property=\"og:description\" content=\"Elegant klassisk kavaj med fina kritstrecksr\u00e4nder och normal passform. Designad med slag, enknapps-st\u00e4ngning och fickor med ficklock. Perfekt f\u00f6r en sofistikerad look.\" \/>\n<meta property=\"og:url\" content=\"https:\/\/stylestore.com\/se\/product\/wblviolet-tailored-blazer\/\" \/>\n<meta property=\"og:site_name\" content=\"Stylestore.com Sweden\" \/>\n<meta property=\"article:modified_time\" content=\"2026-04-20T06:06:24+00:00\" \/>\n<meta property=\"og:image\" content=\"https:\/\/stylestore.com\/se\/wp-content\/uploads\/sites\/5\/2024\/12\/Wblviolet_Tailored_Blazer_Wide_Pant_Silver_Lining1.jpg\" \/>\n\t<meta property=\"og:image:width\" content=\"1259\" \/>\n\t<meta property=\"og:image:height\" content=\"1888\" \/>\n\t<meta property=\"og:image:type\" content=\"image\/jpeg\" \/>\n<meta name=\"twitter:card\" content=\"summary_large_image\" \/>\n<script type=\"application\/ld+json\" class=\"yoast-schema-graph\">{\"@context\":\"https:\/\/schema.org\",\"@graph\":[{\"@type\":\"WebPage\",\"@id\":\"https:\/\/stylestore.com\/se\/product\/wblviolet-tailored-blazer\/\",\"url\":\"https:\/\/stylestore.com\/se\/product\/wblviolet-tailored-blazer\/\",\"name\":\"WBLVIOLET TAILORED BLAZER &#187; Stylestore.com Sweden\",\"isPartOf\":{\"@id\":\"https:\/\/stylestore.com\/se\/#website\"},\"primaryImageOfPage\":{\"@id\":\"https:\/\/stylestore.com\/se\/product\/wblviolet-tailored-blazer\/#primaryimage\"},\"image\":{\"@id\":\"https:\/\/stylestore.com\/se\/product\/wblviolet-tailored-blazer\/#primaryimage\"},\"thumbnailUrl\":\"https:\/\/stylestore.com\/se\/wp-content\/uploads\/sites\/5\/2025\/03\/Wblviolet_Tailored_Blazer_Wide_Pant_Silver_Lining1-1.jpg\",\"datePublished\":\"2024-06-28T09:22:28+00:00\",\"dateModified\":\"2026-04-20T06:06:24+00:00\",\"description\":\"Elegant klassisk kavaj med fina kritstrecksr\u00e4nder och normal passform. Designad med slag, enknapps-st\u00e4ngning och fickor med ficklock. Perfekt f\u00f6r en sofistikerad look.\",\"breadcrumb\":{\"@id\":\"https:\/\/stylestore.com\/se\/product\/wblviolet-tailored-blazer\/#breadcrumb\"},\"inLanguage\":\"sv-SE\",\"potentialAction\":[{\"@type\":\"ReadAction\",\"target\":[\"https:\/\/stylestore.com\/se\/product\/wblviolet-tailored-blazer\/\"]}]},{\"@type\":\"ImageObject\",\"inLanguage\":\"sv-SE\",\"@id\":\"https:\/\/stylestore.com\/se\/product\/wblviolet-tailored-blazer\/#primaryimage\",\"url\":\"https:\/\/stylestore.com\/se\/wp-content\/uploads\/sites\/5\/2025\/03\/Wblviolet_Tailored_Blazer_Wide_Pant_Silver_Lining1-1.jpg\",\"contentUrl\":\"https:\/\/stylestore.com\/se\/wp-content\/uploads\/sites\/5\/2025\/03\/Wblviolet_Tailored_Blazer_Wide_Pant_Silver_Lining1-1.jpg\",\"width\":1259,\"height\":1888},{\"@type\":\"BreadcrumbList\",\"@id\":\"https:\/\/stylestore.com\/se\/product\/wblviolet-tailored-blazer\/#breadcrumb\",\"itemListElement\":[{\"@type\":\"ListItem\",\"position\":1,\"name\":\"Home\",\"item\":\"https:\/\/stylestore.com\/se\/\"},{\"@type\":\"ListItem\",\"position\":2,\"name\":\"S\u00f8g\",\"item\":\"https:\/\/stylestore.com\/se\/soeg\/\"},{\"@type\":\"ListItem\",\"position\":3,\"name\":\"WBLVIOLET TAILORED BLAZER\"}]},{\"@type\":\"WebSite\",\"@id\":\"https:\/\/stylestore.com\/se\/#website\",\"url\":\"https:\/\/stylestore.com\/se\/\",\"name\":\"Stylestore.com Sweden\",\"description\":\"\",\"potentialAction\":[{\"@type\":\"SearchAction\",\"target\":{\"@type\":\"EntryPoint\",\"urlTemplate\":\"https:\/\/stylestore.com\/se\/?s={search_term_string}\"},\"query-input\":{\"@type\":\"PropertyValueSpecification\",\"valueRequired\":true,\"valueName\":\"search_term_string\"}}],\"inLanguage\":\"sv-SE\"}]}<\/script>\n<!-- \/ Yoast SEO plugin. -->","yoast_head_json":{"title":"WBLVIOLET TAILORED BLAZER &#187; Stylestore.com Sweden","description":"Elegant klassisk kavaj med fina kritstrecksr\u00e4nder och normal passform. Designad med slag, enknapps-st\u00e4ngning och fickor med ficklock. Perfekt f\u00f6r en sofistikerad look.","robots":{"index":"index","follow":"follow","max-snippet":"max-snippet:-1","max-image-preview":"max-image-preview:large","max-video-preview":"max-video-preview:-1"},"canonical":"https:\/\/stylestore.com\/se\/product\/wblviolet-tailored-blazer\/","og_locale":"sv_SE","og_type":"article","og_title":"WBLVIOLET TAILORED BLAZER &#187; Stylestore.com Sweden","og_description":"Elegant klassisk kavaj med fina kritstrecksr\u00e4nder och normal passform. Designad med slag, enknapps-st\u00e4ngning och fickor med ficklock. Perfekt f\u00f6r en sofistikerad look.","og_url":"https:\/\/stylestore.com\/se\/product\/wblviolet-tailored-blazer\/","og_site_name":"Stylestore.com Sweden","article_modified_time":"2026-04-20T06:06:24+00:00","og_image":[{"width":1259,"height":1888,"url":"https:\/\/stylestore.com\/se\/wp-content\/uploads\/sites\/5\/2024\/12\/Wblviolet_Tailored_Blazer_Wide_Pant_Silver_Lining1.jpg","type":"image\/jpeg"}],"twitter_card":"summary_large_image","schema":{"@context":"https:\/\/schema.org","@graph":[{"@type":"WebPage","@id":"https:\/\/stylestore.com\/se\/product\/wblviolet-tailored-blazer\/","url":"https:\/\/stylestore.com\/se\/product\/wblviolet-tailored-blazer\/","name":"WBLVIOLET TAILORED BLAZER &#187; Stylestore.com Sweden","isPartOf":{"@id":"https:\/\/stylestore.com\/se\/#website"},"primaryImageOfPage":{"@id":"https:\/\/stylestore.com\/se\/product\/wblviolet-tailored-blazer\/#primaryimage"},"image":{"@id":"https:\/\/stylestore.com\/se\/product\/wblviolet-tailored-blazer\/#primaryimage"},"thumbnailUrl":"https:\/\/stylestore.com\/se\/wp-content\/uploads\/sites\/5\/2025\/03\/Wblviolet_Tailored_Blazer_Wide_Pant_Silver_Lining1-1.jpg","datePublished":"2024-06-28T09:22:28+00:00","dateModified":"2026-04-20T06:06:24+00:00","description":"Elegant klassisk kavaj med fina kritstrecksr\u00e4nder och normal passform. Designad med slag, enknapps-st\u00e4ngning och fickor med ficklock. Perfekt f\u00f6r en sofistikerad look.","breadcrumb":{"@id":"https:\/\/stylestore.com\/se\/product\/wblviolet-tailored-blazer\/#breadcrumb"},"inLanguage":"sv-SE","potentialAction":[{"@type":"ReadAction","target":["https:\/\/stylestore.com\/se\/product\/wblviolet-tailored-blazer\/"]}]},{"@type":"ImageObject","inLanguage":"sv-SE","@id":"https:\/\/stylestore.com\/se\/product\/wblviolet-tailored-blazer\/#primaryimage","url":"https:\/\/stylestore.com\/se\/wp-content\/uploads\/sites\/5\/2025\/03\/Wblviolet_Tailored_Blazer_Wide_Pant_Silver_Lining1-1.jpg","contentUrl":"https:\/\/stylestore.com\/se\/wp-content\/uploads\/sites\/5\/2025\/03\/Wblviolet_Tailored_Blazer_Wide_Pant_Silver_Lining1-1.jpg","width":1259,"height":1888},{"@type":"BreadcrumbList","@id":"https:\/\/stylestore.com\/se\/product\/wblviolet-tailored-blazer\/#breadcrumb","itemListElement":[{"@type":"ListItem","position":1,"name":"Home","item":"https:\/\/stylestore.com\/se\/"},{"@type":"ListItem","position":2,"name":"S\u00f8g","item":"https:\/\/stylestore.com\/se\/soeg\/"},{"@type":"ListItem","position":3,"name":"WBLVIOLET TAILORED BLAZER"}]},{"@type":"WebSite","@id":"https:\/\/stylestore.com\/se\/#website","url":"https:\/\/stylestore.com\/se\/","name":"Stylestore.com Sweden","description":"","potentialAction":[{"@type":"SearchAction","target":{"@type":"EntryPoint","urlTemplate":"https:\/\/stylestore.com\/se\/?s={search_term_string}"},"query-input":{"@type":"PropertyValueSpecification","valueRequired":true,"valueName":"search_term_string"}}],"inLanguage":"sv-SE"}]}},"_links":{"self":[{"href":"https:\/\/stylestore.com\/se\/wp-json\/wp\/v2\/product\/192288","targetHints":{"allow":["GET"]}}],"collection":[{"href":"https:\/\/stylestore.com\/se\/wp-json\/wp\/v2\/product"}],"about":[{"href":"https:\/\/stylestore.com\/se\/wp-json\/wp\/v2\/types\/product"}],"wp:featuredmedia":[{"embeddable":true,"href":"https:\/\/stylestore.com\/se\/wp-json\/wp\/v2\/media\/211807"}],"wp:attachment":[{"href":"https:\/\/stylestore.com\/se\/wp-json\/wp\/v2\/media?parent=192288"}],"wp:term":[{"taxonomy":"product_brand","embeddable":true,"href":"https:\/\/stylestore.com\/se\/wp-json\/wp\/v2\/product_brand?post=192288"},{"taxonomy":"product_cat","embeddable":true,"href":"https:\/\/stylestore.com\/se\/wp-json\/wp\/v2\/product_cat?post=192288"},{"taxonomy":"product_tag","embeddable":true,"href":"https:\/\/stylestore.com\/se\/wp-json\/wp\/v2\/product_tag?post=192288"}],"curies":[{"name":"wp","href":"https:\/\/api.w.org\/{rel}","templated":true}]}}