{"id":191641,"date":"2024-06-06T10:33:30","date_gmt":"2024-06-06T08:33:30","guid":{"rendered":"https:\/\/stylestore.com\/se\/product\/wblkimberly-spring-coat\/"},"modified":"2026-04-14T08:06:26","modified_gmt":"2026-04-14T06:06:26","slug":"wblkimberly-spring-coat","status":"publish","type":"product","link":"https:\/\/stylestore.com\/se\/product\/wblkimberly-spring-coat\/","title":{"rendered":"WBLKIMBERLY SPRING COAT"},"content":{"rendered":"<p>Kort trenchcoat<br \/>\nFin twill-kvalitet<br \/>\nH\u00f6ftl\u00e4ngd<br \/>\nStor krage<br \/>\nDubbelbr\u00f6stad<br \/>\nRaglan\u00e4rm<br \/>\nDekorativt band vid \u00e4rmen<br \/>\nPaspelfickor<br \/>\nL\u00f6s passform<\/p>\n","protected":false},"excerpt":{"rendered":"","protected":false},"featured_media":207245,"template":"","meta":{"_acf_changed":false},"product_brand":[],"product_cat":[1808,1813],"product_tag":[2567],"class_list":{"0":"post-191641","1":"product","2":"type-product","3":"status-publish","4":"has-post-thumbnail","6":"product_cat-jackor","7":"product_cat-langa-rockar","8":"product_tag-b2b","11":"instock","12":"taxable","13":"shipping-taxable","14":"purchasable","15":"product-type-variable"},"acf":[],"yoast_head":"<!-- This site is optimized with the Yoast SEO plugin v23.8 - https:\/\/yoast.com\/wordpress\/plugins\/seo\/ -->\n<title>WBLKIMBERLY SPRING COAT &#187; Stylestore.com Sweden<\/title>\n<meta name=\"description\" content=\"Klassisk kort trenchcoat i fin twill-kvalitet, med dubbelbr\u00f6stad st\u00e4ngning och stor krage. Raglan\u00e4rm och dekorativt band vid \u00e4rmen ger en modern touch.\" \/>\n<meta name=\"robots\" content=\"index, follow, max-snippet:-1, max-image-preview:large, max-video-preview:-1\" \/>\n<link rel=\"canonical\" href=\"https:\/\/stylestore.com\/se\/product\/wblkimberly-spring-coat\/\" \/>\n<meta property=\"og:locale\" content=\"sv_SE\" \/>\n<meta property=\"og:type\" content=\"article\" \/>\n<meta property=\"og:title\" content=\"WBLKIMBERLY SPRING COAT &#187; Stylestore.com Sweden\" \/>\n<meta property=\"og:description\" content=\"Klassisk kort trenchcoat i fin twill-kvalitet, med dubbelbr\u00f6stad st\u00e4ngning och stor krage. Raglan\u00e4rm och dekorativt band vid \u00e4rmen ger en modern touch.\" \/>\n<meta property=\"og:url\" content=\"https:\/\/stylestore.com\/se\/product\/wblkimberly-spring-coat\/\" \/>\n<meta property=\"og:site_name\" content=\"Stylestore.com Sweden\" \/>\n<meta property=\"article:modified_time\" content=\"2026-04-14T06:06:26+00:00\" \/>\n<meta property=\"og:image\" content=\"https:\/\/stylestore.com\/se\/wp-content\/uploads\/sites\/5\/2025\/01\/Wblkimberly_Springcoat_Light_Sand1-1.jpg\" \/>\n\t<meta property=\"og:image:width\" content=\"1551\" \/>\n\t<meta property=\"og:image:height\" content=\"2325\" \/>\n\t<meta property=\"og:image:type\" content=\"image\/jpeg\" \/>\n<meta name=\"twitter:card\" content=\"summary_large_image\" \/>\n<script type=\"application\/ld+json\" class=\"yoast-schema-graph\">{\"@context\":\"https:\/\/schema.org\",\"@graph\":[{\"@type\":\"WebPage\",\"@id\":\"https:\/\/stylestore.com\/se\/product\/wblkimberly-spring-coat\/\",\"url\":\"https:\/\/stylestore.com\/se\/product\/wblkimberly-spring-coat\/\",\"name\":\"WBLKIMBERLY SPRING COAT &#187; Stylestore.com Sweden\",\"isPartOf\":{\"@id\":\"https:\/\/stylestore.com\/se\/#website\"},\"primaryImageOfPage\":{\"@id\":\"https:\/\/stylestore.com\/se\/product\/wblkimberly-spring-coat\/#primaryimage\"},\"image\":{\"@id\":\"https:\/\/stylestore.com\/se\/product\/wblkimberly-spring-coat\/#primaryimage\"},\"thumbnailUrl\":\"https:\/\/stylestore.com\/se\/wp-content\/uploads\/sites\/5\/2025\/01\/Wblkimberly_Springcoat_Light_Sand1-1.jpg\",\"datePublished\":\"2024-06-06T08:33:30+00:00\",\"dateModified\":\"2026-04-14T06:06:26+00:00\",\"description\":\"Klassisk kort trenchcoat i fin twill-kvalitet, med dubbelbr\u00f6stad st\u00e4ngning och stor krage. Raglan\u00e4rm och dekorativt band vid \u00e4rmen ger en modern touch.\",\"breadcrumb\":{\"@id\":\"https:\/\/stylestore.com\/se\/product\/wblkimberly-spring-coat\/#breadcrumb\"},\"inLanguage\":\"sv-SE\",\"potentialAction\":[{\"@type\":\"ReadAction\",\"target\":[\"https:\/\/stylestore.com\/se\/product\/wblkimberly-spring-coat\/\"]}]},{\"@type\":\"ImageObject\",\"inLanguage\":\"sv-SE\",\"@id\":\"https:\/\/stylestore.com\/se\/product\/wblkimberly-spring-coat\/#primaryimage\",\"url\":\"https:\/\/stylestore.com\/se\/wp-content\/uploads\/sites\/5\/2025\/01\/Wblkimberly_Springcoat_Light_Sand1-1.jpg\",\"contentUrl\":\"https:\/\/stylestore.com\/se\/wp-content\/uploads\/sites\/5\/2025\/01\/Wblkimberly_Springcoat_Light_Sand1-1.jpg\",\"width\":1551,\"height\":2325},{\"@type\":\"BreadcrumbList\",\"@id\":\"https:\/\/stylestore.com\/se\/product\/wblkimberly-spring-coat\/#breadcrumb\",\"itemListElement\":[{\"@type\":\"ListItem\",\"position\":1,\"name\":\"Home\",\"item\":\"https:\/\/stylestore.com\/se\/\"},{\"@type\":\"ListItem\",\"position\":2,\"name\":\"S\u00f8g\",\"item\":\"https:\/\/stylestore.com\/se\/soeg\/\"},{\"@type\":\"ListItem\",\"position\":3,\"name\":\"WBLKIMBERLY SPRING COAT\"}]},{\"@type\":\"WebSite\",\"@id\":\"https:\/\/stylestore.com\/se\/#website\",\"url\":\"https:\/\/stylestore.com\/se\/\",\"name\":\"Stylestore.com Sweden\",\"description\":\"\",\"potentialAction\":[{\"@type\":\"SearchAction\",\"target\":{\"@type\":\"EntryPoint\",\"urlTemplate\":\"https:\/\/stylestore.com\/se\/?s={search_term_string}\"},\"query-input\":{\"@type\":\"PropertyValueSpecification\",\"valueRequired\":true,\"valueName\":\"search_term_string\"}}],\"inLanguage\":\"sv-SE\"}]}<\/script>\n<!-- \/ Yoast SEO plugin. -->","yoast_head_json":{"title":"WBLKIMBERLY SPRING COAT &#187; Stylestore.com Sweden","description":"Klassisk kort trenchcoat i fin twill-kvalitet, med dubbelbr\u00f6stad st\u00e4ngning och stor krage. Raglan\u00e4rm och dekorativt band vid \u00e4rmen ger en modern touch.","robots":{"index":"index","follow":"follow","max-snippet":"max-snippet:-1","max-image-preview":"max-image-preview:large","max-video-preview":"max-video-preview:-1"},"canonical":"https:\/\/stylestore.com\/se\/product\/wblkimberly-spring-coat\/","og_locale":"sv_SE","og_type":"article","og_title":"WBLKIMBERLY SPRING COAT &#187; Stylestore.com Sweden","og_description":"Klassisk kort trenchcoat i fin twill-kvalitet, med dubbelbr\u00f6stad st\u00e4ngning och stor krage. Raglan\u00e4rm och dekorativt band vid \u00e4rmen ger en modern touch.","og_url":"https:\/\/stylestore.com\/se\/product\/wblkimberly-spring-coat\/","og_site_name":"Stylestore.com Sweden","article_modified_time":"2026-04-14T06:06:26+00:00","og_image":[{"width":1551,"height":2325,"url":"https:\/\/stylestore.com\/se\/wp-content\/uploads\/sites\/5\/2025\/01\/Wblkimberly_Springcoat_Light_Sand1-1.jpg","type":"image\/jpeg"}],"twitter_card":"summary_large_image","schema":{"@context":"https:\/\/schema.org","@graph":[{"@type":"WebPage","@id":"https:\/\/stylestore.com\/se\/product\/wblkimberly-spring-coat\/","url":"https:\/\/stylestore.com\/se\/product\/wblkimberly-spring-coat\/","name":"WBLKIMBERLY SPRING COAT &#187; Stylestore.com Sweden","isPartOf":{"@id":"https:\/\/stylestore.com\/se\/#website"},"primaryImageOfPage":{"@id":"https:\/\/stylestore.com\/se\/product\/wblkimberly-spring-coat\/#primaryimage"},"image":{"@id":"https:\/\/stylestore.com\/se\/product\/wblkimberly-spring-coat\/#primaryimage"},"thumbnailUrl":"https:\/\/stylestore.com\/se\/wp-content\/uploads\/sites\/5\/2025\/01\/Wblkimberly_Springcoat_Light_Sand1-1.jpg","datePublished":"2024-06-06T08:33:30+00:00","dateModified":"2026-04-14T06:06:26+00:00","description":"Klassisk kort trenchcoat i fin twill-kvalitet, med dubbelbr\u00f6stad st\u00e4ngning och stor krage. Raglan\u00e4rm och dekorativt band vid \u00e4rmen ger en modern touch.","breadcrumb":{"@id":"https:\/\/stylestore.com\/se\/product\/wblkimberly-spring-coat\/#breadcrumb"},"inLanguage":"sv-SE","potentialAction":[{"@type":"ReadAction","target":["https:\/\/stylestore.com\/se\/product\/wblkimberly-spring-coat\/"]}]},{"@type":"ImageObject","inLanguage":"sv-SE","@id":"https:\/\/stylestore.com\/se\/product\/wblkimberly-spring-coat\/#primaryimage","url":"https:\/\/stylestore.com\/se\/wp-content\/uploads\/sites\/5\/2025\/01\/Wblkimberly_Springcoat_Light_Sand1-1.jpg","contentUrl":"https:\/\/stylestore.com\/se\/wp-content\/uploads\/sites\/5\/2025\/01\/Wblkimberly_Springcoat_Light_Sand1-1.jpg","width":1551,"height":2325},{"@type":"BreadcrumbList","@id":"https:\/\/stylestore.com\/se\/product\/wblkimberly-spring-coat\/#breadcrumb","itemListElement":[{"@type":"ListItem","position":1,"name":"Home","item":"https:\/\/stylestore.com\/se\/"},{"@type":"ListItem","position":2,"name":"S\u00f8g","item":"https:\/\/stylestore.com\/se\/soeg\/"},{"@type":"ListItem","position":3,"name":"WBLKIMBERLY SPRING COAT"}]},{"@type":"WebSite","@id":"https:\/\/stylestore.com\/se\/#website","url":"https:\/\/stylestore.com\/se\/","name":"Stylestore.com Sweden","description":"","potentialAction":[{"@type":"SearchAction","target":{"@type":"EntryPoint","urlTemplate":"https:\/\/stylestore.com\/se\/?s={search_term_string}"},"query-input":{"@type":"PropertyValueSpecification","valueRequired":true,"valueName":"search_term_string"}}],"inLanguage":"sv-SE"}]}},"_links":{"self":[{"href":"https:\/\/stylestore.com\/se\/wp-json\/wp\/v2\/product\/191641","targetHints":{"allow":["GET"]}}],"collection":[{"href":"https:\/\/stylestore.com\/se\/wp-json\/wp\/v2\/product"}],"about":[{"href":"https:\/\/stylestore.com\/se\/wp-json\/wp\/v2\/types\/product"}],"wp:featuredmedia":[{"embeddable":true,"href":"https:\/\/stylestore.com\/se\/wp-json\/wp\/v2\/media\/207245"}],"wp:attachment":[{"href":"https:\/\/stylestore.com\/se\/wp-json\/wp\/v2\/media?parent=191641"}],"wp:term":[{"taxonomy":"product_brand","embeddable":true,"href":"https:\/\/stylestore.com\/se\/wp-json\/wp\/v2\/product_brand?post=191641"},{"taxonomy":"product_cat","embeddable":true,"href":"https:\/\/stylestore.com\/se\/wp-json\/wp\/v2\/product_cat?post=191641"},{"taxonomy":"product_tag","embeddable":true,"href":"https:\/\/stylestore.com\/se\/wp-json\/wp\/v2\/product_tag?post=191641"}],"curies":[{"name":"wp","href":"https:\/\/api.w.org\/{rel}","templated":true}]}}