{"id":191377,"date":"2024-06-04T12:00:46","date_gmt":"2024-06-04T10:00:46","guid":{"rendered":"https:\/\/stylestore.com\/se\/product\/wblnoise-trench-coat-5\/"},"modified":"2026-04-14T08:06:26","modified_gmt":"2026-04-14T06:06:26","slug":"wblnoise-trench-coat-5","status":"publish","type":"product","link":"https:\/\/stylestore.com\/se\/product\/wblnoise-trench-coat-5\/","title":{"rendered":"WBLNOISE TRENCH COAT"},"content":{"rendered":"<p>L\u00e4cker trench coat med vackra detaljer. En riktig lux-favorit f\u00f6r alla garderober. Rocken omfamnar den l\u00e5nga exklusiva formen och du f\u00e5r en kappa som du kan anv\u00e4nda vid alla tillf\u00e4llen.<br \/>\nRocken \u00e4r designad med en boxy passform som \u00e4r aningen mer stor i formen. Vill du att rocken ska ha en sn\u00e4vare vidd rekommenderar vi att du v\u00e4ljer en storlek mindre \u00e4n normalt.<br \/>\nHos StyleStore.com tror vi p\u00e5 den lilla l\u00e4ckra lyxgarderoben &#8211; sammansatt av h\u00f6gkvalitativa material och m\u00e5ngsidiga former som man kan anv\u00e4nda s\u00e4song efter s\u00e4song. Allt f\u00f6r \u00f6verkomliga, vettiga priser.<br \/>\nModellen \u00e4r 176 cm l\u00e5ng och har storleken Small.<\/p>\n","protected":false},"excerpt":{"rendered":"","protected":false},"featured_media":211489,"template":"","meta":{"_acf_changed":false},"product_brand":[],"product_cat":[1811],"product_tag":[2170,2567],"class_list":{"0":"post-191377","1":"product","2":"type-product","3":"status-publish","4":"has-post-thumbnail","6":"product_cat-rockar","7":"product_tag-sustainable","8":"product_tag-b2b","9":"pa_washing-instructions-maschine-wash-at-30-degrees","12":"instock","13":"taxable","14":"shipping-taxable","15":"purchasable","16":"product-type-variable"},"acf":[],"yoast_head":"<!-- This site is optimized with the Yoast SEO plugin v23.8 - https:\/\/yoast.com\/wordpress\/plugins\/seo\/ -->\n<title>WBLNOISE TRENCH COAT &#187; Stylestore.com Sweden<\/title>\n<meta name=\"description\" content=\"L\u00e4cker trench coat med vackra detaljer och exklusiv l\u00e5ng form. Boxy passform som ger en avslappnad look, men v\u00e4lj g\u00e4rna en storlek mindre f\u00f6r en sn\u00e4vare vidd. En lyxig kappa f\u00f6r alla tillf\u00e4llen.\" \/>\n<meta name=\"robots\" content=\"index, follow, max-snippet:-1, max-image-preview:large, max-video-preview:-1\" \/>\n<link rel=\"canonical\" href=\"https:\/\/stylestore.com\/se\/product\/wblnoise-trench-coat-5\/\" \/>\n<meta property=\"og:locale\" content=\"sv_SE\" \/>\n<meta property=\"og:type\" content=\"article\" \/>\n<meta property=\"og:title\" content=\"WBLNOISE TRENCH COAT &#187; Stylestore.com Sweden\" \/>\n<meta property=\"og:description\" content=\"L\u00e4cker trench coat med vackra detaljer och exklusiv l\u00e5ng form. Boxy passform som ger en avslappnad look, men v\u00e4lj g\u00e4rna en storlek mindre f\u00f6r en sn\u00e4vare vidd. En lyxig kappa f\u00f6r alla tillf\u00e4llen.\" \/>\n<meta property=\"og:url\" content=\"https:\/\/stylestore.com\/se\/product\/wblnoise-trench-coat-5\/\" \/>\n<meta property=\"og:site_name\" content=\"Stylestore.com Sweden\" \/>\n<meta property=\"article:modified_time\" content=\"2026-04-14T06:06:26+00:00\" \/>\n<meta property=\"og:image\" content=\"https:\/\/stylestore.com\/se\/wp-content\/uploads\/sites\/5\/2024\/11\/WBLNOISE20TRENCH20COAT20Total20Eclipse20Blue2001-1.jpg\" \/>\n\t<meta property=\"og:image:width\" content=\"1067\" \/>\n\t<meta property=\"og:image:height\" content=\"1600\" \/>\n\t<meta property=\"og:image:type\" content=\"image\/jpeg\" \/>\n<meta name=\"twitter:card\" content=\"summary_large_image\" \/>\n<meta name=\"twitter:label1\" content=\"Ber\u00e4knad l\u00e4stid\" \/>\n\t<meta name=\"twitter:data1\" content=\"1 minut\" \/>\n<script type=\"application\/ld+json\" class=\"yoast-schema-graph\">{\"@context\":\"https:\/\/schema.org\",\"@graph\":[{\"@type\":\"WebPage\",\"@id\":\"https:\/\/stylestore.com\/se\/product\/wblnoise-trench-coat-5\/\",\"url\":\"https:\/\/stylestore.com\/se\/product\/wblnoise-trench-coat-5\/\",\"name\":\"WBLNOISE TRENCH COAT &#187; Stylestore.com Sweden\",\"isPartOf\":{\"@id\":\"https:\/\/stylestore.com\/se\/#website\"},\"primaryImageOfPage\":{\"@id\":\"https:\/\/stylestore.com\/se\/product\/wblnoise-trench-coat-5\/#primaryimage\"},\"image\":{\"@id\":\"https:\/\/stylestore.com\/se\/product\/wblnoise-trench-coat-5\/#primaryimage\"},\"thumbnailUrl\":\"https:\/\/stylestore.com\/se\/wp-content\/uploads\/sites\/5\/2025\/03\/20Wblnoise_Trench_Coat_Total_Eclipse01-scaled.jpg\",\"datePublished\":\"2024-06-04T10:00:46+00:00\",\"dateModified\":\"2026-04-14T06:06:26+00:00\",\"description\":\"L\u00e4cker trench coat med vackra detaljer och exklusiv l\u00e5ng form. Boxy passform som ger en avslappnad look, men v\u00e4lj g\u00e4rna en storlek mindre f\u00f6r en sn\u00e4vare vidd. En lyxig kappa f\u00f6r alla tillf\u00e4llen.\",\"breadcrumb\":{\"@id\":\"https:\/\/stylestore.com\/se\/product\/wblnoise-trench-coat-5\/#breadcrumb\"},\"inLanguage\":\"sv-SE\",\"potentialAction\":[{\"@type\":\"ReadAction\",\"target\":[\"https:\/\/stylestore.com\/se\/product\/wblnoise-trench-coat-5\/\"]}]},{\"@type\":\"ImageObject\",\"inLanguage\":\"sv-SE\",\"@id\":\"https:\/\/stylestore.com\/se\/product\/wblnoise-trench-coat-5\/#primaryimage\",\"url\":\"https:\/\/stylestore.com\/se\/wp-content\/uploads\/sites\/5\/2025\/03\/20Wblnoise_Trench_Coat_Total_Eclipse01-scaled.jpg\",\"contentUrl\":\"https:\/\/stylestore.com\/se\/wp-content\/uploads\/sites\/5\/2025\/03\/20Wblnoise_Trench_Coat_Total_Eclipse01-scaled.jpg\",\"width\":1707,\"height\":2560},{\"@type\":\"BreadcrumbList\",\"@id\":\"https:\/\/stylestore.com\/se\/product\/wblnoise-trench-coat-5\/#breadcrumb\",\"itemListElement\":[{\"@type\":\"ListItem\",\"position\":1,\"name\":\"Home\",\"item\":\"https:\/\/stylestore.com\/se\/\"},{\"@type\":\"ListItem\",\"position\":2,\"name\":\"S\u00f8g\",\"item\":\"https:\/\/stylestore.com\/se\/soeg\/\"},{\"@type\":\"ListItem\",\"position\":3,\"name\":\"WBLNOISE TRENCH COAT\"}]},{\"@type\":\"WebSite\",\"@id\":\"https:\/\/stylestore.com\/se\/#website\",\"url\":\"https:\/\/stylestore.com\/se\/\",\"name\":\"Stylestore.com Sweden\",\"description\":\"\",\"potentialAction\":[{\"@type\":\"SearchAction\",\"target\":{\"@type\":\"EntryPoint\",\"urlTemplate\":\"https:\/\/stylestore.com\/se\/?s={search_term_string}\"},\"query-input\":{\"@type\":\"PropertyValueSpecification\",\"valueRequired\":true,\"valueName\":\"search_term_string\"}}],\"inLanguage\":\"sv-SE\"}]}<\/script>\n<!-- \/ Yoast SEO plugin. -->","yoast_head_json":{"title":"WBLNOISE TRENCH COAT &#187; Stylestore.com Sweden","description":"L\u00e4cker trench coat med vackra detaljer och exklusiv l\u00e5ng form. Boxy passform som ger en avslappnad look, men v\u00e4lj g\u00e4rna en storlek mindre f\u00f6r en sn\u00e4vare vidd. En lyxig kappa f\u00f6r alla tillf\u00e4llen.","robots":{"index":"index","follow":"follow","max-snippet":"max-snippet:-1","max-image-preview":"max-image-preview:large","max-video-preview":"max-video-preview:-1"},"canonical":"https:\/\/stylestore.com\/se\/product\/wblnoise-trench-coat-5\/","og_locale":"sv_SE","og_type":"article","og_title":"WBLNOISE TRENCH COAT &#187; Stylestore.com Sweden","og_description":"L\u00e4cker trench coat med vackra detaljer och exklusiv l\u00e5ng form. Boxy passform som ger en avslappnad look, men v\u00e4lj g\u00e4rna en storlek mindre f\u00f6r en sn\u00e4vare vidd. En lyxig kappa f\u00f6r alla tillf\u00e4llen.","og_url":"https:\/\/stylestore.com\/se\/product\/wblnoise-trench-coat-5\/","og_site_name":"Stylestore.com Sweden","article_modified_time":"2026-04-14T06:06:26+00:00","og_image":[{"width":1067,"height":1600,"url":"https:\/\/stylestore.com\/se\/wp-content\/uploads\/sites\/5\/2024\/11\/WBLNOISE20TRENCH20COAT20Total20Eclipse20Blue2001-1.jpg","type":"image\/jpeg"}],"twitter_card":"summary_large_image","twitter_misc":{"Ber\u00e4knad l\u00e4stid":"1 minut"},"schema":{"@context":"https:\/\/schema.org","@graph":[{"@type":"WebPage","@id":"https:\/\/stylestore.com\/se\/product\/wblnoise-trench-coat-5\/","url":"https:\/\/stylestore.com\/se\/product\/wblnoise-trench-coat-5\/","name":"WBLNOISE TRENCH COAT &#187; Stylestore.com Sweden","isPartOf":{"@id":"https:\/\/stylestore.com\/se\/#website"},"primaryImageOfPage":{"@id":"https:\/\/stylestore.com\/se\/product\/wblnoise-trench-coat-5\/#primaryimage"},"image":{"@id":"https:\/\/stylestore.com\/se\/product\/wblnoise-trench-coat-5\/#primaryimage"},"thumbnailUrl":"https:\/\/stylestore.com\/se\/wp-content\/uploads\/sites\/5\/2025\/03\/20Wblnoise_Trench_Coat_Total_Eclipse01-scaled.jpg","datePublished":"2024-06-04T10:00:46+00:00","dateModified":"2026-04-14T06:06:26+00:00","description":"L\u00e4cker trench coat med vackra detaljer och exklusiv l\u00e5ng form. Boxy passform som ger en avslappnad look, men v\u00e4lj g\u00e4rna en storlek mindre f\u00f6r en sn\u00e4vare vidd. En lyxig kappa f\u00f6r alla tillf\u00e4llen.","breadcrumb":{"@id":"https:\/\/stylestore.com\/se\/product\/wblnoise-trench-coat-5\/#breadcrumb"},"inLanguage":"sv-SE","potentialAction":[{"@type":"ReadAction","target":["https:\/\/stylestore.com\/se\/product\/wblnoise-trench-coat-5\/"]}]},{"@type":"ImageObject","inLanguage":"sv-SE","@id":"https:\/\/stylestore.com\/se\/product\/wblnoise-trench-coat-5\/#primaryimage","url":"https:\/\/stylestore.com\/se\/wp-content\/uploads\/sites\/5\/2025\/03\/20Wblnoise_Trench_Coat_Total_Eclipse01-scaled.jpg","contentUrl":"https:\/\/stylestore.com\/se\/wp-content\/uploads\/sites\/5\/2025\/03\/20Wblnoise_Trench_Coat_Total_Eclipse01-scaled.jpg","width":1707,"height":2560},{"@type":"BreadcrumbList","@id":"https:\/\/stylestore.com\/se\/product\/wblnoise-trench-coat-5\/#breadcrumb","itemListElement":[{"@type":"ListItem","position":1,"name":"Home","item":"https:\/\/stylestore.com\/se\/"},{"@type":"ListItem","position":2,"name":"S\u00f8g","item":"https:\/\/stylestore.com\/se\/soeg\/"},{"@type":"ListItem","position":3,"name":"WBLNOISE TRENCH COAT"}]},{"@type":"WebSite","@id":"https:\/\/stylestore.com\/se\/#website","url":"https:\/\/stylestore.com\/se\/","name":"Stylestore.com Sweden","description":"","potentialAction":[{"@type":"SearchAction","target":{"@type":"EntryPoint","urlTemplate":"https:\/\/stylestore.com\/se\/?s={search_term_string}"},"query-input":{"@type":"PropertyValueSpecification","valueRequired":true,"valueName":"search_term_string"}}],"inLanguage":"sv-SE"}]}},"_links":{"self":[{"href":"https:\/\/stylestore.com\/se\/wp-json\/wp\/v2\/product\/191377","targetHints":{"allow":["GET"]}}],"collection":[{"href":"https:\/\/stylestore.com\/se\/wp-json\/wp\/v2\/product"}],"about":[{"href":"https:\/\/stylestore.com\/se\/wp-json\/wp\/v2\/types\/product"}],"wp:featuredmedia":[{"embeddable":true,"href":"https:\/\/stylestore.com\/se\/wp-json\/wp\/v2\/media\/211489"}],"wp:attachment":[{"href":"https:\/\/stylestore.com\/se\/wp-json\/wp\/v2\/media?parent=191377"}],"wp:term":[{"taxonomy":"product_brand","embeddable":true,"href":"https:\/\/stylestore.com\/se\/wp-json\/wp\/v2\/product_brand?post=191377"},{"taxonomy":"product_cat","embeddable":true,"href":"https:\/\/stylestore.com\/se\/wp-json\/wp\/v2\/product_cat?post=191377"},{"taxonomy":"product_tag","embeddable":true,"href":"https:\/\/stylestore.com\/se\/wp-json\/wp\/v2\/product_tag?post=191377"}],"curies":[{"name":"wp","href":"https:\/\/api.w.org\/{rel}","templated":true}]}}