{"id":190805,"date":"2024-06-03T11:21:34","date_gmt":"2024-06-03T09:21:34","guid":{"rendered":"https:\/\/stylestore.com\/se\/product\/wbltracy-vegan-leather-bomber\/"},"modified":"2026-04-29T05:44:31","modified_gmt":"2026-04-29T03:44:31","slug":"wbltracy-vegan-leather-bomber","status":"publish","type":"product","link":"https:\/\/stylestore.com\/se\/product\/wbltracy-vegan-leather-bomber\/","title":{"rendered":"WBLTRACY VEGAN LEATHER BOMBER"},"content":{"rendered":"<p>Rund halsringning<br \/>\nElastisk ribbad krage<br \/>\nSilhuett med \u00f6verdimensionerad passform<br \/>\nS\u00e4nkta axlar<br \/>\nVadderad ficka med tryckknappar<br \/>\n\u00c4rmficka med dragkedja<br \/>\nElastisk nederkant p\u00e5 kropp och \u00e4rmar<br \/>\nDragkedja framtill<br \/>\nFodrad<\/p>\n<p>Modellen \u00e4r 173 cm l\u00e5ng och b\u00e4r storlek small<br \/>\nProdukten \u00e4r trogen storleken<\/p>\n","protected":false},"excerpt":{"rendered":"","protected":false},"featured_media":194114,"template":"","meta":{"_acf_changed":false},"product_brand":[],"product_cat":[2254,1808],"product_tag":[2567],"class_list":{"0":"post-190805","1":"product","2":"type-product","3":"status-publish","4":"has-post-thumbnail","6":"product_cat-jackor-must-haves","7":"product_cat-jackor","8":"product_tag-b2b","11":"outofstock","12":"taxable","13":"shipping-taxable","14":"purchasable","15":"product-type-variable"},"acf":[],"yoast_head":"<!-- This site is optimized with the Yoast SEO plugin v23.8 - https:\/\/yoast.com\/wordpress\/plugins\/seo\/ -->\n<title>WBLTRACY VEGAN LEATHER BOMBER &#187; Stylestore.com Sweden<\/title>\n<meta name=\"robots\" content=\"index, follow, max-snippet:-1, max-image-preview:large, max-video-preview:-1\" \/>\n<link rel=\"canonical\" href=\"https:\/\/stylestore.com\/se\/product\/wbltracy-vegan-leather-bomber\/\" \/>\n<meta property=\"og:locale\" content=\"sv_SE\" \/>\n<meta property=\"og:type\" content=\"article\" \/>\n<meta property=\"og:title\" content=\"WBLTRACY VEGAN LEATHER BOMBER &#187; Stylestore.com Sweden\" \/>\n<meta property=\"og:url\" content=\"https:\/\/stylestore.com\/se\/product\/wbltracy-vegan-leather-bomber\/\" \/>\n<meta property=\"og:site_name\" content=\"Stylestore.com Sweden\" \/>\n<meta property=\"article:modified_time\" content=\"2026-04-29T03:44:31+00:00\" \/>\n<meta name=\"twitter:card\" content=\"summary_large_image\" \/>\n<script type=\"application\/ld+json\" class=\"yoast-schema-graph\">{\"@context\":\"https:\/\/schema.org\",\"@graph\":[{\"@type\":\"WebPage\",\"@id\":\"https:\/\/stylestore.com\/se\/product\/wbltracy-vegan-leather-bomber\/\",\"url\":\"https:\/\/stylestore.com\/se\/product\/wbltracy-vegan-leather-bomber\/\",\"name\":\"WBLTRACY VEGAN LEATHER BOMBER &#187; Stylestore.com Sweden\",\"isPartOf\":{\"@id\":\"https:\/\/stylestore.com\/se\/#website\"},\"primaryImageOfPage\":{\"@id\":\"https:\/\/stylestore.com\/se\/product\/wbltracy-vegan-leather-bomber\/#primaryimage\"},\"image\":{\"@id\":\"https:\/\/stylestore.com\/se\/product\/wbltracy-vegan-leather-bomber\/#primaryimage\"},\"thumbnailUrl\":\"https:\/\/stylestore.com\/se\/wp-content\/uploads\/sites\/5\/2024\/07\/WBLTRACY20VEGAN20LEATHER20BOMBER20Black2001.jpg\",\"datePublished\":\"2024-06-03T09:21:34+00:00\",\"dateModified\":\"2026-04-29T03:44:31+00:00\",\"breadcrumb\":{\"@id\":\"https:\/\/stylestore.com\/se\/product\/wbltracy-vegan-leather-bomber\/#breadcrumb\"},\"inLanguage\":\"sv-SE\",\"potentialAction\":[{\"@type\":\"ReadAction\",\"target\":[\"https:\/\/stylestore.com\/se\/product\/wbltracy-vegan-leather-bomber\/\"]}]},{\"@type\":\"ImageObject\",\"inLanguage\":\"sv-SE\",\"@id\":\"https:\/\/stylestore.com\/se\/product\/wbltracy-vegan-leather-bomber\/#primaryimage\",\"url\":\"https:\/\/stylestore.com\/se\/wp-content\/uploads\/sites\/5\/2024\/07\/WBLTRACY20VEGAN20LEATHER20BOMBER20Black2001.jpg\",\"contentUrl\":\"https:\/\/stylestore.com\/se\/wp-content\/uploads\/sites\/5\/2024\/07\/WBLTRACY20VEGAN20LEATHER20BOMBER20Black2001.jpg\",\"width\":1067,\"height\":1600},{\"@type\":\"BreadcrumbList\",\"@id\":\"https:\/\/stylestore.com\/se\/product\/wbltracy-vegan-leather-bomber\/#breadcrumb\",\"itemListElement\":[{\"@type\":\"ListItem\",\"position\":1,\"name\":\"Home\",\"item\":\"https:\/\/stylestore.com\/se\/\"},{\"@type\":\"ListItem\",\"position\":2,\"name\":\"S\u00f8g\",\"item\":\"https:\/\/stylestore.com\/se\/soeg\/\"},{\"@type\":\"ListItem\",\"position\":3,\"name\":\"WBLTRACY VEGAN LEATHER BOMBER\"}]},{\"@type\":\"WebSite\",\"@id\":\"https:\/\/stylestore.com\/se\/#website\",\"url\":\"https:\/\/stylestore.com\/se\/\",\"name\":\"Stylestore.com Sweden\",\"description\":\"\",\"potentialAction\":[{\"@type\":\"SearchAction\",\"target\":{\"@type\":\"EntryPoint\",\"urlTemplate\":\"https:\/\/stylestore.com\/se\/?s={search_term_string}\"},\"query-input\":{\"@type\":\"PropertyValueSpecification\",\"valueRequired\":true,\"valueName\":\"search_term_string\"}}],\"inLanguage\":\"sv-SE\"}]}<\/script>\n<!-- \/ Yoast SEO plugin. -->","yoast_head_json":{"title":"WBLTRACY VEGAN LEATHER BOMBER &#187; Stylestore.com Sweden","robots":{"index":"index","follow":"follow","max-snippet":"max-snippet:-1","max-image-preview":"max-image-preview:large","max-video-preview":"max-video-preview:-1"},"canonical":"https:\/\/stylestore.com\/se\/product\/wbltracy-vegan-leather-bomber\/","og_locale":"sv_SE","og_type":"article","og_title":"WBLTRACY VEGAN LEATHER BOMBER &#187; Stylestore.com Sweden","og_url":"https:\/\/stylestore.com\/se\/product\/wbltracy-vegan-leather-bomber\/","og_site_name":"Stylestore.com Sweden","article_modified_time":"2026-04-29T03:44:31+00:00","twitter_card":"summary_large_image","schema":{"@context":"https:\/\/schema.org","@graph":[{"@type":"WebPage","@id":"https:\/\/stylestore.com\/se\/product\/wbltracy-vegan-leather-bomber\/","url":"https:\/\/stylestore.com\/se\/product\/wbltracy-vegan-leather-bomber\/","name":"WBLTRACY VEGAN LEATHER BOMBER &#187; Stylestore.com Sweden","isPartOf":{"@id":"https:\/\/stylestore.com\/se\/#website"},"primaryImageOfPage":{"@id":"https:\/\/stylestore.com\/se\/product\/wbltracy-vegan-leather-bomber\/#primaryimage"},"image":{"@id":"https:\/\/stylestore.com\/se\/product\/wbltracy-vegan-leather-bomber\/#primaryimage"},"thumbnailUrl":"https:\/\/stylestore.com\/se\/wp-content\/uploads\/sites\/5\/2024\/07\/WBLTRACY20VEGAN20LEATHER20BOMBER20Black2001.jpg","datePublished":"2024-06-03T09:21:34+00:00","dateModified":"2026-04-29T03:44:31+00:00","breadcrumb":{"@id":"https:\/\/stylestore.com\/se\/product\/wbltracy-vegan-leather-bomber\/#breadcrumb"},"inLanguage":"sv-SE","potentialAction":[{"@type":"ReadAction","target":["https:\/\/stylestore.com\/se\/product\/wbltracy-vegan-leather-bomber\/"]}]},{"@type":"ImageObject","inLanguage":"sv-SE","@id":"https:\/\/stylestore.com\/se\/product\/wbltracy-vegan-leather-bomber\/#primaryimage","url":"https:\/\/stylestore.com\/se\/wp-content\/uploads\/sites\/5\/2024\/07\/WBLTRACY20VEGAN20LEATHER20BOMBER20Black2001.jpg","contentUrl":"https:\/\/stylestore.com\/se\/wp-content\/uploads\/sites\/5\/2024\/07\/WBLTRACY20VEGAN20LEATHER20BOMBER20Black2001.jpg","width":1067,"height":1600},{"@type":"BreadcrumbList","@id":"https:\/\/stylestore.com\/se\/product\/wbltracy-vegan-leather-bomber\/#breadcrumb","itemListElement":[{"@type":"ListItem","position":1,"name":"Home","item":"https:\/\/stylestore.com\/se\/"},{"@type":"ListItem","position":2,"name":"S\u00f8g","item":"https:\/\/stylestore.com\/se\/soeg\/"},{"@type":"ListItem","position":3,"name":"WBLTRACY VEGAN LEATHER BOMBER"}]},{"@type":"WebSite","@id":"https:\/\/stylestore.com\/se\/#website","url":"https:\/\/stylestore.com\/se\/","name":"Stylestore.com Sweden","description":"","potentialAction":[{"@type":"SearchAction","target":{"@type":"EntryPoint","urlTemplate":"https:\/\/stylestore.com\/se\/?s={search_term_string}"},"query-input":{"@type":"PropertyValueSpecification","valueRequired":true,"valueName":"search_term_string"}}],"inLanguage":"sv-SE"}]}},"_links":{"self":[{"href":"https:\/\/stylestore.com\/se\/wp-json\/wp\/v2\/product\/190805","targetHints":{"allow":["GET"]}}],"collection":[{"href":"https:\/\/stylestore.com\/se\/wp-json\/wp\/v2\/product"}],"about":[{"href":"https:\/\/stylestore.com\/se\/wp-json\/wp\/v2\/types\/product"}],"wp:featuredmedia":[{"embeddable":true,"href":"https:\/\/stylestore.com\/se\/wp-json\/wp\/v2\/media\/194114"}],"wp:attachment":[{"href":"https:\/\/stylestore.com\/se\/wp-json\/wp\/v2\/media?parent=190805"}],"wp:term":[{"taxonomy":"product_brand","embeddable":true,"href":"https:\/\/stylestore.com\/se\/wp-json\/wp\/v2\/product_brand?post=190805"},{"taxonomy":"product_cat","embeddable":true,"href":"https:\/\/stylestore.com\/se\/wp-json\/wp\/v2\/product_cat?post=190805"},{"taxonomy":"product_tag","embeddable":true,"href":"https:\/\/stylestore.com\/se\/wp-json\/wp\/v2\/product_tag?post=190805"}],"curies":[{"name":"wp","href":"https:\/\/api.w.org\/{rel}","templated":true}]}}