{"id":190722,"date":"2024-06-03T10:55:14","date_gmt":"2024-06-03T08:55:14","guid":{"rendered":"https:\/\/stylestore.com\/se\/product\/wblzanders-quilted-bomber\/"},"modified":"2026-04-14T08:06:29","modified_gmt":"2026-04-14T06:06:29","slug":"wblzanders-quilted-bomber","status":"publish","type":"product","link":"https:\/\/stylestore.com\/se\/product\/wblzanders-quilted-bomber\/","title":{"rendered":"WBLZANDERS QUILTED BOMBER"},"content":{"rendered":"<p>Jacka i tv\u00e5f\u00e4rgad quiltkombination<br \/>\nRib stop skrynkligt skal<br \/>\nNormal passform<br \/>\nH\u00f6ftl\u00e4ngd<br \/>\nSt\u00e4ngd med dragkedja framtill<br \/>\nFickor framtill<br \/>\nRibbeffekt p\u00e5 baksidan av f\u00e5llen<br \/>\nRemdetalj p\u00e5 baksidan<br \/>\nPiping-detaljer<br \/>\nBra f\u00f6r \u00f6verg\u00e5ngss\u00e4songen<\/p>\n","protected":false},"excerpt":{"rendered":"","protected":false},"featured_media":212696,"template":"","meta":{"_acf_changed":false},"product_brand":[],"product_cat":[2254,1808,1812],"product_tag":[2170,2567],"class_list":{"0":"post-190722","1":"product","2":"type-product","3":"status-publish","4":"has-post-thumbnail","6":"product_cat-jackor-must-haves","7":"product_cat-jackor","8":"product_cat-korta-jackor","9":"product_tag-sustainable","10":"product_tag-b2b","13":"instock","14":"taxable","15":"shipping-taxable","16":"purchasable","17":"product-type-variable"},"acf":[],"yoast_head":"<!-- This site is optimized with the Yoast SEO plugin v23.8 - https:\/\/yoast.com\/wordpress\/plugins\/seo\/ -->\n<title>WBLZANDERS QUILTED BOMBER &#187; Stylestore.com Sweden<\/title>\n<meta name=\"description\" content=\"Tv\u00e5f\u00e4rgad quiltjacka med ribbstoppat skrynkligt skal, perfekt f\u00f6r \u00f6verg\u00e5ngss\u00e4songen. Fickor fram, piping-detaljer och ribbeffekt p\u00e5 f\u00e5llen ger en modern touch. Normal passform och praktisk dragkedja.\" \/>\n<meta name=\"robots\" content=\"index, follow, max-snippet:-1, max-image-preview:large, max-video-preview:-1\" \/>\n<link rel=\"canonical\" href=\"https:\/\/stylestore.com\/se\/product\/wblzanders-quilted-bomber\/\" \/>\n<meta property=\"og:locale\" content=\"sv_SE\" \/>\n<meta property=\"og:type\" content=\"article\" \/>\n<meta property=\"og:title\" content=\"WBLZANDERS QUILTED BOMBER &#187; Stylestore.com Sweden\" \/>\n<meta property=\"og:description\" content=\"Tv\u00e5f\u00e4rgad quiltjacka med ribbstoppat skrynkligt skal, perfekt f\u00f6r \u00f6verg\u00e5ngss\u00e4songen. Fickor fram, piping-detaljer och ribbeffekt p\u00e5 f\u00e5llen ger en modern touch. Normal passform och praktisk dragkedja.\" \/>\n<meta property=\"og:url\" content=\"https:\/\/stylestore.com\/se\/product\/wblzanders-quilted-bomber\/\" \/>\n<meta property=\"og:site_name\" content=\"Stylestore.com Sweden\" \/>\n<meta property=\"article:modified_time\" content=\"2026-04-14T06:06:29+00:00\" \/>\n<meta property=\"og:image\" content=\"https:\/\/stylestore.com\/se\/wp-content\/uploads\/sites\/5\/2025\/03\/Wblzanders_Quilted_Bomber_Mermaid1.jpg\" \/>\n\t<meta property=\"og:image:width\" content=\"1600\" \/>\n\t<meta property=\"og:image:height\" content=\"2400\" \/>\n\t<meta property=\"og:image:type\" content=\"image\/jpeg\" \/>\n<meta name=\"twitter:card\" content=\"summary_large_image\" \/>\n<script type=\"application\/ld+json\" class=\"yoast-schema-graph\">{\"@context\":\"https:\/\/schema.org\",\"@graph\":[{\"@type\":\"WebPage\",\"@id\":\"https:\/\/stylestore.com\/se\/product\/wblzanders-quilted-bomber\/\",\"url\":\"https:\/\/stylestore.com\/se\/product\/wblzanders-quilted-bomber\/\",\"name\":\"WBLZANDERS QUILTED BOMBER &#187; Stylestore.com Sweden\",\"isPartOf\":{\"@id\":\"https:\/\/stylestore.com\/se\/#website\"},\"primaryImageOfPage\":{\"@id\":\"https:\/\/stylestore.com\/se\/product\/wblzanders-quilted-bomber\/#primaryimage\"},\"image\":{\"@id\":\"https:\/\/stylestore.com\/se\/product\/wblzanders-quilted-bomber\/#primaryimage\"},\"thumbnailUrl\":\"https:\/\/stylestore.com\/se\/wp-content\/uploads\/sites\/5\/2025\/03\/Wblzanders_Quilted_Bomber_Mermaid1.jpg\",\"datePublished\":\"2024-06-03T08:55:14+00:00\",\"dateModified\":\"2026-04-14T06:06:29+00:00\",\"description\":\"Tv\u00e5f\u00e4rgad quiltjacka med ribbstoppat skrynkligt skal, perfekt f\u00f6r \u00f6verg\u00e5ngss\u00e4songen. Fickor fram, piping-detaljer och ribbeffekt p\u00e5 f\u00e5llen ger en modern touch. Normal passform och praktisk dragkedja.\",\"breadcrumb\":{\"@id\":\"https:\/\/stylestore.com\/se\/product\/wblzanders-quilted-bomber\/#breadcrumb\"},\"inLanguage\":\"sv-SE\",\"potentialAction\":[{\"@type\":\"ReadAction\",\"target\":[\"https:\/\/stylestore.com\/se\/product\/wblzanders-quilted-bomber\/\"]}]},{\"@type\":\"ImageObject\",\"inLanguage\":\"sv-SE\",\"@id\":\"https:\/\/stylestore.com\/se\/product\/wblzanders-quilted-bomber\/#primaryimage\",\"url\":\"https:\/\/stylestore.com\/se\/wp-content\/uploads\/sites\/5\/2025\/03\/Wblzanders_Quilted_Bomber_Mermaid1.jpg\",\"contentUrl\":\"https:\/\/stylestore.com\/se\/wp-content\/uploads\/sites\/5\/2025\/03\/Wblzanders_Quilted_Bomber_Mermaid1.jpg\",\"width\":1600,\"height\":2400},{\"@type\":\"BreadcrumbList\",\"@id\":\"https:\/\/stylestore.com\/se\/product\/wblzanders-quilted-bomber\/#breadcrumb\",\"itemListElement\":[{\"@type\":\"ListItem\",\"position\":1,\"name\":\"Home\",\"item\":\"https:\/\/stylestore.com\/se\/\"},{\"@type\":\"ListItem\",\"position\":2,\"name\":\"S\u00f8g\",\"item\":\"https:\/\/stylestore.com\/se\/soeg\/\"},{\"@type\":\"ListItem\",\"position\":3,\"name\":\"WBLZANDERS QUILTED BOMBER\"}]},{\"@type\":\"WebSite\",\"@id\":\"https:\/\/stylestore.com\/se\/#website\",\"url\":\"https:\/\/stylestore.com\/se\/\",\"name\":\"Stylestore.com Sweden\",\"description\":\"\",\"potentialAction\":[{\"@type\":\"SearchAction\",\"target\":{\"@type\":\"EntryPoint\",\"urlTemplate\":\"https:\/\/stylestore.com\/se\/?s={search_term_string}\"},\"query-input\":{\"@type\":\"PropertyValueSpecification\",\"valueRequired\":true,\"valueName\":\"search_term_string\"}}],\"inLanguage\":\"sv-SE\"}]}<\/script>\n<!-- \/ Yoast SEO plugin. -->","yoast_head_json":{"title":"WBLZANDERS QUILTED BOMBER &#187; Stylestore.com Sweden","description":"Tv\u00e5f\u00e4rgad quiltjacka med ribbstoppat skrynkligt skal, perfekt f\u00f6r \u00f6verg\u00e5ngss\u00e4songen. Fickor fram, piping-detaljer och ribbeffekt p\u00e5 f\u00e5llen ger en modern touch. Normal passform och praktisk dragkedja.","robots":{"index":"index","follow":"follow","max-snippet":"max-snippet:-1","max-image-preview":"max-image-preview:large","max-video-preview":"max-video-preview:-1"},"canonical":"https:\/\/stylestore.com\/se\/product\/wblzanders-quilted-bomber\/","og_locale":"sv_SE","og_type":"article","og_title":"WBLZANDERS QUILTED BOMBER &#187; Stylestore.com Sweden","og_description":"Tv\u00e5f\u00e4rgad quiltjacka med ribbstoppat skrynkligt skal, perfekt f\u00f6r \u00f6verg\u00e5ngss\u00e4songen. Fickor fram, piping-detaljer och ribbeffekt p\u00e5 f\u00e5llen ger en modern touch. Normal passform och praktisk dragkedja.","og_url":"https:\/\/stylestore.com\/se\/product\/wblzanders-quilted-bomber\/","og_site_name":"Stylestore.com Sweden","article_modified_time":"2026-04-14T06:06:29+00:00","og_image":[{"width":1600,"height":2400,"url":"https:\/\/stylestore.com\/se\/wp-content\/uploads\/sites\/5\/2025\/03\/Wblzanders_Quilted_Bomber_Mermaid1.jpg","type":"image\/jpeg"}],"twitter_card":"summary_large_image","schema":{"@context":"https:\/\/schema.org","@graph":[{"@type":"WebPage","@id":"https:\/\/stylestore.com\/se\/product\/wblzanders-quilted-bomber\/","url":"https:\/\/stylestore.com\/se\/product\/wblzanders-quilted-bomber\/","name":"WBLZANDERS QUILTED BOMBER &#187; Stylestore.com Sweden","isPartOf":{"@id":"https:\/\/stylestore.com\/se\/#website"},"primaryImageOfPage":{"@id":"https:\/\/stylestore.com\/se\/product\/wblzanders-quilted-bomber\/#primaryimage"},"image":{"@id":"https:\/\/stylestore.com\/se\/product\/wblzanders-quilted-bomber\/#primaryimage"},"thumbnailUrl":"https:\/\/stylestore.com\/se\/wp-content\/uploads\/sites\/5\/2025\/03\/Wblzanders_Quilted_Bomber_Mermaid1.jpg","datePublished":"2024-06-03T08:55:14+00:00","dateModified":"2026-04-14T06:06:29+00:00","description":"Tv\u00e5f\u00e4rgad quiltjacka med ribbstoppat skrynkligt skal, perfekt f\u00f6r \u00f6verg\u00e5ngss\u00e4songen. Fickor fram, piping-detaljer och ribbeffekt p\u00e5 f\u00e5llen ger en modern touch. Normal passform och praktisk dragkedja.","breadcrumb":{"@id":"https:\/\/stylestore.com\/se\/product\/wblzanders-quilted-bomber\/#breadcrumb"},"inLanguage":"sv-SE","potentialAction":[{"@type":"ReadAction","target":["https:\/\/stylestore.com\/se\/product\/wblzanders-quilted-bomber\/"]}]},{"@type":"ImageObject","inLanguage":"sv-SE","@id":"https:\/\/stylestore.com\/se\/product\/wblzanders-quilted-bomber\/#primaryimage","url":"https:\/\/stylestore.com\/se\/wp-content\/uploads\/sites\/5\/2025\/03\/Wblzanders_Quilted_Bomber_Mermaid1.jpg","contentUrl":"https:\/\/stylestore.com\/se\/wp-content\/uploads\/sites\/5\/2025\/03\/Wblzanders_Quilted_Bomber_Mermaid1.jpg","width":1600,"height":2400},{"@type":"BreadcrumbList","@id":"https:\/\/stylestore.com\/se\/product\/wblzanders-quilted-bomber\/#breadcrumb","itemListElement":[{"@type":"ListItem","position":1,"name":"Home","item":"https:\/\/stylestore.com\/se\/"},{"@type":"ListItem","position":2,"name":"S\u00f8g","item":"https:\/\/stylestore.com\/se\/soeg\/"},{"@type":"ListItem","position":3,"name":"WBLZANDERS QUILTED BOMBER"}]},{"@type":"WebSite","@id":"https:\/\/stylestore.com\/se\/#website","url":"https:\/\/stylestore.com\/se\/","name":"Stylestore.com Sweden","description":"","potentialAction":[{"@type":"SearchAction","target":{"@type":"EntryPoint","urlTemplate":"https:\/\/stylestore.com\/se\/?s={search_term_string}"},"query-input":{"@type":"PropertyValueSpecification","valueRequired":true,"valueName":"search_term_string"}}],"inLanguage":"sv-SE"}]}},"_links":{"self":[{"href":"https:\/\/stylestore.com\/se\/wp-json\/wp\/v2\/product\/190722","targetHints":{"allow":["GET"]}}],"collection":[{"href":"https:\/\/stylestore.com\/se\/wp-json\/wp\/v2\/product"}],"about":[{"href":"https:\/\/stylestore.com\/se\/wp-json\/wp\/v2\/types\/product"}],"wp:featuredmedia":[{"embeddable":true,"href":"https:\/\/stylestore.com\/se\/wp-json\/wp\/v2\/media\/212696"}],"wp:attachment":[{"href":"https:\/\/stylestore.com\/se\/wp-json\/wp\/v2\/media?parent=190722"}],"wp:term":[{"taxonomy":"product_brand","embeddable":true,"href":"https:\/\/stylestore.com\/se\/wp-json\/wp\/v2\/product_brand?post=190722"},{"taxonomy":"product_cat","embeddable":true,"href":"https:\/\/stylestore.com\/se\/wp-json\/wp\/v2\/product_cat?post=190722"},{"taxonomy":"product_tag","embeddable":true,"href":"https:\/\/stylestore.com\/se\/wp-json\/wp\/v2\/product_tag?post=190722"}],"curies":[{"name":"wp","href":"https:\/\/api.w.org\/{rel}","templated":true}]}}