{"id":190395,"date":"2024-05-21T13:29:43","date_gmt":"2024-05-21T11:29:43","guid":{"rendered":"https:\/\/stylestore.com\/se\/product\/wblnotes-ss-fold-up-tee\/"},"modified":"2026-05-01T08:06:07","modified_gmt":"2026-05-01T06:06:07","slug":"wblnotes-ss-fold-up-tee","status":"publish","type":"product","link":"https:\/\/stylestore.com\/se\/product\/wblnotes-ss-fold-up-tee\/","title":{"rendered":"WBLNOTES SS FOLD UP TEE"},"content":{"rendered":"<p>Den h\u00e4r v\u00e4sentliga t-tr\u00f6jan fr\u00e5n WithBlack \u00e4r redan en av era mest omtyckta favoriter. En t-tr\u00f6ja som du enkelt kl\u00e4r upp eller ner.<br \/>\nTr\u00f6jan har tillverkats av ett exklusivt 100% bomullsmaterial som har den sk\u00f6naste k\u00e4nslan och \u00e4r enormt bekv\u00e4mt.<br \/>\nProfilen \u00e4r n\u00e5got kvadratisk och den \u00e4r v\u00e4ldigt enkel att ha p\u00e5 sig. Modellen \u00e4r 173 cm l\u00e5ng och har storleken Small.<\/p>\n","protected":false},"excerpt":{"rendered":"","protected":false},"featured_media":230303,"template":"","meta":{"_acf_changed":false},"product_brand":[],"product_cat":[1822],"product_tag":[2170,2567],"class_list":{"0":"post-190395","1":"product","2":"type-product","3":"status-publish","4":"has-post-thumbnail","6":"product_cat-t-shirts","7":"product_tag-sustainable","8":"product_tag-b2b","9":"pa_washing-instructions-maschine-wash-at-40-degrees","12":"instock","13":"sale","14":"taxable","15":"shipping-taxable","16":"purchasable","17":"product-type-variable"},"acf":[],"yoast_head":"<!-- This site is optimized with the Yoast SEO plugin v23.8 - https:\/\/yoast.com\/wordpress\/plugins\/seo\/ -->\n<title>WBLNOTES SS FOLD UP TEE &#187; Stylestore.com Sweden<\/title>\n<meta name=\"robots\" content=\"index, follow, max-snippet:-1, max-image-preview:large, max-video-preview:-1\" \/>\n<link rel=\"canonical\" href=\"https:\/\/stylestore.com\/se\/product\/wblnotes-ss-fold-up-tee\/\" \/>\n<meta property=\"og:locale\" content=\"sv_SE\" \/>\n<meta property=\"og:type\" content=\"article\" \/>\n<meta property=\"og:title\" content=\"WBLNOTES SS FOLD UP TEE &#187; Stylestore.com Sweden\" \/>\n<meta property=\"og:url\" content=\"https:\/\/stylestore.com\/se\/product\/wblnotes-ss-fold-up-tee\/\" \/>\n<meta property=\"og:site_name\" content=\"Stylestore.com Sweden\" \/>\n<meta property=\"article:modified_time\" content=\"2026-05-01T06:06:07+00:00\" \/>\n<meta name=\"twitter:card\" content=\"summary_large_image\" \/>\n<script type=\"application\/ld+json\" class=\"yoast-schema-graph\">{\"@context\":\"https:\/\/schema.org\",\"@graph\":[{\"@type\":\"WebPage\",\"@id\":\"https:\/\/stylestore.com\/se\/product\/wblnotes-ss-fold-up-tee\/\",\"url\":\"https:\/\/stylestore.com\/se\/product\/wblnotes-ss-fold-up-tee\/\",\"name\":\"WBLNOTES SS FOLD UP TEE &#187; Stylestore.com Sweden\",\"isPartOf\":{\"@id\":\"https:\/\/stylestore.com\/se\/#website\"},\"primaryImageOfPage\":{\"@id\":\"https:\/\/stylestore.com\/se\/product\/wblnotes-ss-fold-up-tee\/#primaryimage\"},\"image\":{\"@id\":\"https:\/\/stylestore.com\/se\/product\/wblnotes-ss-fold-up-tee\/#primaryimage\"},\"thumbnailUrl\":\"https:\/\/stylestore.com\/se\/wp-content\/uploads\/sites\/5\/2025\/10\/NOTE20FOLD20UP20TEE20BLACK201.jpg\",\"datePublished\":\"2024-05-21T11:29:43+00:00\",\"dateModified\":\"2026-05-01T06:06:07+00:00\",\"breadcrumb\":{\"@id\":\"https:\/\/stylestore.com\/se\/product\/wblnotes-ss-fold-up-tee\/#breadcrumb\"},\"inLanguage\":\"sv-SE\",\"potentialAction\":[{\"@type\":\"ReadAction\",\"target\":[\"https:\/\/stylestore.com\/se\/product\/wblnotes-ss-fold-up-tee\/\"]}]},{\"@type\":\"ImageObject\",\"inLanguage\":\"sv-SE\",\"@id\":\"https:\/\/stylestore.com\/se\/product\/wblnotes-ss-fold-up-tee\/#primaryimage\",\"url\":\"https:\/\/stylestore.com\/se\/wp-content\/uploads\/sites\/5\/2025\/10\/NOTE20FOLD20UP20TEE20BLACK201.jpg\",\"contentUrl\":\"https:\/\/stylestore.com\/se\/wp-content\/uploads\/sites\/5\/2025\/10\/NOTE20FOLD20UP20TEE20BLACK201.jpg\",\"width\":1067,\"height\":1600},{\"@type\":\"BreadcrumbList\",\"@id\":\"https:\/\/stylestore.com\/se\/product\/wblnotes-ss-fold-up-tee\/#breadcrumb\",\"itemListElement\":[{\"@type\":\"ListItem\",\"position\":1,\"name\":\"Home\",\"item\":\"https:\/\/stylestore.com\/se\/\"},{\"@type\":\"ListItem\",\"position\":2,\"name\":\"S\u00f8g\",\"item\":\"https:\/\/stylestore.com\/se\/soeg\/\"},{\"@type\":\"ListItem\",\"position\":3,\"name\":\"WBLNOTES SS FOLD UP TEE\"}]},{\"@type\":\"WebSite\",\"@id\":\"https:\/\/stylestore.com\/se\/#website\",\"url\":\"https:\/\/stylestore.com\/se\/\",\"name\":\"Stylestore.com Sweden\",\"description\":\"\",\"potentialAction\":[{\"@type\":\"SearchAction\",\"target\":{\"@type\":\"EntryPoint\",\"urlTemplate\":\"https:\/\/stylestore.com\/se\/?s={search_term_string}\"},\"query-input\":{\"@type\":\"PropertyValueSpecification\",\"valueRequired\":true,\"valueName\":\"search_term_string\"}}],\"inLanguage\":\"sv-SE\"}]}<\/script>\n<!-- \/ Yoast SEO plugin. -->","yoast_head_json":{"title":"WBLNOTES SS FOLD UP TEE &#187; Stylestore.com Sweden","robots":{"index":"index","follow":"follow","max-snippet":"max-snippet:-1","max-image-preview":"max-image-preview:large","max-video-preview":"max-video-preview:-1"},"canonical":"https:\/\/stylestore.com\/se\/product\/wblnotes-ss-fold-up-tee\/","og_locale":"sv_SE","og_type":"article","og_title":"WBLNOTES SS FOLD UP TEE &#187; Stylestore.com Sweden","og_url":"https:\/\/stylestore.com\/se\/product\/wblnotes-ss-fold-up-tee\/","og_site_name":"Stylestore.com Sweden","article_modified_time":"2026-05-01T06:06:07+00:00","twitter_card":"summary_large_image","schema":{"@context":"https:\/\/schema.org","@graph":[{"@type":"WebPage","@id":"https:\/\/stylestore.com\/se\/product\/wblnotes-ss-fold-up-tee\/","url":"https:\/\/stylestore.com\/se\/product\/wblnotes-ss-fold-up-tee\/","name":"WBLNOTES SS FOLD UP TEE &#187; Stylestore.com Sweden","isPartOf":{"@id":"https:\/\/stylestore.com\/se\/#website"},"primaryImageOfPage":{"@id":"https:\/\/stylestore.com\/se\/product\/wblnotes-ss-fold-up-tee\/#primaryimage"},"image":{"@id":"https:\/\/stylestore.com\/se\/product\/wblnotes-ss-fold-up-tee\/#primaryimage"},"thumbnailUrl":"https:\/\/stylestore.com\/se\/wp-content\/uploads\/sites\/5\/2025\/10\/NOTE20FOLD20UP20TEE20BLACK201.jpg","datePublished":"2024-05-21T11:29:43+00:00","dateModified":"2026-05-01T06:06:07+00:00","breadcrumb":{"@id":"https:\/\/stylestore.com\/se\/product\/wblnotes-ss-fold-up-tee\/#breadcrumb"},"inLanguage":"sv-SE","potentialAction":[{"@type":"ReadAction","target":["https:\/\/stylestore.com\/se\/product\/wblnotes-ss-fold-up-tee\/"]}]},{"@type":"ImageObject","inLanguage":"sv-SE","@id":"https:\/\/stylestore.com\/se\/product\/wblnotes-ss-fold-up-tee\/#primaryimage","url":"https:\/\/stylestore.com\/se\/wp-content\/uploads\/sites\/5\/2025\/10\/NOTE20FOLD20UP20TEE20BLACK201.jpg","contentUrl":"https:\/\/stylestore.com\/se\/wp-content\/uploads\/sites\/5\/2025\/10\/NOTE20FOLD20UP20TEE20BLACK201.jpg","width":1067,"height":1600},{"@type":"BreadcrumbList","@id":"https:\/\/stylestore.com\/se\/product\/wblnotes-ss-fold-up-tee\/#breadcrumb","itemListElement":[{"@type":"ListItem","position":1,"name":"Home","item":"https:\/\/stylestore.com\/se\/"},{"@type":"ListItem","position":2,"name":"S\u00f8g","item":"https:\/\/stylestore.com\/se\/soeg\/"},{"@type":"ListItem","position":3,"name":"WBLNOTES SS FOLD UP TEE"}]},{"@type":"WebSite","@id":"https:\/\/stylestore.com\/se\/#website","url":"https:\/\/stylestore.com\/se\/","name":"Stylestore.com Sweden","description":"","potentialAction":[{"@type":"SearchAction","target":{"@type":"EntryPoint","urlTemplate":"https:\/\/stylestore.com\/se\/?s={search_term_string}"},"query-input":{"@type":"PropertyValueSpecification","valueRequired":true,"valueName":"search_term_string"}}],"inLanguage":"sv-SE"}]}},"_links":{"self":[{"href":"https:\/\/stylestore.com\/se\/wp-json\/wp\/v2\/product\/190395","targetHints":{"allow":["GET"]}}],"collection":[{"href":"https:\/\/stylestore.com\/se\/wp-json\/wp\/v2\/product"}],"about":[{"href":"https:\/\/stylestore.com\/se\/wp-json\/wp\/v2\/types\/product"}],"wp:featuredmedia":[{"embeddable":true,"href":"https:\/\/stylestore.com\/se\/wp-json\/wp\/v2\/media\/230303"}],"wp:attachment":[{"href":"https:\/\/stylestore.com\/se\/wp-json\/wp\/v2\/media?parent=190395"}],"wp:term":[{"taxonomy":"product_brand","embeddable":true,"href":"https:\/\/stylestore.com\/se\/wp-json\/wp\/v2\/product_brand?post=190395"},{"taxonomy":"product_cat","embeddable":true,"href":"https:\/\/stylestore.com\/se\/wp-json\/wp\/v2\/product_cat?post=190395"},{"taxonomy":"product_tag","embeddable":true,"href":"https:\/\/stylestore.com\/se\/wp-json\/wp\/v2\/product_tag?post=190395"}],"curies":[{"name":"wp","href":"https:\/\/api.w.org\/{rel}","templated":true}]}}