{"id":187055,"date":"2024-01-17T11:58:23","date_gmt":"2024-01-17T10:58:23","guid":{"rendered":"https:\/\/stylestore.com\/se\/product\/wblnanna-wrap-coat-3\/"},"modified":"2026-04-14T08:06:39","modified_gmt":"2026-04-14T06:06:39","slug":"wblnanna-wrap-coat-3","status":"publish","type":"product","link":"https:\/\/stylestore.com\/se\/product\/wblnanna-wrap-coat-3\/","title":{"rendered":"WBLNANNA WRAP COAT"},"content":{"rendered":"<p>Yttertyg tillverkad av 92% \u00e5tervunnet material<br \/>\nAvslappnad siluett<br \/>\nDrop shoulder<br \/>\nLapelkrage<br \/>\nFramfickor med lock<br \/>\nH\u00f6g slits i sidorna<br \/>\nMidja b\u00e4lte st\u00e4ngning<br \/>\nFodrad<\/p>\n<p>Modellen \u00e4r 173 cm l\u00e5ng och b\u00e4r storlek small<br \/>\nProdukten \u00e4r normal i storlek f\u00f6r en avslappnad siluett. G\u00e5 ner en storlek f\u00f6r en mindre oversize-look<\/p>\n","protected":false},"excerpt":{"rendered":"","protected":false},"featured_media":202159,"template":"","meta":{"_acf_changed":false},"product_brand":[],"product_cat":[1813,1811],"product_tag":[2567],"class_list":{"0":"post-187055","1":"product","2":"type-product","3":"status-publish","4":"has-post-thumbnail","6":"product_cat-langa-rockar","7":"product_cat-rockar","8":"product_tag-b2b","11":"outofstock","12":"taxable","13":"shipping-taxable","14":"purchasable","15":"product-type-variable"},"acf":[],"yoast_head":"<!-- This site is optimized with the Yoast SEO plugin v23.8 - https:\/\/yoast.com\/wordpress\/plugins\/seo\/ -->\n<title>WBLNANNA WRAP COAT &#187; Stylestore.com Sweden<\/title>\n<meta name=\"robots\" content=\"index, follow, max-snippet:-1, max-image-preview:large, max-video-preview:-1\" \/>\n<link rel=\"canonical\" href=\"https:\/\/stylestore.com\/se\/product\/wblnanna-wrap-coat-3\/\" \/>\n<meta property=\"og:locale\" content=\"sv_SE\" \/>\n<meta property=\"og:type\" content=\"article\" \/>\n<meta property=\"og:title\" content=\"WBLNANNA WRAP COAT &#187; Stylestore.com Sweden\" \/>\n<meta property=\"og:url\" content=\"https:\/\/stylestore.com\/se\/product\/wblnanna-wrap-coat-3\/\" \/>\n<meta property=\"og:site_name\" content=\"Stylestore.com Sweden\" \/>\n<meta property=\"article:modified_time\" content=\"2026-04-14T06:06:39+00:00\" \/>\n<meta name=\"twitter:card\" content=\"summary_large_image\" \/>\n<script type=\"application\/ld+json\" class=\"yoast-schema-graph\">{\"@context\":\"https:\/\/schema.org\",\"@graph\":[{\"@type\":\"WebPage\",\"@id\":\"https:\/\/stylestore.com\/se\/product\/wblnanna-wrap-coat-3\/\",\"url\":\"https:\/\/stylestore.com\/se\/product\/wblnanna-wrap-coat-3\/\",\"name\":\"WBLNANNA WRAP COAT &#187; Stylestore.com Sweden\",\"isPartOf\":{\"@id\":\"https:\/\/stylestore.com\/se\/#website\"},\"primaryImageOfPage\":{\"@id\":\"https:\/\/stylestore.com\/se\/product\/wblnanna-wrap-coat-3\/#primaryimage\"},\"image\":{\"@id\":\"https:\/\/stylestore.com\/se\/product\/wblnanna-wrap-coat-3\/#primaryimage\"},\"thumbnailUrl\":\"https:\/\/stylestore.com\/se\/wp-content\/uploads\/sites\/5\/2024\/11\/Wblnanna_Wrap_Coat_Moon_Rock_Brown1.jpg\",\"datePublished\":\"2024-01-17T10:58:23+00:00\",\"dateModified\":\"2026-04-14T06:06:39+00:00\",\"breadcrumb\":{\"@id\":\"https:\/\/stylestore.com\/se\/product\/wblnanna-wrap-coat-3\/#breadcrumb\"},\"inLanguage\":\"sv-SE\",\"potentialAction\":[{\"@type\":\"ReadAction\",\"target\":[\"https:\/\/stylestore.com\/se\/product\/wblnanna-wrap-coat-3\/\"]}]},{\"@type\":\"ImageObject\",\"inLanguage\":\"sv-SE\",\"@id\":\"https:\/\/stylestore.com\/se\/product\/wblnanna-wrap-coat-3\/#primaryimage\",\"url\":\"https:\/\/stylestore.com\/se\/wp-content\/uploads\/sites\/5\/2024\/11\/Wblnanna_Wrap_Coat_Moon_Rock_Brown1.jpg\",\"contentUrl\":\"https:\/\/stylestore.com\/se\/wp-content\/uploads\/sites\/5\/2024\/11\/Wblnanna_Wrap_Coat_Moon_Rock_Brown1.jpg\",\"width\":1190,\"height\":1784},{\"@type\":\"BreadcrumbList\",\"@id\":\"https:\/\/stylestore.com\/se\/product\/wblnanna-wrap-coat-3\/#breadcrumb\",\"itemListElement\":[{\"@type\":\"ListItem\",\"position\":1,\"name\":\"Home\",\"item\":\"https:\/\/stylestore.com\/se\/\"},{\"@type\":\"ListItem\",\"position\":2,\"name\":\"S\u00f8g\",\"item\":\"https:\/\/stylestore.com\/se\/soeg\/\"},{\"@type\":\"ListItem\",\"position\":3,\"name\":\"WBLNANNA WRAP COAT\"}]},{\"@type\":\"WebSite\",\"@id\":\"https:\/\/stylestore.com\/se\/#website\",\"url\":\"https:\/\/stylestore.com\/se\/\",\"name\":\"Stylestore.com Sweden\",\"description\":\"\",\"potentialAction\":[{\"@type\":\"SearchAction\",\"target\":{\"@type\":\"EntryPoint\",\"urlTemplate\":\"https:\/\/stylestore.com\/se\/?s={search_term_string}\"},\"query-input\":{\"@type\":\"PropertyValueSpecification\",\"valueRequired\":true,\"valueName\":\"search_term_string\"}}],\"inLanguage\":\"sv-SE\"}]}<\/script>\n<!-- \/ Yoast SEO plugin. -->","yoast_head_json":{"title":"WBLNANNA WRAP COAT &#187; Stylestore.com Sweden","robots":{"index":"index","follow":"follow","max-snippet":"max-snippet:-1","max-image-preview":"max-image-preview:large","max-video-preview":"max-video-preview:-1"},"canonical":"https:\/\/stylestore.com\/se\/product\/wblnanna-wrap-coat-3\/","og_locale":"sv_SE","og_type":"article","og_title":"WBLNANNA WRAP COAT &#187; Stylestore.com Sweden","og_url":"https:\/\/stylestore.com\/se\/product\/wblnanna-wrap-coat-3\/","og_site_name":"Stylestore.com Sweden","article_modified_time":"2026-04-14T06:06:39+00:00","twitter_card":"summary_large_image","schema":{"@context":"https:\/\/schema.org","@graph":[{"@type":"WebPage","@id":"https:\/\/stylestore.com\/se\/product\/wblnanna-wrap-coat-3\/","url":"https:\/\/stylestore.com\/se\/product\/wblnanna-wrap-coat-3\/","name":"WBLNANNA WRAP COAT &#187; Stylestore.com Sweden","isPartOf":{"@id":"https:\/\/stylestore.com\/se\/#website"},"primaryImageOfPage":{"@id":"https:\/\/stylestore.com\/se\/product\/wblnanna-wrap-coat-3\/#primaryimage"},"image":{"@id":"https:\/\/stylestore.com\/se\/product\/wblnanna-wrap-coat-3\/#primaryimage"},"thumbnailUrl":"https:\/\/stylestore.com\/se\/wp-content\/uploads\/sites\/5\/2024\/11\/Wblnanna_Wrap_Coat_Moon_Rock_Brown1.jpg","datePublished":"2024-01-17T10:58:23+00:00","dateModified":"2026-04-14T06:06:39+00:00","breadcrumb":{"@id":"https:\/\/stylestore.com\/se\/product\/wblnanna-wrap-coat-3\/#breadcrumb"},"inLanguage":"sv-SE","potentialAction":[{"@type":"ReadAction","target":["https:\/\/stylestore.com\/se\/product\/wblnanna-wrap-coat-3\/"]}]},{"@type":"ImageObject","inLanguage":"sv-SE","@id":"https:\/\/stylestore.com\/se\/product\/wblnanna-wrap-coat-3\/#primaryimage","url":"https:\/\/stylestore.com\/se\/wp-content\/uploads\/sites\/5\/2024\/11\/Wblnanna_Wrap_Coat_Moon_Rock_Brown1.jpg","contentUrl":"https:\/\/stylestore.com\/se\/wp-content\/uploads\/sites\/5\/2024\/11\/Wblnanna_Wrap_Coat_Moon_Rock_Brown1.jpg","width":1190,"height":1784},{"@type":"BreadcrumbList","@id":"https:\/\/stylestore.com\/se\/product\/wblnanna-wrap-coat-3\/#breadcrumb","itemListElement":[{"@type":"ListItem","position":1,"name":"Home","item":"https:\/\/stylestore.com\/se\/"},{"@type":"ListItem","position":2,"name":"S\u00f8g","item":"https:\/\/stylestore.com\/se\/soeg\/"},{"@type":"ListItem","position":3,"name":"WBLNANNA WRAP COAT"}]},{"@type":"WebSite","@id":"https:\/\/stylestore.com\/se\/#website","url":"https:\/\/stylestore.com\/se\/","name":"Stylestore.com Sweden","description":"","potentialAction":[{"@type":"SearchAction","target":{"@type":"EntryPoint","urlTemplate":"https:\/\/stylestore.com\/se\/?s={search_term_string}"},"query-input":{"@type":"PropertyValueSpecification","valueRequired":true,"valueName":"search_term_string"}}],"inLanguage":"sv-SE"}]}},"_links":{"self":[{"href":"https:\/\/stylestore.com\/se\/wp-json\/wp\/v2\/product\/187055","targetHints":{"allow":["GET"]}}],"collection":[{"href":"https:\/\/stylestore.com\/se\/wp-json\/wp\/v2\/product"}],"about":[{"href":"https:\/\/stylestore.com\/se\/wp-json\/wp\/v2\/types\/product"}],"wp:featuredmedia":[{"embeddable":true,"href":"https:\/\/stylestore.com\/se\/wp-json\/wp\/v2\/media\/202159"}],"wp:attachment":[{"href":"https:\/\/stylestore.com\/se\/wp-json\/wp\/v2\/media?parent=187055"}],"wp:term":[{"taxonomy":"product_brand","embeddable":true,"href":"https:\/\/stylestore.com\/se\/wp-json\/wp\/v2\/product_brand?post=187055"},{"taxonomy":"product_cat","embeddable":true,"href":"https:\/\/stylestore.com\/se\/wp-json\/wp\/v2\/product_cat?post=187055"},{"taxonomy":"product_tag","embeddable":true,"href":"https:\/\/stylestore.com\/se\/wp-json\/wp\/v2\/product_tag?post=187055"}],"curies":[{"name":"wp","href":"https:\/\/api.w.org\/{rel}","templated":true}]}}