{"id":171053,"date":"2023-06-26T19:32:53","date_gmt":"2023-06-26T17:32:53","guid":{"rendered":"https:\/\/stylestore.com\/se\/?post_type=product&#038;p=171053"},"modified":"2026-04-14T08:07:01","modified_gmt":"2026-04-14T06:07:01","slug":"wblrita-ribbed-tank-top-10","status":"publish","type":"product","link":"https:\/\/stylestore.com\/se\/product\/wblrita-ribbed-tank-top-10\/","title":{"rendered":"WBLRITA RIBBED TANK TOP"},"content":{"rendered":"<p>Rita Tank Top \u00e4r en absolut oumb\u00e4rlig Basic-topp och \u00e4r en t\u00e4ttslutande ribbstickning i en fast blandning av bomull och spandex med en h\u00f6g rund halsringning som ger dig en snygg look. Det \u00e4r<br \/>\nen tidl\u00f6s style som du kan b\u00e4ra s\u00e4song efter s\u00e4song och som passar till allt i din garderob, och \u00e4r perfekt att l\u00e4gga p\u00e5 flera lager. Modellen \u00e4r 176 cm l\u00e5ng och b\u00e4r storlek small.<br \/>\n\u00d6verdelen \u00e4r true to size och vi rekommenderar att du v\u00e4ljer din normala storlek.<br \/>\n#Betterwardrobe<\/p>\n","protected":false},"excerpt":{"rendered":"","protected":false},"featured_media":171678,"template":"","meta":{"_acf_changed":false},"product_brand":[],"product_cat":[1819,1823],"product_tag":[2567],"class_list":{"0":"post-171053","1":"product","2":"type-product","3":"status-publish","4":"has-post-thumbnail","6":"product_cat-toppar","7":"product_cat-toppar-toppar","8":"product_tag-b2b","9":"pa_washing-instructions-machine-wash-at-30-degrees","12":"instock","13":"sale","14":"taxable","15":"shipping-taxable","16":"purchasable","17":"product-type-variable"},"acf":[],"yoast_head":"<!-- This site is optimized with the Yoast SEO plugin v23.8 - https:\/\/yoast.com\/wordpress\/plugins\/seo\/ -->\n<title>WBLRITA RIBBED TANK TOP &#187; Stylestore.com Sweden<\/title>\n<meta name=\"robots\" content=\"index, follow, max-snippet:-1, max-image-preview:large, max-video-preview:-1\" \/>\n<link rel=\"canonical\" href=\"https:\/\/stylestore.com\/se\/product\/wblrita-ribbed-tank-top-10\/\" \/>\n<meta property=\"og:locale\" content=\"sv_SE\" \/>\n<meta property=\"og:type\" content=\"article\" \/>\n<meta property=\"og:title\" content=\"WBLRITA RIBBED TANK TOP &#187; Stylestore.com Sweden\" \/>\n<meta property=\"og:url\" content=\"https:\/\/stylestore.com\/se\/product\/wblrita-ribbed-tank-top-10\/\" \/>\n<meta property=\"og:site_name\" content=\"Stylestore.com Sweden\" \/>\n<meta property=\"article:modified_time\" content=\"2026-04-14T06:07:01+00:00\" \/>\n<meta property=\"og:image\" content=\"https:\/\/stylestore.com\/se\/wp-content\/uploads\/sites\/5\/2023\/06\/WBLRITA20RIBBED20TANK20TOP20Nautical20Blue-1.jpg\" \/>\n\t<meta property=\"og:image:width\" content=\"1067\" \/>\n\t<meta property=\"og:image:height\" content=\"1600\" \/>\n\t<meta property=\"og:image:type\" content=\"image\/jpeg\" \/>\n<meta name=\"twitter:card\" content=\"summary_large_image\" \/>\n<script type=\"application\/ld+json\" class=\"yoast-schema-graph\">{\"@context\":\"https:\/\/schema.org\",\"@graph\":[{\"@type\":\"WebPage\",\"@id\":\"https:\/\/stylestore.com\/se\/product\/wblrita-ribbed-tank-top-10\/\",\"url\":\"https:\/\/stylestore.com\/se\/product\/wblrita-ribbed-tank-top-10\/\",\"name\":\"WBLRITA RIBBED TANK TOP &#187; Stylestore.com Sweden\",\"isPartOf\":{\"@id\":\"https:\/\/stylestore.com\/se\/#website\"},\"primaryImageOfPage\":{\"@id\":\"https:\/\/stylestore.com\/se\/product\/wblrita-ribbed-tank-top-10\/#primaryimage\"},\"image\":{\"@id\":\"https:\/\/stylestore.com\/se\/product\/wblrita-ribbed-tank-top-10\/#primaryimage\"},\"thumbnailUrl\":\"https:\/\/stylestore.com\/se\/wp-content\/uploads\/sites\/5\/2023\/06\/WBLRITA20RIBBED20TANK20TOP20Nautical20Blue-1.jpg\",\"datePublished\":\"2023-06-26T17:32:53+00:00\",\"dateModified\":\"2026-04-14T06:07:01+00:00\",\"breadcrumb\":{\"@id\":\"https:\/\/stylestore.com\/se\/product\/wblrita-ribbed-tank-top-10\/#breadcrumb\"},\"inLanguage\":\"sv-SE\",\"potentialAction\":[{\"@type\":\"ReadAction\",\"target\":[\"https:\/\/stylestore.com\/se\/product\/wblrita-ribbed-tank-top-10\/\"]}]},{\"@type\":\"ImageObject\",\"inLanguage\":\"sv-SE\",\"@id\":\"https:\/\/stylestore.com\/se\/product\/wblrita-ribbed-tank-top-10\/#primaryimage\",\"url\":\"https:\/\/stylestore.com\/se\/wp-content\/uploads\/sites\/5\/2023\/06\/WBLRITA20RIBBED20TANK20TOP20Nautical20Blue-1.jpg\",\"contentUrl\":\"https:\/\/stylestore.com\/se\/wp-content\/uploads\/sites\/5\/2023\/06\/WBLRITA20RIBBED20TANK20TOP20Nautical20Blue-1.jpg\",\"width\":1067,\"height\":1600},{\"@type\":\"BreadcrumbList\",\"@id\":\"https:\/\/stylestore.com\/se\/product\/wblrita-ribbed-tank-top-10\/#breadcrumb\",\"itemListElement\":[{\"@type\":\"ListItem\",\"position\":1,\"name\":\"Home\",\"item\":\"https:\/\/stylestore.com\/se\/\"},{\"@type\":\"ListItem\",\"position\":2,\"name\":\"S\u00f8g\",\"item\":\"https:\/\/stylestore.com\/se\/soeg\/\"},{\"@type\":\"ListItem\",\"position\":3,\"name\":\"WBLRITA RIBBED TANK TOP\"}]},{\"@type\":\"WebSite\",\"@id\":\"https:\/\/stylestore.com\/se\/#website\",\"url\":\"https:\/\/stylestore.com\/se\/\",\"name\":\"Stylestore.com Sweden\",\"description\":\"\",\"potentialAction\":[{\"@type\":\"SearchAction\",\"target\":{\"@type\":\"EntryPoint\",\"urlTemplate\":\"https:\/\/stylestore.com\/se\/?s={search_term_string}\"},\"query-input\":{\"@type\":\"PropertyValueSpecification\",\"valueRequired\":true,\"valueName\":\"search_term_string\"}}],\"inLanguage\":\"sv-SE\"}]}<\/script>\n<!-- \/ Yoast SEO plugin. -->","yoast_head_json":{"title":"WBLRITA RIBBED TANK TOP &#187; Stylestore.com Sweden","robots":{"index":"index","follow":"follow","max-snippet":"max-snippet:-1","max-image-preview":"max-image-preview:large","max-video-preview":"max-video-preview:-1"},"canonical":"https:\/\/stylestore.com\/se\/product\/wblrita-ribbed-tank-top-10\/","og_locale":"sv_SE","og_type":"article","og_title":"WBLRITA RIBBED TANK TOP &#187; Stylestore.com Sweden","og_url":"https:\/\/stylestore.com\/se\/product\/wblrita-ribbed-tank-top-10\/","og_site_name":"Stylestore.com Sweden","article_modified_time":"2026-04-14T06:07:01+00:00","og_image":[{"width":1067,"height":1600,"url":"https:\/\/stylestore.com\/se\/wp-content\/uploads\/sites\/5\/2023\/06\/WBLRITA20RIBBED20TANK20TOP20Nautical20Blue-1.jpg","type":"image\/jpeg"}],"twitter_card":"summary_large_image","schema":{"@context":"https:\/\/schema.org","@graph":[{"@type":"WebPage","@id":"https:\/\/stylestore.com\/se\/product\/wblrita-ribbed-tank-top-10\/","url":"https:\/\/stylestore.com\/se\/product\/wblrita-ribbed-tank-top-10\/","name":"WBLRITA RIBBED TANK TOP &#187; Stylestore.com Sweden","isPartOf":{"@id":"https:\/\/stylestore.com\/se\/#website"},"primaryImageOfPage":{"@id":"https:\/\/stylestore.com\/se\/product\/wblrita-ribbed-tank-top-10\/#primaryimage"},"image":{"@id":"https:\/\/stylestore.com\/se\/product\/wblrita-ribbed-tank-top-10\/#primaryimage"},"thumbnailUrl":"https:\/\/stylestore.com\/se\/wp-content\/uploads\/sites\/5\/2023\/06\/WBLRITA20RIBBED20TANK20TOP20Nautical20Blue-1.jpg","datePublished":"2023-06-26T17:32:53+00:00","dateModified":"2026-04-14T06:07:01+00:00","breadcrumb":{"@id":"https:\/\/stylestore.com\/se\/product\/wblrita-ribbed-tank-top-10\/#breadcrumb"},"inLanguage":"sv-SE","potentialAction":[{"@type":"ReadAction","target":["https:\/\/stylestore.com\/se\/product\/wblrita-ribbed-tank-top-10\/"]}]},{"@type":"ImageObject","inLanguage":"sv-SE","@id":"https:\/\/stylestore.com\/se\/product\/wblrita-ribbed-tank-top-10\/#primaryimage","url":"https:\/\/stylestore.com\/se\/wp-content\/uploads\/sites\/5\/2023\/06\/WBLRITA20RIBBED20TANK20TOP20Nautical20Blue-1.jpg","contentUrl":"https:\/\/stylestore.com\/se\/wp-content\/uploads\/sites\/5\/2023\/06\/WBLRITA20RIBBED20TANK20TOP20Nautical20Blue-1.jpg","width":1067,"height":1600},{"@type":"BreadcrumbList","@id":"https:\/\/stylestore.com\/se\/product\/wblrita-ribbed-tank-top-10\/#breadcrumb","itemListElement":[{"@type":"ListItem","position":1,"name":"Home","item":"https:\/\/stylestore.com\/se\/"},{"@type":"ListItem","position":2,"name":"S\u00f8g","item":"https:\/\/stylestore.com\/se\/soeg\/"},{"@type":"ListItem","position":3,"name":"WBLRITA RIBBED TANK TOP"}]},{"@type":"WebSite","@id":"https:\/\/stylestore.com\/se\/#website","url":"https:\/\/stylestore.com\/se\/","name":"Stylestore.com Sweden","description":"","potentialAction":[{"@type":"SearchAction","target":{"@type":"EntryPoint","urlTemplate":"https:\/\/stylestore.com\/se\/?s={search_term_string}"},"query-input":{"@type":"PropertyValueSpecification","valueRequired":true,"valueName":"search_term_string"}}],"inLanguage":"sv-SE"}]}},"_links":{"self":[{"href":"https:\/\/stylestore.com\/se\/wp-json\/wp\/v2\/product\/171053","targetHints":{"allow":["GET"]}}],"collection":[{"href":"https:\/\/stylestore.com\/se\/wp-json\/wp\/v2\/product"}],"about":[{"href":"https:\/\/stylestore.com\/se\/wp-json\/wp\/v2\/types\/product"}],"wp:featuredmedia":[{"embeddable":true,"href":"https:\/\/stylestore.com\/se\/wp-json\/wp\/v2\/media\/171678"}],"wp:attachment":[{"href":"https:\/\/stylestore.com\/se\/wp-json\/wp\/v2\/media?parent=171053"}],"wp:term":[{"taxonomy":"product_brand","embeddable":true,"href":"https:\/\/stylestore.com\/se\/wp-json\/wp\/v2\/product_brand?post=171053"},{"taxonomy":"product_cat","embeddable":true,"href":"https:\/\/stylestore.com\/se\/wp-json\/wp\/v2\/product_cat?post=171053"},{"taxonomy":"product_tag","embeddable":true,"href":"https:\/\/stylestore.com\/se\/wp-json\/wp\/v2\/product_tag?post=171053"}],"curies":[{"name":"wp","href":"https:\/\/api.w.org\/{rel}","templated":true}]}}