{"id":162898,"date":"2023-02-01T14:38:17","date_gmt":"2023-02-01T13:38:17","guid":{"rendered":"https:\/\/stylestore.com\/se\/product\/wblvanessa-puffer-waistcoat\/"},"modified":"2026-04-29T08:07:23","modified_gmt":"2026-04-29T06:07:23","slug":"wblvanessa-puffer-waistcoat","status":"publish","type":"product","link":"https:\/\/stylestore.com\/se\/product\/wblvanessa-puffer-waistcoat\/","title":{"rendered":"WBLVANESSA PUFFER WAISTCOAT"},"content":{"rendered":"<p>Pufferv\u00e4st i glansigt tyg<br \/>\n50\/50 \u00e4kta dun och konstgjort dun<br \/>\nUltral\u00e4tt fyllning<br \/>\n\u00d6verl\u00e4gsna isolerande egenskaper<br \/>\nK\u00f6ldbest\u00e4ndig<br \/>\nVindbest\u00e4ndig<br \/>\nVattent\u00e5lig<br \/>\nSt\u00e5ende krage<br \/>\nAvtagbar huva<br \/>\nL\u00f6s passform<br \/>\nH\u00f6ftl\u00e4ngd<br \/>\nDolda tryckknappar och dragkedja fram<br \/>\nFickor<\/p>\n<p>Modellen \u00e4r 172 cm l\u00e5ng och b\u00e4r storlek small<br \/>\nModellen \u00e4r 172 cm l\u00e5ng och b\u00e4r storlek Produkten \u00e4r normal i storlek f\u00f6r en oversized look. V\u00e4lj en storlek mindre f\u00f6r en mindre oversized look<\/p>\n","protected":false},"excerpt":{"rendered":"","protected":false},"featured_media":202014,"template":"","meta":{"_acf_changed":false},"product_brand":[],"product_cat":[1808,1812],"product_tag":[2825,2170,2567],"class_list":{"0":"post-162898","1":"product","2":"type-product","3":"status-publish","4":"has-post-thumbnail","6":"product_cat-jackor","7":"product_cat-korta-jackor","8":"product_tag-pre-order","9":"product_tag-sustainable","10":"product_tag-b2b","11":"pa_washing-instructions-maschine-wash-at-30-degrees","14":"instock","15":"taxable","16":"shipping-taxable","17":"purchasable","18":"product-type-variable"},"acf":[],"yoast_head":"<!-- This site is optimized with the Yoast SEO plugin v23.8 - https:\/\/yoast.com\/wordpress\/plugins\/seo\/ -->\n<title>WBLVANESSA PUFFER WAISTCOAT &#187; Stylestore.com Sweden<\/title>\n<meta name=\"robots\" content=\"index, follow, max-snippet:-1, max-image-preview:large, max-video-preview:-1\" \/>\n<link rel=\"canonical\" href=\"https:\/\/stylestore.com\/se\/product\/wblvanessa-puffer-waistcoat\/\" \/>\n<meta property=\"og:locale\" content=\"sv_SE\" \/>\n<meta property=\"og:type\" content=\"article\" \/>\n<meta property=\"og:title\" content=\"WBLVANESSA PUFFER WAISTCOAT &#187; Stylestore.com Sweden\" \/>\n<meta property=\"og:url\" content=\"https:\/\/stylestore.com\/se\/product\/wblvanessa-puffer-waistcoat\/\" \/>\n<meta property=\"og:site_name\" content=\"Stylestore.com Sweden\" \/>\n<meta property=\"article:modified_time\" content=\"2026-04-29T06:07:23+00:00\" \/>\n<meta property=\"og:image\" content=\"https:\/\/stylestore.com\/se\/wp-content\/uploads\/sites\/5\/2024\/11\/Wblvanessa_Puffer_Waistcoat_Black_Wblvilde_Quilted_Pant_Black1.jpg\" \/>\n\t<meta property=\"og:image:width\" content=\"1299\" \/>\n\t<meta property=\"og:image:height\" content=\"1947\" \/>\n\t<meta property=\"og:image:type\" content=\"image\/jpeg\" \/>\n<meta name=\"twitter:card\" content=\"summary_large_image\" \/>\n<script type=\"application\/ld+json\" class=\"yoast-schema-graph\">{\"@context\":\"https:\/\/schema.org\",\"@graph\":[{\"@type\":\"WebPage\",\"@id\":\"https:\/\/stylestore.com\/se\/product\/wblvanessa-puffer-waistcoat\/\",\"url\":\"https:\/\/stylestore.com\/se\/product\/wblvanessa-puffer-waistcoat\/\",\"name\":\"WBLVANESSA PUFFER WAISTCOAT &#187; Stylestore.com Sweden\",\"isPartOf\":{\"@id\":\"https:\/\/stylestore.com\/se\/#website\"},\"primaryImageOfPage\":{\"@id\":\"https:\/\/stylestore.com\/se\/product\/wblvanessa-puffer-waistcoat\/#primaryimage\"},\"image\":{\"@id\":\"https:\/\/stylestore.com\/se\/product\/wblvanessa-puffer-waistcoat\/#primaryimage\"},\"thumbnailUrl\":\"https:\/\/stylestore.com\/se\/wp-content\/uploads\/sites\/5\/2024\/11\/Wblvanessa_Puffer_Waistcoat_Black_Wblvilde_Quilted_Pant_Black1.jpg\",\"datePublished\":\"2023-02-01T13:38:17+00:00\",\"dateModified\":\"2026-04-29T06:07:23+00:00\",\"breadcrumb\":{\"@id\":\"https:\/\/stylestore.com\/se\/product\/wblvanessa-puffer-waistcoat\/#breadcrumb\"},\"inLanguage\":\"sv-SE\",\"potentialAction\":[{\"@type\":\"ReadAction\",\"target\":[\"https:\/\/stylestore.com\/se\/product\/wblvanessa-puffer-waistcoat\/\"]}]},{\"@type\":\"ImageObject\",\"inLanguage\":\"sv-SE\",\"@id\":\"https:\/\/stylestore.com\/se\/product\/wblvanessa-puffer-waistcoat\/#primaryimage\",\"url\":\"https:\/\/stylestore.com\/se\/wp-content\/uploads\/sites\/5\/2024\/11\/Wblvanessa_Puffer_Waistcoat_Black_Wblvilde_Quilted_Pant_Black1.jpg\",\"contentUrl\":\"https:\/\/stylestore.com\/se\/wp-content\/uploads\/sites\/5\/2024\/11\/Wblvanessa_Puffer_Waistcoat_Black_Wblvilde_Quilted_Pant_Black1.jpg\",\"width\":1299,\"height\":1947},{\"@type\":\"BreadcrumbList\",\"@id\":\"https:\/\/stylestore.com\/se\/product\/wblvanessa-puffer-waistcoat\/#breadcrumb\",\"itemListElement\":[{\"@type\":\"ListItem\",\"position\":1,\"name\":\"Home\",\"item\":\"https:\/\/stylestore.com\/se\/\"},{\"@type\":\"ListItem\",\"position\":2,\"name\":\"S\u00f8g\",\"item\":\"https:\/\/stylestore.com\/se\/soeg\/\"},{\"@type\":\"ListItem\",\"position\":3,\"name\":\"WBLVANESSA PUFFER WAISTCOAT\"}]},{\"@type\":\"WebSite\",\"@id\":\"https:\/\/stylestore.com\/se\/#website\",\"url\":\"https:\/\/stylestore.com\/se\/\",\"name\":\"Stylestore.com Sweden\",\"description\":\"\",\"potentialAction\":[{\"@type\":\"SearchAction\",\"target\":{\"@type\":\"EntryPoint\",\"urlTemplate\":\"https:\/\/stylestore.com\/se\/?s={search_term_string}\"},\"query-input\":{\"@type\":\"PropertyValueSpecification\",\"valueRequired\":true,\"valueName\":\"search_term_string\"}}],\"inLanguage\":\"sv-SE\"}]}<\/script>\n<!-- \/ Yoast SEO plugin. -->","yoast_head_json":{"title":"WBLVANESSA PUFFER WAISTCOAT &#187; Stylestore.com Sweden","robots":{"index":"index","follow":"follow","max-snippet":"max-snippet:-1","max-image-preview":"max-image-preview:large","max-video-preview":"max-video-preview:-1"},"canonical":"https:\/\/stylestore.com\/se\/product\/wblvanessa-puffer-waistcoat\/","og_locale":"sv_SE","og_type":"article","og_title":"WBLVANESSA PUFFER WAISTCOAT &#187; Stylestore.com Sweden","og_url":"https:\/\/stylestore.com\/se\/product\/wblvanessa-puffer-waistcoat\/","og_site_name":"Stylestore.com Sweden","article_modified_time":"2026-04-29T06:07:23+00:00","og_image":[{"width":1299,"height":1947,"url":"https:\/\/stylestore.com\/se\/wp-content\/uploads\/sites\/5\/2024\/11\/Wblvanessa_Puffer_Waistcoat_Black_Wblvilde_Quilted_Pant_Black1.jpg","type":"image\/jpeg"}],"twitter_card":"summary_large_image","schema":{"@context":"https:\/\/schema.org","@graph":[{"@type":"WebPage","@id":"https:\/\/stylestore.com\/se\/product\/wblvanessa-puffer-waistcoat\/","url":"https:\/\/stylestore.com\/se\/product\/wblvanessa-puffer-waistcoat\/","name":"WBLVANESSA PUFFER WAISTCOAT &#187; Stylestore.com Sweden","isPartOf":{"@id":"https:\/\/stylestore.com\/se\/#website"},"primaryImageOfPage":{"@id":"https:\/\/stylestore.com\/se\/product\/wblvanessa-puffer-waistcoat\/#primaryimage"},"image":{"@id":"https:\/\/stylestore.com\/se\/product\/wblvanessa-puffer-waistcoat\/#primaryimage"},"thumbnailUrl":"https:\/\/stylestore.com\/se\/wp-content\/uploads\/sites\/5\/2024\/11\/Wblvanessa_Puffer_Waistcoat_Black_Wblvilde_Quilted_Pant_Black1.jpg","datePublished":"2023-02-01T13:38:17+00:00","dateModified":"2026-04-29T06:07:23+00:00","breadcrumb":{"@id":"https:\/\/stylestore.com\/se\/product\/wblvanessa-puffer-waistcoat\/#breadcrumb"},"inLanguage":"sv-SE","potentialAction":[{"@type":"ReadAction","target":["https:\/\/stylestore.com\/se\/product\/wblvanessa-puffer-waistcoat\/"]}]},{"@type":"ImageObject","inLanguage":"sv-SE","@id":"https:\/\/stylestore.com\/se\/product\/wblvanessa-puffer-waistcoat\/#primaryimage","url":"https:\/\/stylestore.com\/se\/wp-content\/uploads\/sites\/5\/2024\/11\/Wblvanessa_Puffer_Waistcoat_Black_Wblvilde_Quilted_Pant_Black1.jpg","contentUrl":"https:\/\/stylestore.com\/se\/wp-content\/uploads\/sites\/5\/2024\/11\/Wblvanessa_Puffer_Waistcoat_Black_Wblvilde_Quilted_Pant_Black1.jpg","width":1299,"height":1947},{"@type":"BreadcrumbList","@id":"https:\/\/stylestore.com\/se\/product\/wblvanessa-puffer-waistcoat\/#breadcrumb","itemListElement":[{"@type":"ListItem","position":1,"name":"Home","item":"https:\/\/stylestore.com\/se\/"},{"@type":"ListItem","position":2,"name":"S\u00f8g","item":"https:\/\/stylestore.com\/se\/soeg\/"},{"@type":"ListItem","position":3,"name":"WBLVANESSA PUFFER WAISTCOAT"}]},{"@type":"WebSite","@id":"https:\/\/stylestore.com\/se\/#website","url":"https:\/\/stylestore.com\/se\/","name":"Stylestore.com Sweden","description":"","potentialAction":[{"@type":"SearchAction","target":{"@type":"EntryPoint","urlTemplate":"https:\/\/stylestore.com\/se\/?s={search_term_string}"},"query-input":{"@type":"PropertyValueSpecification","valueRequired":true,"valueName":"search_term_string"}}],"inLanguage":"sv-SE"}]}},"_links":{"self":[{"href":"https:\/\/stylestore.com\/se\/wp-json\/wp\/v2\/product\/162898","targetHints":{"allow":["GET"]}}],"collection":[{"href":"https:\/\/stylestore.com\/se\/wp-json\/wp\/v2\/product"}],"about":[{"href":"https:\/\/stylestore.com\/se\/wp-json\/wp\/v2\/types\/product"}],"wp:featuredmedia":[{"embeddable":true,"href":"https:\/\/stylestore.com\/se\/wp-json\/wp\/v2\/media\/202014"}],"wp:attachment":[{"href":"https:\/\/stylestore.com\/se\/wp-json\/wp\/v2\/media?parent=162898"}],"wp:term":[{"taxonomy":"product_brand","embeddable":true,"href":"https:\/\/stylestore.com\/se\/wp-json\/wp\/v2\/product_brand?post=162898"},{"taxonomy":"product_cat","embeddable":true,"href":"https:\/\/stylestore.com\/se\/wp-json\/wp\/v2\/product_cat?post=162898"},{"taxonomy":"product_tag","embeddable":true,"href":"https:\/\/stylestore.com\/se\/wp-json\/wp\/v2\/product_tag?post=162898"}],"curies":[{"name":"wp","href":"https:\/\/api.w.org\/{rel}","templated":true}]}}