{"id":146479,"date":"2022-08-15T10:50:04","date_gmt":"2022-08-15T08:50:04","guid":{"rendered":"https:\/\/stylestore.com\/se\/product\/wblvivian-midi-dress-2\/"},"modified":"2026-04-29T08:07:34","modified_gmt":"2026-04-29T06:07:34","slug":"wblvivian-midi-dress-2","status":"publish","type":"product","link":"https:\/\/stylestore.com\/se\/product\/wblvivian-midi-dress-2\/","title":{"rendered":"WBLVIVIAN MIDI DRESS"},"content":{"rendered":"<p>Vacker midikl\u00e4nning med korta \u00e4rmar, designad med en rund halsringning, knytning i midjan och diskreta sidoficko.<br \/>\nKl\u00e4nningen \u00e4r skuren i den popul\u00e4ra A-formen, med en rynkad seersuckerstruktur med mjuka veck som ger den finaste volymen.<br \/>\nKl\u00e4nningen \u00e4r fodrad med ett mjukt foder f\u00f6r maximal komfort och har det vackraste blomm\u00f6nster som garanterar en elegant och l\u00e4cker stil, oavsett tillf\u00e4lle och hur du stylar kl\u00e4nningen.<br \/>\nKl\u00e4nningen \u00e4r storleksanpassad och, vi rekommenderar att du v\u00e4ljer din normala storlek. Modellen \u00e4r 173 cm och b\u00e4r storlek small.<br \/>\n#Betterwardrobe<\/p>\n","protected":false},"excerpt":{"rendered":"","protected":false},"featured_media":164901,"template":"","meta":{"_acf_changed":false},"product_brand":[],"product_cat":[1834],"product_tag":[2168,2567],"class_list":{"0":"post-146479","1":"product","2":"type-product","3":"status-publish","4":"has-post-thumbnail","6":"product_cat-midiklanningar","7":"product_tag-outlet","8":"product_tag-b2b","9":"pa_washing-instructions-maschine-wash-at-30-degrees","12":"instock","13":"sale","14":"taxable","15":"shipping-taxable","16":"purchasable","17":"product-type-variable"},"acf":[],"yoast_head":"<!-- This site is optimized with the Yoast SEO plugin v23.8 - https:\/\/yoast.com\/wordpress\/plugins\/seo\/ -->\n<title>WBLVIVIAN MIDI DRESS &#187; Stylestore.com Sweden<\/title>\n<meta name=\"robots\" content=\"index, follow, max-snippet:-1, max-image-preview:large, max-video-preview:-1\" \/>\n<link rel=\"canonical\" href=\"https:\/\/stylestore.com\/se\/product\/wblvivian-midi-dress-2\/\" \/>\n<meta property=\"og:locale\" content=\"sv_SE\" \/>\n<meta property=\"og:type\" content=\"article\" \/>\n<meta property=\"og:title\" content=\"WBLVIVIAN MIDI DRESS &#187; Stylestore.com Sweden\" \/>\n<meta property=\"og:url\" content=\"https:\/\/stylestore.com\/se\/product\/wblvivian-midi-dress-2\/\" \/>\n<meta property=\"og:site_name\" content=\"Stylestore.com Sweden\" \/>\n<meta property=\"article:modified_time\" content=\"2026-04-29T06:07:34+00:00\" \/>\n<meta property=\"og:image\" content=\"https:\/\/stylestore.com\/se\/wp-content\/uploads\/sites\/5\/2023\/02\/WBLVIVIAN20MIDI20DRESS20Magenta20Haze20Flower20Aop201-1.jpg\" \/>\n\t<meta property=\"og:image:width\" content=\"1668\" \/>\n\t<meta property=\"og:image:height\" content=\"2502\" \/>\n\t<meta property=\"og:image:type\" content=\"image\/jpeg\" \/>\n<meta name=\"twitter:card\" content=\"summary_large_image\" \/>\n<script type=\"application\/ld+json\" class=\"yoast-schema-graph\">{\"@context\":\"https:\/\/schema.org\",\"@graph\":[{\"@type\":\"WebPage\",\"@id\":\"https:\/\/stylestore.com\/se\/product\/wblvivian-midi-dress-2\/\",\"url\":\"https:\/\/stylestore.com\/se\/product\/wblvivian-midi-dress-2\/\",\"name\":\"WBLVIVIAN MIDI DRESS &#187; Stylestore.com Sweden\",\"isPartOf\":{\"@id\":\"https:\/\/stylestore.com\/se\/#website\"},\"primaryImageOfPage\":{\"@id\":\"https:\/\/stylestore.com\/se\/product\/wblvivian-midi-dress-2\/#primaryimage\"},\"image\":{\"@id\":\"https:\/\/stylestore.com\/se\/product\/wblvivian-midi-dress-2\/#primaryimage\"},\"thumbnailUrl\":\"https:\/\/stylestore.com\/se\/wp-content\/uploads\/sites\/5\/2023\/02\/WBLVIVIAN20MIDI20DRESS20Magenta20Haze20Flower20Aop201-1.jpg\",\"datePublished\":\"2022-08-15T08:50:04+00:00\",\"dateModified\":\"2026-04-29T06:07:34+00:00\",\"breadcrumb\":{\"@id\":\"https:\/\/stylestore.com\/se\/product\/wblvivian-midi-dress-2\/#breadcrumb\"},\"inLanguage\":\"sv-SE\",\"potentialAction\":[{\"@type\":\"ReadAction\",\"target\":[\"https:\/\/stylestore.com\/se\/product\/wblvivian-midi-dress-2\/\"]}]},{\"@type\":\"ImageObject\",\"inLanguage\":\"sv-SE\",\"@id\":\"https:\/\/stylestore.com\/se\/product\/wblvivian-midi-dress-2\/#primaryimage\",\"url\":\"https:\/\/stylestore.com\/se\/wp-content\/uploads\/sites\/5\/2023\/02\/WBLVIVIAN20MIDI20DRESS20Magenta20Haze20Flower20Aop201-1.jpg\",\"contentUrl\":\"https:\/\/stylestore.com\/se\/wp-content\/uploads\/sites\/5\/2023\/02\/WBLVIVIAN20MIDI20DRESS20Magenta20Haze20Flower20Aop201-1.jpg\",\"width\":1668,\"height\":2502},{\"@type\":\"BreadcrumbList\",\"@id\":\"https:\/\/stylestore.com\/se\/product\/wblvivian-midi-dress-2\/#breadcrumb\",\"itemListElement\":[{\"@type\":\"ListItem\",\"position\":1,\"name\":\"Home\",\"item\":\"https:\/\/stylestore.com\/se\/\"},{\"@type\":\"ListItem\",\"position\":2,\"name\":\"S\u00f8g\",\"item\":\"https:\/\/stylestore.com\/se\/soeg\/\"},{\"@type\":\"ListItem\",\"position\":3,\"name\":\"WBLVIVIAN MIDI DRESS\"}]},{\"@type\":\"WebSite\",\"@id\":\"https:\/\/stylestore.com\/se\/#website\",\"url\":\"https:\/\/stylestore.com\/se\/\",\"name\":\"Stylestore.com Sweden\",\"description\":\"\",\"potentialAction\":[{\"@type\":\"SearchAction\",\"target\":{\"@type\":\"EntryPoint\",\"urlTemplate\":\"https:\/\/stylestore.com\/se\/?s={search_term_string}\"},\"query-input\":{\"@type\":\"PropertyValueSpecification\",\"valueRequired\":true,\"valueName\":\"search_term_string\"}}],\"inLanguage\":\"sv-SE\"}]}<\/script>\n<!-- \/ Yoast SEO plugin. -->","yoast_head_json":{"title":"WBLVIVIAN MIDI DRESS &#187; Stylestore.com Sweden","robots":{"index":"index","follow":"follow","max-snippet":"max-snippet:-1","max-image-preview":"max-image-preview:large","max-video-preview":"max-video-preview:-1"},"canonical":"https:\/\/stylestore.com\/se\/product\/wblvivian-midi-dress-2\/","og_locale":"sv_SE","og_type":"article","og_title":"WBLVIVIAN MIDI DRESS &#187; Stylestore.com Sweden","og_url":"https:\/\/stylestore.com\/se\/product\/wblvivian-midi-dress-2\/","og_site_name":"Stylestore.com Sweden","article_modified_time":"2026-04-29T06:07:34+00:00","og_image":[{"width":1668,"height":2502,"url":"https:\/\/stylestore.com\/se\/wp-content\/uploads\/sites\/5\/2023\/02\/WBLVIVIAN20MIDI20DRESS20Magenta20Haze20Flower20Aop201-1.jpg","type":"image\/jpeg"}],"twitter_card":"summary_large_image","schema":{"@context":"https:\/\/schema.org","@graph":[{"@type":"WebPage","@id":"https:\/\/stylestore.com\/se\/product\/wblvivian-midi-dress-2\/","url":"https:\/\/stylestore.com\/se\/product\/wblvivian-midi-dress-2\/","name":"WBLVIVIAN MIDI DRESS &#187; Stylestore.com Sweden","isPartOf":{"@id":"https:\/\/stylestore.com\/se\/#website"},"primaryImageOfPage":{"@id":"https:\/\/stylestore.com\/se\/product\/wblvivian-midi-dress-2\/#primaryimage"},"image":{"@id":"https:\/\/stylestore.com\/se\/product\/wblvivian-midi-dress-2\/#primaryimage"},"thumbnailUrl":"https:\/\/stylestore.com\/se\/wp-content\/uploads\/sites\/5\/2023\/02\/WBLVIVIAN20MIDI20DRESS20Magenta20Haze20Flower20Aop201-1.jpg","datePublished":"2022-08-15T08:50:04+00:00","dateModified":"2026-04-29T06:07:34+00:00","breadcrumb":{"@id":"https:\/\/stylestore.com\/se\/product\/wblvivian-midi-dress-2\/#breadcrumb"},"inLanguage":"sv-SE","potentialAction":[{"@type":"ReadAction","target":["https:\/\/stylestore.com\/se\/product\/wblvivian-midi-dress-2\/"]}]},{"@type":"ImageObject","inLanguage":"sv-SE","@id":"https:\/\/stylestore.com\/se\/product\/wblvivian-midi-dress-2\/#primaryimage","url":"https:\/\/stylestore.com\/se\/wp-content\/uploads\/sites\/5\/2023\/02\/WBLVIVIAN20MIDI20DRESS20Magenta20Haze20Flower20Aop201-1.jpg","contentUrl":"https:\/\/stylestore.com\/se\/wp-content\/uploads\/sites\/5\/2023\/02\/WBLVIVIAN20MIDI20DRESS20Magenta20Haze20Flower20Aop201-1.jpg","width":1668,"height":2502},{"@type":"BreadcrumbList","@id":"https:\/\/stylestore.com\/se\/product\/wblvivian-midi-dress-2\/#breadcrumb","itemListElement":[{"@type":"ListItem","position":1,"name":"Home","item":"https:\/\/stylestore.com\/se\/"},{"@type":"ListItem","position":2,"name":"S\u00f8g","item":"https:\/\/stylestore.com\/se\/soeg\/"},{"@type":"ListItem","position":3,"name":"WBLVIVIAN MIDI DRESS"}]},{"@type":"WebSite","@id":"https:\/\/stylestore.com\/se\/#website","url":"https:\/\/stylestore.com\/se\/","name":"Stylestore.com Sweden","description":"","potentialAction":[{"@type":"SearchAction","target":{"@type":"EntryPoint","urlTemplate":"https:\/\/stylestore.com\/se\/?s={search_term_string}"},"query-input":{"@type":"PropertyValueSpecification","valueRequired":true,"valueName":"search_term_string"}}],"inLanguage":"sv-SE"}]}},"_links":{"self":[{"href":"https:\/\/stylestore.com\/se\/wp-json\/wp\/v2\/product\/146479","targetHints":{"allow":["GET"]}}],"collection":[{"href":"https:\/\/stylestore.com\/se\/wp-json\/wp\/v2\/product"}],"about":[{"href":"https:\/\/stylestore.com\/se\/wp-json\/wp\/v2\/types\/product"}],"wp:featuredmedia":[{"embeddable":true,"href":"https:\/\/stylestore.com\/se\/wp-json\/wp\/v2\/media\/164901"}],"wp:attachment":[{"href":"https:\/\/stylestore.com\/se\/wp-json\/wp\/v2\/media?parent=146479"}],"wp:term":[{"taxonomy":"product_brand","embeddable":true,"href":"https:\/\/stylestore.com\/se\/wp-json\/wp\/v2\/product_brand?post=146479"},{"taxonomy":"product_cat","embeddable":true,"href":"https:\/\/stylestore.com\/se\/wp-json\/wp\/v2\/product_cat?post=146479"},{"taxonomy":"product_tag","embeddable":true,"href":"https:\/\/stylestore.com\/se\/wp-json\/wp\/v2\/product_tag?post=146479"}],"curies":[{"name":"wp","href":"https:\/\/api.w.org\/{rel}","templated":true}]}}