{"id":189958,"date":"2024-04-23T10:49:49","date_gmt":"2024-04-23T08:49:49","guid":{"rendered":"https:\/\/stylestore.com\/se\/?page_id=189958"},"modified":"2024-07-04T15:51:00","modified_gmt":"2024-07-04T13:51:00","slug":"studio-lab","status":"publish","type":"page","link":"https:\/\/stylestore.com\/se\/studio-lab\/","title":{"rendered":"STUDIO LAB"},"content":{"rendered":"\t\t<div data-elementor-type=\"wp-page\" data-elementor-id=\"189958\" class=\"elementor elementor-189958\">\n\t\t\t\t\t\t<section class=\"elementor-section elementor-top-section elementor-element elementor-element-b6e737a elementor-section-boxed elementor-section-height-default elementor-section-height-default\" data-id=\"b6e737a\" data-element_type=\"section\" data-settings=\"{&quot;jet_parallax_layout_list&quot;:[]}\">\n\t\t\t\t\t\t<div class=\"elementor-container elementor-column-gap-default\">\n\t\t\t\t\t<div class=\"elementor-column elementor-col-100 elementor-top-column elementor-element elementor-element-4a590d4\" data-id=\"4a590d4\" data-element_type=\"column\">\n\t\t\t<div class=\"elementor-widget-wrap elementor-element-populated\">\n\t\t\t\t\t\t<div class=\"elementor-element elementor-element-cddfda6 elementor-widget elementor-widget-heading\" data-id=\"cddfda6\" data-element_type=\"widget\" data-widget_type=\"heading.default\">\n\t\t\t\t<div class=\"elementor-widget-container\">\n\t\t\t<h2 class=\"elementor-heading-title elementor-size-default\">STUDIO LAB <\/h2>\t\t<\/div>\n\t\t\t\t<\/div>\n\t\t\t\t<div class=\"elementor-element elementor-element-b5f8968 elementor-widget elementor-widget-text-editor\" data-id=\"b5f8968\" data-element_type=\"widget\" data-widget_type=\"text-editor.default\">\n\t\t\t\t<div class=\"elementor-widget-container\">\n\t\t\t\t\t\t\t<p>Omdefiniera din aktiva livsstil med stilar fr\u00e5n Studio Lab-kollektionen fr\u00e5n Withblack.<\/p>\t\t\t\t\t\t<\/div>\n\t\t\t\t<\/div>\n\t\t\t\t\t<\/div>\n\t\t<\/div>\n\t\t\t\t\t<\/div>\n\t\t<\/section>\n\t\t\t\t<section class=\"elementor-section elementor-top-section elementor-element elementor-element-f38e79f elementor-section-stretched elementor-section-full_width elementor-section-height-default elementor-section-height-default\" data-id=\"f38e79f\" data-element_type=\"section\" data-settings=\"{&quot;stretch_section&quot;:&quot;section-stretched&quot;,&quot;jet_parallax_layout_list&quot;:[{&quot;jet_parallax_layout_image&quot;:{&quot;url&quot;:&quot;&quot;,&quot;id&quot;:&quot;&quot;,&quot;size&quot;:&quot;&quot;},&quot;_id&quot;:&quot;3e21228&quot;,&quot;jet_parallax_layout_image_tablet&quot;:{&quot;url&quot;:&quot;&quot;,&quot;id&quot;:&quot;&quot;,&quot;size&quot;:&quot;&quot;},&quot;jet_parallax_layout_image_mobile&quot;:{&quot;url&quot;:&quot;&quot;,&quot;id&quot;:&quot;&quot;,&quot;size&quot;:&quot;&quot;},&quot;jet_parallax_layout_speed&quot;:{&quot;unit&quot;:&quot;%&quot;,&quot;size&quot;:50,&quot;sizes&quot;:[]},&quot;jet_parallax_layout_type&quot;:&quot;scroll&quot;,&quot;jet_parallax_layout_direction&quot;:null,&quot;jet_parallax_layout_fx_direction&quot;:null,&quot;jet_parallax_layout_z_index&quot;:&quot;&quot;,&quot;jet_parallax_layout_bg_x&quot;:50,&quot;jet_parallax_layout_bg_x_tablet&quot;:&quot;&quot;,&quot;jet_parallax_layout_bg_x_mobile&quot;:&quot;&quot;,&quot;jet_parallax_layout_bg_y&quot;:50,&quot;jet_parallax_layout_bg_y_tablet&quot;:&quot;&quot;,&quot;jet_parallax_layout_bg_y_mobile&quot;:&quot;&quot;,&quot;jet_parallax_layout_bg_size&quot;:&quot;auto&quot;,&quot;jet_parallax_layout_bg_size_tablet&quot;:&quot;&quot;,&quot;jet_parallax_layout_bg_size_mobile&quot;:&quot;&quot;,&quot;jet_parallax_layout_animation_prop&quot;:&quot;transform&quot;,&quot;jet_parallax_layout_on&quot;:[&quot;desktop&quot;,&quot;tablet&quot;]}]}\">\n\t\t\t\t\t\t<div class=\"elementor-container elementor-column-gap-narrow\">\n\t\t\t\t\t<div class=\"elementor-column elementor-col-33 elementor-top-column elementor-element elementor-element-e5ac404\" data-id=\"e5ac404\" data-element_type=\"column\">\n\t\t\t<div class=\"elementor-widget-wrap elementor-element-populated\">\n\t\t\t\t\t\t<div class=\"elementor-element elementor-element-cee373b elementor-widget elementor-widget-woo-product\" data-id=\"cee373b\" data-element_type=\"widget\" data-widget_type=\"woo-product.default\">\n\t\t\t\t<div class=\"elementor-widget-container\">\n\t\t\t<div class=\"elementor-woo-product jet-elements\"><div class=\"woocommerce \"><ul class=\"products columns-4\">\n<li class=\"product type-product post-177292 status-publish first instock product_cat-blusar product_cat-t-trojor product_tag-b2b has-post-thumbnail taxable shipping-taxable purchasable product-type-variable\">\n\t<a href=\"https:\/\/stylestore.com\/se\/product\/slalba-hood-sweat\/\" class=\"woocommerce-LoopProduct-link woocommerce-loop-product__link\"><div class=\"image-wrapper\"><div class=\"tag-wrapper\"><\/div><div class=\"product-image-wrap\" style=\"padding-bottom:140.7196969697%\">\n\t<img fetchpriority=\"high\" data-src=\"https:\/\/stylestore.com\/se\/wp-content\/uploads\/sites\/5\/2024\/04\/SLALBA20HOOD20SWEAT20Black-528x743.jpg\" data-alt-src=\"\" data-srcset=\"\" width=\"528\" height=\"743\" alt=\"SLALBA HOOD SWEAT\" class=\"product-image\">\n\t<noscript>\n\t\t<img decoding=\"async\" src=\"https:\/\/stylestore.com\/se\/wp-content\/uploads\/sites\/5\/2024\/04\/SLALBA20HOOD20SWEAT20Black-528x743.jpg\" class=\"product-image\" alt=\"SLALBA HOOD SWEAT\">\n\t<\/noscript>\n<\/div>\n<\/div><h2 class=\"woocommerce-loop-product__title\">SLALBA HOOD SWEAT<\/h2>\n\t<span class=\"price\"><span class=\"woocommerce-Price-amount amount\"><bdi><span class=\"woocommerce-Price-currencySymbol\">&#107;&#114;<\/span>&nbsp;799,99<\/bdi><\/span><\/span>\n<\/a><a href=\"https:\/\/stylestore.com\/se\/product\/slalba-hood-sweat\/\" aria-describedby=\"woocommerce_loop_add_to_cart_link_describedby_177292\" data-quantity=\"1\" class=\"button product_type_variable add_to_cart_button\" data-product_id=\"177292\" data-product_sku=\"\" aria-label=\"V\u00e4lj alternativ f\u00f6r \u201dSLALBA HOOD SWEAT\u201d\" rel=\"nofollow\">V\u00e4lj alternativ<\/a>\t<span id=\"woocommerce_loop_add_to_cart_link_describedby_177292\" class=\"screen-reader-text\">\n\t\tDen h\u00e4r produkten har flera varianter. De olika alternativen kan v\u00e4ljas p\u00e5 produktsidan\t<\/span>\n<span class=\"gtm4wp_productdata\" style=\"display:none; visibility:hidden;\" data-gtm4wp_product_data=\"{&quot;internal_id&quot;:177292,&quot;item_id&quot;:177292,&quot;item_name&quot;:&quot;SLALBA HOOD SWEAT&quot;,&quot;sku&quot;:177292,&quot;price&quot;:799.99,&quot;stocklevel&quot;:null,&quot;stockstatus&quot;:&quot;instock&quot;,&quot;google_business_vertical&quot;:&quot;retail&quot;,&quot;item_category&quot;:&quot;T-tr\\u00f6jor&quot;,&quot;id&quot;:177292,&quot;productlink&quot;:&quot;https:\\\/\\\/stylestore.com\\\/se\\\/product\\\/slalba-hood-sweat\\\/&quot;,&quot;item_list_name&quot;:&quot;General Product List&quot;,&quot;index&quot;:1,&quot;product_type&quot;:&quot;variable&quot;,&quot;item_brand&quot;:&quot;&quot;}\"><\/span><\/li>\n<\/ul>\n<\/div><\/div>\t\t<\/div>\n\t\t\t\t<\/div>\n\t\t\t\t\t<\/div>\n\t\t<\/div>\n\t\t\t\t<div class=\"elementor-column elementor-col-33 elementor-top-column elementor-element elementor-element-0ccf5c4\" data-id=\"0ccf5c4\" data-element_type=\"column\">\n\t\t\t<div class=\"elementor-widget-wrap elementor-element-populated\">\n\t\t\t\t\t\t<div class=\"elementor-element elementor-element-8784e48 elementor-widget elementor-widget-woo-product\" data-id=\"8784e48\" data-element_type=\"widget\" data-widget_type=\"woo-product.default\">\n\t\t\t\t<div class=\"elementor-widget-container\">\n\t\t\t<div class=\"elementor-woo-product jet-elements\"><div class=\"woocommerce \"><\/div><\/div>\t\t<\/div>\n\t\t\t\t<\/div>\n\t\t\t\t\t<\/div>\n\t\t<\/div>\n\t\t\t\t<div class=\"elementor-column elementor-col-33 elementor-top-column elementor-element elementor-element-4c7d218\" data-id=\"4c7d218\" data-element_type=\"column\">\n\t\t\t<div class=\"elementor-widget-wrap elementor-element-populated\">\n\t\t\t\t\t\t<div class=\"elementor-element elementor-element-af6e88c elementor-widget elementor-widget-woo-product\" data-id=\"af6e88c\" data-element_type=\"widget\" data-widget_type=\"woo-product.default\">\n\t\t\t\t<div class=\"elementor-widget-container\">\n\t\t\t<div class=\"elementor-woo-product jet-elements\"><div class=\"woocommerce \"><\/div><\/div>\t\t<\/div>\n\t\t\t\t<\/div>\n\t\t\t\t\t<\/div>\n\t\t<\/div>\n\t\t\t\t\t<\/div>\n\t\t<\/section>\n\t\t\t\t<section class=\"elementor-section elementor-top-section elementor-element elementor-element-fb446b3 elementor-section-stretched elementor-section-full_width elementor-section-height-default elementor-section-height-default\" data-id=\"fb446b3\" data-element_type=\"section\" data-settings=\"{&quot;stretch_section&quot;:&quot;section-stretched&quot;,&quot;jet_parallax_layout_list&quot;:[{&quot;jet_parallax_layout_image&quot;:{&quot;url&quot;:&quot;&quot;,&quot;id&quot;:&quot;&quot;,&quot;size&quot;:&quot;&quot;},&quot;_id&quot;:&quot;3e21228&quot;,&quot;jet_parallax_layout_image_tablet&quot;:{&quot;url&quot;:&quot;&quot;,&quot;id&quot;:&quot;&quot;,&quot;size&quot;:&quot;&quot;},&quot;jet_parallax_layout_image_mobile&quot;:{&quot;url&quot;:&quot;&quot;,&quot;id&quot;:&quot;&quot;,&quot;size&quot;:&quot;&quot;},&quot;jet_parallax_layout_speed&quot;:{&quot;unit&quot;:&quot;%&quot;,&quot;size&quot;:50,&quot;sizes&quot;:[]},&quot;jet_parallax_layout_type&quot;:&quot;scroll&quot;,&quot;jet_parallax_layout_direction&quot;:null,&quot;jet_parallax_layout_fx_direction&quot;:null,&quot;jet_parallax_layout_z_index&quot;:&quot;&quot;,&quot;jet_parallax_layout_bg_x&quot;:50,&quot;jet_parallax_layout_bg_x_tablet&quot;:&quot;&quot;,&quot;jet_parallax_layout_bg_x_mobile&quot;:&quot;&quot;,&quot;jet_parallax_layout_bg_y&quot;:50,&quot;jet_parallax_layout_bg_y_tablet&quot;:&quot;&quot;,&quot;jet_parallax_layout_bg_y_mobile&quot;:&quot;&quot;,&quot;jet_parallax_layout_bg_size&quot;:&quot;auto&quot;,&quot;jet_parallax_layout_bg_size_tablet&quot;:&quot;&quot;,&quot;jet_parallax_layout_bg_size_mobile&quot;:&quot;&quot;,&quot;jet_parallax_layout_animation_prop&quot;:&quot;transform&quot;,&quot;jet_parallax_layout_on&quot;:[&quot;desktop&quot;,&quot;tablet&quot;]}]}\">\n\t\t\t\t\t\t<div class=\"elementor-container elementor-column-gap-narrow\">\n\t\t\t\t\t<div class=\"elementor-column elementor-col-33 elementor-top-column elementor-element elementor-element-0648918\" data-id=\"0648918\" data-element_type=\"column\">\n\t\t\t<div class=\"elementor-widget-wrap elementor-element-populated\">\n\t\t\t\t\t\t<div class=\"elementor-element elementor-element-48867f6 elementor-widget elementor-widget-woo-product\" data-id=\"48867f6\" data-element_type=\"widget\" data-widget_type=\"woo-product.default\">\n\t\t\t\t<div class=\"elementor-widget-container\">\n\t\t\t<div class=\"elementor-woo-product jet-elements\"><div class=\"woocommerce \"><\/div><\/div>\t\t<\/div>\n\t\t\t\t<\/div>\n\t\t\t\t\t<\/div>\n\t\t<\/div>\n\t\t\t\t<div class=\"elementor-column elementor-col-33 elementor-top-column elementor-element elementor-element-7801e26\" data-id=\"7801e26\" data-element_type=\"column\">\n\t\t\t<div class=\"elementor-widget-wrap elementor-element-populated\">\n\t\t\t\t\t\t<div class=\"elementor-element elementor-element-807c7f6 elementor-widget elementor-widget-woo-product\" data-id=\"807c7f6\" data-element_type=\"widget\" data-widget_type=\"woo-product.default\">\n\t\t\t\t<div class=\"elementor-widget-container\">\n\t\t\t<div class=\"elementor-woo-product jet-elements\"><div class=\"woocommerce \"><\/div><\/div>\t\t<\/div>\n\t\t\t\t<\/div>\n\t\t\t\t\t<\/div>\n\t\t<\/div>\n\t\t\t\t<div class=\"elementor-column elementor-col-33 elementor-top-column elementor-element elementor-element-35adbb9\" data-id=\"35adbb9\" data-element_type=\"column\">\n\t\t\t<div class=\"elementor-widget-wrap elementor-element-populated\">\n\t\t\t\t\t\t<div class=\"elementor-element elementor-element-a43a0e2 elementor-widget elementor-widget-woo-product\" data-id=\"a43a0e2\" data-element_type=\"widget\" data-widget_type=\"woo-product.default\">\n\t\t\t\t<div class=\"elementor-widget-container\">\n\t\t\t<div class=\"elementor-woo-product jet-elements\"><div class=\"woocommerce \"><ul class=\"products columns-4\">\n<li class=\"product type-product post-177771 status-publish first instock product_cat-byxor-kjolar-jeans product_cat-kjolar-jeans product_tag-b2b has-post-thumbnail taxable shipping-taxable purchasable product-type-variable\">\n\t<a href=\"https:\/\/stylestore.com\/se\/product\/slreneta-compressive-leggins\/\" class=\"woocommerce-LoopProduct-link woocommerce-loop-product__link\"><div class=\"image-wrapper\"><div class=\"tag-wrapper\"><\/div><div class=\"product-image-wrap\" style=\"padding-bottom:140.7196969697%\">\n\t<img data-src=\"https:\/\/stylestore.com\/se\/wp-content\/uploads\/sites\/5\/2024\/04\/SLRENETA20COMPRESSIVE20BRA20SLRENETA2020COMPRESSIVE20LEGGINS20Black.1-528x743.jpg\" data-alt-src=\"https:\/\/stylestore.com\/se\/wp-content\/uploads\/sites\/5\/2024\/04\/SLRENETA2020COMPRESSIVE20LEGGINS.1.jpg\" data-srcset=\"\" width=\"528\" height=\"743\" alt=\"SLRENETA COMPRESSIVE LEGGINS\" class=\"product-image\">\n\t<noscript>\n\t\t<img decoding=\"async\" src=\"https:\/\/stylestore.com\/se\/wp-content\/uploads\/sites\/5\/2024\/04\/SLRENETA20COMPRESSIVE20BRA20SLRENETA2020COMPRESSIVE20LEGGINS20Black.1-528x743.jpg\" class=\"product-image\" alt=\"SLRENETA COMPRESSIVE LEGGINS\">\n\t<\/noscript>\n<\/div>\n<\/div><h2 class=\"woocommerce-loop-product__title\">SLRENETA COMPRESSIVE LEGGINS<\/h2>\n\t<span class=\"price\"><span class=\"woocommerce-Price-amount amount\"><bdi><span class=\"woocommerce-Price-currencySymbol\">&#107;&#114;<\/span>&nbsp;579,99<\/bdi><\/span><\/span>\n<\/a><a href=\"https:\/\/stylestore.com\/se\/product\/slreneta-compressive-leggins\/\" aria-describedby=\"woocommerce_loop_add_to_cart_link_describedby_177771\" data-quantity=\"1\" class=\"button product_type_variable add_to_cart_button\" data-product_id=\"177771\" data-product_sku=\"\" aria-label=\"V\u00e4lj alternativ f\u00f6r \u201dSLRENETA COMPRESSIVE LEGGINS\u201d\" rel=\"nofollow\">V\u00e4lj alternativ<\/a>\t<span id=\"woocommerce_loop_add_to_cart_link_describedby_177771\" class=\"screen-reader-text\">\n\t\tDen h\u00e4r produkten har flera varianter. De olika alternativen kan v\u00e4ljas p\u00e5 produktsidan\t<\/span>\n<span class=\"gtm4wp_productdata\" style=\"display:none; visibility:hidden;\" data-gtm4wp_product_data=\"{&quot;internal_id&quot;:177771,&quot;item_id&quot;:177771,&quot;item_name&quot;:&quot;SLRENETA COMPRESSIVE LEGGINS&quot;,&quot;sku&quot;:177771,&quot;price&quot;:579.99,&quot;stocklevel&quot;:null,&quot;stockstatus&quot;:&quot;instock&quot;,&quot;google_business_vertical&quot;:&quot;retail&quot;,&quot;item_category&quot;:&quot;KJOLAR &amp; JEANS&quot;,&quot;id&quot;:177771,&quot;productlink&quot;:&quot;https:\\\/\\\/stylestore.com\\\/se\\\/product\\\/slreneta-compressive-leggins\\\/&quot;,&quot;item_list_name&quot;:&quot;General Product List&quot;,&quot;index&quot;:1,&quot;product_type&quot;:&quot;variable&quot;,&quot;item_brand&quot;:&quot;&quot;}\"><\/span><\/li>\n<\/ul>\n<\/div><\/div>\t\t<\/div>\n\t\t\t\t<\/div>\n\t\t\t\t\t<\/div>\n\t\t<\/div>\n\t\t\t\t\t<\/div>\n\t\t<\/section>\n\t\t\t\t<\/div>\n\t\t","protected":false},"excerpt":{"rendered":"","protected":false},"author":7815,"featured_media":0,"parent":0,"menu_order":0,"comment_status":"closed","ping_status":"closed","template":"","meta":{"_acf_changed":false,"footnotes":""},"class_list":["post-189958","page","type-page","status-publish","hentry"],"acf":[],"yoast_head":"<!-- This site is optimized with the Yoast SEO plugin v23.8 - https:\/\/yoast.com\/wordpress\/plugins\/seo\/ -->\n<title>Shoppa dina nya tr\u00e4ningskl\u00e4der h\u00e4r<\/title>\n<meta name=\"description\" content=\"Shoppa dina nya tr\u00e4ningskl\u00e4der h\u00e4r och omdefiniera din aktiva livsstil med stilar fr\u00e5n Studio Lab-kollektionen fr\u00e5n Withblack.\" \/>\n<meta name=\"robots\" content=\"index, follow, max-snippet:-1, max-image-preview:large, max-video-preview:-1\" \/>\n<link rel=\"canonical\" href=\"https:\/\/stylestore.com\/se\/studio-lab\/\" \/>\n<meta property=\"og:locale\" content=\"sv_SE\" \/>\n<meta property=\"og:type\" content=\"article\" \/>\n<meta property=\"og:title\" content=\"Shoppa dina nya tr\u00e4ningskl\u00e4der h\u00e4r\" \/>\n<meta property=\"og:description\" content=\"Shoppa dina nya tr\u00e4ningskl\u00e4der h\u00e4r och omdefiniera din aktiva livsstil med stilar fr\u00e5n Studio Lab-kollektionen fr\u00e5n Withblack.\" \/>\n<meta property=\"og:url\" content=\"https:\/\/stylestore.com\/se\/studio-lab\/\" \/>\n<meta property=\"og:site_name\" content=\"Stylestore.com Sweden\" \/>\n<meta property=\"article:modified_time\" content=\"2024-07-04T13:51:00+00:00\" \/>\n<meta property=\"og:image\" content=\"https:\/\/stylestore.com\/se\/wp-content\/uploads\/sites\/5\/2024\/04\/SLALBA20HOOD20SWEAT20Black-528x743.jpg\" \/>\n<meta name=\"twitter:card\" content=\"summary_large_image\" \/>\n<meta name=\"twitter:label1\" content=\"Ber\u00e4knad l\u00e4stid\" \/>\n\t<meta name=\"twitter:data1\" content=\"33 minuter\" \/>\n<script type=\"application\/ld+json\" class=\"yoast-schema-graph\">{\"@context\":\"https:\/\/schema.org\",\"@graph\":[{\"@type\":\"WebPage\",\"@id\":\"https:\/\/stylestore.com\/se\/studio-lab\/\",\"url\":\"https:\/\/stylestore.com\/se\/studio-lab\/\",\"name\":\"Shoppa dina nya tr\u00e4ningskl\u00e4der h\u00e4r\",\"isPartOf\":{\"@id\":\"https:\/\/stylestore.com\/se\/#website\"},\"primaryImageOfPage\":{\"@id\":\"https:\/\/stylestore.com\/se\/studio-lab\/#primaryimage\"},\"image\":{\"@id\":\"https:\/\/stylestore.com\/se\/studio-lab\/#primaryimage\"},\"thumbnailUrl\":\"https:\/\/stylestore.com\/se\/wp-content\/uploads\/sites\/5\/2024\/04\/SLALBA20HOOD20SWEAT20Black-528x743.jpg\",\"datePublished\":\"2024-04-23T08:49:49+00:00\",\"dateModified\":\"2024-07-04T13:51:00+00:00\",\"description\":\"Shoppa dina nya tr\u00e4ningskl\u00e4der h\u00e4r och omdefiniera din aktiva livsstil med stilar fr\u00e5n Studio Lab-kollektionen fr\u00e5n Withblack.\",\"breadcrumb\":{\"@id\":\"https:\/\/stylestore.com\/se\/studio-lab\/#breadcrumb\"},\"inLanguage\":\"sv-SE\",\"potentialAction\":[{\"@type\":\"ReadAction\",\"target\":[\"https:\/\/stylestore.com\/se\/studio-lab\/\"]}]},{\"@type\":\"ImageObject\",\"inLanguage\":\"sv-SE\",\"@id\":\"https:\/\/stylestore.com\/se\/studio-lab\/#primaryimage\",\"url\":\"https:\/\/stylestore.com\/se\/wp-content\/uploads\/sites\/5\/2024\/04\/SLALBA20HOOD20SWEAT20Black.jpg\",\"contentUrl\":\"https:\/\/stylestore.com\/se\/wp-content\/uploads\/sites\/5\/2024\/04\/SLALBA20HOOD20SWEAT20Black.jpg\",\"width\":1067,\"height\":1600},{\"@type\":\"BreadcrumbList\",\"@id\":\"https:\/\/stylestore.com\/se\/studio-lab\/#breadcrumb\",\"itemListElement\":[{\"@type\":\"ListItem\",\"position\":1,\"name\":\"Home\",\"item\":\"https:\/\/stylestore.com\/se\/\"},{\"@type\":\"ListItem\",\"position\":2,\"name\":\"STUDIO LAB\"}]},{\"@type\":\"WebSite\",\"@id\":\"https:\/\/stylestore.com\/se\/#website\",\"url\":\"https:\/\/stylestore.com\/se\/\",\"name\":\"Stylestore.com Sweden\",\"description\":\"\",\"potentialAction\":[{\"@type\":\"SearchAction\",\"target\":{\"@type\":\"EntryPoint\",\"urlTemplate\":\"https:\/\/stylestore.com\/se\/?s={search_term_string}\"},\"query-input\":{\"@type\":\"PropertyValueSpecification\",\"valueRequired\":true,\"valueName\":\"search_term_string\"}}],\"inLanguage\":\"sv-SE\"}]}<\/script>\n<!-- \/ Yoast SEO plugin. -->","yoast_head_json":{"title":"Shoppa dina nya tr\u00e4ningskl\u00e4der h\u00e4r","description":"Shoppa dina nya tr\u00e4ningskl\u00e4der h\u00e4r och omdefiniera din aktiva livsstil med stilar fr\u00e5n Studio Lab-kollektionen fr\u00e5n Withblack.","robots":{"index":"index","follow":"follow","max-snippet":"max-snippet:-1","max-image-preview":"max-image-preview:large","max-video-preview":"max-video-preview:-1"},"canonical":"https:\/\/stylestore.com\/se\/studio-lab\/","og_locale":"sv_SE","og_type":"article","og_title":"Shoppa dina nya tr\u00e4ningskl\u00e4der h\u00e4r","og_description":"Shoppa dina nya tr\u00e4ningskl\u00e4der h\u00e4r och omdefiniera din aktiva livsstil med stilar fr\u00e5n Studio Lab-kollektionen fr\u00e5n Withblack.","og_url":"https:\/\/stylestore.com\/se\/studio-lab\/","og_site_name":"Stylestore.com Sweden","article_modified_time":"2024-07-04T13:51:00+00:00","og_image":[{"url":"https:\/\/stylestore.com\/se\/wp-content\/uploads\/sites\/5\/2024\/04\/SLALBA20HOOD20SWEAT20Black-528x743.jpg"}],"twitter_card":"summary_large_image","twitter_misc":{"Ber\u00e4knad l\u00e4stid":"33 minuter"},"schema":{"@context":"https:\/\/schema.org","@graph":[{"@type":"WebPage","@id":"https:\/\/stylestore.com\/se\/studio-lab\/","url":"https:\/\/stylestore.com\/se\/studio-lab\/","name":"Shoppa dina nya tr\u00e4ningskl\u00e4der h\u00e4r","isPartOf":{"@id":"https:\/\/stylestore.com\/se\/#website"},"primaryImageOfPage":{"@id":"https:\/\/stylestore.com\/se\/studio-lab\/#primaryimage"},"image":{"@id":"https:\/\/stylestore.com\/se\/studio-lab\/#primaryimage"},"thumbnailUrl":"https:\/\/stylestore.com\/se\/wp-content\/uploads\/sites\/5\/2024\/04\/SLALBA20HOOD20SWEAT20Black-528x743.jpg","datePublished":"2024-04-23T08:49:49+00:00","dateModified":"2024-07-04T13:51:00+00:00","description":"Shoppa dina nya tr\u00e4ningskl\u00e4der h\u00e4r och omdefiniera din aktiva livsstil med stilar fr\u00e5n Studio Lab-kollektionen fr\u00e5n Withblack.","breadcrumb":{"@id":"https:\/\/stylestore.com\/se\/studio-lab\/#breadcrumb"},"inLanguage":"sv-SE","potentialAction":[{"@type":"ReadAction","target":["https:\/\/stylestore.com\/se\/studio-lab\/"]}]},{"@type":"ImageObject","inLanguage":"sv-SE","@id":"https:\/\/stylestore.com\/se\/studio-lab\/#primaryimage","url":"https:\/\/stylestore.com\/se\/wp-content\/uploads\/sites\/5\/2024\/04\/SLALBA20HOOD20SWEAT20Black.jpg","contentUrl":"https:\/\/stylestore.com\/se\/wp-content\/uploads\/sites\/5\/2024\/04\/SLALBA20HOOD20SWEAT20Black.jpg","width":1067,"height":1600},{"@type":"BreadcrumbList","@id":"https:\/\/stylestore.com\/se\/studio-lab\/#breadcrumb","itemListElement":[{"@type":"ListItem","position":1,"name":"Home","item":"https:\/\/stylestore.com\/se\/"},{"@type":"ListItem","position":2,"name":"STUDIO LAB"}]},{"@type":"WebSite","@id":"https:\/\/stylestore.com\/se\/#website","url":"https:\/\/stylestore.com\/se\/","name":"Stylestore.com Sweden","description":"","potentialAction":[{"@type":"SearchAction","target":{"@type":"EntryPoint","urlTemplate":"https:\/\/stylestore.com\/se\/?s={search_term_string}"},"query-input":{"@type":"PropertyValueSpecification","valueRequired":true,"valueName":"search_term_string"}}],"inLanguage":"sv-SE"}]}},"_links":{"self":[{"href":"https:\/\/stylestore.com\/se\/wp-json\/wp\/v2\/pages\/189958","targetHints":{"allow":["GET"]}}],"collection":[{"href":"https:\/\/stylestore.com\/se\/wp-json\/wp\/v2\/pages"}],"about":[{"href":"https:\/\/stylestore.com\/se\/wp-json\/wp\/v2\/types\/page"}],"author":[{"embeddable":true,"href":"https:\/\/stylestore.com\/se\/wp-json\/wp\/v2\/users\/7815"}],"replies":[{"embeddable":true,"href":"https:\/\/stylestore.com\/se\/wp-json\/wp\/v2\/comments?post=189958"}],"version-history":[{"count":17,"href":"https:\/\/stylestore.com\/se\/wp-json\/wp\/v2\/pages\/189958\/revisions"}],"predecessor-version":[{"id":193918,"href":"https:\/\/stylestore.com\/se\/wp-json\/wp\/v2\/pages\/189958\/revisions\/193918"}],"wp:attachment":[{"href":"https:\/\/stylestore.com\/se\/wp-json\/wp\/v2\/media?parent=189958"}],"curies":[{"name":"wp","href":"https:\/\/api.w.org\/{rel}","templated":true}]}}