{"id":1212,"date":"2019-07-11T07:02:13","date_gmt":"2019-07-11T05:02:13","guid":{"rendered":"https:\/\/stylestore.com\/se\/?page_id=1212"},"modified":"2025-10-30T13:54:26","modified_gmt":"2025-10-30T12:54:26","slug":"returns","status":"publish","type":"page","link":"https:\/\/stylestore.com\/se\/returns\/","title":{"rendered":"Returer"},"content":{"rendered":"\t\t<div data-elementor-type=\"wp-page\" data-elementor-id=\"1212\" class=\"elementor elementor-1212\">\n\t\t\t\t\t\t<section class=\"elementor-section elementor-top-section elementor-element elementor-element-d0b6a34 elementor-section-boxed elementor-section-height-default elementor-section-height-default\" data-id=\"d0b6a34\" data-element_type=\"section\" data-settings=\"{&quot;jet_parallax_layout_list&quot;:[{&quot;jet_parallax_layout_image&quot;:{&quot;url&quot;:&quot;&quot;,&quot;id&quot;:&quot;&quot;,&quot;size&quot;:&quot;&quot;},&quot;_id&quot;:&quot;8720ce1&quot;,&quot;jet_parallax_layout_image_tablet&quot;:{&quot;url&quot;:&quot;&quot;,&quot;id&quot;:&quot;&quot;,&quot;size&quot;:&quot;&quot;},&quot;jet_parallax_layout_image_mobile&quot;:{&quot;url&quot;:&quot;&quot;,&quot;id&quot;:&quot;&quot;,&quot;size&quot;:&quot;&quot;},&quot;jet_parallax_layout_speed&quot;:{&quot;unit&quot;:&quot;%&quot;,&quot;size&quot;:50,&quot;sizes&quot;:[]},&quot;jet_parallax_layout_type&quot;:&quot;scroll&quot;,&quot;jet_parallax_layout_direction&quot;:null,&quot;jet_parallax_layout_fx_direction&quot;:null,&quot;jet_parallax_layout_z_index&quot;:&quot;&quot;,&quot;jet_parallax_layout_bg_x&quot;:50,&quot;jet_parallax_layout_bg_x_tablet&quot;:&quot;&quot;,&quot;jet_parallax_layout_bg_x_mobile&quot;:&quot;&quot;,&quot;jet_parallax_layout_bg_y&quot;:50,&quot;jet_parallax_layout_bg_y_tablet&quot;:&quot;&quot;,&quot;jet_parallax_layout_bg_y_mobile&quot;:&quot;&quot;,&quot;jet_parallax_layout_bg_size&quot;:&quot;auto&quot;,&quot;jet_parallax_layout_bg_size_tablet&quot;:&quot;&quot;,&quot;jet_parallax_layout_bg_size_mobile&quot;:&quot;&quot;,&quot;jet_parallax_layout_animation_prop&quot;:&quot;transform&quot;,&quot;jet_parallax_layout_on&quot;:[&quot;desktop&quot;,&quot;tablet&quot;]}],&quot;background_background&quot;:&quot;classic&quot;}\">\n\t\t\t\t\t\t\t<div class=\"elementor-background-overlay\"><\/div>\n\t\t\t\t\t\t\t<div class=\"elementor-container elementor-column-gap-default\">\n\t\t\t\t\t<div class=\"elementor-column elementor-col-100 elementor-top-column elementor-element elementor-element-7483090\" data-id=\"7483090\" data-element_type=\"column\">\n\t\t\t<div class=\"elementor-widget-wrap elementor-element-populated\">\n\t\t\t\t\t\t<div class=\"elementor-element elementor-element-b31ed42 elementor-widget elementor-widget-heading\" data-id=\"b31ed42\" data-element_type=\"widget\" data-widget_type=\"heading.default\">\n\t\t\t\t<div class=\"elementor-widget-container\">\n\t\t\t<h1 class=\"elementor-heading-title elementor-size-default\">Returer <\/h1>\t\t<\/div>\n\t\t\t\t<\/div>\n\t\t\t\t\t<\/div>\n\t\t<\/div>\n\t\t\t\t\t<\/div>\n\t\t<\/section>\n\t\t\t\t<section class=\"elementor-section elementor-top-section elementor-element elementor-element-6b5791c returns elementor-section-boxed elementor-section-height-default elementor-section-height-default\" data-id=\"6b5791c\" data-element_type=\"section\" data-settings=\"{&quot;jet_parallax_layout_list&quot;:[{&quot;jet_parallax_layout_image&quot;:{&quot;url&quot;:&quot;&quot;,&quot;id&quot;:&quot;&quot;,&quot;size&quot;:&quot;&quot;},&quot;_id&quot;:&quot;b1c1286&quot;,&quot;jet_parallax_layout_image_tablet&quot;:{&quot;url&quot;:&quot;&quot;,&quot;id&quot;:&quot;&quot;,&quot;size&quot;:&quot;&quot;},&quot;jet_parallax_layout_image_mobile&quot;:{&quot;url&quot;:&quot;&quot;,&quot;id&quot;:&quot;&quot;,&quot;size&quot;:&quot;&quot;},&quot;jet_parallax_layout_speed&quot;:{&quot;unit&quot;:&quot;%&quot;,&quot;size&quot;:50,&quot;sizes&quot;:[]},&quot;jet_parallax_layout_type&quot;:&quot;scroll&quot;,&quot;jet_parallax_layout_direction&quot;:null,&quot;jet_parallax_layout_fx_direction&quot;:null,&quot;jet_parallax_layout_z_index&quot;:&quot;&quot;,&quot;jet_parallax_layout_bg_x&quot;:50,&quot;jet_parallax_layout_bg_x_tablet&quot;:&quot;&quot;,&quot;jet_parallax_layout_bg_x_mobile&quot;:&quot;&quot;,&quot;jet_parallax_layout_bg_y&quot;:50,&quot;jet_parallax_layout_bg_y_tablet&quot;:&quot;&quot;,&quot;jet_parallax_layout_bg_y_mobile&quot;:&quot;&quot;,&quot;jet_parallax_layout_bg_size&quot;:&quot;auto&quot;,&quot;jet_parallax_layout_bg_size_tablet&quot;:&quot;&quot;,&quot;jet_parallax_layout_bg_size_mobile&quot;:&quot;&quot;,&quot;jet_parallax_layout_animation_prop&quot;:&quot;transform&quot;,&quot;jet_parallax_layout_on&quot;:[&quot;desktop&quot;,&quot;tablet&quot;]}]}\">\n\t\t\t\t\t\t<div class=\"elementor-container elementor-column-gap-default\">\n\t\t\t\t\t<div class=\"elementor-column elementor-col-100 elementor-top-column elementor-element elementor-element-e95f3e6\" data-id=\"e95f3e6\" data-element_type=\"column\">\n\t\t\t<div class=\"elementor-widget-wrap elementor-element-populated\">\n\t\t\t\t\t\t<div class=\"elementor-element elementor-element-ab9a39e elementor-widget elementor-widget-heading\" data-id=\"ab9a39e\" data-element_type=\"widget\" data-widget_type=\"heading.default\">\n\t\t\t\t<div class=\"elementor-widget-container\">\n\t\t\t<h2 class=\"elementor-heading-title elementor-size-default\">RETUR<\/h2>\t\t<\/div>\n\t\t\t\t<\/div>\n\t\t\t\t<div class=\"elementor-element elementor-element-6645333 elementor-widget elementor-widget-text-editor\" data-id=\"6645333\" data-element_type=\"widget\" data-widget_type=\"text-editor.default\">\n\t\t\t\t<div class=\"elementor-widget-container\">\n\t\t\t\t\t\t\t<p>Beh\u00f6ver du returnera en produkt? Det g\u00f6r du enkelt och det \u00e4r gratis f\u00f6r dig. Fr\u00e5n dagen som du mottar din best\u00e4llning har du 30 dagars returr\u00e4tt.<\/p>\t\t\t\t\t\t<\/div>\n\t\t\t\t<\/div>\n\t\t\t\t<div class=\"elementor-element elementor-element-53c1c11 elementor-widget elementor-widget-heading\" data-id=\"53c1c11\" data-element_type=\"widget\" data-widget_type=\"heading.default\">\n\t\t\t\t<div class=\"elementor-widget-container\">\n\t\t\t<h4 class=\"elementor-heading-title elementor-size-default\">F\u00d6LJ DESSA STEG F\u00d6R ATT RETURNERA DIN PRODUKT:<\/h4>\t\t<\/div>\n\t\t\t\t<\/div>\n\t\t\t\t<div class=\"elementor-element elementor-element-443ce3e elementor-widget elementor-widget-text-editor\" data-id=\"443ce3e\" data-element_type=\"widget\" data-widget_type=\"text-editor.default\">\n\t\t\t\t<div class=\"elementor-widget-container\">\n\t\t\t\t\t\t\t<p><strong>1.<\/strong>\u200b Udfyld returformularen. S\u00f8rg for, at alle produkter returneres i oprindelig, ubrugt stand, herunder intet tegn p\u00e5 slid, pletter eller skader samt lugt fra parfume eller r\u00f8g. Pak dine produkter godt ind. S\u00e6t den vedlagte returlabel p\u00e5 din pakke \u2013 s\u00e5 returner du gratis din pakke til os.<\/p>\t\t\t\t\t\t<\/div>\n\t\t\t\t<\/div>\n\t\t\t\t<div class=\"elementor-element elementor-element-8b62bc9 elementor-widget elementor-widget-text-editor\" data-id=\"8b62bc9\" data-element_type=\"widget\" data-widget_type=\"text-editor.default\">\n\t\t\t\t<div class=\"elementor-widget-container\">\n\t\t\t\t\t\t\t<p><strong>2. <\/strong>Returnera paketet med hj\u00e4lp av samma \u00a0f\u00f6retag som levererade best\u00e4llningen (dvs. om DHL levererade best\u00e4llningen ska du anv\u00e4nda DHL vid retur).<\/p><p>V\u00e5r returadress \u00e4r:<br \/>Stylestore.com A\/S<br \/>Sydkrogen 12<br \/>7300 Jelling<\/p>\t\t\t\t\t\t<\/div>\n\t\t\t\t<\/div>\n\t\t\t\t<div class=\"elementor-element elementor-element-121a91a elementor-widget elementor-widget-text-editor\" data-id=\"121a91a\" data-element_type=\"widget\" data-widget_type=\"text-editor.default\">\n\t\t\t\t<div class=\"elementor-widget-container\">\n\t\t\t\t\t\t\t<p><strong>3.<\/strong> Kom ih\u00e5g att be om ett kvitto f\u00f6r f\u00f6rs\u00e4ndelsen som bevis f\u00f6r att paketet har skickats till oss.<\/p>\t\t\t\t\t\t<\/div>\n\t\t\t\t<\/div>\n\t\t\t\t<div class=\"elementor-element elementor-element-f52f342 elementor-widget elementor-widget-text-editor\" data-id=\"f52f342\" data-element_type=\"widget\" data-widget_type=\"text-editor.default\">\n\t\t\t\t<div class=\"elementor-widget-container\">\n\t\t\t\t\t\t\t<p><strong>4. <\/strong>Nu har du gjort din del! Vi kontaktar dig via e-post n\u00e4r paketet har mottagits och \u00e5terigen n\u00e4r vi \u00e5terbetalar dina pengar.<\/p><p>Vid retur av produkter fr\u00e5n olika best\u00e4llningar kan du l\u00e4gga alla produkterna i ett paket. Packa produkterna i en l\u00e5da och bifoga dina ifyllda returblanketter fr\u00e5n de olika best\u00e4llningarna. Om du har blivit av med en returblankett eller returetikett ber vi dig att kontakta oss p\u00e5 <a href=\"mailto:customer@stylestore.com\" target=\"_blank\" rel=\"noopener\">customerservice@stylestore.com<\/a> f\u00f6r att f\u00e5 en ny.<\/p><p>Observera att vi bifogar en returetikett per best\u00e4llning.<\/p>\t\t\t\t\t\t<\/div>\n\t\t\t\t<\/div>\n\t\t\t\t\t<\/div>\n\t\t<\/div>\n\t\t\t\t\t<\/div>\n\t\t<\/section>\n\t\t\t\t<\/div>\n\t\t","protected":false},"excerpt":{"rendered":"","protected":false},"author":11,"featured_media":0,"parent":0,"menu_order":0,"comment_status":"closed","ping_status":"closed","template":"","meta":{"_acf_changed":false,"footnotes":""},"class_list":["post-1212","page","type-page","status-publish","hentry"],"acf":[],"yoast_head":"<!-- This site is optimized with the Yoast SEO plugin v23.8 - https:\/\/yoast.com\/wordpress\/plugins\/seo\/ -->\n<title>Returer &#187; Stylestore.com Sweden<\/title>\n<meta name=\"description\" content=\"Beh\u00f6ver du returnera en vara till oss? Vi g\u00f6r det enkelt f\u00f6r dig med kostnadsfria returer. Du har 30 dagars returr\u00e4tt fr\u00e5n den dag du f\u00e5r din best\u00e4llning.\" \/>\n<meta name=\"robots\" content=\"index, follow, max-snippet:-1, max-image-preview:large, max-video-preview:-1\" \/>\n<link rel=\"canonical\" href=\"https:\/\/stylestore.com\/se\/returer-och-byten\/\" \/>\n<meta property=\"og:locale\" content=\"sv_SE\" \/>\n<meta property=\"og:type\" content=\"article\" \/>\n<meta property=\"og:title\" content=\"Returer &#187; Stylestore.com Sweden\" \/>\n<meta property=\"og:description\" content=\"Beh\u00f6ver du returnera en vara till oss? Vi g\u00f6r det enkelt f\u00f6r dig med kostnadsfria returer. Du har 30 dagars returr\u00e4tt fr\u00e5n den dag du f\u00e5r din best\u00e4llning.\" \/>\n<meta property=\"og:url\" content=\"https:\/\/stylestore.com\/se\/returer-och-byten\/\" \/>\n<meta property=\"og:site_name\" content=\"Stylestore.com Sweden\" \/>\n<meta property=\"article:modified_time\" content=\"2025-10-30T12:54:26+00:00\" \/>\n<meta name=\"twitter:card\" content=\"summary_large_image\" \/>\n<meta name=\"twitter:label1\" content=\"Ber\u00e4knad l\u00e4stid\" \/>\n\t<meta name=\"twitter:data1\" content=\"3 minuter\" \/>\n<script type=\"application\/ld+json\" class=\"yoast-schema-graph\">{\"@context\":\"https:\/\/schema.org\",\"@graph\":[{\"@type\":\"WebPage\",\"@id\":\"https:\/\/stylestore.com\/se\/returns\/\",\"url\":\"https:\/\/stylestore.com\/se\/returer-och-byten\/\",\"name\":\"Returer &#187; Stylestore.com Sweden\",\"isPartOf\":{\"@id\":\"https:\/\/stylestore.com\/se\/#website\"},\"datePublished\":\"2019-07-11T05:02:13+00:00\",\"dateModified\":\"2025-10-30T12:54:26+00:00\",\"description\":\"Beh\u00f6ver du returnera en vara till oss? Vi g\u00f6r det enkelt f\u00f6r dig med kostnadsfria returer. Du har 30 dagars returr\u00e4tt fr\u00e5n den dag du f\u00e5r din best\u00e4llning.\",\"breadcrumb\":{\"@id\":\"https:\/\/stylestore.com\/se\/returer-och-byten\/#breadcrumb\"},\"inLanguage\":\"sv-SE\",\"potentialAction\":[{\"@type\":\"ReadAction\",\"target\":[\"https:\/\/stylestore.com\/se\/returer-och-byten\/\"]}]},{\"@type\":\"BreadcrumbList\",\"@id\":\"https:\/\/stylestore.com\/se\/returer-och-byten\/#breadcrumb\",\"itemListElement\":[{\"@type\":\"ListItem\",\"position\":1,\"name\":\"Home\",\"item\":\"https:\/\/stylestore.com\/se\/\"},{\"@type\":\"ListItem\",\"position\":2,\"name\":\"Returer\"}]},{\"@type\":\"WebSite\",\"@id\":\"https:\/\/stylestore.com\/se\/#website\",\"url\":\"https:\/\/stylestore.com\/se\/\",\"name\":\"Stylestore.com Sweden\",\"description\":\"\",\"potentialAction\":[{\"@type\":\"SearchAction\",\"target\":{\"@type\":\"EntryPoint\",\"urlTemplate\":\"https:\/\/stylestore.com\/se\/?s={search_term_string}\"},\"query-input\":{\"@type\":\"PropertyValueSpecification\",\"valueRequired\":true,\"valueName\":\"search_term_string\"}}],\"inLanguage\":\"sv-SE\"}]}<\/script>\n<!-- \/ Yoast SEO plugin. -->","yoast_head_json":{"title":"Returer &#187; Stylestore.com Sweden","description":"Beh\u00f6ver du returnera en vara till oss? Vi g\u00f6r det enkelt f\u00f6r dig med kostnadsfria returer. Du har 30 dagars returr\u00e4tt fr\u00e5n den dag du f\u00e5r din best\u00e4llning.","robots":{"index":"index","follow":"follow","max-snippet":"max-snippet:-1","max-image-preview":"max-image-preview:large","max-video-preview":"max-video-preview:-1"},"canonical":"https:\/\/stylestore.com\/se\/returer-och-byten\/","og_locale":"sv_SE","og_type":"article","og_title":"Returer &#187; Stylestore.com Sweden","og_description":"Beh\u00f6ver du returnera en vara till oss? Vi g\u00f6r det enkelt f\u00f6r dig med kostnadsfria returer. Du har 30 dagars returr\u00e4tt fr\u00e5n den dag du f\u00e5r din best\u00e4llning.","og_url":"https:\/\/stylestore.com\/se\/returer-och-byten\/","og_site_name":"Stylestore.com Sweden","article_modified_time":"2025-10-30T12:54:26+00:00","twitter_card":"summary_large_image","twitter_misc":{"Ber\u00e4knad l\u00e4stid":"3 minuter"},"schema":{"@context":"https:\/\/schema.org","@graph":[{"@type":"WebPage","@id":"https:\/\/stylestore.com\/se\/returns\/","url":"https:\/\/stylestore.com\/se\/returer-och-byten\/","name":"Returer &#187; Stylestore.com Sweden","isPartOf":{"@id":"https:\/\/stylestore.com\/se\/#website"},"datePublished":"2019-07-11T05:02:13+00:00","dateModified":"2025-10-30T12:54:26+00:00","description":"Beh\u00f6ver du returnera en vara till oss? Vi g\u00f6r det enkelt f\u00f6r dig med kostnadsfria returer. Du har 30 dagars returr\u00e4tt fr\u00e5n den dag du f\u00e5r din best\u00e4llning.","breadcrumb":{"@id":"https:\/\/stylestore.com\/se\/returer-och-byten\/#breadcrumb"},"inLanguage":"sv-SE","potentialAction":[{"@type":"ReadAction","target":["https:\/\/stylestore.com\/se\/returer-och-byten\/"]}]},{"@type":"BreadcrumbList","@id":"https:\/\/stylestore.com\/se\/returer-och-byten\/#breadcrumb","itemListElement":[{"@type":"ListItem","position":1,"name":"Home","item":"https:\/\/stylestore.com\/se\/"},{"@type":"ListItem","position":2,"name":"Returer"}]},{"@type":"WebSite","@id":"https:\/\/stylestore.com\/se\/#website","url":"https:\/\/stylestore.com\/se\/","name":"Stylestore.com Sweden","description":"","potentialAction":[{"@type":"SearchAction","target":{"@type":"EntryPoint","urlTemplate":"https:\/\/stylestore.com\/se\/?s={search_term_string}"},"query-input":{"@type":"PropertyValueSpecification","valueRequired":true,"valueName":"search_term_string"}}],"inLanguage":"sv-SE"}]}},"_links":{"self":[{"href":"https:\/\/stylestore.com\/se\/wp-json\/wp\/v2\/pages\/1212","targetHints":{"allow":["GET"]}}],"collection":[{"href":"https:\/\/stylestore.com\/se\/wp-json\/wp\/v2\/pages"}],"about":[{"href":"https:\/\/stylestore.com\/se\/wp-json\/wp\/v2\/types\/page"}],"author":[{"embeddable":true,"href":"https:\/\/stylestore.com\/se\/wp-json\/wp\/v2\/users\/11"}],"replies":[{"embeddable":true,"href":"https:\/\/stylestore.com\/se\/wp-json\/wp\/v2\/comments?post=1212"}],"version-history":[{"count":14,"href":"https:\/\/stylestore.com\/se\/wp-json\/wp\/v2\/pages\/1212\/revisions"}],"predecessor-version":[{"id":230684,"href":"https:\/\/stylestore.com\/se\/wp-json\/wp\/v2\/pages\/1212\/revisions\/230684"}],"wp:attachment":[{"href":"https:\/\/stylestore.com\/se\/wp-json\/wp\/v2\/media?parent=1212"}],"curies":[{"name":"wp","href":"https:\/\/api.w.org\/{rel}","templated":true}]}}