{"id":106332,"date":"2021-03-09T16:22:55","date_gmt":"2021-03-09T15:22:55","guid":{"rendered":"https:\/\/stylestore.com\/se\/?page_id=106332"},"modified":"2021-05-26T13:28:40","modified_gmt":"2021-05-26T11:28:40","slug":"leather","status":"publish","type":"page","link":"https:\/\/stylestore.com\/se\/leather\/","title":{"rendered":"Leather Products"},"content":{"rendered":"\t\t<div data-elementor-type=\"wp-page\" data-elementor-id=\"106332\" class=\"elementor elementor-106332\">\n\t\t\t\t\t\t<section class=\"elementor-section elementor-top-section elementor-element elementor-element-535e27d elementor-section-full_width elementor-section-stretched elementor-section-height-default elementor-section-height-default\" data-id=\"535e27d\" data-element_type=\"section\" data-settings=\"{&quot;stretch_section&quot;:&quot;section-stretched&quot;,&quot;jet_parallax_layout_list&quot;:[{&quot;jet_parallax_layout_image&quot;:{&quot;url&quot;:&quot;&quot;,&quot;id&quot;:&quot;&quot;,&quot;size&quot;:&quot;&quot;},&quot;_id&quot;:&quot;733b4f8&quot;,&quot;jet_parallax_layout_image_tablet&quot;:{&quot;url&quot;:&quot;&quot;,&quot;id&quot;:&quot;&quot;,&quot;size&quot;:&quot;&quot;},&quot;jet_parallax_layout_image_mobile&quot;:{&quot;url&quot;:&quot;&quot;,&quot;id&quot;:&quot;&quot;,&quot;size&quot;:&quot;&quot;},&quot;jet_parallax_layout_speed&quot;:{&quot;unit&quot;:&quot;%&quot;,&quot;size&quot;:50,&quot;sizes&quot;:[]},&quot;jet_parallax_layout_type&quot;:&quot;scroll&quot;,&quot;jet_parallax_layout_direction&quot;:null,&quot;jet_parallax_layout_fx_direction&quot;:null,&quot;jet_parallax_layout_z_index&quot;:&quot;&quot;,&quot;jet_parallax_layout_bg_x&quot;:50,&quot;jet_parallax_layout_bg_y&quot;:50,&quot;jet_parallax_layout_bg_size&quot;:&quot;auto&quot;,&quot;jet_parallax_layout_animation_prop&quot;:&quot;transform&quot;,&quot;jet_parallax_layout_on&quot;:[&quot;desktop&quot;,&quot;tablet&quot;],&quot;jet_parallax_layout_bg_x_tablet&quot;:&quot;&quot;,&quot;jet_parallax_layout_bg_x_mobile&quot;:&quot;&quot;,&quot;jet_parallax_layout_bg_y_tablet&quot;:&quot;&quot;,&quot;jet_parallax_layout_bg_y_mobile&quot;:&quot;&quot;,&quot;jet_parallax_layout_bg_size_tablet&quot;:&quot;&quot;,&quot;jet_parallax_layout_bg_size_mobile&quot;:&quot;&quot;}]}\">\n\t\t\t\t\t\t<div class=\"elementor-container elementor-column-gap-default\">\n\t\t\t\t\t<div class=\"elementor-column elementor-col-100 elementor-top-column elementor-element elementor-element-05508b2\" data-id=\"05508b2\" data-element_type=\"column\">\n\t\t\t<div class=\"elementor-widget-wrap elementor-element-populated\">\n\t\t\t\t\t\t<div class=\"elementor-element elementor-element-07dd78a elementor-widget elementor-widget-heading\" data-id=\"07dd78a\" data-element_type=\"widget\" data-widget_type=\"heading.default\">\n\t\t\t\t<div class=\"elementor-widget-container\">\n\t\t\t<h2 class=\"elementor-heading-title elementor-size-default\">real leather<\/h2>\t\t<\/div>\n\t\t\t\t<\/div>\n\t\t\t\t\t<\/div>\n\t\t<\/div>\n\t\t\t\t\t<\/div>\n\t\t<\/section>\n\t\t\t\t<section class=\"elementor-section elementor-top-section elementor-element elementor-element-4c4080c elementor-section-boxed elementor-section-height-default elementor-section-height-default\" data-id=\"4c4080c\" data-element_type=\"section\" data-settings=\"{&quot;jet_parallax_layout_list&quot;:[{&quot;jet_parallax_layout_image&quot;:{&quot;url&quot;:&quot;&quot;,&quot;id&quot;:&quot;&quot;,&quot;size&quot;:&quot;&quot;},&quot;_id&quot;:&quot;d5ecabd&quot;,&quot;jet_parallax_layout_image_tablet&quot;:{&quot;url&quot;:&quot;&quot;,&quot;id&quot;:&quot;&quot;,&quot;size&quot;:&quot;&quot;},&quot;jet_parallax_layout_image_mobile&quot;:{&quot;url&quot;:&quot;&quot;,&quot;id&quot;:&quot;&quot;,&quot;size&quot;:&quot;&quot;},&quot;jet_parallax_layout_speed&quot;:{&quot;unit&quot;:&quot;%&quot;,&quot;size&quot;:50,&quot;sizes&quot;:[]},&quot;jet_parallax_layout_type&quot;:&quot;scroll&quot;,&quot;jet_parallax_layout_direction&quot;:null,&quot;jet_parallax_layout_fx_direction&quot;:null,&quot;jet_parallax_layout_z_index&quot;:&quot;&quot;,&quot;jet_parallax_layout_bg_x&quot;:50,&quot;jet_parallax_layout_bg_y&quot;:50,&quot;jet_parallax_layout_bg_size&quot;:&quot;auto&quot;,&quot;jet_parallax_layout_animation_prop&quot;:&quot;transform&quot;,&quot;jet_parallax_layout_on&quot;:[&quot;desktop&quot;,&quot;tablet&quot;],&quot;jet_parallax_layout_bg_x_tablet&quot;:&quot;&quot;,&quot;jet_parallax_layout_bg_x_mobile&quot;:&quot;&quot;,&quot;jet_parallax_layout_bg_y_tablet&quot;:&quot;&quot;,&quot;jet_parallax_layout_bg_y_mobile&quot;:&quot;&quot;,&quot;jet_parallax_layout_bg_size_tablet&quot;:&quot;&quot;,&quot;jet_parallax_layout_bg_size_mobile&quot;:&quot;&quot;}]}\">\n\t\t\t\t\t\t<div class=\"elementor-container elementor-column-gap-default\">\n\t\t\t\t\t<div class=\"elementor-column elementor-col-100 elementor-top-column elementor-element elementor-element-ee68493\" data-id=\"ee68493\" data-element_type=\"column\">\n\t\t\t<div class=\"elementor-widget-wrap elementor-element-populated\">\n\t\t\t\t\t\t<div class=\"elementor-element elementor-element-7b520fb elementor-widget elementor-widget-text-editor\" data-id=\"7b520fb\" data-element_type=\"widget\" data-widget_type=\"text-editor.default\">\n\t\t\t\t<div class=\"elementor-widget-container\">\n\t\t\t\t\t\t\t<p>Alla v\u00e5ra produkter av \u00e4kta l\u00e4der \u00e4r vegetabiliskt f\u00f6rbehandlade utan anv\u00e4ndning av kemikalier. Det \u00e4r dyrare \u00e4n konventionellt kroml\u00e4der och l\u00e4dret f\u00e5r m\u00e5nga s\u00e4rskilda egenskaper. Men det \u00e4r ett smart val f\u00f6r den kr\u00e4sne l\u00e4derk\u00f6paren. Det \u00e4r mer h\u00e5llbart, av h\u00f6gre kvalitet och blir b\u00e4ttre med \u00e5ren.<\/p>\t\t\t\t\t\t<\/div>\n\t\t\t\t<\/div>\n\t\t\t\t\t<\/div>\n\t\t<\/div>\n\t\t\t\t\t<\/div>\n\t\t<\/section>\n\t\t\t\t<section class=\"elementor-section elementor-top-section elementor-element elementor-element-5432d1e elementor-section-full_width elementor-section-stretched elementor-section-height-default elementor-section-height-default\" data-id=\"5432d1e\" data-element_type=\"section\" data-settings=\"{&quot;stretch_section&quot;:&quot;section-stretched&quot;,&quot;jet_parallax_layout_list&quot;:[{&quot;jet_parallax_layout_image&quot;:{&quot;url&quot;:&quot;&quot;,&quot;id&quot;:&quot;&quot;,&quot;size&quot;:&quot;&quot;},&quot;_id&quot;:&quot;4d3d56a&quot;,&quot;jet_parallax_layout_image_tablet&quot;:{&quot;url&quot;:&quot;&quot;,&quot;id&quot;:&quot;&quot;,&quot;size&quot;:&quot;&quot;},&quot;jet_parallax_layout_image_mobile&quot;:{&quot;url&quot;:&quot;&quot;,&quot;id&quot;:&quot;&quot;,&quot;size&quot;:&quot;&quot;},&quot;jet_parallax_layout_speed&quot;:{&quot;unit&quot;:&quot;%&quot;,&quot;size&quot;:50,&quot;sizes&quot;:[]},&quot;jet_parallax_layout_type&quot;:&quot;scroll&quot;,&quot;jet_parallax_layout_direction&quot;:null,&quot;jet_parallax_layout_fx_direction&quot;:null,&quot;jet_parallax_layout_z_index&quot;:&quot;&quot;,&quot;jet_parallax_layout_bg_x&quot;:50,&quot;jet_parallax_layout_bg_y&quot;:50,&quot;jet_parallax_layout_bg_size&quot;:&quot;auto&quot;,&quot;jet_parallax_layout_animation_prop&quot;:&quot;transform&quot;,&quot;jet_parallax_layout_on&quot;:[&quot;desktop&quot;,&quot;tablet&quot;],&quot;jet_parallax_layout_bg_x_tablet&quot;:&quot;&quot;,&quot;jet_parallax_layout_bg_x_mobile&quot;:&quot;&quot;,&quot;jet_parallax_layout_bg_y_tablet&quot;:&quot;&quot;,&quot;jet_parallax_layout_bg_y_mobile&quot;:&quot;&quot;,&quot;jet_parallax_layout_bg_size_tablet&quot;:&quot;&quot;,&quot;jet_parallax_layout_bg_size_mobile&quot;:&quot;&quot;}]}\">\n\t\t\t\t\t\t<div class=\"elementor-container elementor-column-gap-default\">\n\t\t\t\t\t<div class=\"elementor-column elementor-col-100 elementor-top-column elementor-element elementor-element-c2e63bb\" data-id=\"c2e63bb\" data-element_type=\"column\">\n\t\t\t<div class=\"elementor-widget-wrap elementor-element-populated\">\n\t\t\t\t\t\t\t<\/div>\n\t\t<\/div>\n\t\t\t\t\t<\/div>\n\t\t<\/section>\n\t\t\t\t<\/div>\n\t\t","protected":false},"excerpt":{"rendered":"","protected":false},"author":3719,"featured_media":0,"parent":0,"menu_order":0,"comment_status":"closed","ping_status":"closed","template":"","meta":{"_acf_changed":false,"footnotes":""},"class_list":["post-106332","page","type-page","status-publish","hentry"],"acf":[],"yoast_head":"<!-- This site is optimized with the Yoast SEO plugin v23.8 - https:\/\/yoast.com\/wordpress\/plugins\/seo\/ -->\n<title>Leather Products &#187; Stylestore.com Sweden<\/title>\n<meta name=\"description\" content=\"Allt v\u00e5rt \u00e4kta l\u00e4der \u00e4r vegetabiliskt bearbetat utan anv\u00e4ndning av kemikalier. \u00c4kta l\u00e4der har m\u00e5nga fantastiska egenskaper och h\u00e5ller l\u00e4nge.\" \/>\n<meta name=\"robots\" content=\"index, follow, max-snippet:-1, max-image-preview:large, max-video-preview:-1\" \/>\n<link rel=\"canonical\" href=\"https:\/\/stylestore.com\/se\/leather\/\" \/>\n<meta property=\"og:locale\" content=\"sv_SE\" \/>\n<meta property=\"og:type\" content=\"article\" \/>\n<meta property=\"og:title\" content=\"Leather Products &#187; Stylestore.com Sweden\" \/>\n<meta property=\"og:description\" content=\"Allt v\u00e5rt \u00e4kta l\u00e4der \u00e4r vegetabiliskt bearbetat utan anv\u00e4ndning av kemikalier. \u00c4kta l\u00e4der har m\u00e5nga fantastiska egenskaper och h\u00e5ller l\u00e4nge.\" \/>\n<meta property=\"og:url\" content=\"https:\/\/stylestore.com\/se\/leather\/\" \/>\n<meta property=\"og:site_name\" content=\"Stylestore.com Sweden\" \/>\n<meta property=\"article:modified_time\" content=\"2021-05-26T11:28:40+00:00\" \/>\n<meta name=\"twitter:card\" content=\"summary_large_image\" \/>\n<script type=\"application\/ld+json\" class=\"yoast-schema-graph\">{\"@context\":\"https:\/\/schema.org\",\"@graph\":[{\"@type\":\"WebPage\",\"@id\":\"https:\/\/stylestore.com\/se\/leather\/\",\"url\":\"https:\/\/stylestore.com\/se\/leather\/\",\"name\":\"Leather Products &#187; Stylestore.com Sweden\",\"isPartOf\":{\"@id\":\"https:\/\/stylestore.com\/se\/#website\"},\"datePublished\":\"2021-03-09T15:22:55+00:00\",\"dateModified\":\"2021-05-26T11:28:40+00:00\",\"description\":\"Allt v\u00e5rt \u00e4kta l\u00e4der \u00e4r vegetabiliskt bearbetat utan anv\u00e4ndning av kemikalier. \u00c4kta l\u00e4der har m\u00e5nga fantastiska egenskaper och h\u00e5ller l\u00e4nge.\",\"breadcrumb\":{\"@id\":\"https:\/\/stylestore.com\/se\/leather\/#breadcrumb\"},\"inLanguage\":\"sv-SE\",\"potentialAction\":[{\"@type\":\"ReadAction\",\"target\":[\"https:\/\/stylestore.com\/se\/leather\/\"]}]},{\"@type\":\"BreadcrumbList\",\"@id\":\"https:\/\/stylestore.com\/se\/leather\/#breadcrumb\",\"itemListElement\":[{\"@type\":\"ListItem\",\"position\":1,\"name\":\"Home\",\"item\":\"https:\/\/stylestore.com\/se\/\"},{\"@type\":\"ListItem\",\"position\":2,\"name\":\"Leather Products\"}]},{\"@type\":\"WebSite\",\"@id\":\"https:\/\/stylestore.com\/se\/#website\",\"url\":\"https:\/\/stylestore.com\/se\/\",\"name\":\"Stylestore.com Sweden\",\"description\":\"\",\"potentialAction\":[{\"@type\":\"SearchAction\",\"target\":{\"@type\":\"EntryPoint\",\"urlTemplate\":\"https:\/\/stylestore.com\/se\/?s={search_term_string}\"},\"query-input\":{\"@type\":\"PropertyValueSpecification\",\"valueRequired\":true,\"valueName\":\"search_term_string\"}}],\"inLanguage\":\"sv-SE\"}]}<\/script>\n<!-- \/ Yoast SEO plugin. -->","yoast_head_json":{"title":"Leather Products &#187; Stylestore.com Sweden","description":"Allt v\u00e5rt \u00e4kta l\u00e4der \u00e4r vegetabiliskt bearbetat utan anv\u00e4ndning av kemikalier. \u00c4kta l\u00e4der har m\u00e5nga fantastiska egenskaper och h\u00e5ller l\u00e4nge.","robots":{"index":"index","follow":"follow","max-snippet":"max-snippet:-1","max-image-preview":"max-image-preview:large","max-video-preview":"max-video-preview:-1"},"canonical":"https:\/\/stylestore.com\/se\/leather\/","og_locale":"sv_SE","og_type":"article","og_title":"Leather Products &#187; Stylestore.com Sweden","og_description":"Allt v\u00e5rt \u00e4kta l\u00e4der \u00e4r vegetabiliskt bearbetat utan anv\u00e4ndning av kemikalier. \u00c4kta l\u00e4der har m\u00e5nga fantastiska egenskaper och h\u00e5ller l\u00e4nge.","og_url":"https:\/\/stylestore.com\/se\/leather\/","og_site_name":"Stylestore.com Sweden","article_modified_time":"2021-05-26T11:28:40+00:00","twitter_card":"summary_large_image","schema":{"@context":"https:\/\/schema.org","@graph":[{"@type":"WebPage","@id":"https:\/\/stylestore.com\/se\/leather\/","url":"https:\/\/stylestore.com\/se\/leather\/","name":"Leather Products &#187; Stylestore.com Sweden","isPartOf":{"@id":"https:\/\/stylestore.com\/se\/#website"},"datePublished":"2021-03-09T15:22:55+00:00","dateModified":"2021-05-26T11:28:40+00:00","description":"Allt v\u00e5rt \u00e4kta l\u00e4der \u00e4r vegetabiliskt bearbetat utan anv\u00e4ndning av kemikalier. \u00c4kta l\u00e4der har m\u00e5nga fantastiska egenskaper och h\u00e5ller l\u00e4nge.","breadcrumb":{"@id":"https:\/\/stylestore.com\/se\/leather\/#breadcrumb"},"inLanguage":"sv-SE","potentialAction":[{"@type":"ReadAction","target":["https:\/\/stylestore.com\/se\/leather\/"]}]},{"@type":"BreadcrumbList","@id":"https:\/\/stylestore.com\/se\/leather\/#breadcrumb","itemListElement":[{"@type":"ListItem","position":1,"name":"Home","item":"https:\/\/stylestore.com\/se\/"},{"@type":"ListItem","position":2,"name":"Leather Products"}]},{"@type":"WebSite","@id":"https:\/\/stylestore.com\/se\/#website","url":"https:\/\/stylestore.com\/se\/","name":"Stylestore.com Sweden","description":"","potentialAction":[{"@type":"SearchAction","target":{"@type":"EntryPoint","urlTemplate":"https:\/\/stylestore.com\/se\/?s={search_term_string}"},"query-input":{"@type":"PropertyValueSpecification","valueRequired":true,"valueName":"search_term_string"}}],"inLanguage":"sv-SE"}]}},"_links":{"self":[{"href":"https:\/\/stylestore.com\/se\/wp-json\/wp\/v2\/pages\/106332","targetHints":{"allow":["GET"]}}],"collection":[{"href":"https:\/\/stylestore.com\/se\/wp-json\/wp\/v2\/pages"}],"about":[{"href":"https:\/\/stylestore.com\/se\/wp-json\/wp\/v2\/types\/page"}],"author":[{"embeddable":true,"href":"https:\/\/stylestore.com\/se\/wp-json\/wp\/v2\/users\/3719"}],"replies":[{"embeddable":true,"href":"https:\/\/stylestore.com\/se\/wp-json\/wp\/v2\/comments?post=106332"}],"version-history":[{"count":1,"href":"https:\/\/stylestore.com\/se\/wp-json\/wp\/v2\/pages\/106332\/revisions"}],"predecessor-version":[{"id":116875,"href":"https:\/\/stylestore.com\/se\/wp-json\/wp\/v2\/pages\/106332\/revisions\/116875"}],"wp:attachment":[{"href":"https:\/\/stylestore.com\/se\/wp-json\/wp\/v2\/media?parent=106332"}],"curies":[{"name":"wp","href":"https:\/\/api.w.org\/{rel}","templated":true}]}}