{"id":584922,"date":"2026-02-19T15:07:49","date_gmt":"2026-02-19T14:07:49","guid":{"rendered":"https:\/\/stylestore.com\/no\/product\/wblsteffi-hw-wide-pant-2\/"},"modified":"2026-04-22T07:34:18","modified_gmt":"2026-04-22T05:34:18","slug":"wblsteffi-hw-wide-pant-2","status":"publish","type":"product","link":"https:\/\/stylestore.com\/no\/product\/wblsteffi-hw-wide-pant-2\/","title":{"rendered":"WBLSTEFFI HW WIDE PANT"},"content":{"rendered":"<p>Jeans with wide legs and turn up<br \/>\nNo stretch<br \/>\nHigh waist<br \/>\nLoose fit<br \/>\nWide legs with slim turn up<br \/>\nSlanted pockets at front<br \/>\nPleat at front<br \/>\nPaspel pockets on back<br \/>\nFull length<br \/>\nElasticated waistband at back<br \/>\nBelt loops<br \/>\nClosed with button and zipper<\/p>\n<p>Modellen er 172 cm h\u00f8j og b\u00e6rer st\u00f8rrelse S<br \/>\nProduktet er normal i st\u00f8rrelsen<\/p>\n","protected":false},"excerpt":{"rendered":"","protected":false},"featured_media":584975,"template":"","meta":{"_acf_changed":false},"product_brand":[],"product_cat":[21,128],"product_tag":[1596,1225],"class_list":{"0":"post-584922","1":"product","2":"type-product","3":"status-publish","4":"has-post-thumbnail","6":"product_cat-bottoms","7":"product_cat-pants","8":"product_tag-b2b","9":"product_tag-new","12":"instock","13":"taxable","14":"shipping-taxable","15":"purchasable","16":"product-type-variable"},"acf":[],"yoast_head":"<!-- This site is optimized with the Yoast SEO plugin v23.8 - https:\/\/yoast.com\/wordpress\/plugins\/seo\/ -->\n<title>WBLSTEFFI HW WIDE PANT &#187; Stylestore.com Norway<\/title>\n<meta name=\"robots\" content=\"index, follow, max-snippet:-1, max-image-preview:large, max-video-preview:-1\" \/>\n<link rel=\"canonical\" href=\"https:\/\/stylestore.com\/no\/product\/wblsteffi-hw-wide-pant-2\/\" \/>\n<meta property=\"og:locale\" content=\"nb_NO\" \/>\n<meta property=\"og:type\" content=\"article\" \/>\n<meta property=\"og:title\" content=\"WBLSTEFFI HW WIDE PANT &#187; Stylestore.com Norway\" \/>\n<meta property=\"og:url\" content=\"https:\/\/stylestore.com\/no\/product\/wblsteffi-hw-wide-pant-2\/\" \/>\n<meta property=\"og:site_name\" content=\"Stylestore.com Norway\" \/>\n<meta property=\"article:modified_time\" content=\"2026-04-22T05:34:18+00:00\" \/>\n<meta name=\"twitter:card\" content=\"summary_large_image\" \/>\n<script type=\"application\/ld+json\" class=\"yoast-schema-graph\">{\"@context\":\"https:\/\/schema.org\",\"@graph\":[{\"@type\":\"WebPage\",\"@id\":\"https:\/\/stylestore.com\/no\/product\/wblsteffi-hw-wide-pant-2\/\",\"url\":\"https:\/\/stylestore.com\/no\/product\/wblsteffi-hw-wide-pant-2\/\",\"name\":\"WBLSTEFFI HW WIDE PANT &#187; Stylestore.com Norway\",\"isPartOf\":{\"@id\":\"https:\/\/stylestore.com\/no\/#website\"},\"primaryImageOfPage\":{\"@id\":\"https:\/\/stylestore.com\/no\/product\/wblsteffi-hw-wide-pant-2\/#primaryimage\"},\"image\":{\"@id\":\"https:\/\/stylestore.com\/no\/product\/wblsteffi-hw-wide-pant-2\/#primaryimage\"},\"thumbnailUrl\":\"https:\/\/stylestore.com\/no\/wp-content\/uploads\/sites\/11\/2026\/02\/WBLSTEFFI_HW_WIDE_PANT_Blackberry8-scaled.jpg\",\"datePublished\":\"2026-02-19T14:07:49+00:00\",\"dateModified\":\"2026-04-22T05:34:18+00:00\",\"breadcrumb\":{\"@id\":\"https:\/\/stylestore.com\/no\/product\/wblsteffi-hw-wide-pant-2\/#breadcrumb\"},\"inLanguage\":\"nb-NO\",\"potentialAction\":[{\"@type\":\"ReadAction\",\"target\":[\"https:\/\/stylestore.com\/no\/product\/wblsteffi-hw-wide-pant-2\/\"]}]},{\"@type\":\"ImageObject\",\"inLanguage\":\"nb-NO\",\"@id\":\"https:\/\/stylestore.com\/no\/product\/wblsteffi-hw-wide-pant-2\/#primaryimage\",\"url\":\"https:\/\/stylestore.com\/no\/wp-content\/uploads\/sites\/11\/2026\/02\/WBLSTEFFI_HW_WIDE_PANT_Blackberry8-scaled.jpg\",\"contentUrl\":\"https:\/\/stylestore.com\/no\/wp-content\/uploads\/sites\/11\/2026\/02\/WBLSTEFFI_HW_WIDE_PANT_Blackberry8-scaled.jpg\",\"width\":1708,\"height\":2560},{\"@type\":\"BreadcrumbList\",\"@id\":\"https:\/\/stylestore.com\/no\/product\/wblsteffi-hw-wide-pant-2\/#breadcrumb\",\"itemListElement\":[{\"@type\":\"ListItem\",\"position\":1,\"name\":\"Search\",\"item\":\"https:\/\/stylestore.com\/no\/search\/\"},{\"@type\":\"ListItem\",\"position\":2,\"name\":\"WBLSTEFFI HW WIDE PANT\"}]},{\"@type\":\"WebSite\",\"@id\":\"https:\/\/stylestore.com\/no\/#website\",\"url\":\"https:\/\/stylestore.com\/no\/\",\"name\":\"Stylestore.com Norway\",\"description\":\"Scandinavian Simple Sophisticated\",\"potentialAction\":[{\"@type\":\"SearchAction\",\"target\":{\"@type\":\"EntryPoint\",\"urlTemplate\":\"https:\/\/stylestore.com\/no\/?s={search_term_string}\"},\"query-input\":{\"@type\":\"PropertyValueSpecification\",\"valueRequired\":true,\"valueName\":\"search_term_string\"}}],\"inLanguage\":\"nb-NO\"}]}<\/script>\n<!-- \/ Yoast SEO plugin. -->","yoast_head_json":{"title":"WBLSTEFFI HW WIDE PANT &#187; Stylestore.com Norway","robots":{"index":"index","follow":"follow","max-snippet":"max-snippet:-1","max-image-preview":"max-image-preview:large","max-video-preview":"max-video-preview:-1"},"canonical":"https:\/\/stylestore.com\/no\/product\/wblsteffi-hw-wide-pant-2\/","og_locale":"nb_NO","og_type":"article","og_title":"WBLSTEFFI HW WIDE PANT &#187; Stylestore.com Norway","og_url":"https:\/\/stylestore.com\/no\/product\/wblsteffi-hw-wide-pant-2\/","og_site_name":"Stylestore.com Norway","article_modified_time":"2026-04-22T05:34:18+00:00","twitter_card":"summary_large_image","schema":{"@context":"https:\/\/schema.org","@graph":[{"@type":"WebPage","@id":"https:\/\/stylestore.com\/no\/product\/wblsteffi-hw-wide-pant-2\/","url":"https:\/\/stylestore.com\/no\/product\/wblsteffi-hw-wide-pant-2\/","name":"WBLSTEFFI HW WIDE PANT &#187; Stylestore.com Norway","isPartOf":{"@id":"https:\/\/stylestore.com\/no\/#website"},"primaryImageOfPage":{"@id":"https:\/\/stylestore.com\/no\/product\/wblsteffi-hw-wide-pant-2\/#primaryimage"},"image":{"@id":"https:\/\/stylestore.com\/no\/product\/wblsteffi-hw-wide-pant-2\/#primaryimage"},"thumbnailUrl":"https:\/\/stylestore.com\/no\/wp-content\/uploads\/sites\/11\/2026\/02\/WBLSTEFFI_HW_WIDE_PANT_Blackberry8-scaled.jpg","datePublished":"2026-02-19T14:07:49+00:00","dateModified":"2026-04-22T05:34:18+00:00","breadcrumb":{"@id":"https:\/\/stylestore.com\/no\/product\/wblsteffi-hw-wide-pant-2\/#breadcrumb"},"inLanguage":"nb-NO","potentialAction":[{"@type":"ReadAction","target":["https:\/\/stylestore.com\/no\/product\/wblsteffi-hw-wide-pant-2\/"]}]},{"@type":"ImageObject","inLanguage":"nb-NO","@id":"https:\/\/stylestore.com\/no\/product\/wblsteffi-hw-wide-pant-2\/#primaryimage","url":"https:\/\/stylestore.com\/no\/wp-content\/uploads\/sites\/11\/2026\/02\/WBLSTEFFI_HW_WIDE_PANT_Blackberry8-scaled.jpg","contentUrl":"https:\/\/stylestore.com\/no\/wp-content\/uploads\/sites\/11\/2026\/02\/WBLSTEFFI_HW_WIDE_PANT_Blackberry8-scaled.jpg","width":1708,"height":2560},{"@type":"BreadcrumbList","@id":"https:\/\/stylestore.com\/no\/product\/wblsteffi-hw-wide-pant-2\/#breadcrumb","itemListElement":[{"@type":"ListItem","position":1,"name":"Search","item":"https:\/\/stylestore.com\/no\/search\/"},{"@type":"ListItem","position":2,"name":"WBLSTEFFI HW WIDE PANT"}]},{"@type":"WebSite","@id":"https:\/\/stylestore.com\/no\/#website","url":"https:\/\/stylestore.com\/no\/","name":"Stylestore.com Norway","description":"Scandinavian Simple Sophisticated","potentialAction":[{"@type":"SearchAction","target":{"@type":"EntryPoint","urlTemplate":"https:\/\/stylestore.com\/no\/?s={search_term_string}"},"query-input":{"@type":"PropertyValueSpecification","valueRequired":true,"valueName":"search_term_string"}}],"inLanguage":"nb-NO"}]}},"_links":{"self":[{"href":"https:\/\/stylestore.com\/no\/wp-json\/wp\/v2\/product\/584922","targetHints":{"allow":["GET"]}}],"collection":[{"href":"https:\/\/stylestore.com\/no\/wp-json\/wp\/v2\/product"}],"about":[{"href":"https:\/\/stylestore.com\/no\/wp-json\/wp\/v2\/types\/product"}],"wp:featuredmedia":[{"embeddable":true,"href":"https:\/\/stylestore.com\/no\/wp-json\/wp\/v2\/media\/584975"}],"wp:attachment":[{"href":"https:\/\/stylestore.com\/no\/wp-json\/wp\/v2\/media?parent=584922"}],"wp:term":[{"taxonomy":"product_brand","embeddable":true,"href":"https:\/\/stylestore.com\/no\/wp-json\/wp\/v2\/product_brand?post=584922"},{"taxonomy":"product_cat","embeddable":true,"href":"https:\/\/stylestore.com\/no\/wp-json\/wp\/v2\/product_cat?post=584922"},{"taxonomy":"product_tag","embeddable":true,"href":"https:\/\/stylestore.com\/no\/wp-json\/wp\/v2\/product_tag?post=584922"}],"curies":[{"name":"wp","href":"https:\/\/api.w.org\/{rel}","templated":true}]}}