{"id":617396,"date":"2026-02-24T08:57:27","date_gmt":"2026-02-24T07:57:27","guid":{"rendered":"https:\/\/stylestore.com\/deu\/product\/slmermaid-wide-pant-3\/"},"modified":"2026-04-14T08:04:12","modified_gmt":"2026-04-14T06:04:12","slug":"slmermaid-wide-pant-3","status":"publish","type":"product","link":"https:\/\/stylestore.com\/deu\/product\/slmermaid-wide-pant-3\/","title":{"rendered":"SLMERMAID WIDE PANT"},"content":{"rendered":"<p>Weiche doppelt gestrickte Jersey-Qualit\u00e4t<br \/>\nElastischer Bund mit Kordelzug<br \/>\nTasche an der Seitennaht<br \/>\nNormale L\u00e4nge<br \/>\nWeite Beine<br \/>\nNormale Passform<\/p>\n<p>Das Model ist 172 cm gro\u00df und tr\u00e4gt Gr\u00f6\u00dfe S.<br \/>\nDas Produkt f\u00e4llt normal aus.<\/p>\n","protected":false},"excerpt":{"rendered":"","protected":false},"featured_media":620901,"template":"","meta":{"_acf_changed":false},"product_brand":[],"product_cat":[128,21],"product_tag":[1871,1587],"class_list":{"0":"post-617396","1":"product","2":"type-product","3":"status-publish","4":"has-post-thumbnail","6":"product_cat-hosen","7":"product_cat-unterteile","8":"product_tag-b2b","9":"product_tag-noos","10":"pa_brand-studiolab","11":"pa_collection-noos","12":"pa_color-grey-melange","15":"instock","16":"taxable","17":"shipping-taxable","18":"purchasable","19":"product-type-variable"},"acf":[],"yoast_head":"<!-- This site is optimized with the Yoast SEO plugin v23.8 - https:\/\/yoast.com\/wordpress\/plugins\/seo\/ -->\n<title>SLMERMAID WIDE PANT &#187; Stylestore.com Germany<\/title>\n<meta name=\"robots\" content=\"index, follow, max-snippet:-1, max-image-preview:large, max-video-preview:-1\" \/>\n<link rel=\"canonical\" href=\"https:\/\/stylestore.com\/deu\/product\/slmermaid-wide-pant-3\/\" \/>\n<meta property=\"og:locale\" content=\"de_DE\" \/>\n<meta property=\"og:type\" content=\"article\" \/>\n<meta property=\"og:title\" content=\"SLMERMAID WIDE PANT &#187; Stylestore.com Germany\" \/>\n<meta property=\"og:url\" content=\"https:\/\/stylestore.com\/deu\/product\/slmermaid-wide-pant-3\/\" \/>\n<meta property=\"og:site_name\" content=\"Stylestore.com Germany\" \/>\n<meta property=\"article:modified_time\" content=\"2026-04-14T06:04:12+00:00\" \/>\n<meta name=\"twitter:card\" content=\"summary_large_image\" \/>\n<script type=\"application\/ld+json\" class=\"yoast-schema-graph\">{\"@context\":\"https:\/\/schema.org\",\"@graph\":[{\"@type\":\"WebPage\",\"@id\":\"https:\/\/stylestore.com\/deu\/product\/slmermaid-wide-pant-3\/\",\"url\":\"https:\/\/stylestore.com\/deu\/product\/slmermaid-wide-pant-3\/\",\"name\":\"SLMERMAID WIDE PANT &#187; Stylestore.com Germany\",\"isPartOf\":{\"@id\":\"https:\/\/stylestore.com\/deu\/#website\"},\"primaryImageOfPage\":{\"@id\":\"https:\/\/stylestore.com\/deu\/product\/slmermaid-wide-pant-3\/#primaryimage\"},\"image\":{\"@id\":\"https:\/\/stylestore.com\/deu\/product\/slmermaid-wide-pant-3\/#primaryimage\"},\"thumbnailUrl\":\"https:\/\/stylestore.com\/deu\/wp-content\/uploads\/sites\/4\/2026\/04\/Slmermaid_hood_Zip_Sweat_Grey_Melange00001.jpg\",\"datePublished\":\"2026-02-24T07:57:27+00:00\",\"dateModified\":\"2026-04-14T06:04:12+00:00\",\"breadcrumb\":{\"@id\":\"https:\/\/stylestore.com\/deu\/product\/slmermaid-wide-pant-3\/#breadcrumb\"},\"inLanguage\":\"de\",\"potentialAction\":[{\"@type\":\"ReadAction\",\"target\":[\"https:\/\/stylestore.com\/deu\/product\/slmermaid-wide-pant-3\/\"]}]},{\"@type\":\"ImageObject\",\"inLanguage\":\"de\",\"@id\":\"https:\/\/stylestore.com\/deu\/product\/slmermaid-wide-pant-3\/#primaryimage\",\"url\":\"https:\/\/stylestore.com\/deu\/wp-content\/uploads\/sites\/4\/2026\/04\/Slmermaid_hood_Zip_Sweat_Grey_Melange00001.jpg\",\"contentUrl\":\"https:\/\/stylestore.com\/deu\/wp-content\/uploads\/sites\/4\/2026\/04\/Slmermaid_hood_Zip_Sweat_Grey_Melange00001.jpg\",\"width\":1682,\"height\":2522},{\"@type\":\"BreadcrumbList\",\"@id\":\"https:\/\/stylestore.com\/deu\/product\/slmermaid-wide-pant-3\/#breadcrumb\",\"itemListElement\":[{\"@type\":\"ListItem\",\"position\":1,\"name\":\"Search\",\"item\":\"https:\/\/stylestore.com\/deu\/search\/\"},{\"@type\":\"ListItem\",\"position\":2,\"name\":\"SLMERMAID WIDE PANT\"}]},{\"@type\":\"WebSite\",\"@id\":\"https:\/\/stylestore.com\/deu\/#website\",\"url\":\"https:\/\/stylestore.com\/deu\/\",\"name\":\"Stylestore.com Germany\",\"description\":\"\",\"potentialAction\":[{\"@type\":\"SearchAction\",\"target\":{\"@type\":\"EntryPoint\",\"urlTemplate\":\"https:\/\/stylestore.com\/deu\/?s={search_term_string}\"},\"query-input\":{\"@type\":\"PropertyValueSpecification\",\"valueRequired\":true,\"valueName\":\"search_term_string\"}}],\"inLanguage\":\"de\"}]}<\/script>\n<!-- \/ Yoast SEO plugin. -->","yoast_head_json":{"title":"SLMERMAID WIDE PANT &#187; Stylestore.com Germany","robots":{"index":"index","follow":"follow","max-snippet":"max-snippet:-1","max-image-preview":"max-image-preview:large","max-video-preview":"max-video-preview:-1"},"canonical":"https:\/\/stylestore.com\/deu\/product\/slmermaid-wide-pant-3\/","og_locale":"de_DE","og_type":"article","og_title":"SLMERMAID WIDE PANT &#187; Stylestore.com Germany","og_url":"https:\/\/stylestore.com\/deu\/product\/slmermaid-wide-pant-3\/","og_site_name":"Stylestore.com Germany","article_modified_time":"2026-04-14T06:04:12+00:00","twitter_card":"summary_large_image","schema":{"@context":"https:\/\/schema.org","@graph":[{"@type":"WebPage","@id":"https:\/\/stylestore.com\/deu\/product\/slmermaid-wide-pant-3\/","url":"https:\/\/stylestore.com\/deu\/product\/slmermaid-wide-pant-3\/","name":"SLMERMAID WIDE PANT &#187; Stylestore.com Germany","isPartOf":{"@id":"https:\/\/stylestore.com\/deu\/#website"},"primaryImageOfPage":{"@id":"https:\/\/stylestore.com\/deu\/product\/slmermaid-wide-pant-3\/#primaryimage"},"image":{"@id":"https:\/\/stylestore.com\/deu\/product\/slmermaid-wide-pant-3\/#primaryimage"},"thumbnailUrl":"https:\/\/stylestore.com\/deu\/wp-content\/uploads\/sites\/4\/2026\/04\/Slmermaid_hood_Zip_Sweat_Grey_Melange00001.jpg","datePublished":"2026-02-24T07:57:27+00:00","dateModified":"2026-04-14T06:04:12+00:00","breadcrumb":{"@id":"https:\/\/stylestore.com\/deu\/product\/slmermaid-wide-pant-3\/#breadcrumb"},"inLanguage":"de","potentialAction":[{"@type":"ReadAction","target":["https:\/\/stylestore.com\/deu\/product\/slmermaid-wide-pant-3\/"]}]},{"@type":"ImageObject","inLanguage":"de","@id":"https:\/\/stylestore.com\/deu\/product\/slmermaid-wide-pant-3\/#primaryimage","url":"https:\/\/stylestore.com\/deu\/wp-content\/uploads\/sites\/4\/2026\/04\/Slmermaid_hood_Zip_Sweat_Grey_Melange00001.jpg","contentUrl":"https:\/\/stylestore.com\/deu\/wp-content\/uploads\/sites\/4\/2026\/04\/Slmermaid_hood_Zip_Sweat_Grey_Melange00001.jpg","width":1682,"height":2522},{"@type":"BreadcrumbList","@id":"https:\/\/stylestore.com\/deu\/product\/slmermaid-wide-pant-3\/#breadcrumb","itemListElement":[{"@type":"ListItem","position":1,"name":"Search","item":"https:\/\/stylestore.com\/deu\/search\/"},{"@type":"ListItem","position":2,"name":"SLMERMAID WIDE PANT"}]},{"@type":"WebSite","@id":"https:\/\/stylestore.com\/deu\/#website","url":"https:\/\/stylestore.com\/deu\/","name":"Stylestore.com Germany","description":"","potentialAction":[{"@type":"SearchAction","target":{"@type":"EntryPoint","urlTemplate":"https:\/\/stylestore.com\/deu\/?s={search_term_string}"},"query-input":{"@type":"PropertyValueSpecification","valueRequired":true,"valueName":"search_term_string"}}],"inLanguage":"de"}]}},"_links":{"self":[{"href":"https:\/\/stylestore.com\/deu\/wp-json\/wp\/v2\/product\/617396","targetHints":{"allow":["GET"]}}],"collection":[{"href":"https:\/\/stylestore.com\/deu\/wp-json\/wp\/v2\/product"}],"about":[{"href":"https:\/\/stylestore.com\/deu\/wp-json\/wp\/v2\/types\/product"}],"wp:featuredmedia":[{"embeddable":true,"href":"https:\/\/stylestore.com\/deu\/wp-json\/wp\/v2\/media\/620901"}],"wp:attachment":[{"href":"https:\/\/stylestore.com\/deu\/wp-json\/wp\/v2\/media?parent=617396"}],"wp:term":[{"taxonomy":"product_brand","embeddable":true,"href":"https:\/\/stylestore.com\/deu\/wp-json\/wp\/v2\/product_brand?post=617396"},{"taxonomy":"product_cat","embeddable":true,"href":"https:\/\/stylestore.com\/deu\/wp-json\/wp\/v2\/product_cat?post=617396"},{"taxonomy":"product_tag","embeddable":true,"href":"https:\/\/stylestore.com\/deu\/wp-json\/wp\/v2\/product_tag?post=617396"}],"curies":[{"name":"wp","href":"https:\/\/api.w.org\/{rel}","templated":true}]}}