{"id":603258,"date":"2025-11-17T16:20:26","date_gmt":"2025-11-17T15:20:26","guid":{"rendered":"https:\/\/stylestore.com\/deu\/product\/wblglorian-long-puffer-coat-22\/"},"modified":"2026-04-04T08:04:32","modified_gmt":"2026-04-04T06:04:32","slug":"wblglorian-long-puffer-coat-22","status":"publish","type":"product","link":"https:\/\/stylestore.com\/deu\/product\/wblglorian-long-puffer-coat-22\/","title":{"rendered":"WBLGLORIAN LONG PUFFER COAT"},"content":{"rendered":"<p>Pufferjacke<br \/>\nSuperleichte Faserf\u00fcllung<br \/>\nLeicht und gut verstaubar<br \/>\nH\u00e4lt richtig warm<br \/>\nK\u00e4ltebest\u00e4ndig<br \/>\nWinddicht<br \/>\nWasserabweisend<br \/>\nSchlanke Passform<br \/>\nL\u00e4nge bis unterhalb des Knies<br \/>\nKapuze mit verstellbarem Kordelzug<br \/>\nWeicher Innenkragen<br \/>\nRei\u00dfverschluss vorne<br \/>\nSeitentaschen mit Rei\u00dfverschluss<br \/>\nWeiche Innenb\u00fcndchen mit Daumenloch<\/p>\n<p>Das Model ist 172 cm gro\u00df und tr\u00e4gt Gr\u00f6\u00dfe Das Produkt f\u00e4llt normal aus und sorgt f\u00fcr eine schlanke Silhouette<br \/>\nF\u00fcr eine lockerere Passform w\u00e4hlst du besser eine Nummer gr\u00f6\u00dfer.<\/p>\n","protected":false},"excerpt":{"rendered":"","protected":false},"featured_media":611140,"template":"","meta":{"_acf_changed":false},"product_brand":[],"product_cat":[18,114],"product_tag":[1871,2134,1521],"class_list":{"0":"post-603258","1":"product","2":"type-product","3":"status-publish","4":"has-post-thumbnail","6":"product_cat-jacken","7":"product_cat-lange-jacken","8":"product_tag-b2b","9":"product_tag-pre-order","10":"product_tag-sustainable","11":"pa_brand-withblack","12":"pa_collection-icons-aw26","13":"pa_color-light-falcon","16":"instock","17":"taxable","18":"shipping-taxable","19":"purchasable","20":"product-type-variable"},"acf":[],"yoast_head":"<!-- This site is optimized with the Yoast SEO plugin v23.8 - https:\/\/yoast.com\/wordpress\/plugins\/seo\/ -->\n<title>WBLGLORIAN LONG PUFFER COAT &#187; Stylestore.com Germany<\/title>\n<meta name=\"robots\" content=\"index, follow, max-snippet:-1, max-image-preview:large, max-video-preview:-1\" \/>\n<link rel=\"canonical\" href=\"https:\/\/stylestore.com\/deu\/product\/wblglorian-long-puffer-coat-22\/\" \/>\n<meta property=\"og:locale\" content=\"de_DE\" \/>\n<meta property=\"og:type\" content=\"article\" \/>\n<meta property=\"og:title\" content=\"WBLGLORIAN LONG PUFFER COAT &#187; Stylestore.com Germany\" \/>\n<meta property=\"og:url\" content=\"https:\/\/stylestore.com\/deu\/product\/wblglorian-long-puffer-coat-22\/\" \/>\n<meta property=\"og:site_name\" content=\"Stylestore.com Germany\" \/>\n<meta property=\"article:modified_time\" content=\"2026-04-04T06:04:32+00:00\" \/>\n<meta name=\"twitter:card\" content=\"summary_large_image\" \/>\n<script type=\"application\/ld+json\" class=\"yoast-schema-graph\">{\"@context\":\"https:\/\/schema.org\",\"@graph\":[{\"@type\":\"WebPage\",\"@id\":\"https:\/\/stylestore.com\/deu\/product\/wblglorian-long-puffer-coat-22\/\",\"url\":\"https:\/\/stylestore.com\/deu\/product\/wblglorian-long-puffer-coat-22\/\",\"name\":\"WBLGLORIAN LONG PUFFER COAT &#187; Stylestore.com Germany\",\"isPartOf\":{\"@id\":\"https:\/\/stylestore.com\/deu\/#website\"},\"primaryImageOfPage\":{\"@id\":\"https:\/\/stylestore.com\/deu\/product\/wblglorian-long-puffer-coat-22\/#primaryimage\"},\"image\":{\"@id\":\"https:\/\/stylestore.com\/deu\/product\/wblglorian-long-puffer-coat-22\/#primaryimage\"},\"thumbnailUrl\":\"https:\/\/stylestore.com\/deu\/wp-content\/uploads\/sites\/4\/2025\/12\/WBLGLORIAN_LONG_PUFFER_COAT_Light_Falcon-5-scaled.jpg\",\"datePublished\":\"2025-11-17T15:20:26+00:00\",\"dateModified\":\"2026-04-04T06:04:32+00:00\",\"breadcrumb\":{\"@id\":\"https:\/\/stylestore.com\/deu\/product\/wblglorian-long-puffer-coat-22\/#breadcrumb\"},\"inLanguage\":\"de\",\"potentialAction\":[{\"@type\":\"ReadAction\",\"target\":[\"https:\/\/stylestore.com\/deu\/product\/wblglorian-long-puffer-coat-22\/\"]}]},{\"@type\":\"ImageObject\",\"inLanguage\":\"de\",\"@id\":\"https:\/\/stylestore.com\/deu\/product\/wblglorian-long-puffer-coat-22\/#primaryimage\",\"url\":\"https:\/\/stylestore.com\/deu\/wp-content\/uploads\/sites\/4\/2025\/12\/WBLGLORIAN_LONG_PUFFER_COAT_Light_Falcon-5-scaled.jpg\",\"contentUrl\":\"https:\/\/stylestore.com\/deu\/wp-content\/uploads\/sites\/4\/2025\/12\/WBLGLORIAN_LONG_PUFFER_COAT_Light_Falcon-5-scaled.jpg\",\"width\":1707,\"height\":2560},{\"@type\":\"BreadcrumbList\",\"@id\":\"https:\/\/stylestore.com\/deu\/product\/wblglorian-long-puffer-coat-22\/#breadcrumb\",\"itemListElement\":[{\"@type\":\"ListItem\",\"position\":1,\"name\":\"Search\",\"item\":\"https:\/\/stylestore.com\/deu\/search\/\"},{\"@type\":\"ListItem\",\"position\":2,\"name\":\"WBLGLORIAN LONG PUFFER COAT\"}]},{\"@type\":\"WebSite\",\"@id\":\"https:\/\/stylestore.com\/deu\/#website\",\"url\":\"https:\/\/stylestore.com\/deu\/\",\"name\":\"Stylestore.com Germany\",\"description\":\"\",\"potentialAction\":[{\"@type\":\"SearchAction\",\"target\":{\"@type\":\"EntryPoint\",\"urlTemplate\":\"https:\/\/stylestore.com\/deu\/?s={search_term_string}\"},\"query-input\":{\"@type\":\"PropertyValueSpecification\",\"valueRequired\":true,\"valueName\":\"search_term_string\"}}],\"inLanguage\":\"de\"}]}<\/script>\n<!-- \/ Yoast SEO plugin. -->","yoast_head_json":{"title":"WBLGLORIAN LONG PUFFER COAT &#187; Stylestore.com Germany","robots":{"index":"index","follow":"follow","max-snippet":"max-snippet:-1","max-image-preview":"max-image-preview:large","max-video-preview":"max-video-preview:-1"},"canonical":"https:\/\/stylestore.com\/deu\/product\/wblglorian-long-puffer-coat-22\/","og_locale":"de_DE","og_type":"article","og_title":"WBLGLORIAN LONG PUFFER COAT &#187; Stylestore.com Germany","og_url":"https:\/\/stylestore.com\/deu\/product\/wblglorian-long-puffer-coat-22\/","og_site_name":"Stylestore.com Germany","article_modified_time":"2026-04-04T06:04:32+00:00","twitter_card":"summary_large_image","schema":{"@context":"https:\/\/schema.org","@graph":[{"@type":"WebPage","@id":"https:\/\/stylestore.com\/deu\/product\/wblglorian-long-puffer-coat-22\/","url":"https:\/\/stylestore.com\/deu\/product\/wblglorian-long-puffer-coat-22\/","name":"WBLGLORIAN LONG PUFFER COAT &#187; Stylestore.com Germany","isPartOf":{"@id":"https:\/\/stylestore.com\/deu\/#website"},"primaryImageOfPage":{"@id":"https:\/\/stylestore.com\/deu\/product\/wblglorian-long-puffer-coat-22\/#primaryimage"},"image":{"@id":"https:\/\/stylestore.com\/deu\/product\/wblglorian-long-puffer-coat-22\/#primaryimage"},"thumbnailUrl":"https:\/\/stylestore.com\/deu\/wp-content\/uploads\/sites\/4\/2025\/12\/WBLGLORIAN_LONG_PUFFER_COAT_Light_Falcon-5-scaled.jpg","datePublished":"2025-11-17T15:20:26+00:00","dateModified":"2026-04-04T06:04:32+00:00","breadcrumb":{"@id":"https:\/\/stylestore.com\/deu\/product\/wblglorian-long-puffer-coat-22\/#breadcrumb"},"inLanguage":"de","potentialAction":[{"@type":"ReadAction","target":["https:\/\/stylestore.com\/deu\/product\/wblglorian-long-puffer-coat-22\/"]}]},{"@type":"ImageObject","inLanguage":"de","@id":"https:\/\/stylestore.com\/deu\/product\/wblglorian-long-puffer-coat-22\/#primaryimage","url":"https:\/\/stylestore.com\/deu\/wp-content\/uploads\/sites\/4\/2025\/12\/WBLGLORIAN_LONG_PUFFER_COAT_Light_Falcon-5-scaled.jpg","contentUrl":"https:\/\/stylestore.com\/deu\/wp-content\/uploads\/sites\/4\/2025\/12\/WBLGLORIAN_LONG_PUFFER_COAT_Light_Falcon-5-scaled.jpg","width":1707,"height":2560},{"@type":"BreadcrumbList","@id":"https:\/\/stylestore.com\/deu\/product\/wblglorian-long-puffer-coat-22\/#breadcrumb","itemListElement":[{"@type":"ListItem","position":1,"name":"Search","item":"https:\/\/stylestore.com\/deu\/search\/"},{"@type":"ListItem","position":2,"name":"WBLGLORIAN LONG PUFFER COAT"}]},{"@type":"WebSite","@id":"https:\/\/stylestore.com\/deu\/#website","url":"https:\/\/stylestore.com\/deu\/","name":"Stylestore.com Germany","description":"","potentialAction":[{"@type":"SearchAction","target":{"@type":"EntryPoint","urlTemplate":"https:\/\/stylestore.com\/deu\/?s={search_term_string}"},"query-input":{"@type":"PropertyValueSpecification","valueRequired":true,"valueName":"search_term_string"}}],"inLanguage":"de"}]}},"_links":{"self":[{"href":"https:\/\/stylestore.com\/deu\/wp-json\/wp\/v2\/product\/603258","targetHints":{"allow":["GET"]}}],"collection":[{"href":"https:\/\/stylestore.com\/deu\/wp-json\/wp\/v2\/product"}],"about":[{"href":"https:\/\/stylestore.com\/deu\/wp-json\/wp\/v2\/types\/product"}],"wp:featuredmedia":[{"embeddable":true,"href":"https:\/\/stylestore.com\/deu\/wp-json\/wp\/v2\/media\/611140"}],"wp:attachment":[{"href":"https:\/\/stylestore.com\/deu\/wp-json\/wp\/v2\/media?parent=603258"}],"wp:term":[{"taxonomy":"product_brand","embeddable":true,"href":"https:\/\/stylestore.com\/deu\/wp-json\/wp\/v2\/product_brand?post=603258"},{"taxonomy":"product_cat","embeddable":true,"href":"https:\/\/stylestore.com\/deu\/wp-json\/wp\/v2\/product_cat?post=603258"},{"taxonomy":"product_tag","embeddable":true,"href":"https:\/\/stylestore.com\/deu\/wp-json\/wp\/v2\/product_tag?post=603258"}],"curies":[{"name":"wp","href":"https:\/\/api.w.org\/{rel}","templated":true}]}}