{"id":592290,"date":"2025-07-09T10:47:24","date_gmt":"2025-07-09T08:47:24","guid":{"rendered":"https:\/\/stylestore.com\/deu\/product\/wblastrid-quilted-jacket-5\/"},"modified":"2026-04-14T08:05:00","modified_gmt":"2026-04-14T06:05:00","slug":"wblastrid-quilted-jacket-5","status":"publish","type":"product","link":"https:\/\/stylestore.com\/deu\/product\/wblastrid-quilted-jacket-5\/","title":{"rendered":"WBLASTRID QUILTED JACKET"},"content":{"rendered":"<p>Wir sind verliebt in diese leichte, gesteppte Kapuzenjacke. Aus einer wirklich sch\u00f6nen, ultraleichten Qualit\u00e4t gefertigt, bekommst du eine Jacke mit gro\u00dfer Funktionalit\u00e4t und eine super praktische Jacke, die dich warm h\u00e4lt.<br \/>\nErh\u00e4ltlich in den allersch\u00f6nsten Farben. Wir garantieren dir, dass diese Jacke zu einem deiner Lieblingsst\u00fccke wird &#8211; du kannst sie immer m\u00fchelos tragen, denn sie l\u00e4sst sich leicht mit vielen verschiedenen Outfits kombinieren.<br \/>\nDas Model ist 176 cm gro\u00df und tr\u00e4gt die Gr\u00f6\u00dfe S.<br \/>\n#Betterwardrobe<\/p>\n","protected":false},"excerpt":{"rendered":"","protected":false},"featured_media":616179,"template":"","meta":{"_acf_changed":false},"product_brand":[],"product_cat":[103,115],"product_tag":[1871,1521],"class_list":{"0":"post-592290","1":"product","2":"type-product","3":"status-publish","4":"has-post-thumbnail","6":"product_cat-jacken-maentel","7":"product_cat-kurze-jacken","8":"product_tag-b2b","9":"product_tag-sustainable","10":"pa_brand-withblack","11":"pa_collection-icons-ss26","12":"pa_color-soft-pink","13":"pa_fit-regular","14":"pa_print-_","17":"outofstock","18":"taxable","19":"shipping-taxable","20":"purchasable","21":"product-type-variable"},"acf":[],"yoast_head":"<!-- This site is optimized with the Yoast SEO plugin v23.8 - https:\/\/yoast.com\/wordpress\/plugins\/seo\/ -->\n<title>WBLASTRID QUILTED JACKET &#187; Stylestore.com Germany<\/title>\n<meta name=\"robots\" content=\"index, follow, max-snippet:-1, max-image-preview:large, max-video-preview:-1\" \/>\n<link rel=\"canonical\" href=\"https:\/\/stylestore.com\/deu\/product\/wblastrid-quilted-jacket-5\/\" \/>\n<meta property=\"og:locale\" content=\"de_DE\" \/>\n<meta property=\"og:type\" content=\"article\" \/>\n<meta property=\"og:title\" content=\"WBLASTRID QUILTED JACKET &#187; Stylestore.com Germany\" \/>\n<meta property=\"og:url\" content=\"https:\/\/stylestore.com\/deu\/product\/wblastrid-quilted-jacket-5\/\" \/>\n<meta property=\"og:site_name\" content=\"Stylestore.com Germany\" \/>\n<meta property=\"article:modified_time\" content=\"2026-04-14T06:05:00+00:00\" \/>\n<meta name=\"twitter:card\" content=\"summary_large_image\" \/>\n<script type=\"application\/ld+json\" class=\"yoast-schema-graph\">{\"@context\":\"https:\/\/schema.org\",\"@graph\":[{\"@type\":\"WebPage\",\"@id\":\"https:\/\/stylestore.com\/deu\/product\/wblastrid-quilted-jacket-5\/\",\"url\":\"https:\/\/stylestore.com\/deu\/product\/wblastrid-quilted-jacket-5\/\",\"name\":\"WBLASTRID QUILTED JACKET &#187; Stylestore.com Germany\",\"isPartOf\":{\"@id\":\"https:\/\/stylestore.com\/deu\/#website\"},\"primaryImageOfPage\":{\"@id\":\"https:\/\/stylestore.com\/deu\/product\/wblastrid-quilted-jacket-5\/#primaryimage\"},\"image\":{\"@id\":\"https:\/\/stylestore.com\/deu\/product\/wblastrid-quilted-jacket-5\/#primaryimage\"},\"thumbnailUrl\":\"https:\/\/stylestore.com\/deu\/wp-content\/uploads\/sites\/4\/2026\/02\/Wblastrid_quilted_Jacket_Soft_Rose00006.jpg\",\"datePublished\":\"2025-07-09T08:47:24+00:00\",\"dateModified\":\"2026-04-14T06:05:00+00:00\",\"breadcrumb\":{\"@id\":\"https:\/\/stylestore.com\/deu\/product\/wblastrid-quilted-jacket-5\/#breadcrumb\"},\"inLanguage\":\"de\",\"potentialAction\":[{\"@type\":\"ReadAction\",\"target\":[\"https:\/\/stylestore.com\/deu\/product\/wblastrid-quilted-jacket-5\/\"]}]},{\"@type\":\"ImageObject\",\"inLanguage\":\"de\",\"@id\":\"https:\/\/stylestore.com\/deu\/product\/wblastrid-quilted-jacket-5\/#primaryimage\",\"url\":\"https:\/\/stylestore.com\/deu\/wp-content\/uploads\/sites\/4\/2026\/02\/Wblastrid_quilted_Jacket_Soft_Rose00006.jpg\",\"contentUrl\":\"https:\/\/stylestore.com\/deu\/wp-content\/uploads\/sites\/4\/2026\/02\/Wblastrid_quilted_Jacket_Soft_Rose00006.jpg\",\"width\":1211,\"height\":1816},{\"@type\":\"BreadcrumbList\",\"@id\":\"https:\/\/stylestore.com\/deu\/product\/wblastrid-quilted-jacket-5\/#breadcrumb\",\"itemListElement\":[{\"@type\":\"ListItem\",\"position\":1,\"name\":\"Search\",\"item\":\"https:\/\/stylestore.com\/deu\/search\/\"},{\"@type\":\"ListItem\",\"position\":2,\"name\":\"WBLASTRID QUILTED JACKET\"}]},{\"@type\":\"WebSite\",\"@id\":\"https:\/\/stylestore.com\/deu\/#website\",\"url\":\"https:\/\/stylestore.com\/deu\/\",\"name\":\"Stylestore.com Germany\",\"description\":\"\",\"potentialAction\":[{\"@type\":\"SearchAction\",\"target\":{\"@type\":\"EntryPoint\",\"urlTemplate\":\"https:\/\/stylestore.com\/deu\/?s={search_term_string}\"},\"query-input\":{\"@type\":\"PropertyValueSpecification\",\"valueRequired\":true,\"valueName\":\"search_term_string\"}}],\"inLanguage\":\"de\"}]}<\/script>\n<!-- \/ Yoast SEO plugin. -->","yoast_head_json":{"title":"WBLASTRID QUILTED JACKET &#187; Stylestore.com Germany","robots":{"index":"index","follow":"follow","max-snippet":"max-snippet:-1","max-image-preview":"max-image-preview:large","max-video-preview":"max-video-preview:-1"},"canonical":"https:\/\/stylestore.com\/deu\/product\/wblastrid-quilted-jacket-5\/","og_locale":"de_DE","og_type":"article","og_title":"WBLASTRID QUILTED JACKET &#187; Stylestore.com Germany","og_url":"https:\/\/stylestore.com\/deu\/product\/wblastrid-quilted-jacket-5\/","og_site_name":"Stylestore.com Germany","article_modified_time":"2026-04-14T06:05:00+00:00","twitter_card":"summary_large_image","schema":{"@context":"https:\/\/schema.org","@graph":[{"@type":"WebPage","@id":"https:\/\/stylestore.com\/deu\/product\/wblastrid-quilted-jacket-5\/","url":"https:\/\/stylestore.com\/deu\/product\/wblastrid-quilted-jacket-5\/","name":"WBLASTRID QUILTED JACKET &#187; Stylestore.com Germany","isPartOf":{"@id":"https:\/\/stylestore.com\/deu\/#website"},"primaryImageOfPage":{"@id":"https:\/\/stylestore.com\/deu\/product\/wblastrid-quilted-jacket-5\/#primaryimage"},"image":{"@id":"https:\/\/stylestore.com\/deu\/product\/wblastrid-quilted-jacket-5\/#primaryimage"},"thumbnailUrl":"https:\/\/stylestore.com\/deu\/wp-content\/uploads\/sites\/4\/2026\/02\/Wblastrid_quilted_Jacket_Soft_Rose00006.jpg","datePublished":"2025-07-09T08:47:24+00:00","dateModified":"2026-04-14T06:05:00+00:00","breadcrumb":{"@id":"https:\/\/stylestore.com\/deu\/product\/wblastrid-quilted-jacket-5\/#breadcrumb"},"inLanguage":"de","potentialAction":[{"@type":"ReadAction","target":["https:\/\/stylestore.com\/deu\/product\/wblastrid-quilted-jacket-5\/"]}]},{"@type":"ImageObject","inLanguage":"de","@id":"https:\/\/stylestore.com\/deu\/product\/wblastrid-quilted-jacket-5\/#primaryimage","url":"https:\/\/stylestore.com\/deu\/wp-content\/uploads\/sites\/4\/2026\/02\/Wblastrid_quilted_Jacket_Soft_Rose00006.jpg","contentUrl":"https:\/\/stylestore.com\/deu\/wp-content\/uploads\/sites\/4\/2026\/02\/Wblastrid_quilted_Jacket_Soft_Rose00006.jpg","width":1211,"height":1816},{"@type":"BreadcrumbList","@id":"https:\/\/stylestore.com\/deu\/product\/wblastrid-quilted-jacket-5\/#breadcrumb","itemListElement":[{"@type":"ListItem","position":1,"name":"Search","item":"https:\/\/stylestore.com\/deu\/search\/"},{"@type":"ListItem","position":2,"name":"WBLASTRID QUILTED JACKET"}]},{"@type":"WebSite","@id":"https:\/\/stylestore.com\/deu\/#website","url":"https:\/\/stylestore.com\/deu\/","name":"Stylestore.com Germany","description":"","potentialAction":[{"@type":"SearchAction","target":{"@type":"EntryPoint","urlTemplate":"https:\/\/stylestore.com\/deu\/?s={search_term_string}"},"query-input":{"@type":"PropertyValueSpecification","valueRequired":true,"valueName":"search_term_string"}}],"inLanguage":"de"}]}},"_links":{"self":[{"href":"https:\/\/stylestore.com\/deu\/wp-json\/wp\/v2\/product\/592290","targetHints":{"allow":["GET"]}}],"collection":[{"href":"https:\/\/stylestore.com\/deu\/wp-json\/wp\/v2\/product"}],"about":[{"href":"https:\/\/stylestore.com\/deu\/wp-json\/wp\/v2\/types\/product"}],"wp:featuredmedia":[{"embeddable":true,"href":"https:\/\/stylestore.com\/deu\/wp-json\/wp\/v2\/media\/616179"}],"wp:attachment":[{"href":"https:\/\/stylestore.com\/deu\/wp-json\/wp\/v2\/media?parent=592290"}],"wp:term":[{"taxonomy":"product_brand","embeddable":true,"href":"https:\/\/stylestore.com\/deu\/wp-json\/wp\/v2\/product_brand?post=592290"},{"taxonomy":"product_cat","embeddable":true,"href":"https:\/\/stylestore.com\/deu\/wp-json\/wp\/v2\/product_cat?post=592290"},{"taxonomy":"product_tag","embeddable":true,"href":"https:\/\/stylestore.com\/deu\/wp-json\/wp\/v2\/product_tag?post=592290"}],"curies":[{"name":"wp","href":"https:\/\/api.w.org\/{rel}","templated":true}]}}