{"id":589816,"date":"2025-07-07T14:33:18","date_gmt":"2025-07-07T12:33:18","guid":{"rendered":"https:\/\/stylestore.com\/deu\/product\/wbldordi-striped-tank\/"},"modified":"2026-04-11T08:05:03","modified_gmt":"2026-04-11T06:05:03","slug":"wbldordi-striped-tank","status":"publish","type":"product","link":"https:\/\/stylestore.com\/deu\/product\/wbldordi-striped-tank\/","title":{"rendered":"WBLDORDI STRIPED TANK"},"content":{"rendered":"<p>Weicher Rippstrick aus Baumwoll-\/Modalmischung<br \/>\nBasic-Tanktop mit 4 cm breiten Tr\u00e4gern<br \/>\nRippstrick am Halsausschnitt und an den \u00c4rmel\u00f6ffnungen<br \/>\n\u00dcber der H\u00fcfte endend<br \/>\nSchmale Passform<\/p>\n<p>Das Model ist 172 cm gro\u00df und tr\u00e4gt Gr\u00f6\u00dfe S.<br \/>\nDas Produkt f\u00e4llt normal aus.<\/p>\n","protected":false},"excerpt":{"rendered":"","protected":false},"featured_media":589828,"template":"","meta":{"_acf_changed":false},"product_brand":[],"product_cat":[122,123],"product_tag":[1871,1587],"class_list":{"0":"post-589816","1":"product","2":"type-product","3":"status-publish","4":"has-post-thumbnail","6":"product_cat-t-shirts","7":"product_cat-tops-tops","8":"product_tag-b2b","9":"product_tag-noos","10":"pa_brand-withblack","11":"pa_collection-noos","12":"pa_color-white-black-stripe-2","15":"instock","16":"taxable","17":"shipping-taxable","18":"purchasable","19":"product-type-variable"},"acf":[],"yoast_head":"<!-- This site is optimized with the Yoast SEO plugin v23.8 - https:\/\/yoast.com\/wordpress\/plugins\/seo\/ -->\n<title>WBLDORDI STRIPED TANK &#187; Stylestore.com Germany<\/title>\n<meta name=\"robots\" content=\"index, follow, max-snippet:-1, max-image-preview:large, max-video-preview:-1\" \/>\n<link rel=\"canonical\" href=\"https:\/\/stylestore.com\/deu\/product\/wbldordi-striped-tank\/\" \/>\n<meta property=\"og:locale\" content=\"de_DE\" \/>\n<meta property=\"og:type\" content=\"article\" \/>\n<meta property=\"og:title\" content=\"WBLDORDI STRIPED TANK &#187; Stylestore.com Germany\" \/>\n<meta property=\"og:url\" content=\"https:\/\/stylestore.com\/deu\/product\/wbldordi-striped-tank\/\" \/>\n<meta property=\"og:site_name\" content=\"Stylestore.com Germany\" \/>\n<meta property=\"article:modified_time\" content=\"2026-04-11T06:05:03+00:00\" \/>\n<meta property=\"og:image\" content=\"https:\/\/stylestore.com\/deu\/wp-content\/uploads\/sites\/4\/2025\/07\/Wbldordi_Striped_Tank_White_Black_Stripe00002.jpg\" \/>\n\t<meta property=\"og:image:width\" content=\"1234\" \/>\n\t<meta property=\"og:image:height\" content=\"1850\" \/>\n\t<meta property=\"og:image:type\" content=\"image\/jpeg\" \/>\n<meta name=\"twitter:card\" content=\"summary_large_image\" \/>\n<script type=\"application\/ld+json\" class=\"yoast-schema-graph\">{\"@context\":\"https:\/\/schema.org\",\"@graph\":[{\"@type\":\"WebPage\",\"@id\":\"https:\/\/stylestore.com\/deu\/product\/wbldordi-striped-tank\/\",\"url\":\"https:\/\/stylestore.com\/deu\/product\/wbldordi-striped-tank\/\",\"name\":\"WBLDORDI STRIPED TANK &#187; Stylestore.com Germany\",\"isPartOf\":{\"@id\":\"https:\/\/stylestore.com\/deu\/#website\"},\"primaryImageOfPage\":{\"@id\":\"https:\/\/stylestore.com\/deu\/product\/wbldordi-striped-tank\/#primaryimage\"},\"image\":{\"@id\":\"https:\/\/stylestore.com\/deu\/product\/wbldordi-striped-tank\/#primaryimage\"},\"thumbnailUrl\":\"https:\/\/stylestore.com\/deu\/wp-content\/uploads\/sites\/4\/2025\/07\/Wbldordi_Striped_Tank_White_Black_Stripe00002.jpg\",\"datePublished\":\"2025-07-07T12:33:18+00:00\",\"dateModified\":\"2026-04-11T06:05:03+00:00\",\"breadcrumb\":{\"@id\":\"https:\/\/stylestore.com\/deu\/product\/wbldordi-striped-tank\/#breadcrumb\"},\"inLanguage\":\"de\",\"potentialAction\":[{\"@type\":\"ReadAction\",\"target\":[\"https:\/\/stylestore.com\/deu\/product\/wbldordi-striped-tank\/\"]}]},{\"@type\":\"ImageObject\",\"inLanguage\":\"de\",\"@id\":\"https:\/\/stylestore.com\/deu\/product\/wbldordi-striped-tank\/#primaryimage\",\"url\":\"https:\/\/stylestore.com\/deu\/wp-content\/uploads\/sites\/4\/2025\/07\/Wbldordi_Striped_Tank_White_Black_Stripe00002.jpg\",\"contentUrl\":\"https:\/\/stylestore.com\/deu\/wp-content\/uploads\/sites\/4\/2025\/07\/Wbldordi_Striped_Tank_White_Black_Stripe00002.jpg\",\"width\":1234,\"height\":1850},{\"@type\":\"BreadcrumbList\",\"@id\":\"https:\/\/stylestore.com\/deu\/product\/wbldordi-striped-tank\/#breadcrumb\",\"itemListElement\":[{\"@type\":\"ListItem\",\"position\":1,\"name\":\"Search\",\"item\":\"https:\/\/stylestore.com\/deu\/search\/\"},{\"@type\":\"ListItem\",\"position\":2,\"name\":\"WBLDORDI STRIPED TANK\"}]},{\"@type\":\"WebSite\",\"@id\":\"https:\/\/stylestore.com\/deu\/#website\",\"url\":\"https:\/\/stylestore.com\/deu\/\",\"name\":\"Stylestore.com Germany\",\"description\":\"\",\"potentialAction\":[{\"@type\":\"SearchAction\",\"target\":{\"@type\":\"EntryPoint\",\"urlTemplate\":\"https:\/\/stylestore.com\/deu\/?s={search_term_string}\"},\"query-input\":{\"@type\":\"PropertyValueSpecification\",\"valueRequired\":true,\"valueName\":\"search_term_string\"}}],\"inLanguage\":\"de\"}]}<\/script>\n<!-- \/ Yoast SEO plugin. -->","yoast_head_json":{"title":"WBLDORDI STRIPED TANK &#187; Stylestore.com Germany","robots":{"index":"index","follow":"follow","max-snippet":"max-snippet:-1","max-image-preview":"max-image-preview:large","max-video-preview":"max-video-preview:-1"},"canonical":"https:\/\/stylestore.com\/deu\/product\/wbldordi-striped-tank\/","og_locale":"de_DE","og_type":"article","og_title":"WBLDORDI STRIPED TANK &#187; Stylestore.com Germany","og_url":"https:\/\/stylestore.com\/deu\/product\/wbldordi-striped-tank\/","og_site_name":"Stylestore.com Germany","article_modified_time":"2026-04-11T06:05:03+00:00","og_image":[{"width":1234,"height":1850,"url":"https:\/\/stylestore.com\/deu\/wp-content\/uploads\/sites\/4\/2025\/07\/Wbldordi_Striped_Tank_White_Black_Stripe00002.jpg","type":"image\/jpeg"}],"twitter_card":"summary_large_image","schema":{"@context":"https:\/\/schema.org","@graph":[{"@type":"WebPage","@id":"https:\/\/stylestore.com\/deu\/product\/wbldordi-striped-tank\/","url":"https:\/\/stylestore.com\/deu\/product\/wbldordi-striped-tank\/","name":"WBLDORDI STRIPED TANK &#187; Stylestore.com Germany","isPartOf":{"@id":"https:\/\/stylestore.com\/deu\/#website"},"primaryImageOfPage":{"@id":"https:\/\/stylestore.com\/deu\/product\/wbldordi-striped-tank\/#primaryimage"},"image":{"@id":"https:\/\/stylestore.com\/deu\/product\/wbldordi-striped-tank\/#primaryimage"},"thumbnailUrl":"https:\/\/stylestore.com\/deu\/wp-content\/uploads\/sites\/4\/2025\/07\/Wbldordi_Striped_Tank_White_Black_Stripe00002.jpg","datePublished":"2025-07-07T12:33:18+00:00","dateModified":"2026-04-11T06:05:03+00:00","breadcrumb":{"@id":"https:\/\/stylestore.com\/deu\/product\/wbldordi-striped-tank\/#breadcrumb"},"inLanguage":"de","potentialAction":[{"@type":"ReadAction","target":["https:\/\/stylestore.com\/deu\/product\/wbldordi-striped-tank\/"]}]},{"@type":"ImageObject","inLanguage":"de","@id":"https:\/\/stylestore.com\/deu\/product\/wbldordi-striped-tank\/#primaryimage","url":"https:\/\/stylestore.com\/deu\/wp-content\/uploads\/sites\/4\/2025\/07\/Wbldordi_Striped_Tank_White_Black_Stripe00002.jpg","contentUrl":"https:\/\/stylestore.com\/deu\/wp-content\/uploads\/sites\/4\/2025\/07\/Wbldordi_Striped_Tank_White_Black_Stripe00002.jpg","width":1234,"height":1850},{"@type":"BreadcrumbList","@id":"https:\/\/stylestore.com\/deu\/product\/wbldordi-striped-tank\/#breadcrumb","itemListElement":[{"@type":"ListItem","position":1,"name":"Search","item":"https:\/\/stylestore.com\/deu\/search\/"},{"@type":"ListItem","position":2,"name":"WBLDORDI STRIPED TANK"}]},{"@type":"WebSite","@id":"https:\/\/stylestore.com\/deu\/#website","url":"https:\/\/stylestore.com\/deu\/","name":"Stylestore.com Germany","description":"","potentialAction":[{"@type":"SearchAction","target":{"@type":"EntryPoint","urlTemplate":"https:\/\/stylestore.com\/deu\/?s={search_term_string}"},"query-input":{"@type":"PropertyValueSpecification","valueRequired":true,"valueName":"search_term_string"}}],"inLanguage":"de"}]}},"_links":{"self":[{"href":"https:\/\/stylestore.com\/deu\/wp-json\/wp\/v2\/product\/589816","targetHints":{"allow":["GET"]}}],"collection":[{"href":"https:\/\/stylestore.com\/deu\/wp-json\/wp\/v2\/product"}],"about":[{"href":"https:\/\/stylestore.com\/deu\/wp-json\/wp\/v2\/types\/product"}],"wp:featuredmedia":[{"embeddable":true,"href":"https:\/\/stylestore.com\/deu\/wp-json\/wp\/v2\/media\/589828"}],"wp:attachment":[{"href":"https:\/\/stylestore.com\/deu\/wp-json\/wp\/v2\/media?parent=589816"}],"wp:term":[{"taxonomy":"product_brand","embeddable":true,"href":"https:\/\/stylestore.com\/deu\/wp-json\/wp\/v2\/product_brand?post=589816"},{"taxonomy":"product_cat","embeddable":true,"href":"https:\/\/stylestore.com\/deu\/wp-json\/wp\/v2\/product_cat?post=589816"},{"taxonomy":"product_tag","embeddable":true,"href":"https:\/\/stylestore.com\/deu\/wp-json\/wp\/v2\/product_tag?post=589816"}],"curies":[{"name":"wp","href":"https:\/\/api.w.org\/{rel}","templated":true}]}}