{"id":577356,"date":"2025-04-01T15:46:35","date_gmt":"2025-04-01T13:46:35","guid":{"rendered":"https:\/\/stylestore.com\/deu\/product\/wblgala-grey-denim-jacket\/"},"modified":"2026-04-14T08:05:15","modified_gmt":"2026-04-14T06:05:15","slug":"wblgala-grey-denim-jacket","status":"publish","type":"product","link":"https:\/\/stylestore.com\/deu\/product\/wblgala-grey-denim-jacket\/","title":{"rendered":"WBLGALA GREY DENIM JACKET"},"content":{"rendered":"<p>Kurz\u00e4rmlige Jeansjacke<br \/>\nKragen<br \/>\nKnopfverschluss<br \/>\nBrusttaschen<br \/>\n\u00c4rmelb\u00fcndchen mit Kn\u00f6pfen<br \/>\nNormale Passform<br \/>\nL\u00e4nge unterhalb der Taille<\/p>\n","protected":false},"excerpt":{"rendered":"","protected":false},"featured_media":577362,"template":"","meta":{"_acf_changed":false},"product_brand":[],"product_cat":[15],"product_tag":[1871],"class_list":{"0":"post-577356","1":"product","2":"type-product","3":"status-publish","4":"has-post-thumbnail","6":"product_cat-uncategorized","7":"product_tag-b2b","8":"pa_brand-withblack","9":"pa_collection-scandinavi","10":"pa_color-spring-grey","13":"instock","14":"taxable","15":"shipping-taxable","16":"purchasable","17":"product-type-variable"},"acf":[],"yoast_head":"<!-- This site is optimized with the Yoast SEO plugin v23.8 - https:\/\/yoast.com\/wordpress\/plugins\/seo\/ -->\n<title>WBLGALA GREY DENIM JACKET &#187; Stylestore.com Germany<\/title>\n<meta name=\"description\" content=\"Elegante kurze Jeansjacke mit Strassverzierung, die ihr einen exklusiven Touch verleiht. Sie hat einen klassischen Kragen, Brusttaschen, einen Knopfverschluss und gekn\u00f6pfte Manschetten. Die normale Passform und die L\u00e4nge unterhalb der Taille sorgen f\u00fcr einen stilvollen und modernen Look.\" \/>\n<meta name=\"robots\" content=\"index, follow, max-snippet:-1, max-image-preview:large, max-video-preview:-1\" \/>\n<link rel=\"canonical\" href=\"https:\/\/stylestore.com\/deu\/product\/wblgala-grey-denim-jacket\/\" \/>\n<meta property=\"og:locale\" content=\"de_DE\" \/>\n<meta property=\"og:type\" content=\"article\" \/>\n<meta property=\"og:title\" content=\"WBLGALA GREY DENIM JACKET &#187; Stylestore.com Germany\" \/>\n<meta property=\"og:description\" content=\"Elegante kurze Jeansjacke mit Strassverzierung, die ihr einen exklusiven Touch verleiht. Sie hat einen klassischen Kragen, Brusttaschen, einen Knopfverschluss und gekn\u00f6pfte Manschetten. Die normale Passform und die L\u00e4nge unterhalb der Taille sorgen f\u00fcr einen stilvollen und modernen Look.\" \/>\n<meta property=\"og:url\" content=\"https:\/\/stylestore.com\/deu\/product\/wblgala-grey-denim-jacket\/\" \/>\n<meta property=\"og:site_name\" content=\"Stylestore.com Germany\" \/>\n<meta property=\"article:modified_time\" content=\"2026-04-14T06:05:15+00:00\" \/>\n<meta property=\"og:image\" content=\"https:\/\/stylestore.com\/deu\/wp-content\/uploads\/sites\/4\/2025\/04\/Wblgala_Denim_Jacket_Wblgala_Long_Denim_Bermuda_Spring_Grey-2.jpg\" \/>\n\t<meta property=\"og:image:width\" content=\"1073\" \/>\n\t<meta property=\"og:image:height\" content=\"1609\" \/>\n\t<meta property=\"og:image:type\" content=\"image\/jpeg\" \/>\n<meta name=\"twitter:card\" content=\"summary_large_image\" \/>\n<script type=\"application\/ld+json\" class=\"yoast-schema-graph\">{\"@context\":\"https:\/\/schema.org\",\"@graph\":[{\"@type\":\"WebPage\",\"@id\":\"https:\/\/stylestore.com\/deu\/product\/wblgala-grey-denim-jacket\/\",\"url\":\"https:\/\/stylestore.com\/deu\/product\/wblgala-grey-denim-jacket\/\",\"name\":\"WBLGALA GREY DENIM JACKET &#187; Stylestore.com Germany\",\"isPartOf\":{\"@id\":\"https:\/\/stylestore.com\/deu\/#website\"},\"primaryImageOfPage\":{\"@id\":\"https:\/\/stylestore.com\/deu\/product\/wblgala-grey-denim-jacket\/#primaryimage\"},\"image\":{\"@id\":\"https:\/\/stylestore.com\/deu\/product\/wblgala-grey-denim-jacket\/#primaryimage\"},\"thumbnailUrl\":\"https:\/\/stylestore.com\/deu\/wp-content\/uploads\/sites\/4\/2025\/04\/Wblgala_Denim_Jacket_Wblgala_Long_Denim_Bermuda_Spring_Grey-2.jpg\",\"datePublished\":\"2025-04-01T13:46:35+00:00\",\"dateModified\":\"2026-04-14T06:05:15+00:00\",\"description\":\"Elegante kurze Jeansjacke mit Strassverzierung, die ihr einen exklusiven Touch verleiht. Sie hat einen klassischen Kragen, Brusttaschen, einen Knopfverschluss und gekn\u00f6pfte Manschetten. Die normale Passform und die L\u00e4nge unterhalb der Taille sorgen f\u00fcr einen stilvollen und modernen Look.\",\"breadcrumb\":{\"@id\":\"https:\/\/stylestore.com\/deu\/product\/wblgala-grey-denim-jacket\/#breadcrumb\"},\"inLanguage\":\"de\",\"potentialAction\":[{\"@type\":\"ReadAction\",\"target\":[\"https:\/\/stylestore.com\/deu\/product\/wblgala-grey-denim-jacket\/\"]}]},{\"@type\":\"ImageObject\",\"inLanguage\":\"de\",\"@id\":\"https:\/\/stylestore.com\/deu\/product\/wblgala-grey-denim-jacket\/#primaryimage\",\"url\":\"https:\/\/stylestore.com\/deu\/wp-content\/uploads\/sites\/4\/2025\/04\/Wblgala_Denim_Jacket_Wblgala_Long_Denim_Bermuda_Spring_Grey-2.jpg\",\"contentUrl\":\"https:\/\/stylestore.com\/deu\/wp-content\/uploads\/sites\/4\/2025\/04\/Wblgala_Denim_Jacket_Wblgala_Long_Denim_Bermuda_Spring_Grey-2.jpg\",\"width\":1073,\"height\":1609},{\"@type\":\"BreadcrumbList\",\"@id\":\"https:\/\/stylestore.com\/deu\/product\/wblgala-grey-denim-jacket\/#breadcrumb\",\"itemListElement\":[{\"@type\":\"ListItem\",\"position\":1,\"name\":\"Search\",\"item\":\"https:\/\/stylestore.com\/deu\/search\/\"},{\"@type\":\"ListItem\",\"position\":2,\"name\":\"WBLGALA GREY DENIM JACKET\"}]},{\"@type\":\"WebSite\",\"@id\":\"https:\/\/stylestore.com\/deu\/#website\",\"url\":\"https:\/\/stylestore.com\/deu\/\",\"name\":\"Stylestore.com Germany\",\"description\":\"\",\"potentialAction\":[{\"@type\":\"SearchAction\",\"target\":{\"@type\":\"EntryPoint\",\"urlTemplate\":\"https:\/\/stylestore.com\/deu\/?s={search_term_string}\"},\"query-input\":{\"@type\":\"PropertyValueSpecification\",\"valueRequired\":true,\"valueName\":\"search_term_string\"}}],\"inLanguage\":\"de\"}]}<\/script>\n<!-- \/ Yoast SEO plugin. -->","yoast_head_json":{"title":"WBLGALA GREY DENIM JACKET &#187; Stylestore.com Germany","description":"Elegante kurze Jeansjacke mit Strassverzierung, die ihr einen exklusiven Touch verleiht. Sie hat einen klassischen Kragen, Brusttaschen, einen Knopfverschluss und gekn\u00f6pfte Manschetten. Die normale Passform und die L\u00e4nge unterhalb der Taille sorgen f\u00fcr einen stilvollen und modernen Look.","robots":{"index":"index","follow":"follow","max-snippet":"max-snippet:-1","max-image-preview":"max-image-preview:large","max-video-preview":"max-video-preview:-1"},"canonical":"https:\/\/stylestore.com\/deu\/product\/wblgala-grey-denim-jacket\/","og_locale":"de_DE","og_type":"article","og_title":"WBLGALA GREY DENIM JACKET &#187; Stylestore.com Germany","og_description":"Elegante kurze Jeansjacke mit Strassverzierung, die ihr einen exklusiven Touch verleiht. Sie hat einen klassischen Kragen, Brusttaschen, einen Knopfverschluss und gekn\u00f6pfte Manschetten. Die normale Passform und die L\u00e4nge unterhalb der Taille sorgen f\u00fcr einen stilvollen und modernen Look.","og_url":"https:\/\/stylestore.com\/deu\/product\/wblgala-grey-denim-jacket\/","og_site_name":"Stylestore.com Germany","article_modified_time":"2026-04-14T06:05:15+00:00","og_image":[{"width":1073,"height":1609,"url":"https:\/\/stylestore.com\/deu\/wp-content\/uploads\/sites\/4\/2025\/04\/Wblgala_Denim_Jacket_Wblgala_Long_Denim_Bermuda_Spring_Grey-2.jpg","type":"image\/jpeg"}],"twitter_card":"summary_large_image","schema":{"@context":"https:\/\/schema.org","@graph":[{"@type":"WebPage","@id":"https:\/\/stylestore.com\/deu\/product\/wblgala-grey-denim-jacket\/","url":"https:\/\/stylestore.com\/deu\/product\/wblgala-grey-denim-jacket\/","name":"WBLGALA GREY DENIM JACKET &#187; Stylestore.com Germany","isPartOf":{"@id":"https:\/\/stylestore.com\/deu\/#website"},"primaryImageOfPage":{"@id":"https:\/\/stylestore.com\/deu\/product\/wblgala-grey-denim-jacket\/#primaryimage"},"image":{"@id":"https:\/\/stylestore.com\/deu\/product\/wblgala-grey-denim-jacket\/#primaryimage"},"thumbnailUrl":"https:\/\/stylestore.com\/deu\/wp-content\/uploads\/sites\/4\/2025\/04\/Wblgala_Denim_Jacket_Wblgala_Long_Denim_Bermuda_Spring_Grey-2.jpg","datePublished":"2025-04-01T13:46:35+00:00","dateModified":"2026-04-14T06:05:15+00:00","description":"Elegante kurze Jeansjacke mit Strassverzierung, die ihr einen exklusiven Touch verleiht. Sie hat einen klassischen Kragen, Brusttaschen, einen Knopfverschluss und gekn\u00f6pfte Manschetten. Die normale Passform und die L\u00e4nge unterhalb der Taille sorgen f\u00fcr einen stilvollen und modernen Look.","breadcrumb":{"@id":"https:\/\/stylestore.com\/deu\/product\/wblgala-grey-denim-jacket\/#breadcrumb"},"inLanguage":"de","potentialAction":[{"@type":"ReadAction","target":["https:\/\/stylestore.com\/deu\/product\/wblgala-grey-denim-jacket\/"]}]},{"@type":"ImageObject","inLanguage":"de","@id":"https:\/\/stylestore.com\/deu\/product\/wblgala-grey-denim-jacket\/#primaryimage","url":"https:\/\/stylestore.com\/deu\/wp-content\/uploads\/sites\/4\/2025\/04\/Wblgala_Denim_Jacket_Wblgala_Long_Denim_Bermuda_Spring_Grey-2.jpg","contentUrl":"https:\/\/stylestore.com\/deu\/wp-content\/uploads\/sites\/4\/2025\/04\/Wblgala_Denim_Jacket_Wblgala_Long_Denim_Bermuda_Spring_Grey-2.jpg","width":1073,"height":1609},{"@type":"BreadcrumbList","@id":"https:\/\/stylestore.com\/deu\/product\/wblgala-grey-denim-jacket\/#breadcrumb","itemListElement":[{"@type":"ListItem","position":1,"name":"Search","item":"https:\/\/stylestore.com\/deu\/search\/"},{"@type":"ListItem","position":2,"name":"WBLGALA GREY DENIM JACKET"}]},{"@type":"WebSite","@id":"https:\/\/stylestore.com\/deu\/#website","url":"https:\/\/stylestore.com\/deu\/","name":"Stylestore.com Germany","description":"","potentialAction":[{"@type":"SearchAction","target":{"@type":"EntryPoint","urlTemplate":"https:\/\/stylestore.com\/deu\/?s={search_term_string}"},"query-input":{"@type":"PropertyValueSpecification","valueRequired":true,"valueName":"search_term_string"}}],"inLanguage":"de"}]}},"_links":{"self":[{"href":"https:\/\/stylestore.com\/deu\/wp-json\/wp\/v2\/product\/577356","targetHints":{"allow":["GET"]}}],"collection":[{"href":"https:\/\/stylestore.com\/deu\/wp-json\/wp\/v2\/product"}],"about":[{"href":"https:\/\/stylestore.com\/deu\/wp-json\/wp\/v2\/types\/product"}],"wp:featuredmedia":[{"embeddable":true,"href":"https:\/\/stylestore.com\/deu\/wp-json\/wp\/v2\/media\/577362"}],"wp:attachment":[{"href":"https:\/\/stylestore.com\/deu\/wp-json\/wp\/v2\/media?parent=577356"}],"wp:term":[{"taxonomy":"product_brand","embeddable":true,"href":"https:\/\/stylestore.com\/deu\/wp-json\/wp\/v2\/product_brand?post=577356"},{"taxonomy":"product_cat","embeddable":true,"href":"https:\/\/stylestore.com\/deu\/wp-json\/wp\/v2\/product_cat?post=577356"},{"taxonomy":"product_tag","embeddable":true,"href":"https:\/\/stylestore.com\/deu\/wp-json\/wp\/v2\/product_tag?post=577356"}],"curies":[{"name":"wp","href":"https:\/\/api.w.org\/{rel}","templated":true}]}}