{"id":571011,"date":"2025-01-20T14:40:52","date_gmt":"2025-01-20T13:40:52","guid":{"rendered":"https:\/\/stylestore.com\/deu\/product\/wblmelodi-hooded-pullover-2\/"},"modified":"2026-04-11T08:05:15","modified_gmt":"2026-04-11T06:05:15","slug":"wblmelodi-hooded-pullover-2","status":"publish","type":"product","link":"https:\/\/stylestore.com\/deu\/product\/wblmelodi-hooded-pullover-2\/","title":{"rendered":"WBLMELODI HOODED PULLOVER"},"content":{"rendered":"<p>Wollmischung<br \/>\nKapuze<br \/>\nMit Rei\u00dfverschluss<br \/>\nFischerrippen<br \/>\nUnterhalb der Taille<br \/>\nNormale Passform<br \/>\nKordelzug am Saum<\/p>\n<p>Das Model ist 172 cm gro\u00df und tr\u00e4gt Gr\u00f6\u00dfe S<br \/>\nDie Gr\u00f6\u00dfe entspricht der normalen Passform<\/p>\n","protected":false},"excerpt":{"rendered":"","protected":false},"featured_media":599430,"template":"","meta":{"_acf_changed":false},"product_brand":[],"product_cat":[137,107],"product_tag":[1871],"class_list":{"0":"post-571011","1":"product","2":"type-product","3":"status-publish","4":"has-post-thumbnail","6":"product_cat-strickwaren-strickwaren-sweatshirts","7":"product_cat-strickwaren","8":"product_tag-b2b","9":"pa_brand-withblack","10":"pa_collection-profitizer","11":"pa_color-grey-melange","14":"instock","15":"taxable","16":"shipping-taxable","17":"purchasable","18":"product-type-variable"},"acf":[],"yoast_head":"<!-- This site is optimized with the Yoast SEO plugin v23.8 - https:\/\/yoast.com\/wordpress\/plugins\/seo\/ -->\n<title>WBLMELODI HOODED PULLOVER &#187; Stylestore.com Germany<\/title>\n<meta name=\"robots\" content=\"index, follow, max-snippet:-1, max-image-preview:large, max-video-preview:-1\" \/>\n<link rel=\"canonical\" href=\"https:\/\/stylestore.com\/deu\/product\/wblmelodi-hooded-pullover-2\/\" \/>\n<meta property=\"og:locale\" content=\"de_DE\" \/>\n<meta property=\"og:type\" content=\"article\" \/>\n<meta property=\"og:title\" content=\"WBLMELODI HOODED PULLOVER &#187; Stylestore.com Germany\" \/>\n<meta property=\"og:url\" content=\"https:\/\/stylestore.com\/deu\/product\/wblmelodi-hooded-pullover-2\/\" \/>\n<meta property=\"og:site_name\" content=\"Stylestore.com Germany\" \/>\n<meta property=\"article:modified_time\" content=\"2026-04-11T06:05:15+00:00\" \/>\n<meta property=\"og:image\" content=\"https:\/\/stylestore.com\/deu\/wp-content\/uploads\/sites\/4\/2025\/10\/WBLMELODI20HOODED_PULLOVER_Grey_Melange3-1.jpg\" \/>\n\t<meta property=\"og:image:width\" content=\"1236\" \/>\n\t<meta property=\"og:image:height\" content=\"1852\" \/>\n\t<meta property=\"og:image:type\" content=\"image\/jpeg\" \/>\n<meta name=\"twitter:card\" content=\"summary_large_image\" \/>\n<script type=\"application\/ld+json\" class=\"yoast-schema-graph\">{\"@context\":\"https:\/\/schema.org\",\"@graph\":[{\"@type\":\"WebPage\",\"@id\":\"https:\/\/stylestore.com\/deu\/product\/wblmelodi-hooded-pullover-2\/\",\"url\":\"https:\/\/stylestore.com\/deu\/product\/wblmelodi-hooded-pullover-2\/\",\"name\":\"WBLMELODI HOODED PULLOVER &#187; Stylestore.com Germany\",\"isPartOf\":{\"@id\":\"https:\/\/stylestore.com\/deu\/#website\"},\"primaryImageOfPage\":{\"@id\":\"https:\/\/stylestore.com\/deu\/product\/wblmelodi-hooded-pullover-2\/#primaryimage\"},\"image\":{\"@id\":\"https:\/\/stylestore.com\/deu\/product\/wblmelodi-hooded-pullover-2\/#primaryimage\"},\"thumbnailUrl\":\"https:\/\/stylestore.com\/deu\/wp-content\/uploads\/sites\/4\/2025\/10\/WBLMELODI20HOODED_PULLOVER_Grey_Melange3-1.jpg\",\"datePublished\":\"2025-01-20T13:40:52+00:00\",\"dateModified\":\"2026-04-11T06:05:15+00:00\",\"breadcrumb\":{\"@id\":\"https:\/\/stylestore.com\/deu\/product\/wblmelodi-hooded-pullover-2\/#breadcrumb\"},\"inLanguage\":\"de\",\"potentialAction\":[{\"@type\":\"ReadAction\",\"target\":[\"https:\/\/stylestore.com\/deu\/product\/wblmelodi-hooded-pullover-2\/\"]}]},{\"@type\":\"ImageObject\",\"inLanguage\":\"de\",\"@id\":\"https:\/\/stylestore.com\/deu\/product\/wblmelodi-hooded-pullover-2\/#primaryimage\",\"url\":\"https:\/\/stylestore.com\/deu\/wp-content\/uploads\/sites\/4\/2025\/10\/WBLMELODI20HOODED_PULLOVER_Grey_Melange3-1.jpg\",\"contentUrl\":\"https:\/\/stylestore.com\/deu\/wp-content\/uploads\/sites\/4\/2025\/10\/WBLMELODI20HOODED_PULLOVER_Grey_Melange3-1.jpg\",\"width\":1236,\"height\":1852},{\"@type\":\"BreadcrumbList\",\"@id\":\"https:\/\/stylestore.com\/deu\/product\/wblmelodi-hooded-pullover-2\/#breadcrumb\",\"itemListElement\":[{\"@type\":\"ListItem\",\"position\":1,\"name\":\"Search\",\"item\":\"https:\/\/stylestore.com\/deu\/search\/\"},{\"@type\":\"ListItem\",\"position\":2,\"name\":\"WBLMELODI HOODED PULLOVER\"}]},{\"@type\":\"WebSite\",\"@id\":\"https:\/\/stylestore.com\/deu\/#website\",\"url\":\"https:\/\/stylestore.com\/deu\/\",\"name\":\"Stylestore.com Germany\",\"description\":\"\",\"potentialAction\":[{\"@type\":\"SearchAction\",\"target\":{\"@type\":\"EntryPoint\",\"urlTemplate\":\"https:\/\/stylestore.com\/deu\/?s={search_term_string}\"},\"query-input\":{\"@type\":\"PropertyValueSpecification\",\"valueRequired\":true,\"valueName\":\"search_term_string\"}}],\"inLanguage\":\"de\"}]}<\/script>\n<!-- \/ Yoast SEO plugin. -->","yoast_head_json":{"title":"WBLMELODI HOODED PULLOVER &#187; Stylestore.com Germany","robots":{"index":"index","follow":"follow","max-snippet":"max-snippet:-1","max-image-preview":"max-image-preview:large","max-video-preview":"max-video-preview:-1"},"canonical":"https:\/\/stylestore.com\/deu\/product\/wblmelodi-hooded-pullover-2\/","og_locale":"de_DE","og_type":"article","og_title":"WBLMELODI HOODED PULLOVER &#187; Stylestore.com Germany","og_url":"https:\/\/stylestore.com\/deu\/product\/wblmelodi-hooded-pullover-2\/","og_site_name":"Stylestore.com Germany","article_modified_time":"2026-04-11T06:05:15+00:00","og_image":[{"width":1236,"height":1852,"url":"https:\/\/stylestore.com\/deu\/wp-content\/uploads\/sites\/4\/2025\/10\/WBLMELODI20HOODED_PULLOVER_Grey_Melange3-1.jpg","type":"image\/jpeg"}],"twitter_card":"summary_large_image","schema":{"@context":"https:\/\/schema.org","@graph":[{"@type":"WebPage","@id":"https:\/\/stylestore.com\/deu\/product\/wblmelodi-hooded-pullover-2\/","url":"https:\/\/stylestore.com\/deu\/product\/wblmelodi-hooded-pullover-2\/","name":"WBLMELODI HOODED PULLOVER &#187; Stylestore.com Germany","isPartOf":{"@id":"https:\/\/stylestore.com\/deu\/#website"},"primaryImageOfPage":{"@id":"https:\/\/stylestore.com\/deu\/product\/wblmelodi-hooded-pullover-2\/#primaryimage"},"image":{"@id":"https:\/\/stylestore.com\/deu\/product\/wblmelodi-hooded-pullover-2\/#primaryimage"},"thumbnailUrl":"https:\/\/stylestore.com\/deu\/wp-content\/uploads\/sites\/4\/2025\/10\/WBLMELODI20HOODED_PULLOVER_Grey_Melange3-1.jpg","datePublished":"2025-01-20T13:40:52+00:00","dateModified":"2026-04-11T06:05:15+00:00","breadcrumb":{"@id":"https:\/\/stylestore.com\/deu\/product\/wblmelodi-hooded-pullover-2\/#breadcrumb"},"inLanguage":"de","potentialAction":[{"@type":"ReadAction","target":["https:\/\/stylestore.com\/deu\/product\/wblmelodi-hooded-pullover-2\/"]}]},{"@type":"ImageObject","inLanguage":"de","@id":"https:\/\/stylestore.com\/deu\/product\/wblmelodi-hooded-pullover-2\/#primaryimage","url":"https:\/\/stylestore.com\/deu\/wp-content\/uploads\/sites\/4\/2025\/10\/WBLMELODI20HOODED_PULLOVER_Grey_Melange3-1.jpg","contentUrl":"https:\/\/stylestore.com\/deu\/wp-content\/uploads\/sites\/4\/2025\/10\/WBLMELODI20HOODED_PULLOVER_Grey_Melange3-1.jpg","width":1236,"height":1852},{"@type":"BreadcrumbList","@id":"https:\/\/stylestore.com\/deu\/product\/wblmelodi-hooded-pullover-2\/#breadcrumb","itemListElement":[{"@type":"ListItem","position":1,"name":"Search","item":"https:\/\/stylestore.com\/deu\/search\/"},{"@type":"ListItem","position":2,"name":"WBLMELODI HOODED PULLOVER"}]},{"@type":"WebSite","@id":"https:\/\/stylestore.com\/deu\/#website","url":"https:\/\/stylestore.com\/deu\/","name":"Stylestore.com Germany","description":"","potentialAction":[{"@type":"SearchAction","target":{"@type":"EntryPoint","urlTemplate":"https:\/\/stylestore.com\/deu\/?s={search_term_string}"},"query-input":{"@type":"PropertyValueSpecification","valueRequired":true,"valueName":"search_term_string"}}],"inLanguage":"de"}]}},"_links":{"self":[{"href":"https:\/\/stylestore.com\/deu\/wp-json\/wp\/v2\/product\/571011","targetHints":{"allow":["GET"]}}],"collection":[{"href":"https:\/\/stylestore.com\/deu\/wp-json\/wp\/v2\/product"}],"about":[{"href":"https:\/\/stylestore.com\/deu\/wp-json\/wp\/v2\/types\/product"}],"wp:featuredmedia":[{"embeddable":true,"href":"https:\/\/stylestore.com\/deu\/wp-json\/wp\/v2\/media\/599430"}],"wp:attachment":[{"href":"https:\/\/stylestore.com\/deu\/wp-json\/wp\/v2\/media?parent=571011"}],"wp:term":[{"taxonomy":"product_brand","embeddable":true,"href":"https:\/\/stylestore.com\/deu\/wp-json\/wp\/v2\/product_brand?post=571011"},{"taxonomy":"product_cat","embeddable":true,"href":"https:\/\/stylestore.com\/deu\/wp-json\/wp\/v2\/product_cat?post=571011"},{"taxonomy":"product_tag","embeddable":true,"href":"https:\/\/stylestore.com\/deu\/wp-json\/wp\/v2\/product_tag?post=571011"}],"curies":[{"name":"wp","href":"https:\/\/api.w.org\/{rel}","templated":true}]}}