{"id":567376,"date":"2024-12-12T09:38:31","date_gmt":"2024-12-12T08:38:31","guid":{"rendered":"https:\/\/stylestore.com\/deu\/product\/wblvalentina-striped-pant\/"},"modified":"2026-04-14T08:05:22","modified_gmt":"2026-04-14T06:05:22","slug":"wblvalentina-striped-pant","status":"publish","type":"product","link":"https:\/\/stylestore.com\/deu\/product\/wblvalentina-striped-pant\/","title":{"rendered":"WBLVALENTINA STRIPED PANT"},"content":{"rendered":"<p>Klassischer marineblauer Nadelstreifen in Wei\u00df<br \/>\nNormale Passform<br \/>\nNormale L\u00e4nge<br \/>\nNormale Beinl\u00e4nge<br \/>\nMit Haken und \u00d6se zu schlie\u00dfen<br \/>\nFormgeschnittener Bund und G\u00fcrtelschlaufen<br \/>\nBindeband in der Taille<br \/>\nFalten vorne<br \/>\nSeitentaschen<br \/>\nPaspeltaschen hinten<\/p>\n<p>Das Model ist 172 cm gro\u00df und tr\u00e4gt Gr\u00f6\u00dfe S<br \/>\nDas Produkt f\u00e4llt normal aus<\/p>\n","protected":false},"excerpt":{"rendered":"PREORDER AW25 | VORBESTELLUNGSSCHLUSS 28.02.2025","protected":false},"featured_media":568555,"template":"","meta":{"_acf_changed":false},"product_brand":[],"product_cat":[128,19],"product_tag":[1871],"class_list":{"0":"post-567376","1":"product","2":"type-product","3":"status-publish","4":"has-post-thumbnail","6":"product_cat-hosen","7":"product_cat-tailoring","8":"product_tag-b2b","9":"pa_brand-withblack","10":"pa_collection-modern","11":"pa_color-midnight-blue-pinstripe","14":"instock","15":"taxable","16":"shipping-taxable","17":"purchasable","18":"product-type-variable"},"acf":[],"yoast_head":"<!-- This site is optimized with the Yoast SEO plugin v23.8 - https:\/\/yoast.com\/wordpress\/plugins\/seo\/ -->\n<title>WBLVALENTINA STRIPED PANT &#187; Stylestore.com Germany<\/title>\n<meta name=\"robots\" content=\"index, follow, max-snippet:-1, max-image-preview:large, max-video-preview:-1\" \/>\n<link rel=\"canonical\" href=\"https:\/\/stylestore.com\/deu\/product\/wblvalentina-striped-pant\/\" \/>\n<meta property=\"og:locale\" content=\"de_DE\" \/>\n<meta property=\"og:type\" content=\"article\" \/>\n<meta property=\"og:title\" content=\"WBLVALENTINA STRIPED PANT &#187; Stylestore.com Germany\" \/>\n<meta property=\"og:description\" content=\"PREORDER AW25 | VORBESTELLUNGSSCHLUSS 28.02.2025\" \/>\n<meta property=\"og:url\" content=\"https:\/\/stylestore.com\/deu\/product\/wblvalentina-striped-pant\/\" \/>\n<meta property=\"og:site_name\" content=\"Stylestore.com Germany\" \/>\n<meta property=\"article:modified_time\" content=\"2026-04-14T06:05:22+00:00\" \/>\n<meta property=\"og:image\" content=\"https:\/\/stylestore.com\/deu\/wp-content\/uploads\/sites\/4\/2024\/12\/Wblvalentina_Striped_Tailored_Blazer_Pant_Midnight_Blue_Pinstripe1.jpg\" \/>\n\t<meta property=\"og:image:width\" content=\"1429\" \/>\n\t<meta property=\"og:image:height\" content=\"2142\" \/>\n\t<meta property=\"og:image:type\" content=\"image\/jpeg\" \/>\n<meta name=\"twitter:card\" content=\"summary_large_image\" \/>\n<script type=\"application\/ld+json\" class=\"yoast-schema-graph\">{\"@context\":\"https:\/\/schema.org\",\"@graph\":[{\"@type\":\"WebPage\",\"@id\":\"https:\/\/stylestore.com\/deu\/product\/wblvalentina-striped-pant\/\",\"url\":\"https:\/\/stylestore.com\/deu\/product\/wblvalentina-striped-pant\/\",\"name\":\"WBLVALENTINA STRIPED PANT &#187; Stylestore.com Germany\",\"isPartOf\":{\"@id\":\"https:\/\/stylestore.com\/deu\/#website\"},\"primaryImageOfPage\":{\"@id\":\"https:\/\/stylestore.com\/deu\/product\/wblvalentina-striped-pant\/#primaryimage\"},\"image\":{\"@id\":\"https:\/\/stylestore.com\/deu\/product\/wblvalentina-striped-pant\/#primaryimage\"},\"thumbnailUrl\":\"https:\/\/stylestore.com\/deu\/wp-content\/uploads\/sites\/4\/2024\/12\/Wblvalentina_Striped_Tailored_Blazer_Pant_Midnight_Blue_Pinstripe1.jpg\",\"datePublished\":\"2024-12-12T08:38:31+00:00\",\"dateModified\":\"2026-04-14T06:05:22+00:00\",\"breadcrumb\":{\"@id\":\"https:\/\/stylestore.com\/deu\/product\/wblvalentina-striped-pant\/#breadcrumb\"},\"inLanguage\":\"de\",\"potentialAction\":[{\"@type\":\"ReadAction\",\"target\":[\"https:\/\/stylestore.com\/deu\/product\/wblvalentina-striped-pant\/\"]}]},{\"@type\":\"ImageObject\",\"inLanguage\":\"de\",\"@id\":\"https:\/\/stylestore.com\/deu\/product\/wblvalentina-striped-pant\/#primaryimage\",\"url\":\"https:\/\/stylestore.com\/deu\/wp-content\/uploads\/sites\/4\/2024\/12\/Wblvalentina_Striped_Tailored_Blazer_Pant_Midnight_Blue_Pinstripe1.jpg\",\"contentUrl\":\"https:\/\/stylestore.com\/deu\/wp-content\/uploads\/sites\/4\/2024\/12\/Wblvalentina_Striped_Tailored_Blazer_Pant_Midnight_Blue_Pinstripe1.jpg\",\"width\":1429,\"height\":2142},{\"@type\":\"BreadcrumbList\",\"@id\":\"https:\/\/stylestore.com\/deu\/product\/wblvalentina-striped-pant\/#breadcrumb\",\"itemListElement\":[{\"@type\":\"ListItem\",\"position\":1,\"name\":\"Search\",\"item\":\"https:\/\/stylestore.com\/deu\/search\/\"},{\"@type\":\"ListItem\",\"position\":2,\"name\":\"WBLVALENTINA STRIPED PANT\"}]},{\"@type\":\"WebSite\",\"@id\":\"https:\/\/stylestore.com\/deu\/#website\",\"url\":\"https:\/\/stylestore.com\/deu\/\",\"name\":\"Stylestore.com Germany\",\"description\":\"\",\"potentialAction\":[{\"@type\":\"SearchAction\",\"target\":{\"@type\":\"EntryPoint\",\"urlTemplate\":\"https:\/\/stylestore.com\/deu\/?s={search_term_string}\"},\"query-input\":{\"@type\":\"PropertyValueSpecification\",\"valueRequired\":true,\"valueName\":\"search_term_string\"}}],\"inLanguage\":\"de\"}]}<\/script>\n<!-- \/ Yoast SEO plugin. -->","yoast_head_json":{"title":"WBLVALENTINA STRIPED PANT &#187; Stylestore.com Germany","robots":{"index":"index","follow":"follow","max-snippet":"max-snippet:-1","max-image-preview":"max-image-preview:large","max-video-preview":"max-video-preview:-1"},"canonical":"https:\/\/stylestore.com\/deu\/product\/wblvalentina-striped-pant\/","og_locale":"de_DE","og_type":"article","og_title":"WBLVALENTINA STRIPED PANT &#187; Stylestore.com Germany","og_description":"PREORDER AW25 | VORBESTELLUNGSSCHLUSS 28.02.2025","og_url":"https:\/\/stylestore.com\/deu\/product\/wblvalentina-striped-pant\/","og_site_name":"Stylestore.com Germany","article_modified_time":"2026-04-14T06:05:22+00:00","og_image":[{"width":1429,"height":2142,"url":"https:\/\/stylestore.com\/deu\/wp-content\/uploads\/sites\/4\/2024\/12\/Wblvalentina_Striped_Tailored_Blazer_Pant_Midnight_Blue_Pinstripe1.jpg","type":"image\/jpeg"}],"twitter_card":"summary_large_image","schema":{"@context":"https:\/\/schema.org","@graph":[{"@type":"WebPage","@id":"https:\/\/stylestore.com\/deu\/product\/wblvalentina-striped-pant\/","url":"https:\/\/stylestore.com\/deu\/product\/wblvalentina-striped-pant\/","name":"WBLVALENTINA STRIPED PANT &#187; Stylestore.com Germany","isPartOf":{"@id":"https:\/\/stylestore.com\/deu\/#website"},"primaryImageOfPage":{"@id":"https:\/\/stylestore.com\/deu\/product\/wblvalentina-striped-pant\/#primaryimage"},"image":{"@id":"https:\/\/stylestore.com\/deu\/product\/wblvalentina-striped-pant\/#primaryimage"},"thumbnailUrl":"https:\/\/stylestore.com\/deu\/wp-content\/uploads\/sites\/4\/2024\/12\/Wblvalentina_Striped_Tailored_Blazer_Pant_Midnight_Blue_Pinstripe1.jpg","datePublished":"2024-12-12T08:38:31+00:00","dateModified":"2026-04-14T06:05:22+00:00","breadcrumb":{"@id":"https:\/\/stylestore.com\/deu\/product\/wblvalentina-striped-pant\/#breadcrumb"},"inLanguage":"de","potentialAction":[{"@type":"ReadAction","target":["https:\/\/stylestore.com\/deu\/product\/wblvalentina-striped-pant\/"]}]},{"@type":"ImageObject","inLanguage":"de","@id":"https:\/\/stylestore.com\/deu\/product\/wblvalentina-striped-pant\/#primaryimage","url":"https:\/\/stylestore.com\/deu\/wp-content\/uploads\/sites\/4\/2024\/12\/Wblvalentina_Striped_Tailored_Blazer_Pant_Midnight_Blue_Pinstripe1.jpg","contentUrl":"https:\/\/stylestore.com\/deu\/wp-content\/uploads\/sites\/4\/2024\/12\/Wblvalentina_Striped_Tailored_Blazer_Pant_Midnight_Blue_Pinstripe1.jpg","width":1429,"height":2142},{"@type":"BreadcrumbList","@id":"https:\/\/stylestore.com\/deu\/product\/wblvalentina-striped-pant\/#breadcrumb","itemListElement":[{"@type":"ListItem","position":1,"name":"Search","item":"https:\/\/stylestore.com\/deu\/search\/"},{"@type":"ListItem","position":2,"name":"WBLVALENTINA STRIPED PANT"}]},{"@type":"WebSite","@id":"https:\/\/stylestore.com\/deu\/#website","url":"https:\/\/stylestore.com\/deu\/","name":"Stylestore.com Germany","description":"","potentialAction":[{"@type":"SearchAction","target":{"@type":"EntryPoint","urlTemplate":"https:\/\/stylestore.com\/deu\/?s={search_term_string}"},"query-input":{"@type":"PropertyValueSpecification","valueRequired":true,"valueName":"search_term_string"}}],"inLanguage":"de"}]}},"_links":{"self":[{"href":"https:\/\/stylestore.com\/deu\/wp-json\/wp\/v2\/product\/567376","targetHints":{"allow":["GET"]}}],"collection":[{"href":"https:\/\/stylestore.com\/deu\/wp-json\/wp\/v2\/product"}],"about":[{"href":"https:\/\/stylestore.com\/deu\/wp-json\/wp\/v2\/types\/product"}],"wp:featuredmedia":[{"embeddable":true,"href":"https:\/\/stylestore.com\/deu\/wp-json\/wp\/v2\/media\/568555"}],"wp:attachment":[{"href":"https:\/\/stylestore.com\/deu\/wp-json\/wp\/v2\/media?parent=567376"}],"wp:term":[{"taxonomy":"product_brand","embeddable":true,"href":"https:\/\/stylestore.com\/deu\/wp-json\/wp\/v2\/product_brand?post=567376"},{"taxonomy":"product_cat","embeddable":true,"href":"https:\/\/stylestore.com\/deu\/wp-json\/wp\/v2\/product_cat?post=567376"},{"taxonomy":"product_tag","embeddable":true,"href":"https:\/\/stylestore.com\/deu\/wp-json\/wp\/v2\/product_tag?post=567376"}],"curies":[{"name":"wp","href":"https:\/\/api.w.org\/{rel}","templated":true}]}}