{"id":567049,"date":"2024-12-12T08:24:56","date_gmt":"2024-12-12T07:24:56","guid":{"rendered":"https:\/\/stylestore.com\/deu\/product\/wblkai-ls-cardigan-2\/"},"modified":"2026-04-23T08:05:12","modified_gmt":"2026-04-23T06:05:12","slug":"wblkai-ls-cardigan-2","status":"publish","type":"product","link":"https:\/\/stylestore.com\/deu\/product\/wblkai-ls-cardigan-2\/","title":{"rendered":"WBLKAI LS CARDIGAN"},"content":{"rendered":"<p>Extrafeine Merinowolle<br \/>\nTaillierter Cardigan<br \/>\nHoher Kragen mit Rollsaum<br \/>\nKnopfleiste mit kleinen Kn\u00f6pfen<br \/>\nFeiner Rippstrick an \u00c4rmeln und Saum<br \/>\nUnterhalb der Taille<br \/>\nDas Model ist 172 cm gro\u00df und tr\u00e4gt Gr\u00f6\u00dfe S<br \/>\nDas Produkt f\u00e4llt normal aus<\/p>\n","protected":false},"excerpt":{"rendered":"PREORDER AW25 | VORBESTELLUNGSSCHLUSS 28.02.2025","protected":false},"featured_media":618873,"template":"","meta":{"_acf_changed":false},"product_brand":[],"product_cat":[138,107],"product_tag":[1871],"class_list":{"0":"post-567049","1":"product","2":"type-product","3":"status-publish","4":"has-post-thumbnail","6":"product_cat-cardigans","7":"product_cat-strickwaren","8":"product_tag-b2b","9":"pa_brand-withblack","10":"pa_collection-collective","11":"pa_color-frosted-almond-melange","14":"instock","15":"taxable","16":"shipping-taxable","17":"purchasable","18":"product-type-variable"},"acf":[],"yoast_head":"<!-- This site is optimized with the Yoast SEO plugin v23.8 - https:\/\/yoast.com\/wordpress\/plugins\/seo\/ -->\n<title>WBLKAI LS CARDIGAN &#187; Stylestore.com Germany<\/title>\n<meta name=\"robots\" content=\"index, follow, max-snippet:-1, max-image-preview:large, max-video-preview:-1\" \/>\n<link rel=\"canonical\" href=\"https:\/\/stylestore.com\/deu\/product\/wblkai-ls-cardigan-2\/\" \/>\n<meta property=\"og:locale\" content=\"de_DE\" \/>\n<meta property=\"og:type\" content=\"article\" \/>\n<meta property=\"og:title\" content=\"WBLKAI LS CARDIGAN &#187; Stylestore.com Germany\" \/>\n<meta property=\"og:description\" content=\"PREORDER AW25 | VORBESTELLUNGSSCHLUSS 28.02.2025\" \/>\n<meta property=\"og:url\" content=\"https:\/\/stylestore.com\/deu\/product\/wblkai-ls-cardigan-2\/\" \/>\n<meta property=\"og:site_name\" content=\"Stylestore.com Germany\" \/>\n<meta property=\"article:modified_time\" content=\"2026-04-23T06:05:12+00:00\" \/>\n<meta property=\"og:image\" content=\"https:\/\/stylestore.com\/deu\/wp-content\/uploads\/sites\/4\/2026\/03\/WBLKAI_LS_CARDIGAN_Frosted_Almond_Melange2-1.jpg\" \/>\n\t<meta property=\"og:image:width\" content=\"1478\" \/>\n\t<meta property=\"og:image:height\" content=\"2215\" \/>\n\t<meta property=\"og:image:type\" content=\"image\/jpeg\" \/>\n<meta name=\"twitter:card\" content=\"summary_large_image\" \/>\n<script type=\"application\/ld+json\" class=\"yoast-schema-graph\">{\"@context\":\"https:\/\/schema.org\",\"@graph\":[{\"@type\":\"WebPage\",\"@id\":\"https:\/\/stylestore.com\/deu\/product\/wblkai-ls-cardigan-2\/\",\"url\":\"https:\/\/stylestore.com\/deu\/product\/wblkai-ls-cardigan-2\/\",\"name\":\"WBLKAI LS CARDIGAN &#187; Stylestore.com Germany\",\"isPartOf\":{\"@id\":\"https:\/\/stylestore.com\/deu\/#website\"},\"primaryImageOfPage\":{\"@id\":\"https:\/\/stylestore.com\/deu\/product\/wblkai-ls-cardigan-2\/#primaryimage\"},\"image\":{\"@id\":\"https:\/\/stylestore.com\/deu\/product\/wblkai-ls-cardigan-2\/#primaryimage\"},\"thumbnailUrl\":\"https:\/\/stylestore.com\/deu\/wp-content\/uploads\/sites\/4\/2026\/03\/WBLKAI_LS_CARDIGAN_Frosted_Almond_Melange2-1.jpg\",\"datePublished\":\"2024-12-12T07:24:56+00:00\",\"dateModified\":\"2026-04-23T06:05:12+00:00\",\"breadcrumb\":{\"@id\":\"https:\/\/stylestore.com\/deu\/product\/wblkai-ls-cardigan-2\/#breadcrumb\"},\"inLanguage\":\"de\",\"potentialAction\":[{\"@type\":\"ReadAction\",\"target\":[\"https:\/\/stylestore.com\/deu\/product\/wblkai-ls-cardigan-2\/\"]}]},{\"@type\":\"ImageObject\",\"inLanguage\":\"de\",\"@id\":\"https:\/\/stylestore.com\/deu\/product\/wblkai-ls-cardigan-2\/#primaryimage\",\"url\":\"https:\/\/stylestore.com\/deu\/wp-content\/uploads\/sites\/4\/2026\/03\/WBLKAI_LS_CARDIGAN_Frosted_Almond_Melange2-1.jpg\",\"contentUrl\":\"https:\/\/stylestore.com\/deu\/wp-content\/uploads\/sites\/4\/2026\/03\/WBLKAI_LS_CARDIGAN_Frosted_Almond_Melange2-1.jpg\",\"width\":1478,\"height\":2215},{\"@type\":\"BreadcrumbList\",\"@id\":\"https:\/\/stylestore.com\/deu\/product\/wblkai-ls-cardigan-2\/#breadcrumb\",\"itemListElement\":[{\"@type\":\"ListItem\",\"position\":1,\"name\":\"Search\",\"item\":\"https:\/\/stylestore.com\/deu\/search\/\"},{\"@type\":\"ListItem\",\"position\":2,\"name\":\"WBLKAI LS CARDIGAN\"}]},{\"@type\":\"WebSite\",\"@id\":\"https:\/\/stylestore.com\/deu\/#website\",\"url\":\"https:\/\/stylestore.com\/deu\/\",\"name\":\"Stylestore.com Germany\",\"description\":\"\",\"potentialAction\":[{\"@type\":\"SearchAction\",\"target\":{\"@type\":\"EntryPoint\",\"urlTemplate\":\"https:\/\/stylestore.com\/deu\/?s={search_term_string}\"},\"query-input\":{\"@type\":\"PropertyValueSpecification\",\"valueRequired\":true,\"valueName\":\"search_term_string\"}}],\"inLanguage\":\"de\"}]}<\/script>\n<!-- \/ Yoast SEO plugin. -->","yoast_head_json":{"title":"WBLKAI LS CARDIGAN &#187; Stylestore.com Germany","robots":{"index":"index","follow":"follow","max-snippet":"max-snippet:-1","max-image-preview":"max-image-preview:large","max-video-preview":"max-video-preview:-1"},"canonical":"https:\/\/stylestore.com\/deu\/product\/wblkai-ls-cardigan-2\/","og_locale":"de_DE","og_type":"article","og_title":"WBLKAI LS CARDIGAN &#187; Stylestore.com Germany","og_description":"PREORDER AW25 | VORBESTELLUNGSSCHLUSS 28.02.2025","og_url":"https:\/\/stylestore.com\/deu\/product\/wblkai-ls-cardigan-2\/","og_site_name":"Stylestore.com Germany","article_modified_time":"2026-04-23T06:05:12+00:00","og_image":[{"width":1478,"height":2215,"url":"https:\/\/stylestore.com\/deu\/wp-content\/uploads\/sites\/4\/2026\/03\/WBLKAI_LS_CARDIGAN_Frosted_Almond_Melange2-1.jpg","type":"image\/jpeg"}],"twitter_card":"summary_large_image","schema":{"@context":"https:\/\/schema.org","@graph":[{"@type":"WebPage","@id":"https:\/\/stylestore.com\/deu\/product\/wblkai-ls-cardigan-2\/","url":"https:\/\/stylestore.com\/deu\/product\/wblkai-ls-cardigan-2\/","name":"WBLKAI LS CARDIGAN &#187; Stylestore.com Germany","isPartOf":{"@id":"https:\/\/stylestore.com\/deu\/#website"},"primaryImageOfPage":{"@id":"https:\/\/stylestore.com\/deu\/product\/wblkai-ls-cardigan-2\/#primaryimage"},"image":{"@id":"https:\/\/stylestore.com\/deu\/product\/wblkai-ls-cardigan-2\/#primaryimage"},"thumbnailUrl":"https:\/\/stylestore.com\/deu\/wp-content\/uploads\/sites\/4\/2026\/03\/WBLKAI_LS_CARDIGAN_Frosted_Almond_Melange2-1.jpg","datePublished":"2024-12-12T07:24:56+00:00","dateModified":"2026-04-23T06:05:12+00:00","breadcrumb":{"@id":"https:\/\/stylestore.com\/deu\/product\/wblkai-ls-cardigan-2\/#breadcrumb"},"inLanguage":"de","potentialAction":[{"@type":"ReadAction","target":["https:\/\/stylestore.com\/deu\/product\/wblkai-ls-cardigan-2\/"]}]},{"@type":"ImageObject","inLanguage":"de","@id":"https:\/\/stylestore.com\/deu\/product\/wblkai-ls-cardigan-2\/#primaryimage","url":"https:\/\/stylestore.com\/deu\/wp-content\/uploads\/sites\/4\/2026\/03\/WBLKAI_LS_CARDIGAN_Frosted_Almond_Melange2-1.jpg","contentUrl":"https:\/\/stylestore.com\/deu\/wp-content\/uploads\/sites\/4\/2026\/03\/WBLKAI_LS_CARDIGAN_Frosted_Almond_Melange2-1.jpg","width":1478,"height":2215},{"@type":"BreadcrumbList","@id":"https:\/\/stylestore.com\/deu\/product\/wblkai-ls-cardigan-2\/#breadcrumb","itemListElement":[{"@type":"ListItem","position":1,"name":"Search","item":"https:\/\/stylestore.com\/deu\/search\/"},{"@type":"ListItem","position":2,"name":"WBLKAI LS CARDIGAN"}]},{"@type":"WebSite","@id":"https:\/\/stylestore.com\/deu\/#website","url":"https:\/\/stylestore.com\/deu\/","name":"Stylestore.com Germany","description":"","potentialAction":[{"@type":"SearchAction","target":{"@type":"EntryPoint","urlTemplate":"https:\/\/stylestore.com\/deu\/?s={search_term_string}"},"query-input":{"@type":"PropertyValueSpecification","valueRequired":true,"valueName":"search_term_string"}}],"inLanguage":"de"}]}},"_links":{"self":[{"href":"https:\/\/stylestore.com\/deu\/wp-json\/wp\/v2\/product\/567049","targetHints":{"allow":["GET"]}}],"collection":[{"href":"https:\/\/stylestore.com\/deu\/wp-json\/wp\/v2\/product"}],"about":[{"href":"https:\/\/stylestore.com\/deu\/wp-json\/wp\/v2\/types\/product"}],"wp:featuredmedia":[{"embeddable":true,"href":"https:\/\/stylestore.com\/deu\/wp-json\/wp\/v2\/media\/618873"}],"wp:attachment":[{"href":"https:\/\/stylestore.com\/deu\/wp-json\/wp\/v2\/media?parent=567049"}],"wp:term":[{"taxonomy":"product_brand","embeddable":true,"href":"https:\/\/stylestore.com\/deu\/wp-json\/wp\/v2\/product_brand?post=567049"},{"taxonomy":"product_cat","embeddable":true,"href":"https:\/\/stylestore.com\/deu\/wp-json\/wp\/v2\/product_cat?post=567049"},{"taxonomy":"product_tag","embeddable":true,"href":"https:\/\/stylestore.com\/deu\/wp-json\/wp\/v2\/product_tag?post=567049"}],"curies":[{"name":"wp","href":"https:\/\/api.w.org\/{rel}","templated":true}]}}