{"id":562494,"date":"2024-11-08T10:13:23","date_gmt":"2024-11-08T09:13:23","guid":{"rendered":"https:\/\/stylestore.com\/deu\/product\/wblvanessa-puffer-jacket-5\/"},"modified":"2026-04-23T08:05:15","modified_gmt":"2026-04-23T06:05:15","slug":"wblvanessa-puffer-jacket-5","status":"publish","type":"product","link":"https:\/\/stylestore.com\/deu\/product\/wblvanessa-puffer-jacket-5\/","title":{"rendered":"WBLVANESSA PUFFER JACKET"},"content":{"rendered":"<p>Pufferjacke aus gl\u00e4nzendem Stoff<br \/>\n50 % echte Daunen und 50 % Kunstdaunen<br \/>\nSuperleichte F\u00fcllung<br \/>\nH\u00e4lt richtig warm<br \/>\nK\u00e4ltebest\u00e4ndig<br \/>\nWinddicht<br \/>\nWasserabweisend<br \/>\nStehkragen<br \/>\nAbnehmbare Kapuze<br \/>\nLockere Passform<br \/>\nUnterhalb der H\u00fcfte<br \/>\nVerdeckte Druckkn\u00f6pfe und Rei\u00dfverschluss vorne<br \/>\nPaspeltaschen<br \/>\nElastischer, verstellbarer Bund innen<\/p>\n<p>Das Model ist 172 cm gro\u00df und tr\u00e4gt Gr\u00f6\u00dfe Das Produkt f\u00e4llt normal aus und hat einen Oversize-Look. F\u00fcr einen weniger Oversize-Look w\u00e4hle eine Nummer kleiner.<\/p>\n","protected":false},"excerpt":{"rendered":"PREORDER AW25 | VORBESTELLUNGSSCHLUSS 30.01.2025","protected":false},"featured_media":611249,"template":"","meta":{"_acf_changed":false},"product_brand":[],"product_cat":[18],"product_tag":[1871,2134,1521],"class_list":{"0":"post-562494","1":"product","2":"type-product","3":"status-publish","4":"has-post-thumbnail","6":"product_cat-jacken","7":"product_tag-b2b","8":"product_tag-pre-order","9":"product_tag-sustainable","10":"pa_brand-withblack","11":"pa_collection-icons-aw26","12":"pa_color-black","15":"instock","16":"taxable","17":"shipping-taxable","18":"purchasable","19":"product-type-variable"},"acf":[],"yoast_head":"<!-- This site is optimized with the Yoast SEO plugin v23.8 - https:\/\/yoast.com\/wordpress\/plugins\/seo\/ -->\n<title>WBLVANESSA PUFFER JACKET &#187; Stylestore.com Germany<\/title>\n<meta name=\"robots\" content=\"index, follow, max-snippet:-1, max-image-preview:large, max-video-preview:-1\" \/>\n<link rel=\"canonical\" href=\"https:\/\/stylestore.com\/deu\/product\/wblvanessa-puffer-jacket-5\/\" \/>\n<meta property=\"og:locale\" content=\"de_DE\" \/>\n<meta property=\"og:type\" content=\"article\" \/>\n<meta property=\"og:title\" content=\"WBLVANESSA PUFFER JACKET &#187; Stylestore.com Germany\" \/>\n<meta property=\"og:description\" content=\"PREORDER AW25 | VORBESTELLUNGSSCHLUSS 30.01.2025\" \/>\n<meta property=\"og:url\" content=\"https:\/\/stylestore.com\/deu\/product\/wblvanessa-puffer-jacket-5\/\" \/>\n<meta property=\"og:site_name\" content=\"Stylestore.com Germany\" \/>\n<meta property=\"article:modified_time\" content=\"2026-04-23T06:05:15+00:00\" \/>\n<meta property=\"og:image\" content=\"https:\/\/stylestore.com\/deu\/wp-content\/uploads\/sites\/4\/2024\/11\/Wblvanessa_Puffer_Jacket_Black6-1.jpg\" \/>\n\t<meta property=\"og:image:width\" content=\"1305\" \/>\n\t<meta property=\"og:image:height\" content=\"1957\" \/>\n\t<meta property=\"og:image:type\" content=\"image\/jpeg\" \/>\n<meta name=\"twitter:card\" content=\"summary_large_image\" \/>\n<script type=\"application\/ld+json\" class=\"yoast-schema-graph\">{\"@context\":\"https:\/\/schema.org\",\"@graph\":[{\"@type\":\"WebPage\",\"@id\":\"https:\/\/stylestore.com\/deu\/product\/wblvanessa-puffer-jacket-5\/\",\"url\":\"https:\/\/stylestore.com\/deu\/product\/wblvanessa-puffer-jacket-5\/\",\"name\":\"WBLVANESSA PUFFER JACKET &#187; Stylestore.com Germany\",\"isPartOf\":{\"@id\":\"https:\/\/stylestore.com\/deu\/#website\"},\"primaryImageOfPage\":{\"@id\":\"https:\/\/stylestore.com\/deu\/product\/wblvanessa-puffer-jacket-5\/#primaryimage\"},\"image\":{\"@id\":\"https:\/\/stylestore.com\/deu\/product\/wblvanessa-puffer-jacket-5\/#primaryimage\"},\"thumbnailUrl\":\"https:\/\/stylestore.com\/deu\/wp-content\/uploads\/sites\/4\/2025\/12\/Wblvanessa_Puffer_Jacket_Black6-1.jpg\",\"datePublished\":\"2024-11-08T09:13:23+00:00\",\"dateModified\":\"2026-04-23T06:05:15+00:00\",\"breadcrumb\":{\"@id\":\"https:\/\/stylestore.com\/deu\/product\/wblvanessa-puffer-jacket-5\/#breadcrumb\"},\"inLanguage\":\"de\",\"potentialAction\":[{\"@type\":\"ReadAction\",\"target\":[\"https:\/\/stylestore.com\/deu\/product\/wblvanessa-puffer-jacket-5\/\"]}]},{\"@type\":\"ImageObject\",\"inLanguage\":\"de\",\"@id\":\"https:\/\/stylestore.com\/deu\/product\/wblvanessa-puffer-jacket-5\/#primaryimage\",\"url\":\"https:\/\/stylestore.com\/deu\/wp-content\/uploads\/sites\/4\/2025\/12\/Wblvanessa_Puffer_Jacket_Black6-1.jpg\",\"contentUrl\":\"https:\/\/stylestore.com\/deu\/wp-content\/uploads\/sites\/4\/2025\/12\/Wblvanessa_Puffer_Jacket_Black6-1.jpg\",\"width\":1305,\"height\":1957},{\"@type\":\"BreadcrumbList\",\"@id\":\"https:\/\/stylestore.com\/deu\/product\/wblvanessa-puffer-jacket-5\/#breadcrumb\",\"itemListElement\":[{\"@type\":\"ListItem\",\"position\":1,\"name\":\"Search\",\"item\":\"https:\/\/stylestore.com\/deu\/search\/\"},{\"@type\":\"ListItem\",\"position\":2,\"name\":\"WBLVANESSA PUFFER JACKET\"}]},{\"@type\":\"WebSite\",\"@id\":\"https:\/\/stylestore.com\/deu\/#website\",\"url\":\"https:\/\/stylestore.com\/deu\/\",\"name\":\"Stylestore.com Germany\",\"description\":\"\",\"potentialAction\":[{\"@type\":\"SearchAction\",\"target\":{\"@type\":\"EntryPoint\",\"urlTemplate\":\"https:\/\/stylestore.com\/deu\/?s={search_term_string}\"},\"query-input\":{\"@type\":\"PropertyValueSpecification\",\"valueRequired\":true,\"valueName\":\"search_term_string\"}}],\"inLanguage\":\"de\"}]}<\/script>\n<!-- \/ Yoast SEO plugin. -->","yoast_head_json":{"title":"WBLVANESSA PUFFER JACKET &#187; Stylestore.com Germany","robots":{"index":"index","follow":"follow","max-snippet":"max-snippet:-1","max-image-preview":"max-image-preview:large","max-video-preview":"max-video-preview:-1"},"canonical":"https:\/\/stylestore.com\/deu\/product\/wblvanessa-puffer-jacket-5\/","og_locale":"de_DE","og_type":"article","og_title":"WBLVANESSA PUFFER JACKET &#187; Stylestore.com Germany","og_description":"PREORDER AW25 | VORBESTELLUNGSSCHLUSS 30.01.2025","og_url":"https:\/\/stylestore.com\/deu\/product\/wblvanessa-puffer-jacket-5\/","og_site_name":"Stylestore.com Germany","article_modified_time":"2026-04-23T06:05:15+00:00","og_image":[{"width":1305,"height":1957,"url":"https:\/\/stylestore.com\/deu\/wp-content\/uploads\/sites\/4\/2024\/11\/Wblvanessa_Puffer_Jacket_Black6-1.jpg","type":"image\/jpeg"}],"twitter_card":"summary_large_image","schema":{"@context":"https:\/\/schema.org","@graph":[{"@type":"WebPage","@id":"https:\/\/stylestore.com\/deu\/product\/wblvanessa-puffer-jacket-5\/","url":"https:\/\/stylestore.com\/deu\/product\/wblvanessa-puffer-jacket-5\/","name":"WBLVANESSA PUFFER JACKET &#187; Stylestore.com Germany","isPartOf":{"@id":"https:\/\/stylestore.com\/deu\/#website"},"primaryImageOfPage":{"@id":"https:\/\/stylestore.com\/deu\/product\/wblvanessa-puffer-jacket-5\/#primaryimage"},"image":{"@id":"https:\/\/stylestore.com\/deu\/product\/wblvanessa-puffer-jacket-5\/#primaryimage"},"thumbnailUrl":"https:\/\/stylestore.com\/deu\/wp-content\/uploads\/sites\/4\/2025\/12\/Wblvanessa_Puffer_Jacket_Black6-1.jpg","datePublished":"2024-11-08T09:13:23+00:00","dateModified":"2026-04-23T06:05:15+00:00","breadcrumb":{"@id":"https:\/\/stylestore.com\/deu\/product\/wblvanessa-puffer-jacket-5\/#breadcrumb"},"inLanguage":"de","potentialAction":[{"@type":"ReadAction","target":["https:\/\/stylestore.com\/deu\/product\/wblvanessa-puffer-jacket-5\/"]}]},{"@type":"ImageObject","inLanguage":"de","@id":"https:\/\/stylestore.com\/deu\/product\/wblvanessa-puffer-jacket-5\/#primaryimage","url":"https:\/\/stylestore.com\/deu\/wp-content\/uploads\/sites\/4\/2025\/12\/Wblvanessa_Puffer_Jacket_Black6-1.jpg","contentUrl":"https:\/\/stylestore.com\/deu\/wp-content\/uploads\/sites\/4\/2025\/12\/Wblvanessa_Puffer_Jacket_Black6-1.jpg","width":1305,"height":1957},{"@type":"BreadcrumbList","@id":"https:\/\/stylestore.com\/deu\/product\/wblvanessa-puffer-jacket-5\/#breadcrumb","itemListElement":[{"@type":"ListItem","position":1,"name":"Search","item":"https:\/\/stylestore.com\/deu\/search\/"},{"@type":"ListItem","position":2,"name":"WBLVANESSA PUFFER JACKET"}]},{"@type":"WebSite","@id":"https:\/\/stylestore.com\/deu\/#website","url":"https:\/\/stylestore.com\/deu\/","name":"Stylestore.com Germany","description":"","potentialAction":[{"@type":"SearchAction","target":{"@type":"EntryPoint","urlTemplate":"https:\/\/stylestore.com\/deu\/?s={search_term_string}"},"query-input":{"@type":"PropertyValueSpecification","valueRequired":true,"valueName":"search_term_string"}}],"inLanguage":"de"}]}},"_links":{"self":[{"href":"https:\/\/stylestore.com\/deu\/wp-json\/wp\/v2\/product\/562494","targetHints":{"allow":["GET"]}}],"collection":[{"href":"https:\/\/stylestore.com\/deu\/wp-json\/wp\/v2\/product"}],"about":[{"href":"https:\/\/stylestore.com\/deu\/wp-json\/wp\/v2\/types\/product"}],"wp:featuredmedia":[{"embeddable":true,"href":"https:\/\/stylestore.com\/deu\/wp-json\/wp\/v2\/media\/611249"}],"wp:attachment":[{"href":"https:\/\/stylestore.com\/deu\/wp-json\/wp\/v2\/media?parent=562494"}],"wp:term":[{"taxonomy":"product_brand","embeddable":true,"href":"https:\/\/stylestore.com\/deu\/wp-json\/wp\/v2\/product_brand?post=562494"},{"taxonomy":"product_cat","embeddable":true,"href":"https:\/\/stylestore.com\/deu\/wp-json\/wp\/v2\/product_cat?post=562494"},{"taxonomy":"product_tag","embeddable":true,"href":"https:\/\/stylestore.com\/deu\/wp-json\/wp\/v2\/product_tag?post=562494"}],"curies":[{"name":"wp","href":"https:\/\/api.w.org\/{rel}","templated":true}]}}