{"id":561387,"date":"2024-11-06T11:07:41","date_gmt":"2024-11-06T10:07:41","guid":{"rendered":"https:\/\/stylestore.com\/deu\/product\/wblemery-carcoat-2\/"},"modified":"2026-04-14T08:05:27","modified_gmt":"2026-04-14T06:05:27","slug":"wblemery-carcoat-2","status":"publish","type":"product","link":"https:\/\/stylestore.com\/deu\/product\/wblemery-carcoat-2\/","title":{"rendered":"WBLEMERY CARCOAT"},"content":{"rendered":"<p>Baumwollqualit\u00e4t mit geb\u00fcrsteter Oberfl\u00e4che<br \/>\nGef\u00fcttert<br \/>\nRaglan\u00e4rmel mit Riemen am Handgelenk<br \/>\nKragen und abnehmbare Kapuze<br \/>\nVorderseite mit Kn\u00f6pfen zu schlie\u00dfen<br \/>\nEinfache Leistentaschen vorne<br \/>\nL\u00e4nge \u00fcber dem Knie<\/p>\n<p>Das Model ist 172 cm gro\u00df und tr\u00e4gt Gr\u00f6\u00dfe S<br \/>\nDas Produkt f\u00e4llt normal aus<\/p>\n","protected":false},"excerpt":{"rendered":"PREORDER AW25 | VORBESTELLUNGSSCHLUSS 30.01.2025","protected":false},"featured_media":563196,"template":"","meta":{"_acf_changed":false},"product_brand":[],"product_cat":[114,112],"product_tag":[1871],"class_list":{"0":"post-561387","1":"product","2":"type-product","3":"status-publish","4":"has-post-thumbnail","6":"product_cat-lange-jacken","7":"product_cat-maentel","8":"product_tag-b2b","9":"pa_brand-withblack","10":"pa_collection-icons-aw25","11":"pa_color-falcon-eye","14":"instock","15":"taxable","16":"shipping-taxable","17":"purchasable","18":"product-type-variable"},"acf":[],"yoast_head":"<!-- This site is optimized with the Yoast SEO plugin v23.8 - https:\/\/yoast.com\/wordpress\/plugins\/seo\/ -->\n<title>WBLEMERY CARCOAT &#187; Stylestore.com Germany<\/title>\n<meta name=\"description\" content=\"Dieser elegante Mantel hat eine raffinierte Carcoat-Silhouette, die super bequem ist. Er hat eine gerade Passform, eine durchgehende Knopfleiste, praktische Seitentaschen und einen dezent abgerundeten Kragen.\" \/>\n<meta name=\"robots\" content=\"index, follow, max-snippet:-1, max-image-preview:large, max-video-preview:-1\" \/>\n<link rel=\"canonical\" href=\"https:\/\/stylestore.com\/deu\/product\/wblemery-carcoat-2\/\" \/>\n<meta property=\"og:locale\" content=\"de_DE\" \/>\n<meta property=\"og:type\" content=\"article\" \/>\n<meta property=\"og:title\" content=\"WBLEMERY CARCOAT &#187; Stylestore.com Germany\" \/>\n<meta property=\"og:description\" content=\"Dieser elegante Mantel hat eine raffinierte Carcoat-Silhouette, die super bequem ist. Er hat eine gerade Passform, eine durchgehende Knopfleiste, praktische Seitentaschen und einen dezent abgerundeten Kragen.\" \/>\n<meta property=\"og:url\" content=\"https:\/\/stylestore.com\/deu\/product\/wblemery-carcoat-2\/\" \/>\n<meta property=\"og:site_name\" content=\"Stylestore.com Germany\" \/>\n<meta property=\"article:modified_time\" content=\"2026-04-14T06:05:27+00:00\" \/>\n<meta property=\"og:image\" content=\"https:\/\/stylestore.com\/deu\/wp-content\/uploads\/sites\/4\/2024\/11\/Wblemery_Carcoat_Falcon_Eye1-1.jpg\" \/>\n\t<meta property=\"og:image:width\" content=\"1241\" \/>\n\t<meta property=\"og:image:height\" content=\"1861\" \/>\n\t<meta property=\"og:image:type\" content=\"image\/jpeg\" \/>\n<meta name=\"twitter:card\" content=\"summary_large_image\" \/>\n<script type=\"application\/ld+json\" class=\"yoast-schema-graph\">{\"@context\":\"https:\/\/schema.org\",\"@graph\":[{\"@type\":\"WebPage\",\"@id\":\"https:\/\/stylestore.com\/deu\/product\/wblemery-carcoat-2\/\",\"url\":\"https:\/\/stylestore.com\/deu\/product\/wblemery-carcoat-2\/\",\"name\":\"WBLEMERY CARCOAT &#187; Stylestore.com Germany\",\"isPartOf\":{\"@id\":\"https:\/\/stylestore.com\/deu\/#website\"},\"primaryImageOfPage\":{\"@id\":\"https:\/\/stylestore.com\/deu\/product\/wblemery-carcoat-2\/#primaryimage\"},\"image\":{\"@id\":\"https:\/\/stylestore.com\/deu\/product\/wblemery-carcoat-2\/#primaryimage\"},\"thumbnailUrl\":\"https:\/\/stylestore.com\/deu\/wp-content\/uploads\/sites\/4\/2024\/11\/Wblemery_Carcoat_Falcon_Eye1-1.jpg\",\"datePublished\":\"2024-11-06T10:07:41+00:00\",\"dateModified\":\"2026-04-14T06:05:27+00:00\",\"description\":\"Dieser elegante Mantel hat eine raffinierte Carcoat-Silhouette, die super bequem ist. Er hat eine gerade Passform, eine durchgehende Knopfleiste, praktische Seitentaschen und einen dezent abgerundeten Kragen.\",\"breadcrumb\":{\"@id\":\"https:\/\/stylestore.com\/deu\/product\/wblemery-carcoat-2\/#breadcrumb\"},\"inLanguage\":\"de\",\"potentialAction\":[{\"@type\":\"ReadAction\",\"target\":[\"https:\/\/stylestore.com\/deu\/product\/wblemery-carcoat-2\/\"]}]},{\"@type\":\"ImageObject\",\"inLanguage\":\"de\",\"@id\":\"https:\/\/stylestore.com\/deu\/product\/wblemery-carcoat-2\/#primaryimage\",\"url\":\"https:\/\/stylestore.com\/deu\/wp-content\/uploads\/sites\/4\/2024\/11\/Wblemery_Carcoat_Falcon_Eye1-1.jpg\",\"contentUrl\":\"https:\/\/stylestore.com\/deu\/wp-content\/uploads\/sites\/4\/2024\/11\/Wblemery_Carcoat_Falcon_Eye1-1.jpg\",\"width\":1241,\"height\":1861},{\"@type\":\"BreadcrumbList\",\"@id\":\"https:\/\/stylestore.com\/deu\/product\/wblemery-carcoat-2\/#breadcrumb\",\"itemListElement\":[{\"@type\":\"ListItem\",\"position\":1,\"name\":\"Search\",\"item\":\"https:\/\/stylestore.com\/deu\/search\/\"},{\"@type\":\"ListItem\",\"position\":2,\"name\":\"WBLEMERY CARCOAT\"}]},{\"@type\":\"WebSite\",\"@id\":\"https:\/\/stylestore.com\/deu\/#website\",\"url\":\"https:\/\/stylestore.com\/deu\/\",\"name\":\"Stylestore.com Germany\",\"description\":\"\",\"potentialAction\":[{\"@type\":\"SearchAction\",\"target\":{\"@type\":\"EntryPoint\",\"urlTemplate\":\"https:\/\/stylestore.com\/deu\/?s={search_term_string}\"},\"query-input\":{\"@type\":\"PropertyValueSpecification\",\"valueRequired\":true,\"valueName\":\"search_term_string\"}}],\"inLanguage\":\"de\"}]}<\/script>\n<!-- \/ Yoast SEO plugin. -->","yoast_head_json":{"title":"WBLEMERY CARCOAT &#187; Stylestore.com Germany","description":"Dieser elegante Mantel hat eine raffinierte Carcoat-Silhouette, die super bequem ist. Er hat eine gerade Passform, eine durchgehende Knopfleiste, praktische Seitentaschen und einen dezent abgerundeten Kragen.","robots":{"index":"index","follow":"follow","max-snippet":"max-snippet:-1","max-image-preview":"max-image-preview:large","max-video-preview":"max-video-preview:-1"},"canonical":"https:\/\/stylestore.com\/deu\/product\/wblemery-carcoat-2\/","og_locale":"de_DE","og_type":"article","og_title":"WBLEMERY CARCOAT &#187; Stylestore.com Germany","og_description":"Dieser elegante Mantel hat eine raffinierte Carcoat-Silhouette, die super bequem ist. Er hat eine gerade Passform, eine durchgehende Knopfleiste, praktische Seitentaschen und einen dezent abgerundeten Kragen.","og_url":"https:\/\/stylestore.com\/deu\/product\/wblemery-carcoat-2\/","og_site_name":"Stylestore.com Germany","article_modified_time":"2026-04-14T06:05:27+00:00","og_image":[{"width":1241,"height":1861,"url":"https:\/\/stylestore.com\/deu\/wp-content\/uploads\/sites\/4\/2024\/11\/Wblemery_Carcoat_Falcon_Eye1-1.jpg","type":"image\/jpeg"}],"twitter_card":"summary_large_image","schema":{"@context":"https:\/\/schema.org","@graph":[{"@type":"WebPage","@id":"https:\/\/stylestore.com\/deu\/product\/wblemery-carcoat-2\/","url":"https:\/\/stylestore.com\/deu\/product\/wblemery-carcoat-2\/","name":"WBLEMERY CARCOAT &#187; Stylestore.com Germany","isPartOf":{"@id":"https:\/\/stylestore.com\/deu\/#website"},"primaryImageOfPage":{"@id":"https:\/\/stylestore.com\/deu\/product\/wblemery-carcoat-2\/#primaryimage"},"image":{"@id":"https:\/\/stylestore.com\/deu\/product\/wblemery-carcoat-2\/#primaryimage"},"thumbnailUrl":"https:\/\/stylestore.com\/deu\/wp-content\/uploads\/sites\/4\/2024\/11\/Wblemery_Carcoat_Falcon_Eye1-1.jpg","datePublished":"2024-11-06T10:07:41+00:00","dateModified":"2026-04-14T06:05:27+00:00","description":"Dieser elegante Mantel hat eine raffinierte Carcoat-Silhouette, die super bequem ist. Er hat eine gerade Passform, eine durchgehende Knopfleiste, praktische Seitentaschen und einen dezent abgerundeten Kragen.","breadcrumb":{"@id":"https:\/\/stylestore.com\/deu\/product\/wblemery-carcoat-2\/#breadcrumb"},"inLanguage":"de","potentialAction":[{"@type":"ReadAction","target":["https:\/\/stylestore.com\/deu\/product\/wblemery-carcoat-2\/"]}]},{"@type":"ImageObject","inLanguage":"de","@id":"https:\/\/stylestore.com\/deu\/product\/wblemery-carcoat-2\/#primaryimage","url":"https:\/\/stylestore.com\/deu\/wp-content\/uploads\/sites\/4\/2024\/11\/Wblemery_Carcoat_Falcon_Eye1-1.jpg","contentUrl":"https:\/\/stylestore.com\/deu\/wp-content\/uploads\/sites\/4\/2024\/11\/Wblemery_Carcoat_Falcon_Eye1-1.jpg","width":1241,"height":1861},{"@type":"BreadcrumbList","@id":"https:\/\/stylestore.com\/deu\/product\/wblemery-carcoat-2\/#breadcrumb","itemListElement":[{"@type":"ListItem","position":1,"name":"Search","item":"https:\/\/stylestore.com\/deu\/search\/"},{"@type":"ListItem","position":2,"name":"WBLEMERY CARCOAT"}]},{"@type":"WebSite","@id":"https:\/\/stylestore.com\/deu\/#website","url":"https:\/\/stylestore.com\/deu\/","name":"Stylestore.com Germany","description":"","potentialAction":[{"@type":"SearchAction","target":{"@type":"EntryPoint","urlTemplate":"https:\/\/stylestore.com\/deu\/?s={search_term_string}"},"query-input":{"@type":"PropertyValueSpecification","valueRequired":true,"valueName":"search_term_string"}}],"inLanguage":"de"}]}},"_links":{"self":[{"href":"https:\/\/stylestore.com\/deu\/wp-json\/wp\/v2\/product\/561387","targetHints":{"allow":["GET"]}}],"collection":[{"href":"https:\/\/stylestore.com\/deu\/wp-json\/wp\/v2\/product"}],"about":[{"href":"https:\/\/stylestore.com\/deu\/wp-json\/wp\/v2\/types\/product"}],"wp:featuredmedia":[{"embeddable":true,"href":"https:\/\/stylestore.com\/deu\/wp-json\/wp\/v2\/media\/563196"}],"wp:attachment":[{"href":"https:\/\/stylestore.com\/deu\/wp-json\/wp\/v2\/media?parent=561387"}],"wp:term":[{"taxonomy":"product_brand","embeddable":true,"href":"https:\/\/stylestore.com\/deu\/wp-json\/wp\/v2\/product_brand?post=561387"},{"taxonomy":"product_cat","embeddable":true,"href":"https:\/\/stylestore.com\/deu\/wp-json\/wp\/v2\/product_cat?post=561387"},{"taxonomy":"product_tag","embeddable":true,"href":"https:\/\/stylestore.com\/deu\/wp-json\/wp\/v2\/product_tag?post=561387"}],"curies":[{"name":"wp","href":"https:\/\/api.w.org\/{rel}","templated":true}]}}