{"id":561268,"date":"2024-11-06T10:07:04","date_gmt":"2024-11-06T09:07:04","guid":{"rendered":"https:\/\/stylestore.com\/deu\/product\/wblbriella-bomber-jacket\/"},"modified":"2026-04-14T08:05:28","modified_gmt":"2026-04-14T06:05:28","slug":"wblbriella-bomber-jacket","status":"publish","type":"product","link":"https:\/\/stylestore.com\/deu\/product\/wblbriella-bomber-jacket\/","title":{"rendered":"WBLBRIELLA BOMBER JACKET"},"content":{"rendered":"<p>Kurze Bomberjacke mit Rei\u00dfverschluss<br \/>\nM\u00e9lange-Filzstoff (M\u00e9lange-Look)<br \/>\nNormale Passform<br \/>\nH\u00fcftlang<br \/>\nPaspeltaschen auf der Vorderseite<br \/>\nRippe im Nacken<br \/>\nVerstellbarer Saum<br \/>\nGut f\u00fcr die \u00dcbergangszeit<\/p>\n","protected":false},"excerpt":{"rendered":"","protected":false},"featured_media":593104,"template":"","meta":{"_acf_changed":false},"product_brand":[],"product_cat":[18,103],"product_tag":[1871],"class_list":{"0":"post-561268","1":"product","2":"type-product","3":"status-publish","4":"has-post-thumbnail","6":"product_cat-jacken","7":"product_cat-jacken-maentel","8":"product_tag-b2b","9":"pa_brand-withblack","10":"pa_collection-icons-aw25","11":"pa_color-falcon-melange","14":"instock","15":"taxable","16":"shipping-taxable","17":"purchasable","18":"product-type-variable"},"acf":[],"yoast_head":"<!-- This site is optimized with the Yoast SEO plugin v23.8 - https:\/\/yoast.com\/wordpress\/plugins\/seo\/ -->\n<title>WBLBRIELLA BOMBER JACKET &#187; Stylestore.com Germany<\/title>\n<meta name=\"description\" content=\"Starte mit dieser kurzen Bomberjacke mit Rei\u00dfverschluss in die neue Saison. Sie ist aus einem weichen, melierten Filzstoff gefertigt und sieht total stylisch aus. Mit ihrer normalen Passform und der h\u00fcftlangen Silhouette hat sie klassische Paspeltaschen, einen gerippten Ausschnitt und einen verstellbaren Saum f\u00fcr einen bequemen Sitz. Perfekt f\u00fcr die \u00dcbergangszeit und zum Kombinieren.\" \/>\n<meta name=\"robots\" content=\"index, follow, max-snippet:-1, max-image-preview:large, max-video-preview:-1\" \/>\n<link rel=\"canonical\" href=\"https:\/\/stylestore.com\/deu\/product\/wblbriella-bomber-jacket\/\" \/>\n<meta property=\"og:locale\" content=\"de_DE\" \/>\n<meta property=\"og:type\" content=\"article\" \/>\n<meta property=\"og:title\" content=\"WBLBRIELLA BOMBER JACKET &#187; Stylestore.com Germany\" \/>\n<meta property=\"og:description\" content=\"Starte mit dieser kurzen Bomberjacke mit Rei\u00dfverschluss in die neue Saison. Sie ist aus einem weichen, melierten Filzstoff gefertigt und sieht total stylisch aus. Mit ihrer normalen Passform und der h\u00fcftlangen Silhouette hat sie klassische Paspeltaschen, einen gerippten Ausschnitt und einen verstellbaren Saum f\u00fcr einen bequemen Sitz. Perfekt f\u00fcr die \u00dcbergangszeit und zum Kombinieren.\" \/>\n<meta property=\"og:url\" content=\"https:\/\/stylestore.com\/deu\/product\/wblbriella-bomber-jacket\/\" \/>\n<meta property=\"og:site_name\" content=\"Stylestore.com Germany\" \/>\n<meta property=\"article:modified_time\" content=\"2026-04-14T06:05:28+00:00\" \/>\n<meta property=\"og:image\" content=\"https:\/\/stylestore.com\/deu\/wp-content\/uploads\/sites\/4\/2025\/01\/Wblbriella_Bomber_Jacket_Dark_Sand1-1.jpg\" \/>\n\t<meta property=\"og:image:width\" content=\"1228\" \/>\n\t<meta property=\"og:image:height\" content=\"1841\" \/>\n\t<meta property=\"og:image:type\" content=\"image\/jpeg\" \/>\n<meta name=\"twitter:card\" content=\"summary_large_image\" \/>\n<script type=\"application\/ld+json\" class=\"yoast-schema-graph\">{\"@context\":\"https:\/\/schema.org\",\"@graph\":[{\"@type\":\"WebPage\",\"@id\":\"https:\/\/stylestore.com\/deu\/product\/wblbriella-bomber-jacket\/\",\"url\":\"https:\/\/stylestore.com\/deu\/product\/wblbriella-bomber-jacket\/\",\"name\":\"WBLBRIELLA BOMBER JACKET &#187; Stylestore.com Germany\",\"isPartOf\":{\"@id\":\"https:\/\/stylestore.com\/deu\/#website\"},\"primaryImageOfPage\":{\"@id\":\"https:\/\/stylestore.com\/deu\/product\/wblbriella-bomber-jacket\/#primaryimage\"},\"image\":{\"@id\":\"https:\/\/stylestore.com\/deu\/product\/wblbriella-bomber-jacket\/#primaryimage\"},\"thumbnailUrl\":\"https:\/\/stylestore.com\/deu\/wp-content\/uploads\/sites\/4\/2025\/08\/Wblbriella_Bomber_Jacket_Dark_Sand1-1.jpg\",\"datePublished\":\"2024-11-06T09:07:04+00:00\",\"dateModified\":\"2026-04-14T06:05:28+00:00\",\"description\":\"Starte mit dieser kurzen Bomberjacke mit Rei\u00dfverschluss in die neue Saison. Sie ist aus einem weichen, melierten Filzstoff gefertigt und sieht total stylisch aus. Mit ihrer normalen Passform und der h\u00fcftlangen Silhouette hat sie klassische Paspeltaschen, einen gerippten Ausschnitt und einen verstellbaren Saum f\u00fcr einen bequemen Sitz. Perfekt f\u00fcr die \u00dcbergangszeit und zum Kombinieren.\",\"breadcrumb\":{\"@id\":\"https:\/\/stylestore.com\/deu\/product\/wblbriella-bomber-jacket\/#breadcrumb\"},\"inLanguage\":\"de\",\"potentialAction\":[{\"@type\":\"ReadAction\",\"target\":[\"https:\/\/stylestore.com\/deu\/product\/wblbriella-bomber-jacket\/\"]}]},{\"@type\":\"ImageObject\",\"inLanguage\":\"de\",\"@id\":\"https:\/\/stylestore.com\/deu\/product\/wblbriella-bomber-jacket\/#primaryimage\",\"url\":\"https:\/\/stylestore.com\/deu\/wp-content\/uploads\/sites\/4\/2025\/08\/Wblbriella_Bomber_Jacket_Dark_Sand1-1.jpg\",\"contentUrl\":\"https:\/\/stylestore.com\/deu\/wp-content\/uploads\/sites\/4\/2025\/08\/Wblbriella_Bomber_Jacket_Dark_Sand1-1.jpg\",\"width\":1228,\"height\":1841},{\"@type\":\"BreadcrumbList\",\"@id\":\"https:\/\/stylestore.com\/deu\/product\/wblbriella-bomber-jacket\/#breadcrumb\",\"itemListElement\":[{\"@type\":\"ListItem\",\"position\":1,\"name\":\"Search\",\"item\":\"https:\/\/stylestore.com\/deu\/search\/\"},{\"@type\":\"ListItem\",\"position\":2,\"name\":\"WBLBRIELLA BOMBER JACKET\"}]},{\"@type\":\"WebSite\",\"@id\":\"https:\/\/stylestore.com\/deu\/#website\",\"url\":\"https:\/\/stylestore.com\/deu\/\",\"name\":\"Stylestore.com Germany\",\"description\":\"\",\"potentialAction\":[{\"@type\":\"SearchAction\",\"target\":{\"@type\":\"EntryPoint\",\"urlTemplate\":\"https:\/\/stylestore.com\/deu\/?s={search_term_string}\"},\"query-input\":{\"@type\":\"PropertyValueSpecification\",\"valueRequired\":true,\"valueName\":\"search_term_string\"}}],\"inLanguage\":\"de\"}]}<\/script>\n<!-- \/ Yoast SEO plugin. -->","yoast_head_json":{"title":"WBLBRIELLA BOMBER JACKET &#187; Stylestore.com Germany","description":"Starte mit dieser kurzen Bomberjacke mit Rei\u00dfverschluss in die neue Saison. Sie ist aus einem weichen, melierten Filzstoff gefertigt und sieht total stylisch aus. Mit ihrer normalen Passform und der h\u00fcftlangen Silhouette hat sie klassische Paspeltaschen, einen gerippten Ausschnitt und einen verstellbaren Saum f\u00fcr einen bequemen Sitz. Perfekt f\u00fcr die \u00dcbergangszeit und zum Kombinieren.","robots":{"index":"index","follow":"follow","max-snippet":"max-snippet:-1","max-image-preview":"max-image-preview:large","max-video-preview":"max-video-preview:-1"},"canonical":"https:\/\/stylestore.com\/deu\/product\/wblbriella-bomber-jacket\/","og_locale":"de_DE","og_type":"article","og_title":"WBLBRIELLA BOMBER JACKET &#187; Stylestore.com Germany","og_description":"Starte mit dieser kurzen Bomberjacke mit Rei\u00dfverschluss in die neue Saison. Sie ist aus einem weichen, melierten Filzstoff gefertigt und sieht total stylisch aus. Mit ihrer normalen Passform und der h\u00fcftlangen Silhouette hat sie klassische Paspeltaschen, einen gerippten Ausschnitt und einen verstellbaren Saum f\u00fcr einen bequemen Sitz. Perfekt f\u00fcr die \u00dcbergangszeit und zum Kombinieren.","og_url":"https:\/\/stylestore.com\/deu\/product\/wblbriella-bomber-jacket\/","og_site_name":"Stylestore.com Germany","article_modified_time":"2026-04-14T06:05:28+00:00","og_image":[{"width":1228,"height":1841,"url":"https:\/\/stylestore.com\/deu\/wp-content\/uploads\/sites\/4\/2025\/01\/Wblbriella_Bomber_Jacket_Dark_Sand1-1.jpg","type":"image\/jpeg"}],"twitter_card":"summary_large_image","schema":{"@context":"https:\/\/schema.org","@graph":[{"@type":"WebPage","@id":"https:\/\/stylestore.com\/deu\/product\/wblbriella-bomber-jacket\/","url":"https:\/\/stylestore.com\/deu\/product\/wblbriella-bomber-jacket\/","name":"WBLBRIELLA BOMBER JACKET &#187; Stylestore.com Germany","isPartOf":{"@id":"https:\/\/stylestore.com\/deu\/#website"},"primaryImageOfPage":{"@id":"https:\/\/stylestore.com\/deu\/product\/wblbriella-bomber-jacket\/#primaryimage"},"image":{"@id":"https:\/\/stylestore.com\/deu\/product\/wblbriella-bomber-jacket\/#primaryimage"},"thumbnailUrl":"https:\/\/stylestore.com\/deu\/wp-content\/uploads\/sites\/4\/2025\/08\/Wblbriella_Bomber_Jacket_Dark_Sand1-1.jpg","datePublished":"2024-11-06T09:07:04+00:00","dateModified":"2026-04-14T06:05:28+00:00","description":"Starte mit dieser kurzen Bomberjacke mit Rei\u00dfverschluss in die neue Saison. Sie ist aus einem weichen, melierten Filzstoff gefertigt und sieht total stylisch aus. Mit ihrer normalen Passform und der h\u00fcftlangen Silhouette hat sie klassische Paspeltaschen, einen gerippten Ausschnitt und einen verstellbaren Saum f\u00fcr einen bequemen Sitz. Perfekt f\u00fcr die \u00dcbergangszeit und zum Kombinieren.","breadcrumb":{"@id":"https:\/\/stylestore.com\/deu\/product\/wblbriella-bomber-jacket\/#breadcrumb"},"inLanguage":"de","potentialAction":[{"@type":"ReadAction","target":["https:\/\/stylestore.com\/deu\/product\/wblbriella-bomber-jacket\/"]}]},{"@type":"ImageObject","inLanguage":"de","@id":"https:\/\/stylestore.com\/deu\/product\/wblbriella-bomber-jacket\/#primaryimage","url":"https:\/\/stylestore.com\/deu\/wp-content\/uploads\/sites\/4\/2025\/08\/Wblbriella_Bomber_Jacket_Dark_Sand1-1.jpg","contentUrl":"https:\/\/stylestore.com\/deu\/wp-content\/uploads\/sites\/4\/2025\/08\/Wblbriella_Bomber_Jacket_Dark_Sand1-1.jpg","width":1228,"height":1841},{"@type":"BreadcrumbList","@id":"https:\/\/stylestore.com\/deu\/product\/wblbriella-bomber-jacket\/#breadcrumb","itemListElement":[{"@type":"ListItem","position":1,"name":"Search","item":"https:\/\/stylestore.com\/deu\/search\/"},{"@type":"ListItem","position":2,"name":"WBLBRIELLA BOMBER JACKET"}]},{"@type":"WebSite","@id":"https:\/\/stylestore.com\/deu\/#website","url":"https:\/\/stylestore.com\/deu\/","name":"Stylestore.com Germany","description":"","potentialAction":[{"@type":"SearchAction","target":{"@type":"EntryPoint","urlTemplate":"https:\/\/stylestore.com\/deu\/?s={search_term_string}"},"query-input":{"@type":"PropertyValueSpecification","valueRequired":true,"valueName":"search_term_string"}}],"inLanguage":"de"}]}},"_links":{"self":[{"href":"https:\/\/stylestore.com\/deu\/wp-json\/wp\/v2\/product\/561268","targetHints":{"allow":["GET"]}}],"collection":[{"href":"https:\/\/stylestore.com\/deu\/wp-json\/wp\/v2\/product"}],"about":[{"href":"https:\/\/stylestore.com\/deu\/wp-json\/wp\/v2\/types\/product"}],"wp:featuredmedia":[{"embeddable":true,"href":"https:\/\/stylestore.com\/deu\/wp-json\/wp\/v2\/media\/593104"}],"wp:attachment":[{"href":"https:\/\/stylestore.com\/deu\/wp-json\/wp\/v2\/media?parent=561268"}],"wp:term":[{"taxonomy":"product_brand","embeddable":true,"href":"https:\/\/stylestore.com\/deu\/wp-json\/wp\/v2\/product_brand?post=561268"},{"taxonomy":"product_cat","embeddable":true,"href":"https:\/\/stylestore.com\/deu\/wp-json\/wp\/v2\/product_cat?post=561268"},{"taxonomy":"product_tag","embeddable":true,"href":"https:\/\/stylestore.com\/deu\/wp-json\/wp\/v2\/product_tag?post=561268"}],"curies":[{"name":"wp","href":"https:\/\/api.w.org\/{rel}","templated":true}]}}