{"id":560490,"date":"2024-10-31T14:36:07","date_gmt":"2024-10-31T13:36:07","guid":{"rendered":"https:\/\/stylestore.com\/deu\/product\/wblgilian-vegan-waistcoat\/"},"modified":"2026-04-11T08:05:24","modified_gmt":"2026-04-11T06:05:24","slug":"wblgilian-vegan-waistcoat","status":"publish","type":"product","link":"https:\/\/stylestore.com\/deu\/product\/wblgilian-vegan-waistcoat\/","title":{"rendered":"WBLGILIAN VEGAN WAISTCOAT"},"content":{"rendered":"<p>Veganes Leder mit gl\u00e4nzendem Finish<br \/>\nLockere Passform<br \/>\nTief sitzende Schultern<br \/>\nNormaler Kragen mit Druckkn\u00f6pfen<br \/>\nBiker-Look und asymmetrischer Rei\u00dfverschluss vorne<br \/>\nSchulterriemen<br \/>\nG\u00fcrtel mit Schnalle an der Taille<br \/>\nEine Rei\u00dfverschlusstasche und eine M\u00fcnztasche<br \/>\nH\u00fcftl\u00e4nge<\/p>\n<p>Das Model ist 172 cm gro\u00df und tr\u00e4gt Gr\u00f6\u00dfe S<br \/>\nDas Produkt f\u00e4llt normal aus<\/p>\n","protected":false},"excerpt":{"rendered":"PREORDER AW25 | VORBESTELLUNGSSCHLUSS 30.01.2025","protected":false},"featured_media":610084,"template":"","meta":{"_acf_changed":false},"product_brand":[],"product_cat":[18,115],"product_tag":[1871],"class_list":{"0":"post-560490","1":"product","2":"type-product","3":"status-publish","4":"has-post-thumbnail","6":"product_cat-jacken","7":"product_cat-kurze-jacken","8":"product_tag-b2b","9":"pa_brand-withblack","10":"pa_collection-icons-aw25","11":"pa_color-brown-stone","14":"instock","15":"taxable","16":"shipping-taxable","17":"purchasable","18":"product-type-variable"},"acf":[],"yoast_head":"<!-- This site is optimized with the Yoast SEO plugin v23.8 - https:\/\/yoast.com\/wordpress\/plugins\/seo\/ -->\n<title>WBLGILIAN VEGAN WAISTCOAT &#187; Stylestore.com Germany<\/title>\n<meta name=\"description\" content=\"Mit Stil zum Rei\u00dfverschluss. Diese vegane Weste mit auff\u00e4lligen Rei\u00dfverschl\u00fcssen vorne und l\u00e4ssigen Details ist dein neues Lieblingsst\u00fcck.\" \/>\n<meta name=\"robots\" content=\"index, follow, max-snippet:-1, max-image-preview:large, max-video-preview:-1\" \/>\n<link rel=\"canonical\" href=\"https:\/\/stylestore.com\/deu\/product\/wblgilian-vegan-waistcoat\/\" \/>\n<meta property=\"og:locale\" content=\"de_DE\" \/>\n<meta property=\"og:type\" content=\"article\" \/>\n<meta property=\"og:title\" content=\"WBLGILIAN VEGAN WAISTCOAT &#187; Stylestore.com Germany\" \/>\n<meta property=\"og:description\" content=\"Mit Stil zum Rei\u00dfverschluss. Diese vegane Weste mit auff\u00e4lligen Rei\u00dfverschl\u00fcssen vorne und l\u00e4ssigen Details ist dein neues Lieblingsst\u00fcck.\" \/>\n<meta property=\"og:url\" content=\"https:\/\/stylestore.com\/deu\/product\/wblgilian-vegan-waistcoat\/\" \/>\n<meta property=\"og:site_name\" content=\"Stylestore.com Germany\" \/>\n<meta property=\"article:modified_time\" content=\"2026-04-11T06:05:24+00:00\" \/>\n<meta property=\"og:image\" content=\"https:\/\/stylestore.com\/deu\/wp-content\/uploads\/sites\/4\/2024\/11\/Wblgillian_vehan_Waistcoat_Brown_Stone1.jpg\" \/>\n\t<meta property=\"og:image:width\" content=\"1177\" \/>\n\t<meta property=\"og:image:height\" content=\"1764\" \/>\n\t<meta property=\"og:image:type\" content=\"image\/jpeg\" \/>\n<meta name=\"twitter:card\" content=\"summary_large_image\" \/>\n<script type=\"application\/ld+json\" class=\"yoast-schema-graph\">{\"@context\":\"https:\/\/schema.org\",\"@graph\":[{\"@type\":\"WebPage\",\"@id\":\"https:\/\/stylestore.com\/deu\/product\/wblgilian-vegan-waistcoat\/\",\"url\":\"https:\/\/stylestore.com\/deu\/product\/wblgilian-vegan-waistcoat\/\",\"name\":\"WBLGILIAN VEGAN WAISTCOAT &#187; Stylestore.com Germany\",\"isPartOf\":{\"@id\":\"https:\/\/stylestore.com\/deu\/#website\"},\"primaryImageOfPage\":{\"@id\":\"https:\/\/stylestore.com\/deu\/product\/wblgilian-vegan-waistcoat\/#primaryimage\"},\"image\":{\"@id\":\"https:\/\/stylestore.com\/deu\/product\/wblgilian-vegan-waistcoat\/#primaryimage\"},\"thumbnailUrl\":\"https:\/\/stylestore.com\/deu\/wp-content\/uploads\/sites\/4\/2025\/12\/Wblgillian_vehan_Waistcoat_Brown_Stone1-1.jpg\",\"datePublished\":\"2024-10-31T13:36:07+00:00\",\"dateModified\":\"2026-04-11T06:05:24+00:00\",\"description\":\"Mit Stil zum Rei\u00dfverschluss. Diese vegane Weste mit auff\u00e4lligen Rei\u00dfverschl\u00fcssen vorne und l\u00e4ssigen Details ist dein neues Lieblingsst\u00fcck.\",\"breadcrumb\":{\"@id\":\"https:\/\/stylestore.com\/deu\/product\/wblgilian-vegan-waistcoat\/#breadcrumb\"},\"inLanguage\":\"de\",\"potentialAction\":[{\"@type\":\"ReadAction\",\"target\":[\"https:\/\/stylestore.com\/deu\/product\/wblgilian-vegan-waistcoat\/\"]}]},{\"@type\":\"ImageObject\",\"inLanguage\":\"de\",\"@id\":\"https:\/\/stylestore.com\/deu\/product\/wblgilian-vegan-waistcoat\/#primaryimage\",\"url\":\"https:\/\/stylestore.com\/deu\/wp-content\/uploads\/sites\/4\/2025\/12\/Wblgillian_vehan_Waistcoat_Brown_Stone1-1.jpg\",\"contentUrl\":\"https:\/\/stylestore.com\/deu\/wp-content\/uploads\/sites\/4\/2025\/12\/Wblgillian_vehan_Waistcoat_Brown_Stone1-1.jpg\",\"width\":1177,\"height\":1764},{\"@type\":\"BreadcrumbList\",\"@id\":\"https:\/\/stylestore.com\/deu\/product\/wblgilian-vegan-waistcoat\/#breadcrumb\",\"itemListElement\":[{\"@type\":\"ListItem\",\"position\":1,\"name\":\"Search\",\"item\":\"https:\/\/stylestore.com\/deu\/search\/\"},{\"@type\":\"ListItem\",\"position\":2,\"name\":\"WBLGILIAN VEGAN WAISTCOAT\"}]},{\"@type\":\"WebSite\",\"@id\":\"https:\/\/stylestore.com\/deu\/#website\",\"url\":\"https:\/\/stylestore.com\/deu\/\",\"name\":\"Stylestore.com Germany\",\"description\":\"\",\"potentialAction\":[{\"@type\":\"SearchAction\",\"target\":{\"@type\":\"EntryPoint\",\"urlTemplate\":\"https:\/\/stylestore.com\/deu\/?s={search_term_string}\"},\"query-input\":{\"@type\":\"PropertyValueSpecification\",\"valueRequired\":true,\"valueName\":\"search_term_string\"}}],\"inLanguage\":\"de\"}]}<\/script>\n<!-- \/ Yoast SEO plugin. -->","yoast_head_json":{"title":"WBLGILIAN VEGAN WAISTCOAT &#187; Stylestore.com Germany","description":"Mit Stil zum Rei\u00dfverschluss. Diese vegane Weste mit auff\u00e4lligen Rei\u00dfverschl\u00fcssen vorne und l\u00e4ssigen Details ist dein neues Lieblingsst\u00fcck.","robots":{"index":"index","follow":"follow","max-snippet":"max-snippet:-1","max-image-preview":"max-image-preview:large","max-video-preview":"max-video-preview:-1"},"canonical":"https:\/\/stylestore.com\/deu\/product\/wblgilian-vegan-waistcoat\/","og_locale":"de_DE","og_type":"article","og_title":"WBLGILIAN VEGAN WAISTCOAT &#187; Stylestore.com Germany","og_description":"Mit Stil zum Rei\u00dfverschluss. Diese vegane Weste mit auff\u00e4lligen Rei\u00dfverschl\u00fcssen vorne und l\u00e4ssigen Details ist dein neues Lieblingsst\u00fcck.","og_url":"https:\/\/stylestore.com\/deu\/product\/wblgilian-vegan-waistcoat\/","og_site_name":"Stylestore.com Germany","article_modified_time":"2026-04-11T06:05:24+00:00","og_image":[{"width":1177,"height":1764,"url":"https:\/\/stylestore.com\/deu\/wp-content\/uploads\/sites\/4\/2024\/11\/Wblgillian_vehan_Waistcoat_Brown_Stone1.jpg","type":"image\/jpeg"}],"twitter_card":"summary_large_image","schema":{"@context":"https:\/\/schema.org","@graph":[{"@type":"WebPage","@id":"https:\/\/stylestore.com\/deu\/product\/wblgilian-vegan-waistcoat\/","url":"https:\/\/stylestore.com\/deu\/product\/wblgilian-vegan-waistcoat\/","name":"WBLGILIAN VEGAN WAISTCOAT &#187; Stylestore.com Germany","isPartOf":{"@id":"https:\/\/stylestore.com\/deu\/#website"},"primaryImageOfPage":{"@id":"https:\/\/stylestore.com\/deu\/product\/wblgilian-vegan-waistcoat\/#primaryimage"},"image":{"@id":"https:\/\/stylestore.com\/deu\/product\/wblgilian-vegan-waistcoat\/#primaryimage"},"thumbnailUrl":"https:\/\/stylestore.com\/deu\/wp-content\/uploads\/sites\/4\/2025\/12\/Wblgillian_vehan_Waistcoat_Brown_Stone1-1.jpg","datePublished":"2024-10-31T13:36:07+00:00","dateModified":"2026-04-11T06:05:24+00:00","description":"Mit Stil zum Rei\u00dfverschluss. Diese vegane Weste mit auff\u00e4lligen Rei\u00dfverschl\u00fcssen vorne und l\u00e4ssigen Details ist dein neues Lieblingsst\u00fcck.","breadcrumb":{"@id":"https:\/\/stylestore.com\/deu\/product\/wblgilian-vegan-waistcoat\/#breadcrumb"},"inLanguage":"de","potentialAction":[{"@type":"ReadAction","target":["https:\/\/stylestore.com\/deu\/product\/wblgilian-vegan-waistcoat\/"]}]},{"@type":"ImageObject","inLanguage":"de","@id":"https:\/\/stylestore.com\/deu\/product\/wblgilian-vegan-waistcoat\/#primaryimage","url":"https:\/\/stylestore.com\/deu\/wp-content\/uploads\/sites\/4\/2025\/12\/Wblgillian_vehan_Waistcoat_Brown_Stone1-1.jpg","contentUrl":"https:\/\/stylestore.com\/deu\/wp-content\/uploads\/sites\/4\/2025\/12\/Wblgillian_vehan_Waistcoat_Brown_Stone1-1.jpg","width":1177,"height":1764},{"@type":"BreadcrumbList","@id":"https:\/\/stylestore.com\/deu\/product\/wblgilian-vegan-waistcoat\/#breadcrumb","itemListElement":[{"@type":"ListItem","position":1,"name":"Search","item":"https:\/\/stylestore.com\/deu\/search\/"},{"@type":"ListItem","position":2,"name":"WBLGILIAN VEGAN WAISTCOAT"}]},{"@type":"WebSite","@id":"https:\/\/stylestore.com\/deu\/#website","url":"https:\/\/stylestore.com\/deu\/","name":"Stylestore.com Germany","description":"","potentialAction":[{"@type":"SearchAction","target":{"@type":"EntryPoint","urlTemplate":"https:\/\/stylestore.com\/deu\/?s={search_term_string}"},"query-input":{"@type":"PropertyValueSpecification","valueRequired":true,"valueName":"search_term_string"}}],"inLanguage":"de"}]}},"_links":{"self":[{"href":"https:\/\/stylestore.com\/deu\/wp-json\/wp\/v2\/product\/560490","targetHints":{"allow":["GET"]}}],"collection":[{"href":"https:\/\/stylestore.com\/deu\/wp-json\/wp\/v2\/product"}],"about":[{"href":"https:\/\/stylestore.com\/deu\/wp-json\/wp\/v2\/types\/product"}],"wp:featuredmedia":[{"embeddable":true,"href":"https:\/\/stylestore.com\/deu\/wp-json\/wp\/v2\/media\/610084"}],"wp:attachment":[{"href":"https:\/\/stylestore.com\/deu\/wp-json\/wp\/v2\/media?parent=560490"}],"wp:term":[{"taxonomy":"product_brand","embeddable":true,"href":"https:\/\/stylestore.com\/deu\/wp-json\/wp\/v2\/product_brand?post=560490"},{"taxonomy":"product_cat","embeddable":true,"href":"https:\/\/stylestore.com\/deu\/wp-json\/wp\/v2\/product_cat?post=560490"},{"taxonomy":"product_tag","embeddable":true,"href":"https:\/\/stylestore.com\/deu\/wp-json\/wp\/v2\/product_tag?post=560490"}],"curies":[{"name":"wp","href":"https:\/\/api.w.org\/{rel}","templated":true}]}}