{"id":560469,"date":"2024-10-31T14:21:04","date_gmt":"2024-10-31T13:21:04","guid":{"rendered":"https:\/\/stylestore.com\/deu\/product\/wblbrooklyn-herringbone-coat\/"},"modified":"2026-04-23T08:05:16","modified_gmt":"2026-04-23T06:05:16","slug":"wblbrooklyn-herringbone-coat","status":"publish","type":"product","link":"https:\/\/stylestore.com\/deu\/product\/wblbrooklyn-herringbone-coat\/","title":{"rendered":"WBLBROOKLYN HERRINGBONE COAT"},"content":{"rendered":"<p>Wollmischung in zweifarbiger Fischgr\u00e4tbindung<br \/>\nMittlere Beinl\u00e4nge<br \/>\nBreite Revers<br \/>\nZweireiher<br \/>\nMit Kn\u00f6pfen (in Knochenoptik)<br \/>\nRaglan\u00e4rmel<br \/>\nBreite Paspeltaschen<br \/>\nSchlitz hinten<br \/>\nG\u00fcrtel in der Taille<\/p>\n<p>Das Model ist 172 cm gro\u00df und tr\u00e4gt Gr\u00f6\u00dfe S<br \/>\nDas Produkt f\u00e4llt normal aus<\/p>\n","protected":false},"excerpt":{"rendered":"PREORDER AW25 | VORBESTELLUNGSSCHLUSS 30.01.2025","protected":false},"featured_media":610754,"template":"","meta":{"_acf_changed":false},"product_brand":[],"product_cat":[114,112],"product_tag":[1871,2134],"class_list":{"0":"post-560469","1":"product","2":"type-product","3":"status-publish","4":"has-post-thumbnail","6":"product_cat-lange-jacken","7":"product_cat-maentel","8":"product_tag-b2b","9":"product_tag-pre-order","10":"pa_brand-withblack","11":"pa_collection-icons-aw26","12":"pa_color-black-herringbone","15":"instock","16":"taxable","17":"shipping-taxable","18":"purchasable","19":"product-type-variable"},"acf":[],"yoast_head":"<!-- This site is optimized with the Yoast SEO plugin v23.8 - https:\/\/yoast.com\/wordpress\/plugins\/seo\/ -->\n<title>WBLBROOKLYN HERRINGBONE COAT &#187; Stylestore.com Germany<\/title>\n<meta name=\"description\" content=\"Mit diesem langen klassischen Wollmantel mit durchgehendem Fischgr\u00e4tenmuster, der f\u00fcr einen zeitlosen Look sorgt, bringst du deine Oberbekleidung auf ein neues Level. Der Mantel hat einen schmeichelhaften Bindeg\u00fcrtel in der Taille und vereint Eleganz und W\u00e4rme \u2013 perfekt f\u00fcr m\u00fchelose Eleganz im Alltag.\" \/>\n<meta name=\"robots\" content=\"index, follow, max-snippet:-1, max-image-preview:large, max-video-preview:-1\" \/>\n<link rel=\"canonical\" href=\"https:\/\/stylestore.com\/deu\/product\/wblbrooklyn-herringbone-coat\/\" \/>\n<meta property=\"og:locale\" content=\"de_DE\" \/>\n<meta property=\"og:type\" content=\"article\" \/>\n<meta property=\"og:title\" content=\"WBLBROOKLYN HERRINGBONE COAT &#187; Stylestore.com Germany\" \/>\n<meta property=\"og:description\" content=\"Mit diesem langen klassischen Wollmantel mit durchgehendem Fischgr\u00e4tenmuster, der f\u00fcr einen zeitlosen Look sorgt, bringst du deine Oberbekleidung auf ein neues Level. Der Mantel hat einen schmeichelhaften Bindeg\u00fcrtel in der Taille und vereint Eleganz und W\u00e4rme \u2013 perfekt f\u00fcr m\u00fchelose Eleganz im Alltag.\" \/>\n<meta property=\"og:url\" content=\"https:\/\/stylestore.com\/deu\/product\/wblbrooklyn-herringbone-coat\/\" \/>\n<meta property=\"og:site_name\" content=\"Stylestore.com Germany\" \/>\n<meta property=\"article:modified_time\" content=\"2026-04-23T06:05:16+00:00\" \/>\n<meta property=\"og:image\" content=\"https:\/\/stylestore.com\/deu\/wp-content\/uploads\/sites\/4\/2024\/11\/Wblbrooklyn_Herring_Bone_Wool_Coat_Black_Herringbone1-1.jpg\" \/>\n\t<meta property=\"og:image:width\" content=\"1031\" \/>\n\t<meta property=\"og:image:height\" content=\"1545\" \/>\n\t<meta property=\"og:image:type\" content=\"image\/jpeg\" \/>\n<meta name=\"twitter:card\" content=\"summary_large_image\" \/>\n<script type=\"application\/ld+json\" class=\"yoast-schema-graph\">{\"@context\":\"https:\/\/schema.org\",\"@graph\":[{\"@type\":\"WebPage\",\"@id\":\"https:\/\/stylestore.com\/deu\/product\/wblbrooklyn-herringbone-coat\/\",\"url\":\"https:\/\/stylestore.com\/deu\/product\/wblbrooklyn-herringbone-coat\/\",\"name\":\"WBLBROOKLYN HERRINGBONE COAT &#187; Stylestore.com Germany\",\"isPartOf\":{\"@id\":\"https:\/\/stylestore.com\/deu\/#website\"},\"primaryImageOfPage\":{\"@id\":\"https:\/\/stylestore.com\/deu\/product\/wblbrooklyn-herringbone-coat\/#primaryimage\"},\"image\":{\"@id\":\"https:\/\/stylestore.com\/deu\/product\/wblbrooklyn-herringbone-coat\/#primaryimage\"},\"thumbnailUrl\":\"https:\/\/stylestore.com\/deu\/wp-content\/uploads\/sites\/4\/2025\/12\/Wblbrooklyn_Herring_Bone_Wool_Coat_Black_Herringbone1-1.jpg\",\"datePublished\":\"2024-10-31T13:21:04+00:00\",\"dateModified\":\"2026-04-23T06:05:16+00:00\",\"description\":\"Mit diesem langen klassischen Wollmantel mit durchgehendem Fischgr\u00e4tenmuster, der f\u00fcr einen zeitlosen Look sorgt, bringst du deine Oberbekleidung auf ein neues Level. Der Mantel hat einen schmeichelhaften Bindeg\u00fcrtel in der Taille und vereint Eleganz und W\u00e4rme \u2013 perfekt f\u00fcr m\u00fchelose Eleganz im Alltag.\",\"breadcrumb\":{\"@id\":\"https:\/\/stylestore.com\/deu\/product\/wblbrooklyn-herringbone-coat\/#breadcrumb\"},\"inLanguage\":\"de\",\"potentialAction\":[{\"@type\":\"ReadAction\",\"target\":[\"https:\/\/stylestore.com\/deu\/product\/wblbrooklyn-herringbone-coat\/\"]}]},{\"@type\":\"ImageObject\",\"inLanguage\":\"de\",\"@id\":\"https:\/\/stylestore.com\/deu\/product\/wblbrooklyn-herringbone-coat\/#primaryimage\",\"url\":\"https:\/\/stylestore.com\/deu\/wp-content\/uploads\/sites\/4\/2025\/12\/Wblbrooklyn_Herring_Bone_Wool_Coat_Black_Herringbone1-1.jpg\",\"contentUrl\":\"https:\/\/stylestore.com\/deu\/wp-content\/uploads\/sites\/4\/2025\/12\/Wblbrooklyn_Herring_Bone_Wool_Coat_Black_Herringbone1-1.jpg\",\"width\":1031,\"height\":1545},{\"@type\":\"BreadcrumbList\",\"@id\":\"https:\/\/stylestore.com\/deu\/product\/wblbrooklyn-herringbone-coat\/#breadcrumb\",\"itemListElement\":[{\"@type\":\"ListItem\",\"position\":1,\"name\":\"Search\",\"item\":\"https:\/\/stylestore.com\/deu\/search\/\"},{\"@type\":\"ListItem\",\"position\":2,\"name\":\"WBLBROOKLYN HERRINGBONE COAT\"}]},{\"@type\":\"WebSite\",\"@id\":\"https:\/\/stylestore.com\/deu\/#website\",\"url\":\"https:\/\/stylestore.com\/deu\/\",\"name\":\"Stylestore.com Germany\",\"description\":\"\",\"potentialAction\":[{\"@type\":\"SearchAction\",\"target\":{\"@type\":\"EntryPoint\",\"urlTemplate\":\"https:\/\/stylestore.com\/deu\/?s={search_term_string}\"},\"query-input\":{\"@type\":\"PropertyValueSpecification\",\"valueRequired\":true,\"valueName\":\"search_term_string\"}}],\"inLanguage\":\"de\"}]}<\/script>\n<!-- \/ Yoast SEO plugin. -->","yoast_head_json":{"title":"WBLBROOKLYN HERRINGBONE COAT &#187; Stylestore.com Germany","description":"Mit diesem langen klassischen Wollmantel mit durchgehendem Fischgr\u00e4tenmuster, der f\u00fcr einen zeitlosen Look sorgt, bringst du deine Oberbekleidung auf ein neues Level. Der Mantel hat einen schmeichelhaften Bindeg\u00fcrtel in der Taille und vereint Eleganz und W\u00e4rme \u2013 perfekt f\u00fcr m\u00fchelose Eleganz im Alltag.","robots":{"index":"index","follow":"follow","max-snippet":"max-snippet:-1","max-image-preview":"max-image-preview:large","max-video-preview":"max-video-preview:-1"},"canonical":"https:\/\/stylestore.com\/deu\/product\/wblbrooklyn-herringbone-coat\/","og_locale":"de_DE","og_type":"article","og_title":"WBLBROOKLYN HERRINGBONE COAT &#187; Stylestore.com Germany","og_description":"Mit diesem langen klassischen Wollmantel mit durchgehendem Fischgr\u00e4tenmuster, der f\u00fcr einen zeitlosen Look sorgt, bringst du deine Oberbekleidung auf ein neues Level. Der Mantel hat einen schmeichelhaften Bindeg\u00fcrtel in der Taille und vereint Eleganz und W\u00e4rme \u2013 perfekt f\u00fcr m\u00fchelose Eleganz im Alltag.","og_url":"https:\/\/stylestore.com\/deu\/product\/wblbrooklyn-herringbone-coat\/","og_site_name":"Stylestore.com Germany","article_modified_time":"2026-04-23T06:05:16+00:00","og_image":[{"width":1031,"height":1545,"url":"https:\/\/stylestore.com\/deu\/wp-content\/uploads\/sites\/4\/2024\/11\/Wblbrooklyn_Herring_Bone_Wool_Coat_Black_Herringbone1-1.jpg","type":"image\/jpeg"}],"twitter_card":"summary_large_image","schema":{"@context":"https:\/\/schema.org","@graph":[{"@type":"WebPage","@id":"https:\/\/stylestore.com\/deu\/product\/wblbrooklyn-herringbone-coat\/","url":"https:\/\/stylestore.com\/deu\/product\/wblbrooklyn-herringbone-coat\/","name":"WBLBROOKLYN HERRINGBONE COAT &#187; Stylestore.com Germany","isPartOf":{"@id":"https:\/\/stylestore.com\/deu\/#website"},"primaryImageOfPage":{"@id":"https:\/\/stylestore.com\/deu\/product\/wblbrooklyn-herringbone-coat\/#primaryimage"},"image":{"@id":"https:\/\/stylestore.com\/deu\/product\/wblbrooklyn-herringbone-coat\/#primaryimage"},"thumbnailUrl":"https:\/\/stylestore.com\/deu\/wp-content\/uploads\/sites\/4\/2025\/12\/Wblbrooklyn_Herring_Bone_Wool_Coat_Black_Herringbone1-1.jpg","datePublished":"2024-10-31T13:21:04+00:00","dateModified":"2026-04-23T06:05:16+00:00","description":"Mit diesem langen klassischen Wollmantel mit durchgehendem Fischgr\u00e4tenmuster, der f\u00fcr einen zeitlosen Look sorgt, bringst du deine Oberbekleidung auf ein neues Level. Der Mantel hat einen schmeichelhaften Bindeg\u00fcrtel in der Taille und vereint Eleganz und W\u00e4rme \u2013 perfekt f\u00fcr m\u00fchelose Eleganz im Alltag.","breadcrumb":{"@id":"https:\/\/stylestore.com\/deu\/product\/wblbrooklyn-herringbone-coat\/#breadcrumb"},"inLanguage":"de","potentialAction":[{"@type":"ReadAction","target":["https:\/\/stylestore.com\/deu\/product\/wblbrooklyn-herringbone-coat\/"]}]},{"@type":"ImageObject","inLanguage":"de","@id":"https:\/\/stylestore.com\/deu\/product\/wblbrooklyn-herringbone-coat\/#primaryimage","url":"https:\/\/stylestore.com\/deu\/wp-content\/uploads\/sites\/4\/2025\/12\/Wblbrooklyn_Herring_Bone_Wool_Coat_Black_Herringbone1-1.jpg","contentUrl":"https:\/\/stylestore.com\/deu\/wp-content\/uploads\/sites\/4\/2025\/12\/Wblbrooklyn_Herring_Bone_Wool_Coat_Black_Herringbone1-1.jpg","width":1031,"height":1545},{"@type":"BreadcrumbList","@id":"https:\/\/stylestore.com\/deu\/product\/wblbrooklyn-herringbone-coat\/#breadcrumb","itemListElement":[{"@type":"ListItem","position":1,"name":"Search","item":"https:\/\/stylestore.com\/deu\/search\/"},{"@type":"ListItem","position":2,"name":"WBLBROOKLYN HERRINGBONE COAT"}]},{"@type":"WebSite","@id":"https:\/\/stylestore.com\/deu\/#website","url":"https:\/\/stylestore.com\/deu\/","name":"Stylestore.com Germany","description":"","potentialAction":[{"@type":"SearchAction","target":{"@type":"EntryPoint","urlTemplate":"https:\/\/stylestore.com\/deu\/?s={search_term_string}"},"query-input":{"@type":"PropertyValueSpecification","valueRequired":true,"valueName":"search_term_string"}}],"inLanguage":"de"}]}},"_links":{"self":[{"href":"https:\/\/stylestore.com\/deu\/wp-json\/wp\/v2\/product\/560469","targetHints":{"allow":["GET"]}}],"collection":[{"href":"https:\/\/stylestore.com\/deu\/wp-json\/wp\/v2\/product"}],"about":[{"href":"https:\/\/stylestore.com\/deu\/wp-json\/wp\/v2\/types\/product"}],"wp:featuredmedia":[{"embeddable":true,"href":"https:\/\/stylestore.com\/deu\/wp-json\/wp\/v2\/media\/610754"}],"wp:attachment":[{"href":"https:\/\/stylestore.com\/deu\/wp-json\/wp\/v2\/media?parent=560469"}],"wp:term":[{"taxonomy":"product_brand","embeddable":true,"href":"https:\/\/stylestore.com\/deu\/wp-json\/wp\/v2\/product_brand?post=560469"},{"taxonomy":"product_cat","embeddable":true,"href":"https:\/\/stylestore.com\/deu\/wp-json\/wp\/v2\/product_cat?post=560469"},{"taxonomy":"product_tag","embeddable":true,"href":"https:\/\/stylestore.com\/deu\/wp-json\/wp\/v2\/product_tag?post=560469"}],"curies":[{"name":"wp","href":"https:\/\/api.w.org\/{rel}","templated":true}]}}