{"id":560110,"date":"2024-10-29T08:14:02","date_gmt":"2024-10-29T07:14:02","guid":{"rendered":"https:\/\/stylestore.com\/deu\/product\/wblcerena-maxi-wool-wrap-2\/"},"modified":"2026-04-23T08:05:17","modified_gmt":"2026-04-23T06:05:17","slug":"wblcerena-maxi-wool-wrap-2","status":"publish","type":"product","link":"https:\/\/stylestore.com\/deu\/product\/wblcerena-maxi-wool-wrap-2\/","title":{"rendered":"WBLCERENA MAXI WOOL WRAP"},"content":{"rendered":"<p>Exklusiver doppelseitiger Wollmantel<br \/>\nTeilweise handgefertigt<br \/>\nNormale Passform<br \/>\nL\u00e4nge bis unterhalb des Knies<br \/>\nBreite Einleitetaschen<br \/>\nBreiter Revers<br \/>\nG\u00fcrtel in der Taille<br \/>\nSchlitz hinten<br \/>\nTr\u00e4ger am \u00c4rmel<\/p>\n<p>Das Model ist 172 cm gro\u00df und tr\u00e4gt Gr\u00f6\u00dfe S<br \/>\nDas Produkt f\u00e4llt normal aus<\/p>\n","protected":false},"excerpt":{"rendered":"","protected":false},"featured_media":610695,"template":"","meta":{"_acf_changed":false},"product_brand":[],"product_cat":[114,112],"product_tag":[1871,2134],"class_list":{"0":"post-560110","1":"product","2":"type-product","3":"status-publish","4":"has-post-thumbnail","6":"product_cat-lange-jacken","7":"product_cat-maentel","8":"product_tag-b2b","9":"product_tag-pre-order","10":"pa_brand-withblack","11":"pa_collection-icons-aw26","12":"pa_color-camel","15":"instock","16":"taxable","17":"shipping-taxable","18":"purchasable","19":"product-type-variable"},"acf":[],"yoast_head":"<!-- This site is optimized with the Yoast SEO plugin v23.8 - https:\/\/yoast.com\/wordpress\/plugins\/seo\/ -->\n<title>WBLCERENA MAXI WOOL WRAP &#187; Stylestore.com Germany<\/title>\n<meta name=\"description\" content=\"Mit dem Maxi-Wollmantel Cerena bist du in zeitloser Eleganz geh\u00fcllt. Dieser exklusive lange Wollmantel hat eine schmeichelhafte normale Passform, praktische Taschen und einen schicken Bindeg\u00fcrtel. Mit seinem Schlitz hinten und den dekorativen Manschettenriemen ist er die perfekte Mischung aus klassischem Stil und modernen Details.\" \/>\n<meta name=\"robots\" content=\"index, follow, max-snippet:-1, max-image-preview:large, max-video-preview:-1\" \/>\n<link rel=\"canonical\" href=\"https:\/\/stylestore.com\/deu\/product\/wblcerena-maxi-wool-wrap-2\/\" \/>\n<meta property=\"og:locale\" content=\"de_DE\" \/>\n<meta property=\"og:type\" content=\"article\" \/>\n<meta property=\"og:title\" content=\"WBLCERENA MAXI WOOL WRAP &#187; Stylestore.com Germany\" \/>\n<meta property=\"og:description\" content=\"Mit dem Maxi-Wollmantel Cerena bist du in zeitloser Eleganz geh\u00fcllt. Dieser exklusive lange Wollmantel hat eine schmeichelhafte normale Passform, praktische Taschen und einen schicken Bindeg\u00fcrtel. Mit seinem Schlitz hinten und den dekorativen Manschettenriemen ist er die perfekte Mischung aus klassischem Stil und modernen Details.\" \/>\n<meta property=\"og:url\" content=\"https:\/\/stylestore.com\/deu\/product\/wblcerena-maxi-wool-wrap-2\/\" \/>\n<meta property=\"og:site_name\" content=\"Stylestore.com Germany\" \/>\n<meta property=\"article:modified_time\" content=\"2026-04-23T06:05:17+00:00\" \/>\n<meta property=\"og:image\" content=\"https:\/\/stylestore.com\/deu\/wp-content\/uploads\/sites\/4\/2025\/12\/Wblcerena_Maxi_Wool_Wrap_Camel2-1.jpg\" \/>\n\t<meta property=\"og:image:width\" content=\"1179\" \/>\n\t<meta property=\"og:image:height\" content=\"1768\" \/>\n\t<meta property=\"og:image:type\" content=\"image\/jpeg\" \/>\n<meta name=\"twitter:card\" content=\"summary_large_image\" \/>\n<script type=\"application\/ld+json\" class=\"yoast-schema-graph\">{\"@context\":\"https:\/\/schema.org\",\"@graph\":[{\"@type\":\"WebPage\",\"@id\":\"https:\/\/stylestore.com\/deu\/product\/wblcerena-maxi-wool-wrap-2\/\",\"url\":\"https:\/\/stylestore.com\/deu\/product\/wblcerena-maxi-wool-wrap-2\/\",\"name\":\"WBLCERENA MAXI WOOL WRAP &#187; Stylestore.com Germany\",\"isPartOf\":{\"@id\":\"https:\/\/stylestore.com\/deu\/#website\"},\"primaryImageOfPage\":{\"@id\":\"https:\/\/stylestore.com\/deu\/product\/wblcerena-maxi-wool-wrap-2\/#primaryimage\"},\"image\":{\"@id\":\"https:\/\/stylestore.com\/deu\/product\/wblcerena-maxi-wool-wrap-2\/#primaryimage\"},\"thumbnailUrl\":\"https:\/\/stylestore.com\/deu\/wp-content\/uploads\/sites\/4\/2025\/12\/Wblcerena_Maxi_Wool_Wrap_Camel2-3.jpg\",\"datePublished\":\"2024-10-29T07:14:02+00:00\",\"dateModified\":\"2026-04-23T06:05:17+00:00\",\"description\":\"Mit dem Maxi-Wollmantel Cerena bist du in zeitloser Eleganz geh\u00fcllt. Dieser exklusive lange Wollmantel hat eine schmeichelhafte normale Passform, praktische Taschen und einen schicken Bindeg\u00fcrtel. Mit seinem Schlitz hinten und den dekorativen Manschettenriemen ist er die perfekte Mischung aus klassischem Stil und modernen Details.\",\"breadcrumb\":{\"@id\":\"https:\/\/stylestore.com\/deu\/product\/wblcerena-maxi-wool-wrap-2\/#breadcrumb\"},\"inLanguage\":\"de\",\"potentialAction\":[{\"@type\":\"ReadAction\",\"target\":[\"https:\/\/stylestore.com\/deu\/product\/wblcerena-maxi-wool-wrap-2\/\"]}]},{\"@type\":\"ImageObject\",\"inLanguage\":\"de\",\"@id\":\"https:\/\/stylestore.com\/deu\/product\/wblcerena-maxi-wool-wrap-2\/#primaryimage\",\"url\":\"https:\/\/stylestore.com\/deu\/wp-content\/uploads\/sites\/4\/2025\/12\/Wblcerena_Maxi_Wool_Wrap_Camel2-3.jpg\",\"contentUrl\":\"https:\/\/stylestore.com\/deu\/wp-content\/uploads\/sites\/4\/2025\/12\/Wblcerena_Maxi_Wool_Wrap_Camel2-3.jpg\",\"width\":1179,\"height\":1768},{\"@type\":\"BreadcrumbList\",\"@id\":\"https:\/\/stylestore.com\/deu\/product\/wblcerena-maxi-wool-wrap-2\/#breadcrumb\",\"itemListElement\":[{\"@type\":\"ListItem\",\"position\":1,\"name\":\"Search\",\"item\":\"https:\/\/stylestore.com\/deu\/search\/\"},{\"@type\":\"ListItem\",\"position\":2,\"name\":\"WBLCERENA MAXI WOOL WRAP\"}]},{\"@type\":\"WebSite\",\"@id\":\"https:\/\/stylestore.com\/deu\/#website\",\"url\":\"https:\/\/stylestore.com\/deu\/\",\"name\":\"Stylestore.com Germany\",\"description\":\"\",\"potentialAction\":[{\"@type\":\"SearchAction\",\"target\":{\"@type\":\"EntryPoint\",\"urlTemplate\":\"https:\/\/stylestore.com\/deu\/?s={search_term_string}\"},\"query-input\":{\"@type\":\"PropertyValueSpecification\",\"valueRequired\":true,\"valueName\":\"search_term_string\"}}],\"inLanguage\":\"de\"}]}<\/script>\n<!-- \/ Yoast SEO plugin. -->","yoast_head_json":{"title":"WBLCERENA MAXI WOOL WRAP &#187; Stylestore.com Germany","description":"Mit dem Maxi-Wollmantel Cerena bist du in zeitloser Eleganz geh\u00fcllt. Dieser exklusive lange Wollmantel hat eine schmeichelhafte normale Passform, praktische Taschen und einen schicken Bindeg\u00fcrtel. Mit seinem Schlitz hinten und den dekorativen Manschettenriemen ist er die perfekte Mischung aus klassischem Stil und modernen Details.","robots":{"index":"index","follow":"follow","max-snippet":"max-snippet:-1","max-image-preview":"max-image-preview:large","max-video-preview":"max-video-preview:-1"},"canonical":"https:\/\/stylestore.com\/deu\/product\/wblcerena-maxi-wool-wrap-2\/","og_locale":"de_DE","og_type":"article","og_title":"WBLCERENA MAXI WOOL WRAP &#187; Stylestore.com Germany","og_description":"Mit dem Maxi-Wollmantel Cerena bist du in zeitloser Eleganz geh\u00fcllt. Dieser exklusive lange Wollmantel hat eine schmeichelhafte normale Passform, praktische Taschen und einen schicken Bindeg\u00fcrtel. Mit seinem Schlitz hinten und den dekorativen Manschettenriemen ist er die perfekte Mischung aus klassischem Stil und modernen Details.","og_url":"https:\/\/stylestore.com\/deu\/product\/wblcerena-maxi-wool-wrap-2\/","og_site_name":"Stylestore.com Germany","article_modified_time":"2026-04-23T06:05:17+00:00","og_image":[{"width":1179,"height":1768,"url":"https:\/\/stylestore.com\/deu\/wp-content\/uploads\/sites\/4\/2025\/12\/Wblcerena_Maxi_Wool_Wrap_Camel2-1.jpg","type":"image\/jpeg"}],"twitter_card":"summary_large_image","schema":{"@context":"https:\/\/schema.org","@graph":[{"@type":"WebPage","@id":"https:\/\/stylestore.com\/deu\/product\/wblcerena-maxi-wool-wrap-2\/","url":"https:\/\/stylestore.com\/deu\/product\/wblcerena-maxi-wool-wrap-2\/","name":"WBLCERENA MAXI WOOL WRAP &#187; Stylestore.com Germany","isPartOf":{"@id":"https:\/\/stylestore.com\/deu\/#website"},"primaryImageOfPage":{"@id":"https:\/\/stylestore.com\/deu\/product\/wblcerena-maxi-wool-wrap-2\/#primaryimage"},"image":{"@id":"https:\/\/stylestore.com\/deu\/product\/wblcerena-maxi-wool-wrap-2\/#primaryimage"},"thumbnailUrl":"https:\/\/stylestore.com\/deu\/wp-content\/uploads\/sites\/4\/2025\/12\/Wblcerena_Maxi_Wool_Wrap_Camel2-3.jpg","datePublished":"2024-10-29T07:14:02+00:00","dateModified":"2026-04-23T06:05:17+00:00","description":"Mit dem Maxi-Wollmantel Cerena bist du in zeitloser Eleganz geh\u00fcllt. Dieser exklusive lange Wollmantel hat eine schmeichelhafte normale Passform, praktische Taschen und einen schicken Bindeg\u00fcrtel. Mit seinem Schlitz hinten und den dekorativen Manschettenriemen ist er die perfekte Mischung aus klassischem Stil und modernen Details.","breadcrumb":{"@id":"https:\/\/stylestore.com\/deu\/product\/wblcerena-maxi-wool-wrap-2\/#breadcrumb"},"inLanguage":"de","potentialAction":[{"@type":"ReadAction","target":["https:\/\/stylestore.com\/deu\/product\/wblcerena-maxi-wool-wrap-2\/"]}]},{"@type":"ImageObject","inLanguage":"de","@id":"https:\/\/stylestore.com\/deu\/product\/wblcerena-maxi-wool-wrap-2\/#primaryimage","url":"https:\/\/stylestore.com\/deu\/wp-content\/uploads\/sites\/4\/2025\/12\/Wblcerena_Maxi_Wool_Wrap_Camel2-3.jpg","contentUrl":"https:\/\/stylestore.com\/deu\/wp-content\/uploads\/sites\/4\/2025\/12\/Wblcerena_Maxi_Wool_Wrap_Camel2-3.jpg","width":1179,"height":1768},{"@type":"BreadcrumbList","@id":"https:\/\/stylestore.com\/deu\/product\/wblcerena-maxi-wool-wrap-2\/#breadcrumb","itemListElement":[{"@type":"ListItem","position":1,"name":"Search","item":"https:\/\/stylestore.com\/deu\/search\/"},{"@type":"ListItem","position":2,"name":"WBLCERENA MAXI WOOL WRAP"}]},{"@type":"WebSite","@id":"https:\/\/stylestore.com\/deu\/#website","url":"https:\/\/stylestore.com\/deu\/","name":"Stylestore.com Germany","description":"","potentialAction":[{"@type":"SearchAction","target":{"@type":"EntryPoint","urlTemplate":"https:\/\/stylestore.com\/deu\/?s={search_term_string}"},"query-input":{"@type":"PropertyValueSpecification","valueRequired":true,"valueName":"search_term_string"}}],"inLanguage":"de"}]}},"_links":{"self":[{"href":"https:\/\/stylestore.com\/deu\/wp-json\/wp\/v2\/product\/560110","targetHints":{"allow":["GET"]}}],"collection":[{"href":"https:\/\/stylestore.com\/deu\/wp-json\/wp\/v2\/product"}],"about":[{"href":"https:\/\/stylestore.com\/deu\/wp-json\/wp\/v2\/types\/product"}],"wp:featuredmedia":[{"embeddable":true,"href":"https:\/\/stylestore.com\/deu\/wp-json\/wp\/v2\/media\/610695"}],"wp:attachment":[{"href":"https:\/\/stylestore.com\/deu\/wp-json\/wp\/v2\/media?parent=560110"}],"wp:term":[{"taxonomy":"product_brand","embeddable":true,"href":"https:\/\/stylestore.com\/deu\/wp-json\/wp\/v2\/product_brand?post=560110"},{"taxonomy":"product_cat","embeddable":true,"href":"https:\/\/stylestore.com\/deu\/wp-json\/wp\/v2\/product_cat?post=560110"},{"taxonomy":"product_tag","embeddable":true,"href":"https:\/\/stylestore.com\/deu\/wp-json\/wp\/v2\/product_tag?post=560110"}],"curies":[{"name":"wp","href":"https:\/\/api.w.org\/{rel}","templated":true}]}}