{"id":555390,"date":"2024-09-17T08:39:05","date_gmt":"2024-09-17T06:39:05","guid":{"rendered":"https:\/\/stylestore.com\/deu\/product\/wblabigale-grey-denim-jacket\/"},"modified":"2026-04-23T08:05:17","modified_gmt":"2026-04-23T06:05:17","slug":"wblabigale-grey-denim-jacket","status":"publish","type":"product","link":"https:\/\/stylestore.com\/deu\/product\/wblabigale-grey-denim-jacket\/","title":{"rendered":"WBLABIGALE GREY DENIM JACKET"},"content":{"rendered":"<p>Klassische Jeansjacke<br \/>\nKragen<br \/>\nKnopfverschluss<br \/>\nBrusttaschen mit Patte und Kn\u00f6pfen<br \/>\nWascheffekt an der Taschenpatte<br \/>\n\u00c4rmelabschl\u00fcsse mit Kn\u00f6pfen<br \/>\nNormale Passform<br \/>\nL\u00e4nge unterhalb der Taille<\/p>\n","protected":false},"excerpt":{"rendered":"","protected":false},"featured_media":576579,"template":"","meta":{"_acf_changed":false},"product_brand":[],"product_cat":[15],"product_tag":[1871],"class_list":{"0":"post-555390","1":"product","2":"type-product","3":"status-publish","4":"has-post-thumbnail","6":"product_cat-uncategorized","7":"product_tag-b2b","8":"pa_brand-withblack","9":"pa_collection-effortless","10":"pa_color-spring-grey","13":"instock","14":"taxable","15":"shipping-taxable","16":"purchasable","17":"product-type-variable"},"acf":[],"yoast_head":"<!-- This site is optimized with the Yoast SEO plugin v23.8 - https:\/\/yoast.com\/wordpress\/plugins\/seo\/ -->\n<title>WBLABIGALE GREY DENIM JACKET &#187; Stylestore.com Germany<\/title>\n<meta name=\"description\" content=\"Zeitlose Jeansjacke mit klassischem Kragen, Knopfverschluss und Brusttaschen mit Patte. Grauer Wascheffekt, normale Passform und L\u00e4nge unterhalb der Taille - perfekt f\u00fcr jeden Look.\" \/>\n<meta name=\"robots\" content=\"index, follow, max-snippet:-1, max-image-preview:large, max-video-preview:-1\" \/>\n<link rel=\"canonical\" href=\"https:\/\/stylestore.com\/deu\/product\/wblabigale-grey-denim-jacket\/\" \/>\n<meta property=\"og:locale\" content=\"de_DE\" \/>\n<meta property=\"og:type\" content=\"article\" \/>\n<meta property=\"og:title\" content=\"WBLABIGALE GREY DENIM JACKET &#187; Stylestore.com Germany\" \/>\n<meta property=\"og:description\" content=\"Zeitlose Jeansjacke mit klassischem Kragen, Knopfverschluss und Brusttaschen mit Patte. Grauer Wascheffekt, normale Passform und L\u00e4nge unterhalb der Taille - perfekt f\u00fcr jeden Look.\" \/>\n<meta property=\"og:url\" content=\"https:\/\/stylestore.com\/deu\/product\/wblabigale-grey-denim-jacket\/\" \/>\n<meta property=\"og:site_name\" content=\"Stylestore.com Germany\" \/>\n<meta property=\"article:modified_time\" content=\"2026-04-23T06:05:17+00:00\" \/>\n<meta property=\"og:image\" content=\"https:\/\/stylestore.com\/deu\/wp-content\/uploads\/sites\/4\/2025\/01\/Wblabigale_Denim_Jacket_Spring_Grey.jpg\" \/>\n\t<meta property=\"og:image:width\" content=\"1200\" \/>\n\t<meta property=\"og:image:height\" content=\"1800\" \/>\n\t<meta property=\"og:image:type\" content=\"image\/jpeg\" \/>\n<meta name=\"twitter:card\" content=\"summary_large_image\" \/>\n<script type=\"application\/ld+json\" class=\"yoast-schema-graph\">{\"@context\":\"https:\/\/schema.org\",\"@graph\":[{\"@type\":\"WebPage\",\"@id\":\"https:\/\/stylestore.com\/deu\/product\/wblabigale-grey-denim-jacket\/\",\"url\":\"https:\/\/stylestore.com\/deu\/product\/wblabigale-grey-denim-jacket\/\",\"name\":\"WBLABIGALE GREY DENIM JACKET &#187; Stylestore.com Germany\",\"isPartOf\":{\"@id\":\"https:\/\/stylestore.com\/deu\/#website\"},\"primaryImageOfPage\":{\"@id\":\"https:\/\/stylestore.com\/deu\/product\/wblabigale-grey-denim-jacket\/#primaryimage\"},\"image\":{\"@id\":\"https:\/\/stylestore.com\/deu\/product\/wblabigale-grey-denim-jacket\/#primaryimage\"},\"thumbnailUrl\":\"https:\/\/stylestore.com\/deu\/wp-content\/uploads\/sites\/4\/2025\/03\/Wblabigale_Grey_Denim_Jacket_Spring_Grey1-1.jpg\",\"datePublished\":\"2024-09-17T06:39:05+00:00\",\"dateModified\":\"2026-04-23T06:05:17+00:00\",\"description\":\"Zeitlose Jeansjacke mit klassischem Kragen, Knopfverschluss und Brusttaschen mit Patte. Grauer Wascheffekt, normale Passform und L\u00e4nge unterhalb der Taille - perfekt f\u00fcr jeden Look.\",\"breadcrumb\":{\"@id\":\"https:\/\/stylestore.com\/deu\/product\/wblabigale-grey-denim-jacket\/#breadcrumb\"},\"inLanguage\":\"de\",\"potentialAction\":[{\"@type\":\"ReadAction\",\"target\":[\"https:\/\/stylestore.com\/deu\/product\/wblabigale-grey-denim-jacket\/\"]}]},{\"@type\":\"ImageObject\",\"inLanguage\":\"de\",\"@id\":\"https:\/\/stylestore.com\/deu\/product\/wblabigale-grey-denim-jacket\/#primaryimage\",\"url\":\"https:\/\/stylestore.com\/deu\/wp-content\/uploads\/sites\/4\/2025\/03\/Wblabigale_Grey_Denim_Jacket_Spring_Grey1-1.jpg\",\"contentUrl\":\"https:\/\/stylestore.com\/deu\/wp-content\/uploads\/sites\/4\/2025\/03\/Wblabigale_Grey_Denim_Jacket_Spring_Grey1-1.jpg\",\"width\":1337,\"height\":2006},{\"@type\":\"BreadcrumbList\",\"@id\":\"https:\/\/stylestore.com\/deu\/product\/wblabigale-grey-denim-jacket\/#breadcrumb\",\"itemListElement\":[{\"@type\":\"ListItem\",\"position\":1,\"name\":\"Search\",\"item\":\"https:\/\/stylestore.com\/deu\/search\/\"},{\"@type\":\"ListItem\",\"position\":2,\"name\":\"WBLABIGALE GREY DENIM JACKET\"}]},{\"@type\":\"WebSite\",\"@id\":\"https:\/\/stylestore.com\/deu\/#website\",\"url\":\"https:\/\/stylestore.com\/deu\/\",\"name\":\"Stylestore.com Germany\",\"description\":\"\",\"potentialAction\":[{\"@type\":\"SearchAction\",\"target\":{\"@type\":\"EntryPoint\",\"urlTemplate\":\"https:\/\/stylestore.com\/deu\/?s={search_term_string}\"},\"query-input\":{\"@type\":\"PropertyValueSpecification\",\"valueRequired\":true,\"valueName\":\"search_term_string\"}}],\"inLanguage\":\"de\"}]}<\/script>\n<!-- \/ Yoast SEO plugin. -->","yoast_head_json":{"title":"WBLABIGALE GREY DENIM JACKET &#187; Stylestore.com Germany","description":"Zeitlose Jeansjacke mit klassischem Kragen, Knopfverschluss und Brusttaschen mit Patte. Grauer Wascheffekt, normale Passform und L\u00e4nge unterhalb der Taille - perfekt f\u00fcr jeden Look.","robots":{"index":"index","follow":"follow","max-snippet":"max-snippet:-1","max-image-preview":"max-image-preview:large","max-video-preview":"max-video-preview:-1"},"canonical":"https:\/\/stylestore.com\/deu\/product\/wblabigale-grey-denim-jacket\/","og_locale":"de_DE","og_type":"article","og_title":"WBLABIGALE GREY DENIM JACKET &#187; Stylestore.com Germany","og_description":"Zeitlose Jeansjacke mit klassischem Kragen, Knopfverschluss und Brusttaschen mit Patte. Grauer Wascheffekt, normale Passform und L\u00e4nge unterhalb der Taille - perfekt f\u00fcr jeden Look.","og_url":"https:\/\/stylestore.com\/deu\/product\/wblabigale-grey-denim-jacket\/","og_site_name":"Stylestore.com Germany","article_modified_time":"2026-04-23T06:05:17+00:00","og_image":[{"width":1200,"height":1800,"url":"https:\/\/stylestore.com\/deu\/wp-content\/uploads\/sites\/4\/2025\/01\/Wblabigale_Denim_Jacket_Spring_Grey.jpg","type":"image\/jpeg"}],"twitter_card":"summary_large_image","schema":{"@context":"https:\/\/schema.org","@graph":[{"@type":"WebPage","@id":"https:\/\/stylestore.com\/deu\/product\/wblabigale-grey-denim-jacket\/","url":"https:\/\/stylestore.com\/deu\/product\/wblabigale-grey-denim-jacket\/","name":"WBLABIGALE GREY DENIM JACKET &#187; Stylestore.com Germany","isPartOf":{"@id":"https:\/\/stylestore.com\/deu\/#website"},"primaryImageOfPage":{"@id":"https:\/\/stylestore.com\/deu\/product\/wblabigale-grey-denim-jacket\/#primaryimage"},"image":{"@id":"https:\/\/stylestore.com\/deu\/product\/wblabigale-grey-denim-jacket\/#primaryimage"},"thumbnailUrl":"https:\/\/stylestore.com\/deu\/wp-content\/uploads\/sites\/4\/2025\/03\/Wblabigale_Grey_Denim_Jacket_Spring_Grey1-1.jpg","datePublished":"2024-09-17T06:39:05+00:00","dateModified":"2026-04-23T06:05:17+00:00","description":"Zeitlose Jeansjacke mit klassischem Kragen, Knopfverschluss und Brusttaschen mit Patte. Grauer Wascheffekt, normale Passform und L\u00e4nge unterhalb der Taille - perfekt f\u00fcr jeden Look.","breadcrumb":{"@id":"https:\/\/stylestore.com\/deu\/product\/wblabigale-grey-denim-jacket\/#breadcrumb"},"inLanguage":"de","potentialAction":[{"@type":"ReadAction","target":["https:\/\/stylestore.com\/deu\/product\/wblabigale-grey-denim-jacket\/"]}]},{"@type":"ImageObject","inLanguage":"de","@id":"https:\/\/stylestore.com\/deu\/product\/wblabigale-grey-denim-jacket\/#primaryimage","url":"https:\/\/stylestore.com\/deu\/wp-content\/uploads\/sites\/4\/2025\/03\/Wblabigale_Grey_Denim_Jacket_Spring_Grey1-1.jpg","contentUrl":"https:\/\/stylestore.com\/deu\/wp-content\/uploads\/sites\/4\/2025\/03\/Wblabigale_Grey_Denim_Jacket_Spring_Grey1-1.jpg","width":1337,"height":2006},{"@type":"BreadcrumbList","@id":"https:\/\/stylestore.com\/deu\/product\/wblabigale-grey-denim-jacket\/#breadcrumb","itemListElement":[{"@type":"ListItem","position":1,"name":"Search","item":"https:\/\/stylestore.com\/deu\/search\/"},{"@type":"ListItem","position":2,"name":"WBLABIGALE GREY DENIM JACKET"}]},{"@type":"WebSite","@id":"https:\/\/stylestore.com\/deu\/#website","url":"https:\/\/stylestore.com\/deu\/","name":"Stylestore.com Germany","description":"","potentialAction":[{"@type":"SearchAction","target":{"@type":"EntryPoint","urlTemplate":"https:\/\/stylestore.com\/deu\/?s={search_term_string}"},"query-input":{"@type":"PropertyValueSpecification","valueRequired":true,"valueName":"search_term_string"}}],"inLanguage":"de"}]}},"_links":{"self":[{"href":"https:\/\/stylestore.com\/deu\/wp-json\/wp\/v2\/product\/555390","targetHints":{"allow":["GET"]}}],"collection":[{"href":"https:\/\/stylestore.com\/deu\/wp-json\/wp\/v2\/product"}],"about":[{"href":"https:\/\/stylestore.com\/deu\/wp-json\/wp\/v2\/types\/product"}],"wp:featuredmedia":[{"embeddable":true,"href":"https:\/\/stylestore.com\/deu\/wp-json\/wp\/v2\/media\/576579"}],"wp:attachment":[{"href":"https:\/\/stylestore.com\/deu\/wp-json\/wp\/v2\/media?parent=555390"}],"wp:term":[{"taxonomy":"product_brand","embeddable":true,"href":"https:\/\/stylestore.com\/deu\/wp-json\/wp\/v2\/product_brand?post=555390"},{"taxonomy":"product_cat","embeddable":true,"href":"https:\/\/stylestore.com\/deu\/wp-json\/wp\/v2\/product_cat?post=555390"},{"taxonomy":"product_tag","embeddable":true,"href":"https:\/\/stylestore.com\/deu\/wp-json\/wp\/v2\/product_tag?post=555390"}],"curies":[{"name":"wp","href":"https:\/\/api.w.org\/{rel}","templated":true}]}}