{"id":553952,"date":"2024-09-03T13:26:51","date_gmt":"2024-09-03T11:26:51","guid":{"rendered":"https:\/\/stylestore.com\/deu\/product\/wblwillow-ss-shirt\/"},"modified":"2026-04-23T08:05:18","modified_gmt":"2026-04-23T06:05:18","slug":"wblwillow-ss-shirt","status":"publish","type":"product","link":"https:\/\/stylestore.com\/deu\/product\/wblwillow-ss-shirt\/","title":{"rendered":"WBLWILLOW SS SHIRT"},"content":{"rendered":"<p>Hemd in 100% Leinenqualit\u00e4t<br \/>\nFeiner Nadelstreifen<br \/>\nKragen<br \/>\nKnopfverschluss<br \/>\nKurze \u00c4rmel<br \/>\nNormale Passform<br \/>\nH\u00fcftl\u00e4nge<br \/>\nGeschwungener Saum am unteren Ende<\/p>\n","protected":false},"excerpt":{"rendered":"","protected":false},"featured_media":621010,"template":"","meta":{"_acf_changed":false},"product_brand":[],"product_cat":[130,21],"product_tag":[1871],"class_list":{"0":"post-553952","1":"product","2":"type-product","3":"status-publish","4":"has-post-thumbnail","6":"product_cat-shorts","7":"product_cat-unterteile","8":"product_tag-b2b","9":"pa_brand-withblack","10":"pa_collection-scandinavi","11":"pa_color-birch-stripe","14":"instock","15":"taxable","16":"shipping-taxable","17":"purchasable","18":"product-type-variable"},"acf":[],"yoast_head":"<!-- This site is optimized with the Yoast SEO plugin v23.8 - https:\/\/yoast.com\/wordpress\/plugins\/seo\/ -->\n<title>WBLWILLOW SS SHIRT &#187; Stylestore.com Germany<\/title>\n<meta name=\"description\" content=\"Elegantes Hemd aus 100% Leinen mit einem feinen Nadelstreifen und klassischem Kragen. Kurz\u00e4rmliges Design mit Knopfverschluss und geschwungenem Saum. Normale Passform und H\u00fcftl\u00e4nge f\u00fcr einen zeitlosen Look.\" \/>\n<meta name=\"robots\" content=\"index, follow, max-snippet:-1, max-image-preview:large, max-video-preview:-1\" \/>\n<link rel=\"canonical\" href=\"https:\/\/stylestore.com\/deu\/product\/wblwillow-ss-shirt\/\" \/>\n<meta property=\"og:locale\" content=\"de_DE\" \/>\n<meta property=\"og:type\" content=\"article\" \/>\n<meta property=\"og:title\" content=\"WBLWILLOW SS SHIRT &#187; Stylestore.com Germany\" \/>\n<meta property=\"og:description\" content=\"Elegantes Hemd aus 100% Leinen mit einem feinen Nadelstreifen und klassischem Kragen. Kurz\u00e4rmliges Design mit Knopfverschluss und geschwungenem Saum. Normale Passform und H\u00fcftl\u00e4nge f\u00fcr einen zeitlosen Look.\" \/>\n<meta property=\"og:url\" content=\"https:\/\/stylestore.com\/deu\/product\/wblwillow-ss-shirt\/\" \/>\n<meta property=\"og:site_name\" content=\"Stylestore.com Germany\" \/>\n<meta property=\"article:modified_time\" content=\"2026-04-23T06:05:18+00:00\" \/>\n<meta property=\"og:image\" content=\"https:\/\/stylestore.com\/deu\/wp-content\/uploads\/sites\/4\/2024\/09\/Wblwillow_SS_Shirt_Birch_Stripe-1.jpg\" \/>\n\t<meta property=\"og:image:width\" content=\"1504\" \/>\n\t<meta property=\"og:image:height\" content=\"2257\" \/>\n\t<meta property=\"og:image:type\" content=\"image\/jpeg\" \/>\n<meta name=\"twitter:card\" content=\"summary_large_image\" \/>\n<script type=\"application\/ld+json\" class=\"yoast-schema-graph\">{\"@context\":\"https:\/\/schema.org\",\"@graph\":[{\"@type\":\"WebPage\",\"@id\":\"https:\/\/stylestore.com\/deu\/product\/wblwillow-ss-shirt\/\",\"url\":\"https:\/\/stylestore.com\/deu\/product\/wblwillow-ss-shirt\/\",\"name\":\"WBLWILLOW SS SHIRT &#187; Stylestore.com Germany\",\"isPartOf\":{\"@id\":\"https:\/\/stylestore.com\/deu\/#website\"},\"primaryImageOfPage\":{\"@id\":\"https:\/\/stylestore.com\/deu\/product\/wblwillow-ss-shirt\/#primaryimage\"},\"image\":{\"@id\":\"https:\/\/stylestore.com\/deu\/product\/wblwillow-ss-shirt\/#primaryimage\"},\"thumbnailUrl\":\"https:\/\/stylestore.com\/deu\/wp-content\/uploads\/sites\/4\/2026\/04\/Wblwillow_SS_Shirt_Birch_Stripe-1.jpg\",\"datePublished\":\"2024-09-03T11:26:51+00:00\",\"dateModified\":\"2026-04-23T06:05:18+00:00\",\"description\":\"Elegantes Hemd aus 100% Leinen mit einem feinen Nadelstreifen und klassischem Kragen. Kurz\u00e4rmliges Design mit Knopfverschluss und geschwungenem Saum. Normale Passform und H\u00fcftl\u00e4nge f\u00fcr einen zeitlosen Look.\",\"breadcrumb\":{\"@id\":\"https:\/\/stylestore.com\/deu\/product\/wblwillow-ss-shirt\/#breadcrumb\"},\"inLanguage\":\"de\",\"potentialAction\":[{\"@type\":\"ReadAction\",\"target\":[\"https:\/\/stylestore.com\/deu\/product\/wblwillow-ss-shirt\/\"]}]},{\"@type\":\"ImageObject\",\"inLanguage\":\"de\",\"@id\":\"https:\/\/stylestore.com\/deu\/product\/wblwillow-ss-shirt\/#primaryimage\",\"url\":\"https:\/\/stylestore.com\/deu\/wp-content\/uploads\/sites\/4\/2026\/04\/Wblwillow_SS_Shirt_Birch_Stripe-1.jpg\",\"contentUrl\":\"https:\/\/stylestore.com\/deu\/wp-content\/uploads\/sites\/4\/2026\/04\/Wblwillow_SS_Shirt_Birch_Stripe-1.jpg\",\"width\":1527,\"height\":2291},{\"@type\":\"BreadcrumbList\",\"@id\":\"https:\/\/stylestore.com\/deu\/product\/wblwillow-ss-shirt\/#breadcrumb\",\"itemListElement\":[{\"@type\":\"ListItem\",\"position\":1,\"name\":\"Search\",\"item\":\"https:\/\/stylestore.com\/deu\/search\/\"},{\"@type\":\"ListItem\",\"position\":2,\"name\":\"WBLWILLOW SS SHIRT\"}]},{\"@type\":\"WebSite\",\"@id\":\"https:\/\/stylestore.com\/deu\/#website\",\"url\":\"https:\/\/stylestore.com\/deu\/\",\"name\":\"Stylestore.com Germany\",\"description\":\"\",\"potentialAction\":[{\"@type\":\"SearchAction\",\"target\":{\"@type\":\"EntryPoint\",\"urlTemplate\":\"https:\/\/stylestore.com\/deu\/?s={search_term_string}\"},\"query-input\":{\"@type\":\"PropertyValueSpecification\",\"valueRequired\":true,\"valueName\":\"search_term_string\"}}],\"inLanguage\":\"de\"}]}<\/script>\n<!-- \/ Yoast SEO plugin. -->","yoast_head_json":{"title":"WBLWILLOW SS SHIRT &#187; Stylestore.com Germany","description":"Elegantes Hemd aus 100% Leinen mit einem feinen Nadelstreifen und klassischem Kragen. Kurz\u00e4rmliges Design mit Knopfverschluss und geschwungenem Saum. Normale Passform und H\u00fcftl\u00e4nge f\u00fcr einen zeitlosen Look.","robots":{"index":"index","follow":"follow","max-snippet":"max-snippet:-1","max-image-preview":"max-image-preview:large","max-video-preview":"max-video-preview:-1"},"canonical":"https:\/\/stylestore.com\/deu\/product\/wblwillow-ss-shirt\/","og_locale":"de_DE","og_type":"article","og_title":"WBLWILLOW SS SHIRT &#187; Stylestore.com Germany","og_description":"Elegantes Hemd aus 100% Leinen mit einem feinen Nadelstreifen und klassischem Kragen. Kurz\u00e4rmliges Design mit Knopfverschluss und geschwungenem Saum. Normale Passform und H\u00fcftl\u00e4nge f\u00fcr einen zeitlosen Look.","og_url":"https:\/\/stylestore.com\/deu\/product\/wblwillow-ss-shirt\/","og_site_name":"Stylestore.com Germany","article_modified_time":"2026-04-23T06:05:18+00:00","og_image":[{"width":1504,"height":2257,"url":"https:\/\/stylestore.com\/deu\/wp-content\/uploads\/sites\/4\/2024\/09\/Wblwillow_SS_Shirt_Birch_Stripe-1.jpg","type":"image\/jpeg"}],"twitter_card":"summary_large_image","schema":{"@context":"https:\/\/schema.org","@graph":[{"@type":"WebPage","@id":"https:\/\/stylestore.com\/deu\/product\/wblwillow-ss-shirt\/","url":"https:\/\/stylestore.com\/deu\/product\/wblwillow-ss-shirt\/","name":"WBLWILLOW SS SHIRT &#187; Stylestore.com Germany","isPartOf":{"@id":"https:\/\/stylestore.com\/deu\/#website"},"primaryImageOfPage":{"@id":"https:\/\/stylestore.com\/deu\/product\/wblwillow-ss-shirt\/#primaryimage"},"image":{"@id":"https:\/\/stylestore.com\/deu\/product\/wblwillow-ss-shirt\/#primaryimage"},"thumbnailUrl":"https:\/\/stylestore.com\/deu\/wp-content\/uploads\/sites\/4\/2026\/04\/Wblwillow_SS_Shirt_Birch_Stripe-1.jpg","datePublished":"2024-09-03T11:26:51+00:00","dateModified":"2026-04-23T06:05:18+00:00","description":"Elegantes Hemd aus 100% Leinen mit einem feinen Nadelstreifen und klassischem Kragen. Kurz\u00e4rmliges Design mit Knopfverschluss und geschwungenem Saum. Normale Passform und H\u00fcftl\u00e4nge f\u00fcr einen zeitlosen Look.","breadcrumb":{"@id":"https:\/\/stylestore.com\/deu\/product\/wblwillow-ss-shirt\/#breadcrumb"},"inLanguage":"de","potentialAction":[{"@type":"ReadAction","target":["https:\/\/stylestore.com\/deu\/product\/wblwillow-ss-shirt\/"]}]},{"@type":"ImageObject","inLanguage":"de","@id":"https:\/\/stylestore.com\/deu\/product\/wblwillow-ss-shirt\/#primaryimage","url":"https:\/\/stylestore.com\/deu\/wp-content\/uploads\/sites\/4\/2026\/04\/Wblwillow_SS_Shirt_Birch_Stripe-1.jpg","contentUrl":"https:\/\/stylestore.com\/deu\/wp-content\/uploads\/sites\/4\/2026\/04\/Wblwillow_SS_Shirt_Birch_Stripe-1.jpg","width":1527,"height":2291},{"@type":"BreadcrumbList","@id":"https:\/\/stylestore.com\/deu\/product\/wblwillow-ss-shirt\/#breadcrumb","itemListElement":[{"@type":"ListItem","position":1,"name":"Search","item":"https:\/\/stylestore.com\/deu\/search\/"},{"@type":"ListItem","position":2,"name":"WBLWILLOW SS SHIRT"}]},{"@type":"WebSite","@id":"https:\/\/stylestore.com\/deu\/#website","url":"https:\/\/stylestore.com\/deu\/","name":"Stylestore.com Germany","description":"","potentialAction":[{"@type":"SearchAction","target":{"@type":"EntryPoint","urlTemplate":"https:\/\/stylestore.com\/deu\/?s={search_term_string}"},"query-input":{"@type":"PropertyValueSpecification","valueRequired":true,"valueName":"search_term_string"}}],"inLanguage":"de"}]}},"_links":{"self":[{"href":"https:\/\/stylestore.com\/deu\/wp-json\/wp\/v2\/product\/553952","targetHints":{"allow":["GET"]}}],"collection":[{"href":"https:\/\/stylestore.com\/deu\/wp-json\/wp\/v2\/product"}],"about":[{"href":"https:\/\/stylestore.com\/deu\/wp-json\/wp\/v2\/types\/product"}],"wp:featuredmedia":[{"embeddable":true,"href":"https:\/\/stylestore.com\/deu\/wp-json\/wp\/v2\/media\/621010"}],"wp:attachment":[{"href":"https:\/\/stylestore.com\/deu\/wp-json\/wp\/v2\/media?parent=553952"}],"wp:term":[{"taxonomy":"product_brand","embeddable":true,"href":"https:\/\/stylestore.com\/deu\/wp-json\/wp\/v2\/product_brand?post=553952"},{"taxonomy":"product_cat","embeddable":true,"href":"https:\/\/stylestore.com\/deu\/wp-json\/wp\/v2\/product_cat?post=553952"},{"taxonomy":"product_tag","embeddable":true,"href":"https:\/\/stylestore.com\/deu\/wp-json\/wp\/v2\/product_tag?post=553952"}],"curies":[{"name":"wp","href":"https:\/\/api.w.org\/{rel}","templated":true}]}}