{"id":553908,"date":"2024-09-03T13:01:53","date_gmt":"2024-09-03T11:01:53","guid":{"rendered":"https:\/\/stylestore.com\/deu\/product\/wblbrina-shorts\/"},"modified":"2026-04-23T08:05:18","modified_gmt":"2026-04-23T06:05:18","slug":"wblbrina-shorts","status":"publish","type":"product","link":"https:\/\/stylestore.com\/deu\/product\/wblbrina-shorts\/","title":{"rendered":"WBLBRINA SHORTS"},"content":{"rendered":"<p>Shorts in Baumwoll-Leinen-Kammergewebe<br \/>\nGummizug in der Taille<br \/>\nNormale Passform<br \/>\nH\u00fcftlang<br \/>\nWeite Beine<\/p>\n","protected":false},"excerpt":{"rendered":"","protected":false},"featured_media":577656,"template":"","meta":{"_acf_changed":false},"product_brand":[],"product_cat":[128,130,21],"product_tag":[1871],"class_list":{"0":"post-553908","1":"product","2":"type-product","3":"status-publish","4":"has-post-thumbnail","6":"product_cat-hosen","7":"product_cat-shorts","8":"product_cat-unterteile","9":"product_tag-b2b","10":"pa_brand-withblack","11":"pa_collection-scandinavi","12":"pa_color-chambre-blue","15":"instock","16":"taxable","17":"shipping-taxable","18":"purchasable","19":"product-type-variable"},"acf":[],"yoast_head":"<!-- This site is optimized with the Yoast SEO plugin v23.8 - https:\/\/yoast.com\/wordpress\/plugins\/seo\/ -->\n<title>WBLBRINA SHORTS &#187; Stylestore.com Germany<\/title>\n<meta name=\"description\" content=\"Leichte Shorts aus weichem Chambray aus Baumwolle und Leinen mit weiten Beinen und einer entspannten Passform. Der Gummizug in der Taille sorgt f\u00fcr Komfort, w\u00e4hrend die H\u00fcftl\u00e4nge f\u00fcr einen l\u00e4ssigen Look sorgt.\" \/>\n<meta name=\"robots\" content=\"index, follow, max-snippet:-1, max-image-preview:large, max-video-preview:-1\" \/>\n<link rel=\"canonical\" href=\"https:\/\/stylestore.com\/deu\/product\/wblbrina-shorts\/\" \/>\n<meta property=\"og:locale\" content=\"de_DE\" \/>\n<meta property=\"og:type\" content=\"article\" \/>\n<meta property=\"og:title\" content=\"WBLBRINA SHORTS &#187; Stylestore.com Germany\" \/>\n<meta property=\"og:description\" content=\"Leichte Shorts aus weichem Chambray aus Baumwolle und Leinen mit weiten Beinen und einer entspannten Passform. Der Gummizug in der Taille sorgt f\u00fcr Komfort, w\u00e4hrend die H\u00fcftl\u00e4nge f\u00fcr einen l\u00e4ssigen Look sorgt.\" \/>\n<meta property=\"og:url\" content=\"https:\/\/stylestore.com\/deu\/product\/wblbrina-shorts\/\" \/>\n<meta property=\"og:site_name\" content=\"Stylestore.com Germany\" \/>\n<meta property=\"article:modified_time\" content=\"2026-04-23T06:05:18+00:00\" \/>\n<meta property=\"og:image\" content=\"https:\/\/stylestore.com\/deu\/wp-content\/uploads\/sites\/4\/2024\/12\/Wblbrina_Ls_Shirt_Chambre_Blue_Wblbrina_Shorts1-1.jpg\" \/>\n\t<meta property=\"og:image:width\" content=\"1017\" \/>\n\t<meta property=\"og:image:height\" content=\"1525\" \/>\n\t<meta property=\"og:image:type\" content=\"image\/jpeg\" \/>\n<meta name=\"twitter:card\" content=\"summary_large_image\" \/>\n<script type=\"application\/ld+json\" class=\"yoast-schema-graph\">{\"@context\":\"https:\/\/schema.org\",\"@graph\":[{\"@type\":\"WebPage\",\"@id\":\"https:\/\/stylestore.com\/deu\/product\/wblbrina-shorts\/\",\"url\":\"https:\/\/stylestore.com\/deu\/product\/wblbrina-shorts\/\",\"name\":\"WBLBRINA SHORTS &#187; Stylestore.com Germany\",\"isPartOf\":{\"@id\":\"https:\/\/stylestore.com\/deu\/#website\"},\"primaryImageOfPage\":{\"@id\":\"https:\/\/stylestore.com\/deu\/product\/wblbrina-shorts\/#primaryimage\"},\"image\":{\"@id\":\"https:\/\/stylestore.com\/deu\/product\/wblbrina-shorts\/#primaryimage\"},\"thumbnailUrl\":\"https:\/\/stylestore.com\/deu\/wp-content\/uploads\/sites\/4\/2025\/04\/Wblbrina_Ls_Shirt_Chambre_Blue_Wblbrina_Shorts2-2.jpg\",\"datePublished\":\"2024-09-03T11:01:53+00:00\",\"dateModified\":\"2026-04-23T06:05:18+00:00\",\"description\":\"Leichte Shorts aus weichem Chambray aus Baumwolle und Leinen mit weiten Beinen und einer entspannten Passform. Der Gummizug in der Taille sorgt f\u00fcr Komfort, w\u00e4hrend die H\u00fcftl\u00e4nge f\u00fcr einen l\u00e4ssigen Look sorgt.\",\"breadcrumb\":{\"@id\":\"https:\/\/stylestore.com\/deu\/product\/wblbrina-shorts\/#breadcrumb\"},\"inLanguage\":\"de\",\"potentialAction\":[{\"@type\":\"ReadAction\",\"target\":[\"https:\/\/stylestore.com\/deu\/product\/wblbrina-shorts\/\"]}]},{\"@type\":\"ImageObject\",\"inLanguage\":\"de\",\"@id\":\"https:\/\/stylestore.com\/deu\/product\/wblbrina-shorts\/#primaryimage\",\"url\":\"https:\/\/stylestore.com\/deu\/wp-content\/uploads\/sites\/4\/2025\/04\/Wblbrina_Ls_Shirt_Chambre_Blue_Wblbrina_Shorts2-2.jpg\",\"contentUrl\":\"https:\/\/stylestore.com\/deu\/wp-content\/uploads\/sites\/4\/2025\/04\/Wblbrina_Ls_Shirt_Chambre_Blue_Wblbrina_Shorts2-2.jpg\",\"width\":1067,\"height\":1600},{\"@type\":\"BreadcrumbList\",\"@id\":\"https:\/\/stylestore.com\/deu\/product\/wblbrina-shorts\/#breadcrumb\",\"itemListElement\":[{\"@type\":\"ListItem\",\"position\":1,\"name\":\"Search\",\"item\":\"https:\/\/stylestore.com\/deu\/search\/\"},{\"@type\":\"ListItem\",\"position\":2,\"name\":\"WBLBRINA SHORTS\"}]},{\"@type\":\"WebSite\",\"@id\":\"https:\/\/stylestore.com\/deu\/#website\",\"url\":\"https:\/\/stylestore.com\/deu\/\",\"name\":\"Stylestore.com Germany\",\"description\":\"\",\"potentialAction\":[{\"@type\":\"SearchAction\",\"target\":{\"@type\":\"EntryPoint\",\"urlTemplate\":\"https:\/\/stylestore.com\/deu\/?s={search_term_string}\"},\"query-input\":{\"@type\":\"PropertyValueSpecification\",\"valueRequired\":true,\"valueName\":\"search_term_string\"}}],\"inLanguage\":\"de\"}]}<\/script>\n<!-- \/ Yoast SEO plugin. -->","yoast_head_json":{"title":"WBLBRINA SHORTS &#187; Stylestore.com Germany","description":"Leichte Shorts aus weichem Chambray aus Baumwolle und Leinen mit weiten Beinen und einer entspannten Passform. Der Gummizug in der Taille sorgt f\u00fcr Komfort, w\u00e4hrend die H\u00fcftl\u00e4nge f\u00fcr einen l\u00e4ssigen Look sorgt.","robots":{"index":"index","follow":"follow","max-snippet":"max-snippet:-1","max-image-preview":"max-image-preview:large","max-video-preview":"max-video-preview:-1"},"canonical":"https:\/\/stylestore.com\/deu\/product\/wblbrina-shorts\/","og_locale":"de_DE","og_type":"article","og_title":"WBLBRINA SHORTS &#187; Stylestore.com Germany","og_description":"Leichte Shorts aus weichem Chambray aus Baumwolle und Leinen mit weiten Beinen und einer entspannten Passform. Der Gummizug in der Taille sorgt f\u00fcr Komfort, w\u00e4hrend die H\u00fcftl\u00e4nge f\u00fcr einen l\u00e4ssigen Look sorgt.","og_url":"https:\/\/stylestore.com\/deu\/product\/wblbrina-shorts\/","og_site_name":"Stylestore.com Germany","article_modified_time":"2026-04-23T06:05:18+00:00","og_image":[{"width":1017,"height":1525,"url":"https:\/\/stylestore.com\/deu\/wp-content\/uploads\/sites\/4\/2024\/12\/Wblbrina_Ls_Shirt_Chambre_Blue_Wblbrina_Shorts1-1.jpg","type":"image\/jpeg"}],"twitter_card":"summary_large_image","schema":{"@context":"https:\/\/schema.org","@graph":[{"@type":"WebPage","@id":"https:\/\/stylestore.com\/deu\/product\/wblbrina-shorts\/","url":"https:\/\/stylestore.com\/deu\/product\/wblbrina-shorts\/","name":"WBLBRINA SHORTS &#187; Stylestore.com Germany","isPartOf":{"@id":"https:\/\/stylestore.com\/deu\/#website"},"primaryImageOfPage":{"@id":"https:\/\/stylestore.com\/deu\/product\/wblbrina-shorts\/#primaryimage"},"image":{"@id":"https:\/\/stylestore.com\/deu\/product\/wblbrina-shorts\/#primaryimage"},"thumbnailUrl":"https:\/\/stylestore.com\/deu\/wp-content\/uploads\/sites\/4\/2025\/04\/Wblbrina_Ls_Shirt_Chambre_Blue_Wblbrina_Shorts2-2.jpg","datePublished":"2024-09-03T11:01:53+00:00","dateModified":"2026-04-23T06:05:18+00:00","description":"Leichte Shorts aus weichem Chambray aus Baumwolle und Leinen mit weiten Beinen und einer entspannten Passform. Der Gummizug in der Taille sorgt f\u00fcr Komfort, w\u00e4hrend die H\u00fcftl\u00e4nge f\u00fcr einen l\u00e4ssigen Look sorgt.","breadcrumb":{"@id":"https:\/\/stylestore.com\/deu\/product\/wblbrina-shorts\/#breadcrumb"},"inLanguage":"de","potentialAction":[{"@type":"ReadAction","target":["https:\/\/stylestore.com\/deu\/product\/wblbrina-shorts\/"]}]},{"@type":"ImageObject","inLanguage":"de","@id":"https:\/\/stylestore.com\/deu\/product\/wblbrina-shorts\/#primaryimage","url":"https:\/\/stylestore.com\/deu\/wp-content\/uploads\/sites\/4\/2025\/04\/Wblbrina_Ls_Shirt_Chambre_Blue_Wblbrina_Shorts2-2.jpg","contentUrl":"https:\/\/stylestore.com\/deu\/wp-content\/uploads\/sites\/4\/2025\/04\/Wblbrina_Ls_Shirt_Chambre_Blue_Wblbrina_Shorts2-2.jpg","width":1067,"height":1600},{"@type":"BreadcrumbList","@id":"https:\/\/stylestore.com\/deu\/product\/wblbrina-shorts\/#breadcrumb","itemListElement":[{"@type":"ListItem","position":1,"name":"Search","item":"https:\/\/stylestore.com\/deu\/search\/"},{"@type":"ListItem","position":2,"name":"WBLBRINA SHORTS"}]},{"@type":"WebSite","@id":"https:\/\/stylestore.com\/deu\/#website","url":"https:\/\/stylestore.com\/deu\/","name":"Stylestore.com Germany","description":"","potentialAction":[{"@type":"SearchAction","target":{"@type":"EntryPoint","urlTemplate":"https:\/\/stylestore.com\/deu\/?s={search_term_string}"},"query-input":{"@type":"PropertyValueSpecification","valueRequired":true,"valueName":"search_term_string"}}],"inLanguage":"de"}]}},"_links":{"self":[{"href":"https:\/\/stylestore.com\/deu\/wp-json\/wp\/v2\/product\/553908","targetHints":{"allow":["GET"]}}],"collection":[{"href":"https:\/\/stylestore.com\/deu\/wp-json\/wp\/v2\/product"}],"about":[{"href":"https:\/\/stylestore.com\/deu\/wp-json\/wp\/v2\/types\/product"}],"wp:featuredmedia":[{"embeddable":true,"href":"https:\/\/stylestore.com\/deu\/wp-json\/wp\/v2\/media\/577656"}],"wp:attachment":[{"href":"https:\/\/stylestore.com\/deu\/wp-json\/wp\/v2\/media?parent=553908"}],"wp:term":[{"taxonomy":"product_brand","embeddable":true,"href":"https:\/\/stylestore.com\/deu\/wp-json\/wp\/v2\/product_brand?post=553908"},{"taxonomy":"product_cat","embeddable":true,"href":"https:\/\/stylestore.com\/deu\/wp-json\/wp\/v2\/product_cat?post=553908"},{"taxonomy":"product_tag","embeddable":true,"href":"https:\/\/stylestore.com\/deu\/wp-json\/wp\/v2\/product_tag?post=553908"}],"curies":[{"name":"wp","href":"https:\/\/api.w.org\/{rel}","templated":true}]}}