{"id":553878,"date":"2024-09-03T12:44:49","date_gmt":"2024-09-03T10:44:49","guid":{"rendered":"https:\/\/stylestore.com\/deu\/product\/wblbrina-pant\/"},"modified":"2026-04-23T08:05:18","modified_gmt":"2026-04-23T06:05:18","slug":"wblbrina-pant","status":"publish","type":"product","link":"https:\/\/stylestore.com\/deu\/product\/wblbrina-pant\/","title":{"rendered":"WBLBRINA PANT"},"content":{"rendered":"<p>Kammern aus Baumwolle\/Leinen<br \/>\nElastischer Bund und Kordelzug<br \/>\nNormale Passform<br \/>\nNormale L\u00e4nge<br \/>\nWeite Beine<br \/>\nSeitliche Taschen<\/p>\n","protected":false},"excerpt":{"rendered":"","protected":false},"featured_media":566474,"template":"","meta":{"_acf_changed":false},"product_brand":[],"product_cat":[128,21],"product_tag":[1871],"class_list":{"0":"post-553878","1":"product","2":"type-product","3":"status-publish","4":"has-post-thumbnail","6":"product_cat-hosen","7":"product_cat-unterteile","8":"product_tag-b2b","9":"pa_brand-withblack","10":"pa_collection-scandinavi","11":"pa_color-chambre-blue","14":"instock","15":"taxable","16":"shipping-taxable","17":"purchasable","18":"product-type-variable"},"acf":[],"yoast_head":"<!-- This site is optimized with the Yoast SEO plugin v23.8 - https:\/\/yoast.com\/wordpress\/plugins\/seo\/ -->\n<title>WBLBRINA PANT &#187; Stylestore.com Germany<\/title>\n<meta name=\"description\" content=\"Leichte Hose aus weichem Chambray aus Baumwolle und Leinen mit weiten Beinen und einer entspannten Passform. Der Gummizug in der Taille und der Kordelzug sorgen f\u00fcr Komfort, w\u00e4hrend die Seitentaschen f\u00fcr Funktionalit\u00e4t sorgen.\" \/>\n<meta name=\"robots\" content=\"index, follow, max-snippet:-1, max-image-preview:large, max-video-preview:-1\" \/>\n<link rel=\"canonical\" href=\"https:\/\/stylestore.com\/deu\/product\/wblbrina-pant\/\" \/>\n<meta property=\"og:locale\" content=\"de_DE\" \/>\n<meta property=\"og:type\" content=\"article\" \/>\n<meta property=\"og:title\" content=\"WBLBRINA PANT &#187; Stylestore.com Germany\" \/>\n<meta property=\"og:description\" content=\"Leichte Hose aus weichem Chambray aus Baumwolle und Leinen mit weiten Beinen und einer entspannten Passform. Der Gummizug in der Taille und der Kordelzug sorgen f\u00fcr Komfort, w\u00e4hrend die Seitentaschen f\u00fcr Funktionalit\u00e4t sorgen.\" \/>\n<meta property=\"og:url\" content=\"https:\/\/stylestore.com\/deu\/product\/wblbrina-pant\/\" \/>\n<meta property=\"og:site_name\" content=\"Stylestore.com Germany\" \/>\n<meta property=\"article:modified_time\" content=\"2026-04-23T06:05:18+00:00\" \/>\n<meta property=\"og:image\" content=\"https:\/\/stylestore.com\/deu\/wp-content\/uploads\/sites\/4\/2024\/12\/Wblbrina_Ls_Shirt_Chambre_Blue_Wblbrina_Wide_Pant.jpg\" \/>\n\t<meta property=\"og:image:width\" content=\"1084\" \/>\n\t<meta property=\"og:image:height\" content=\"1626\" \/>\n\t<meta property=\"og:image:type\" content=\"image\/jpeg\" \/>\n<meta name=\"twitter:card\" content=\"summary_large_image\" \/>\n<script type=\"application\/ld+json\" class=\"yoast-schema-graph\">{\"@context\":\"https:\/\/schema.org\",\"@graph\":[{\"@type\":\"WebPage\",\"@id\":\"https:\/\/stylestore.com\/deu\/product\/wblbrina-pant\/\",\"url\":\"https:\/\/stylestore.com\/deu\/product\/wblbrina-pant\/\",\"name\":\"WBLBRINA PANT &#187; Stylestore.com Germany\",\"isPartOf\":{\"@id\":\"https:\/\/stylestore.com\/deu\/#website\"},\"primaryImageOfPage\":{\"@id\":\"https:\/\/stylestore.com\/deu\/product\/wblbrina-pant\/#primaryimage\"},\"image\":{\"@id\":\"https:\/\/stylestore.com\/deu\/product\/wblbrina-pant\/#primaryimage\"},\"thumbnailUrl\":\"https:\/\/stylestore.com\/deu\/wp-content\/uploads\/sites\/4\/2024\/12\/Wblbrina_Ls_Shirt_Chambre_Blue_Wblbrina_Wide_Pant.jpg\",\"datePublished\":\"2024-09-03T10:44:49+00:00\",\"dateModified\":\"2026-04-23T06:05:18+00:00\",\"description\":\"Leichte Hose aus weichem Chambray aus Baumwolle und Leinen mit weiten Beinen und einer entspannten Passform. Der Gummizug in der Taille und der Kordelzug sorgen f\u00fcr Komfort, w\u00e4hrend die Seitentaschen f\u00fcr Funktionalit\u00e4t sorgen.\",\"breadcrumb\":{\"@id\":\"https:\/\/stylestore.com\/deu\/product\/wblbrina-pant\/#breadcrumb\"},\"inLanguage\":\"de\",\"potentialAction\":[{\"@type\":\"ReadAction\",\"target\":[\"https:\/\/stylestore.com\/deu\/product\/wblbrina-pant\/\"]}]},{\"@type\":\"ImageObject\",\"inLanguage\":\"de\",\"@id\":\"https:\/\/stylestore.com\/deu\/product\/wblbrina-pant\/#primaryimage\",\"url\":\"https:\/\/stylestore.com\/deu\/wp-content\/uploads\/sites\/4\/2024\/12\/Wblbrina_Ls_Shirt_Chambre_Blue_Wblbrina_Wide_Pant.jpg\",\"contentUrl\":\"https:\/\/stylestore.com\/deu\/wp-content\/uploads\/sites\/4\/2024\/12\/Wblbrina_Ls_Shirt_Chambre_Blue_Wblbrina_Wide_Pant.jpg\",\"width\":1084,\"height\":1626},{\"@type\":\"BreadcrumbList\",\"@id\":\"https:\/\/stylestore.com\/deu\/product\/wblbrina-pant\/#breadcrumb\",\"itemListElement\":[{\"@type\":\"ListItem\",\"position\":1,\"name\":\"Search\",\"item\":\"https:\/\/stylestore.com\/deu\/search\/\"},{\"@type\":\"ListItem\",\"position\":2,\"name\":\"WBLBRINA PANT\"}]},{\"@type\":\"WebSite\",\"@id\":\"https:\/\/stylestore.com\/deu\/#website\",\"url\":\"https:\/\/stylestore.com\/deu\/\",\"name\":\"Stylestore.com Germany\",\"description\":\"\",\"potentialAction\":[{\"@type\":\"SearchAction\",\"target\":{\"@type\":\"EntryPoint\",\"urlTemplate\":\"https:\/\/stylestore.com\/deu\/?s={search_term_string}\"},\"query-input\":{\"@type\":\"PropertyValueSpecification\",\"valueRequired\":true,\"valueName\":\"search_term_string\"}}],\"inLanguage\":\"de\"}]}<\/script>\n<!-- \/ Yoast SEO plugin. -->","yoast_head_json":{"title":"WBLBRINA PANT &#187; Stylestore.com Germany","description":"Leichte Hose aus weichem Chambray aus Baumwolle und Leinen mit weiten Beinen und einer entspannten Passform. Der Gummizug in der Taille und der Kordelzug sorgen f\u00fcr Komfort, w\u00e4hrend die Seitentaschen f\u00fcr Funktionalit\u00e4t sorgen.","robots":{"index":"index","follow":"follow","max-snippet":"max-snippet:-1","max-image-preview":"max-image-preview:large","max-video-preview":"max-video-preview:-1"},"canonical":"https:\/\/stylestore.com\/deu\/product\/wblbrina-pant\/","og_locale":"de_DE","og_type":"article","og_title":"WBLBRINA PANT &#187; Stylestore.com Germany","og_description":"Leichte Hose aus weichem Chambray aus Baumwolle und Leinen mit weiten Beinen und einer entspannten Passform. Der Gummizug in der Taille und der Kordelzug sorgen f\u00fcr Komfort, w\u00e4hrend die Seitentaschen f\u00fcr Funktionalit\u00e4t sorgen.","og_url":"https:\/\/stylestore.com\/deu\/product\/wblbrina-pant\/","og_site_name":"Stylestore.com Germany","article_modified_time":"2026-04-23T06:05:18+00:00","og_image":[{"width":1084,"height":1626,"url":"https:\/\/stylestore.com\/deu\/wp-content\/uploads\/sites\/4\/2024\/12\/Wblbrina_Ls_Shirt_Chambre_Blue_Wblbrina_Wide_Pant.jpg","type":"image\/jpeg"}],"twitter_card":"summary_large_image","schema":{"@context":"https:\/\/schema.org","@graph":[{"@type":"WebPage","@id":"https:\/\/stylestore.com\/deu\/product\/wblbrina-pant\/","url":"https:\/\/stylestore.com\/deu\/product\/wblbrina-pant\/","name":"WBLBRINA PANT &#187; Stylestore.com Germany","isPartOf":{"@id":"https:\/\/stylestore.com\/deu\/#website"},"primaryImageOfPage":{"@id":"https:\/\/stylestore.com\/deu\/product\/wblbrina-pant\/#primaryimage"},"image":{"@id":"https:\/\/stylestore.com\/deu\/product\/wblbrina-pant\/#primaryimage"},"thumbnailUrl":"https:\/\/stylestore.com\/deu\/wp-content\/uploads\/sites\/4\/2024\/12\/Wblbrina_Ls_Shirt_Chambre_Blue_Wblbrina_Wide_Pant.jpg","datePublished":"2024-09-03T10:44:49+00:00","dateModified":"2026-04-23T06:05:18+00:00","description":"Leichte Hose aus weichem Chambray aus Baumwolle und Leinen mit weiten Beinen und einer entspannten Passform. Der Gummizug in der Taille und der Kordelzug sorgen f\u00fcr Komfort, w\u00e4hrend die Seitentaschen f\u00fcr Funktionalit\u00e4t sorgen.","breadcrumb":{"@id":"https:\/\/stylestore.com\/deu\/product\/wblbrina-pant\/#breadcrumb"},"inLanguage":"de","potentialAction":[{"@type":"ReadAction","target":["https:\/\/stylestore.com\/deu\/product\/wblbrina-pant\/"]}]},{"@type":"ImageObject","inLanguage":"de","@id":"https:\/\/stylestore.com\/deu\/product\/wblbrina-pant\/#primaryimage","url":"https:\/\/stylestore.com\/deu\/wp-content\/uploads\/sites\/4\/2024\/12\/Wblbrina_Ls_Shirt_Chambre_Blue_Wblbrina_Wide_Pant.jpg","contentUrl":"https:\/\/stylestore.com\/deu\/wp-content\/uploads\/sites\/4\/2024\/12\/Wblbrina_Ls_Shirt_Chambre_Blue_Wblbrina_Wide_Pant.jpg","width":1084,"height":1626},{"@type":"BreadcrumbList","@id":"https:\/\/stylestore.com\/deu\/product\/wblbrina-pant\/#breadcrumb","itemListElement":[{"@type":"ListItem","position":1,"name":"Search","item":"https:\/\/stylestore.com\/deu\/search\/"},{"@type":"ListItem","position":2,"name":"WBLBRINA PANT"}]},{"@type":"WebSite","@id":"https:\/\/stylestore.com\/deu\/#website","url":"https:\/\/stylestore.com\/deu\/","name":"Stylestore.com Germany","description":"","potentialAction":[{"@type":"SearchAction","target":{"@type":"EntryPoint","urlTemplate":"https:\/\/stylestore.com\/deu\/?s={search_term_string}"},"query-input":{"@type":"PropertyValueSpecification","valueRequired":true,"valueName":"search_term_string"}}],"inLanguage":"de"}]}},"_links":{"self":[{"href":"https:\/\/stylestore.com\/deu\/wp-json\/wp\/v2\/product\/553878","targetHints":{"allow":["GET"]}}],"collection":[{"href":"https:\/\/stylestore.com\/deu\/wp-json\/wp\/v2\/product"}],"about":[{"href":"https:\/\/stylestore.com\/deu\/wp-json\/wp\/v2\/types\/product"}],"wp:featuredmedia":[{"embeddable":true,"href":"https:\/\/stylestore.com\/deu\/wp-json\/wp\/v2\/media\/566474"}],"wp:attachment":[{"href":"https:\/\/stylestore.com\/deu\/wp-json\/wp\/v2\/media?parent=553878"}],"wp:term":[{"taxonomy":"product_brand","embeddable":true,"href":"https:\/\/stylestore.com\/deu\/wp-json\/wp\/v2\/product_brand?post=553878"},{"taxonomy":"product_cat","embeddable":true,"href":"https:\/\/stylestore.com\/deu\/wp-json\/wp\/v2\/product_cat?post=553878"},{"taxonomy":"product_tag","embeddable":true,"href":"https:\/\/stylestore.com\/deu\/wp-json\/wp\/v2\/product_tag?post=553878"}],"curies":[{"name":"wp","href":"https:\/\/api.w.org\/{rel}","templated":true}]}}