{"id":553826,"date":"2024-09-03T11:30:51","date_gmt":"2024-09-03T09:30:51","guid":{"rendered":"https:\/\/stylestore.com\/deu\/product\/wblselma-tailored-linen-blazer-2\/"},"modified":"2026-04-23T08:05:18","modified_gmt":"2026-04-23T06:05:18","slug":"wblselma-tailored-linen-blazer-2","status":"publish","type":"product","link":"https:\/\/stylestore.com\/deu\/product\/wblselma-tailored-linen-blazer-2\/","title":{"rendered":"WBLSELMA TAILORED LINEN BLAZER"},"content":{"rendered":"<p>Klassischer Blazer<br \/>\nHalbgl\u00e4nzendes Leinenmischgewebe<br \/>\nGef\u00fcttert<br \/>\nNormale Passform<br \/>\nH\u00fcftlang<br \/>\nRevers und Kragen<br \/>\nMit einem Knopf zu schlie\u00dfen<br \/>\nTaschen mit Taschenklappen vorne<br \/>\nSchlitz am R\u00fccken<\/p>\n","protected":false},"excerpt":{"rendered":"","protected":false},"featured_media":577573,"template":"","meta":{"_acf_changed":false},"product_brand":[],"product_cat":[117,19],"product_tag":[1871],"class_list":{"0":"post-553826","1":"product","2":"type-product","3":"status-publish","4":"has-post-thumbnail","6":"product_cat-blazer","7":"product_cat-tailoring","8":"product_tag-b2b","9":"pa_brand-withblack","10":"pa_collection-scandinavi","11":"pa_color-white","14":"instock","15":"taxable","16":"shipping-taxable","17":"purchasable","18":"product-type-variable"},"acf":[],"yoast_head":"<!-- This site is optimized with the Yoast SEO plugin v23.8 - https:\/\/yoast.com\/wordpress\/plugins\/seo\/ -->\n<title>WBLSELMA TAILORED LINEN BLAZER &#187; Stylestore.com Germany<\/title>\n<meta name=\"description\" content=\"Klassischer Blazer aus Halbgl\u00e4nzendes Leinenmischgewebe, mit gef\u00fcttertem Design und regul\u00e4rer Passform. Er wird mit einem Knopf geschlossen und hat Taschenklappen auf der Vorderseite und einen Schlitz auf der R\u00fcckseite. Der Blazer hat ein h\u00fcftlanges Design mit Revers und Kragen f\u00fcr einen zeitlosen Look.\" \/>\n<meta name=\"robots\" content=\"index, follow, max-snippet:-1, max-image-preview:large, max-video-preview:-1\" \/>\n<link rel=\"canonical\" href=\"https:\/\/stylestore.com\/deu\/product\/wblselma-tailored-linen-blazer-2\/\" \/>\n<meta property=\"og:locale\" content=\"de_DE\" \/>\n<meta property=\"og:type\" content=\"article\" \/>\n<meta property=\"og:title\" content=\"WBLSELMA TAILORED LINEN BLAZER &#187; Stylestore.com Germany\" \/>\n<meta property=\"og:description\" content=\"Klassischer Blazer aus Halbgl\u00e4nzendes Leinenmischgewebe, mit gef\u00fcttertem Design und regul\u00e4rer Passform. Er wird mit einem Knopf geschlossen und hat Taschenklappen auf der Vorderseite und einen Schlitz auf der R\u00fcckseite. Der Blazer hat ein h\u00fcftlanges Design mit Revers und Kragen f\u00fcr einen zeitlosen Look.\" \/>\n<meta property=\"og:url\" content=\"https:\/\/stylestore.com\/deu\/product\/wblselma-tailored-linen-blazer-2\/\" \/>\n<meta property=\"og:site_name\" content=\"Stylestore.com Germany\" \/>\n<meta property=\"article:modified_time\" content=\"2026-04-23T06:05:18+00:00\" \/>\n<meta property=\"og:image\" content=\"https:\/\/stylestore.com\/deu\/wp-content\/uploads\/sites\/4\/2025\/02\/Wblselma_Tailored_Linen_Blazer_Wide_Pant_White1.jpg\" \/>\n\t<meta property=\"og:image:width\" content=\"1081\" \/>\n\t<meta property=\"og:image:height\" content=\"1620\" \/>\n\t<meta property=\"og:image:type\" content=\"image\/jpeg\" \/>\n<meta name=\"twitter:card\" content=\"summary_large_image\" \/>\n<script type=\"application\/ld+json\" class=\"yoast-schema-graph\">{\"@context\":\"https:\/\/schema.org\",\"@graph\":[{\"@type\":\"WebPage\",\"@id\":\"https:\/\/stylestore.com\/deu\/product\/wblselma-tailored-linen-blazer-2\/\",\"url\":\"https:\/\/stylestore.com\/deu\/product\/wblselma-tailored-linen-blazer-2\/\",\"name\":\"WBLSELMA TAILORED LINEN BLAZER &#187; Stylestore.com Germany\",\"isPartOf\":{\"@id\":\"https:\/\/stylestore.com\/deu\/#website\"},\"primaryImageOfPage\":{\"@id\":\"https:\/\/stylestore.com\/deu\/product\/wblselma-tailored-linen-blazer-2\/#primaryimage\"},\"image\":{\"@id\":\"https:\/\/stylestore.com\/deu\/product\/wblselma-tailored-linen-blazer-2\/#primaryimage\"},\"thumbnailUrl\":\"https:\/\/stylestore.com\/deu\/wp-content\/uploads\/sites\/4\/2025\/04\/WblSelma_Tailored_Linen_Blazer_Wide_Pant_White18-1.jpg\",\"datePublished\":\"2024-09-03T09:30:51+00:00\",\"dateModified\":\"2026-04-23T06:05:18+00:00\",\"description\":\"Klassischer Blazer aus Halbgl\u00e4nzendes Leinenmischgewebe, mit gef\u00fcttertem Design und regul\u00e4rer Passform. Er wird mit einem Knopf geschlossen und hat Taschenklappen auf der Vorderseite und einen Schlitz auf der R\u00fcckseite. Der Blazer hat ein h\u00fcftlanges Design mit Revers und Kragen f\u00fcr einen zeitlosen Look.\",\"breadcrumb\":{\"@id\":\"https:\/\/stylestore.com\/deu\/product\/wblselma-tailored-linen-blazer-2\/#breadcrumb\"},\"inLanguage\":\"de\",\"potentialAction\":[{\"@type\":\"ReadAction\",\"target\":[\"https:\/\/stylestore.com\/deu\/product\/wblselma-tailored-linen-blazer-2\/\"]}]},{\"@type\":\"ImageObject\",\"inLanguage\":\"de\",\"@id\":\"https:\/\/stylestore.com\/deu\/product\/wblselma-tailored-linen-blazer-2\/#primaryimage\",\"url\":\"https:\/\/stylestore.com\/deu\/wp-content\/uploads\/sites\/4\/2025\/04\/WblSelma_Tailored_Linen_Blazer_Wide_Pant_White18-1.jpg\",\"contentUrl\":\"https:\/\/stylestore.com\/deu\/wp-content\/uploads\/sites\/4\/2025\/04\/WblSelma_Tailored_Linen_Blazer_Wide_Pant_White18-1.jpg\",\"width\":1131,\"height\":1695},{\"@type\":\"BreadcrumbList\",\"@id\":\"https:\/\/stylestore.com\/deu\/product\/wblselma-tailored-linen-blazer-2\/#breadcrumb\",\"itemListElement\":[{\"@type\":\"ListItem\",\"position\":1,\"name\":\"Search\",\"item\":\"https:\/\/stylestore.com\/deu\/search\/\"},{\"@type\":\"ListItem\",\"position\":2,\"name\":\"WBLSELMA TAILORED LINEN BLAZER\"}]},{\"@type\":\"WebSite\",\"@id\":\"https:\/\/stylestore.com\/deu\/#website\",\"url\":\"https:\/\/stylestore.com\/deu\/\",\"name\":\"Stylestore.com Germany\",\"description\":\"\",\"potentialAction\":[{\"@type\":\"SearchAction\",\"target\":{\"@type\":\"EntryPoint\",\"urlTemplate\":\"https:\/\/stylestore.com\/deu\/?s={search_term_string}\"},\"query-input\":{\"@type\":\"PropertyValueSpecification\",\"valueRequired\":true,\"valueName\":\"search_term_string\"}}],\"inLanguage\":\"de\"}]}<\/script>\n<!-- \/ Yoast SEO plugin. -->","yoast_head_json":{"title":"WBLSELMA TAILORED LINEN BLAZER &#187; Stylestore.com Germany","description":"Klassischer Blazer aus Halbgl\u00e4nzendes Leinenmischgewebe, mit gef\u00fcttertem Design und regul\u00e4rer Passform. Er wird mit einem Knopf geschlossen und hat Taschenklappen auf der Vorderseite und einen Schlitz auf der R\u00fcckseite. Der Blazer hat ein h\u00fcftlanges Design mit Revers und Kragen f\u00fcr einen zeitlosen Look.","robots":{"index":"index","follow":"follow","max-snippet":"max-snippet:-1","max-image-preview":"max-image-preview:large","max-video-preview":"max-video-preview:-1"},"canonical":"https:\/\/stylestore.com\/deu\/product\/wblselma-tailored-linen-blazer-2\/","og_locale":"de_DE","og_type":"article","og_title":"WBLSELMA TAILORED LINEN BLAZER &#187; Stylestore.com Germany","og_description":"Klassischer Blazer aus Halbgl\u00e4nzendes Leinenmischgewebe, mit gef\u00fcttertem Design und regul\u00e4rer Passform. Er wird mit einem Knopf geschlossen und hat Taschenklappen auf der Vorderseite und einen Schlitz auf der R\u00fcckseite. Der Blazer hat ein h\u00fcftlanges Design mit Revers und Kragen f\u00fcr einen zeitlosen Look.","og_url":"https:\/\/stylestore.com\/deu\/product\/wblselma-tailored-linen-blazer-2\/","og_site_name":"Stylestore.com Germany","article_modified_time":"2026-04-23T06:05:18+00:00","og_image":[{"width":1081,"height":1620,"url":"https:\/\/stylestore.com\/deu\/wp-content\/uploads\/sites\/4\/2025\/02\/Wblselma_Tailored_Linen_Blazer_Wide_Pant_White1.jpg","type":"image\/jpeg"}],"twitter_card":"summary_large_image","schema":{"@context":"https:\/\/schema.org","@graph":[{"@type":"WebPage","@id":"https:\/\/stylestore.com\/deu\/product\/wblselma-tailored-linen-blazer-2\/","url":"https:\/\/stylestore.com\/deu\/product\/wblselma-tailored-linen-blazer-2\/","name":"WBLSELMA TAILORED LINEN BLAZER &#187; Stylestore.com Germany","isPartOf":{"@id":"https:\/\/stylestore.com\/deu\/#website"},"primaryImageOfPage":{"@id":"https:\/\/stylestore.com\/deu\/product\/wblselma-tailored-linen-blazer-2\/#primaryimage"},"image":{"@id":"https:\/\/stylestore.com\/deu\/product\/wblselma-tailored-linen-blazer-2\/#primaryimage"},"thumbnailUrl":"https:\/\/stylestore.com\/deu\/wp-content\/uploads\/sites\/4\/2025\/04\/WblSelma_Tailored_Linen_Blazer_Wide_Pant_White18-1.jpg","datePublished":"2024-09-03T09:30:51+00:00","dateModified":"2026-04-23T06:05:18+00:00","description":"Klassischer Blazer aus Halbgl\u00e4nzendes Leinenmischgewebe, mit gef\u00fcttertem Design und regul\u00e4rer Passform. Er wird mit einem Knopf geschlossen und hat Taschenklappen auf der Vorderseite und einen Schlitz auf der R\u00fcckseite. Der Blazer hat ein h\u00fcftlanges Design mit Revers und Kragen f\u00fcr einen zeitlosen Look.","breadcrumb":{"@id":"https:\/\/stylestore.com\/deu\/product\/wblselma-tailored-linen-blazer-2\/#breadcrumb"},"inLanguage":"de","potentialAction":[{"@type":"ReadAction","target":["https:\/\/stylestore.com\/deu\/product\/wblselma-tailored-linen-blazer-2\/"]}]},{"@type":"ImageObject","inLanguage":"de","@id":"https:\/\/stylestore.com\/deu\/product\/wblselma-tailored-linen-blazer-2\/#primaryimage","url":"https:\/\/stylestore.com\/deu\/wp-content\/uploads\/sites\/4\/2025\/04\/WblSelma_Tailored_Linen_Blazer_Wide_Pant_White18-1.jpg","contentUrl":"https:\/\/stylestore.com\/deu\/wp-content\/uploads\/sites\/4\/2025\/04\/WblSelma_Tailored_Linen_Blazer_Wide_Pant_White18-1.jpg","width":1131,"height":1695},{"@type":"BreadcrumbList","@id":"https:\/\/stylestore.com\/deu\/product\/wblselma-tailored-linen-blazer-2\/#breadcrumb","itemListElement":[{"@type":"ListItem","position":1,"name":"Search","item":"https:\/\/stylestore.com\/deu\/search\/"},{"@type":"ListItem","position":2,"name":"WBLSELMA TAILORED LINEN BLAZER"}]},{"@type":"WebSite","@id":"https:\/\/stylestore.com\/deu\/#website","url":"https:\/\/stylestore.com\/deu\/","name":"Stylestore.com Germany","description":"","potentialAction":[{"@type":"SearchAction","target":{"@type":"EntryPoint","urlTemplate":"https:\/\/stylestore.com\/deu\/?s={search_term_string}"},"query-input":{"@type":"PropertyValueSpecification","valueRequired":true,"valueName":"search_term_string"}}],"inLanguage":"de"}]}},"_links":{"self":[{"href":"https:\/\/stylestore.com\/deu\/wp-json\/wp\/v2\/product\/553826","targetHints":{"allow":["GET"]}}],"collection":[{"href":"https:\/\/stylestore.com\/deu\/wp-json\/wp\/v2\/product"}],"about":[{"href":"https:\/\/stylestore.com\/deu\/wp-json\/wp\/v2\/types\/product"}],"wp:featuredmedia":[{"embeddable":true,"href":"https:\/\/stylestore.com\/deu\/wp-json\/wp\/v2\/media\/577573"}],"wp:attachment":[{"href":"https:\/\/stylestore.com\/deu\/wp-json\/wp\/v2\/media?parent=553826"}],"wp:term":[{"taxonomy":"product_brand","embeddable":true,"href":"https:\/\/stylestore.com\/deu\/wp-json\/wp\/v2\/product_brand?post=553826"},{"taxonomy":"product_cat","embeddable":true,"href":"https:\/\/stylestore.com\/deu\/wp-json\/wp\/v2\/product_cat?post=553826"},{"taxonomy":"product_tag","embeddable":true,"href":"https:\/\/stylestore.com\/deu\/wp-json\/wp\/v2\/product_tag?post=553826"}],"curies":[{"name":"wp","href":"https:\/\/api.w.org\/{rel}","templated":true}]}}