{"id":553215,"date":"2024-09-02T12:05:22","date_gmt":"2024-09-02T10:05:22","guid":{"rendered":"https:\/\/stylestore.com\/deu\/product\/wbldeluxe-denim-jacket\/"},"modified":"2026-04-05T08:05:19","modified_gmt":"2026-04-05T06:05:19","slug":"wbldeluxe-denim-jacket","status":"publish","type":"product","link":"https:\/\/stylestore.com\/deu\/product\/wbldeluxe-denim-jacket\/","title":{"rendered":"WBLDELUXE DENIM JACKET"},"content":{"rendered":"<p>Kurze Hemd-Jeansjacke<br \/>\nStrass-Verzierung<br \/>\nKragen<br \/>\nKnopfverschluss<br \/>\nTaschen auf der Brust<br \/>\nKnopfmanschette mit Kn\u00f6pfen am \u00c4rmel<br \/>\nNormale Passform<br \/>\nL\u00e4nge unterhalb der Taille<\/p>\n","protected":false},"excerpt":{"rendered":"","protected":false},"featured_media":566489,"template":"","meta":{"_acf_changed":false},"product_brand":[],"product_cat":[18,115],"product_tag":[1871],"class_list":{"0":"post-553215","1":"product","2":"type-product","3":"status-publish","4":"has-post-thumbnail","6":"product_cat-jacken","7":"product_cat-kurze-jacken","8":"product_tag-b2b","9":"pa_brand-withblack","10":"pa_collection-scandinavi","11":"pa_color-summer-blue-with-stones","14":"instock","15":"taxable","16":"shipping-taxable","17":"purchasable","18":"product-type-variable"},"acf":[],"yoast_head":"<!-- This site is optimized with the Yoast SEO plugin v23.8 - https:\/\/yoast.com\/wordpress\/plugins\/seo\/ -->\n<title>WBLDELUXE DENIM JACKET &#187; Stylestore.com Germany<\/title>\n<meta name=\"description\" content=\"Elegante kurze Hemd Jeansjacke mit Strassverzierung, die ihr einen exklusiven Touch verleiht. Sie hat einen klassischen Kragen, Brusttaschen, einen Knopfverschluss und gekn\u00f6pfte Manschetten. Die normale Passform und die L\u00e4nge unterhalb der Taille sorgen f\u00fcr einen stilvollen und modernen Look.\" \/>\n<meta name=\"robots\" content=\"index, follow, max-snippet:-1, max-image-preview:large, max-video-preview:-1\" \/>\n<link rel=\"canonical\" href=\"https:\/\/stylestore.com\/deu\/product\/wbldeluxe-denim-jacket\/\" \/>\n<meta property=\"og:locale\" content=\"de_DE\" \/>\n<meta property=\"og:type\" content=\"article\" \/>\n<meta property=\"og:title\" content=\"WBLDELUXE DENIM JACKET &#187; Stylestore.com Germany\" \/>\n<meta property=\"og:description\" content=\"Elegante kurze Hemd Jeansjacke mit Strassverzierung, die ihr einen exklusiven Touch verleiht. Sie hat einen klassischen Kragen, Brusttaschen, einen Knopfverschluss und gekn\u00f6pfte Manschetten. Die normale Passform und die L\u00e4nge unterhalb der Taille sorgen f\u00fcr einen stilvollen und modernen Look.\" \/>\n<meta property=\"og:url\" content=\"https:\/\/stylestore.com\/deu\/product\/wbldeluxe-denim-jacket\/\" \/>\n<meta property=\"og:site_name\" content=\"Stylestore.com Germany\" \/>\n<meta property=\"article:modified_time\" content=\"2026-04-05T06:05:19+00:00\" \/>\n<meta property=\"og:image\" content=\"https:\/\/stylestore.com\/deu\/wp-content\/uploads\/sites\/4\/2024\/12\/WblDeluxe_Denim_Jacket_Long_Denim_Bermuda_Summer_Blue_With_Stones1.jpg\" \/>\n\t<meta property=\"og:image:width\" content=\"1019\" \/>\n\t<meta property=\"og:image:height\" content=\"1528\" \/>\n\t<meta property=\"og:image:type\" content=\"image\/jpeg\" \/>\n<meta name=\"twitter:card\" content=\"summary_large_image\" \/>\n<script type=\"application\/ld+json\" class=\"yoast-schema-graph\">{\"@context\":\"https:\/\/schema.org\",\"@graph\":[{\"@type\":\"WebPage\",\"@id\":\"https:\/\/stylestore.com\/deu\/product\/wbldeluxe-denim-jacket\/\",\"url\":\"https:\/\/stylestore.com\/deu\/product\/wbldeluxe-denim-jacket\/\",\"name\":\"WBLDELUXE DENIM JACKET &#187; Stylestore.com Germany\",\"isPartOf\":{\"@id\":\"https:\/\/stylestore.com\/deu\/#website\"},\"primaryImageOfPage\":{\"@id\":\"https:\/\/stylestore.com\/deu\/product\/wbldeluxe-denim-jacket\/#primaryimage\"},\"image\":{\"@id\":\"https:\/\/stylestore.com\/deu\/product\/wbldeluxe-denim-jacket\/#primaryimage\"},\"thumbnailUrl\":\"https:\/\/stylestore.com\/deu\/wp-content\/uploads\/sites\/4\/2024\/12\/WblDeluxe_Denim_Jacket_Long_Denim_Bermuda_Summer_Blue_With_Stones1.jpg\",\"datePublished\":\"2024-09-02T10:05:22+00:00\",\"dateModified\":\"2026-04-05T06:05:19+00:00\",\"description\":\"Elegante kurze Hemd Jeansjacke mit Strassverzierung, die ihr einen exklusiven Touch verleiht. Sie hat einen klassischen Kragen, Brusttaschen, einen Knopfverschluss und gekn\u00f6pfte Manschetten. Die normale Passform und die L\u00e4nge unterhalb der Taille sorgen f\u00fcr einen stilvollen und modernen Look.\",\"breadcrumb\":{\"@id\":\"https:\/\/stylestore.com\/deu\/product\/wbldeluxe-denim-jacket\/#breadcrumb\"},\"inLanguage\":\"de\",\"potentialAction\":[{\"@type\":\"ReadAction\",\"target\":[\"https:\/\/stylestore.com\/deu\/product\/wbldeluxe-denim-jacket\/\"]}]},{\"@type\":\"ImageObject\",\"inLanguage\":\"de\",\"@id\":\"https:\/\/stylestore.com\/deu\/product\/wbldeluxe-denim-jacket\/#primaryimage\",\"url\":\"https:\/\/stylestore.com\/deu\/wp-content\/uploads\/sites\/4\/2024\/12\/WblDeluxe_Denim_Jacket_Long_Denim_Bermuda_Summer_Blue_With_Stones1.jpg\",\"contentUrl\":\"https:\/\/stylestore.com\/deu\/wp-content\/uploads\/sites\/4\/2024\/12\/WblDeluxe_Denim_Jacket_Long_Denim_Bermuda_Summer_Blue_With_Stones1.jpg\",\"width\":1019,\"height\":1528},{\"@type\":\"BreadcrumbList\",\"@id\":\"https:\/\/stylestore.com\/deu\/product\/wbldeluxe-denim-jacket\/#breadcrumb\",\"itemListElement\":[{\"@type\":\"ListItem\",\"position\":1,\"name\":\"Search\",\"item\":\"https:\/\/stylestore.com\/deu\/search\/\"},{\"@type\":\"ListItem\",\"position\":2,\"name\":\"WBLDELUXE DENIM JACKET\"}]},{\"@type\":\"WebSite\",\"@id\":\"https:\/\/stylestore.com\/deu\/#website\",\"url\":\"https:\/\/stylestore.com\/deu\/\",\"name\":\"Stylestore.com Germany\",\"description\":\"\",\"potentialAction\":[{\"@type\":\"SearchAction\",\"target\":{\"@type\":\"EntryPoint\",\"urlTemplate\":\"https:\/\/stylestore.com\/deu\/?s={search_term_string}\"},\"query-input\":{\"@type\":\"PropertyValueSpecification\",\"valueRequired\":true,\"valueName\":\"search_term_string\"}}],\"inLanguage\":\"de\"}]}<\/script>\n<!-- \/ Yoast SEO plugin. -->","yoast_head_json":{"title":"WBLDELUXE DENIM JACKET &#187; Stylestore.com Germany","description":"Elegante kurze Hemd Jeansjacke mit Strassverzierung, die ihr einen exklusiven Touch verleiht. Sie hat einen klassischen Kragen, Brusttaschen, einen Knopfverschluss und gekn\u00f6pfte Manschetten. Die normale Passform und die L\u00e4nge unterhalb der Taille sorgen f\u00fcr einen stilvollen und modernen Look.","robots":{"index":"index","follow":"follow","max-snippet":"max-snippet:-1","max-image-preview":"max-image-preview:large","max-video-preview":"max-video-preview:-1"},"canonical":"https:\/\/stylestore.com\/deu\/product\/wbldeluxe-denim-jacket\/","og_locale":"de_DE","og_type":"article","og_title":"WBLDELUXE DENIM JACKET &#187; Stylestore.com Germany","og_description":"Elegante kurze Hemd Jeansjacke mit Strassverzierung, die ihr einen exklusiven Touch verleiht. Sie hat einen klassischen Kragen, Brusttaschen, einen Knopfverschluss und gekn\u00f6pfte Manschetten. Die normale Passform und die L\u00e4nge unterhalb der Taille sorgen f\u00fcr einen stilvollen und modernen Look.","og_url":"https:\/\/stylestore.com\/deu\/product\/wbldeluxe-denim-jacket\/","og_site_name":"Stylestore.com Germany","article_modified_time":"2026-04-05T06:05:19+00:00","og_image":[{"width":1019,"height":1528,"url":"https:\/\/stylestore.com\/deu\/wp-content\/uploads\/sites\/4\/2024\/12\/WblDeluxe_Denim_Jacket_Long_Denim_Bermuda_Summer_Blue_With_Stones1.jpg","type":"image\/jpeg"}],"twitter_card":"summary_large_image","schema":{"@context":"https:\/\/schema.org","@graph":[{"@type":"WebPage","@id":"https:\/\/stylestore.com\/deu\/product\/wbldeluxe-denim-jacket\/","url":"https:\/\/stylestore.com\/deu\/product\/wbldeluxe-denim-jacket\/","name":"WBLDELUXE DENIM JACKET &#187; Stylestore.com Germany","isPartOf":{"@id":"https:\/\/stylestore.com\/deu\/#website"},"primaryImageOfPage":{"@id":"https:\/\/stylestore.com\/deu\/product\/wbldeluxe-denim-jacket\/#primaryimage"},"image":{"@id":"https:\/\/stylestore.com\/deu\/product\/wbldeluxe-denim-jacket\/#primaryimage"},"thumbnailUrl":"https:\/\/stylestore.com\/deu\/wp-content\/uploads\/sites\/4\/2024\/12\/WblDeluxe_Denim_Jacket_Long_Denim_Bermuda_Summer_Blue_With_Stones1.jpg","datePublished":"2024-09-02T10:05:22+00:00","dateModified":"2026-04-05T06:05:19+00:00","description":"Elegante kurze Hemd Jeansjacke mit Strassverzierung, die ihr einen exklusiven Touch verleiht. Sie hat einen klassischen Kragen, Brusttaschen, einen Knopfverschluss und gekn\u00f6pfte Manschetten. Die normale Passform und die L\u00e4nge unterhalb der Taille sorgen f\u00fcr einen stilvollen und modernen Look.","breadcrumb":{"@id":"https:\/\/stylestore.com\/deu\/product\/wbldeluxe-denim-jacket\/#breadcrumb"},"inLanguage":"de","potentialAction":[{"@type":"ReadAction","target":["https:\/\/stylestore.com\/deu\/product\/wbldeluxe-denim-jacket\/"]}]},{"@type":"ImageObject","inLanguage":"de","@id":"https:\/\/stylestore.com\/deu\/product\/wbldeluxe-denim-jacket\/#primaryimage","url":"https:\/\/stylestore.com\/deu\/wp-content\/uploads\/sites\/4\/2024\/12\/WblDeluxe_Denim_Jacket_Long_Denim_Bermuda_Summer_Blue_With_Stones1.jpg","contentUrl":"https:\/\/stylestore.com\/deu\/wp-content\/uploads\/sites\/4\/2024\/12\/WblDeluxe_Denim_Jacket_Long_Denim_Bermuda_Summer_Blue_With_Stones1.jpg","width":1019,"height":1528},{"@type":"BreadcrumbList","@id":"https:\/\/stylestore.com\/deu\/product\/wbldeluxe-denim-jacket\/#breadcrumb","itemListElement":[{"@type":"ListItem","position":1,"name":"Search","item":"https:\/\/stylestore.com\/deu\/search\/"},{"@type":"ListItem","position":2,"name":"WBLDELUXE DENIM JACKET"}]},{"@type":"WebSite","@id":"https:\/\/stylestore.com\/deu\/#website","url":"https:\/\/stylestore.com\/deu\/","name":"Stylestore.com Germany","description":"","potentialAction":[{"@type":"SearchAction","target":{"@type":"EntryPoint","urlTemplate":"https:\/\/stylestore.com\/deu\/?s={search_term_string}"},"query-input":{"@type":"PropertyValueSpecification","valueRequired":true,"valueName":"search_term_string"}}],"inLanguage":"de"}]}},"_links":{"self":[{"href":"https:\/\/stylestore.com\/deu\/wp-json\/wp\/v2\/product\/553215","targetHints":{"allow":["GET"]}}],"collection":[{"href":"https:\/\/stylestore.com\/deu\/wp-json\/wp\/v2\/product"}],"about":[{"href":"https:\/\/stylestore.com\/deu\/wp-json\/wp\/v2\/types\/product"}],"wp:featuredmedia":[{"embeddable":true,"href":"https:\/\/stylestore.com\/deu\/wp-json\/wp\/v2\/media\/566489"}],"wp:attachment":[{"href":"https:\/\/stylestore.com\/deu\/wp-json\/wp\/v2\/media?parent=553215"}],"wp:term":[{"taxonomy":"product_brand","embeddable":true,"href":"https:\/\/stylestore.com\/deu\/wp-json\/wp\/v2\/product_brand?post=553215"},{"taxonomy":"product_cat","embeddable":true,"href":"https:\/\/stylestore.com\/deu\/wp-json\/wp\/v2\/product_cat?post=553215"},{"taxonomy":"product_tag","embeddable":true,"href":"https:\/\/stylestore.com\/deu\/wp-json\/wp\/v2\/product_tag?post=553215"}],"curies":[{"name":"wp","href":"https:\/\/api.w.org\/{rel}","templated":true}]}}