{"id":553129,"date":"2024-09-02T11:09:08","date_gmt":"2024-09-02T09:09:08","guid":{"rendered":"https:\/\/stylestore.com\/deu\/product\/wblannika-high-waist-pant-2\/"},"modified":"2026-04-23T08:05:22","modified_gmt":"2026-04-23T06:05:22","slug":"wblannika-high-waist-pant-2","status":"publish","type":"product","link":"https:\/\/stylestore.com\/deu\/product\/wblannika-high-waist-pant-2\/","title":{"rendered":"WBLANNIKA HIGH WAIST PANT"},"content":{"rendered":"<p>Baumwolle\/Tencel-Gewebe<br \/>\nKlassische Jeans-Details<br \/>\nKein Stretch<br \/>\nHohe Taille<br \/>\nNormale Passform<br \/>\nRegul\u00e4res Bein<br \/>\nAbgerundete Vordertaschen und M\u00fcnztasche<br \/>\nPasse auf dem R\u00fccken<br \/>\nN\u00e4hte an den Ges\u00e4\u00dftaschen<br \/>\nL\u00e4nge bis zum Knie<br \/>\nTaillenbund und G\u00fcrtelschlaufen<br \/>\nSchlie\u00dft mit Knopf und Rei\u00dfverschluss<\/p>\n","protected":false},"excerpt":{"rendered":"","protected":false},"featured_media":577460,"template":"","meta":{"_acf_changed":false},"product_brand":[],"product_cat":[128,21],"product_tag":[1871],"class_list":{"0":"post-553129","1":"product","2":"type-product","3":"status-publish","4":"has-post-thumbnail","6":"product_cat-hosen","7":"product_cat-unterteile","8":"product_tag-b2b","9":"pa_brand-withblack","10":"pa_collection-scandinavi","11":"pa_color-white","14":"instock","15":"taxable","16":"shipping-taxable","17":"purchasable","18":"product-type-variable"},"acf":[],"yoast_head":"<!-- This site is optimized with the Yoast SEO plugin v23.8 - https:\/\/yoast.com\/wordpress\/plugins\/seo\/ -->\n<title>WBLANNIKA HIGH WAIST PANT &#187; Stylestore.com Germany<\/title>\n<meta name=\"description\" content=\"Diese klassische wei\u00dfe Hose aus Baumwolle\/Tencel-Gewebe hat eine hohe Taille und eine normale Passform. Sie hat abgerundete Taschen, eine M\u00fcnztasche und eine Passe auf der R\u00fcckseite und wird mit einem Knopf und Rei\u00dfverschluss geschlossen. Perfekt f\u00fcr einen zeitlosen Stil.\" \/>\n<meta name=\"robots\" content=\"index, follow, max-snippet:-1, max-image-preview:large, max-video-preview:-1\" \/>\n<link rel=\"canonical\" href=\"https:\/\/stylestore.com\/deu\/product\/wblannika-high-waist-pant-2\/\" \/>\n<meta property=\"og:locale\" content=\"de_DE\" \/>\n<meta property=\"og:type\" content=\"article\" \/>\n<meta property=\"og:title\" content=\"WBLANNIKA HIGH WAIST PANT &#187; Stylestore.com Germany\" \/>\n<meta property=\"og:description\" content=\"Diese klassische wei\u00dfe Hose aus Baumwolle\/Tencel-Gewebe hat eine hohe Taille und eine normale Passform. Sie hat abgerundete Taschen, eine M\u00fcnztasche und eine Passe auf der R\u00fcckseite und wird mit einem Knopf und Rei\u00dfverschluss geschlossen. Perfekt f\u00fcr einen zeitlosen Stil.\" \/>\n<meta property=\"og:url\" content=\"https:\/\/stylestore.com\/deu\/product\/wblannika-high-waist-pant-2\/\" \/>\n<meta property=\"og:site_name\" content=\"Stylestore.com Germany\" \/>\n<meta property=\"article:modified_time\" content=\"2026-04-23T06:05:22+00:00\" \/>\n<meta property=\"og:image\" content=\"https:\/\/stylestore.com\/deu\/wp-content\/uploads\/sites\/4\/2025\/04\/Wbljennifer_ss_Shirt_White_Wblannika_High_Waist_White2-3.jpg\" \/>\n\t<meta property=\"og:image:width\" content=\"1098\" \/>\n\t<meta property=\"og:image:height\" content=\"1646\" \/>\n\t<meta property=\"og:image:type\" content=\"image\/jpeg\" \/>\n<meta name=\"twitter:card\" content=\"summary_large_image\" \/>\n<script type=\"application\/ld+json\" class=\"yoast-schema-graph\">{\"@context\":\"https:\/\/schema.org\",\"@graph\":[{\"@type\":\"WebPage\",\"@id\":\"https:\/\/stylestore.com\/deu\/product\/wblannika-high-waist-pant-2\/\",\"url\":\"https:\/\/stylestore.com\/deu\/product\/wblannika-high-waist-pant-2\/\",\"name\":\"WBLANNIKA HIGH WAIST PANT &#187; Stylestore.com Germany\",\"isPartOf\":{\"@id\":\"https:\/\/stylestore.com\/deu\/#website\"},\"primaryImageOfPage\":{\"@id\":\"https:\/\/stylestore.com\/deu\/product\/wblannika-high-waist-pant-2\/#primaryimage\"},\"image\":{\"@id\":\"https:\/\/stylestore.com\/deu\/product\/wblannika-high-waist-pant-2\/#primaryimage\"},\"thumbnailUrl\":\"https:\/\/stylestore.com\/deu\/wp-content\/uploads\/sites\/4\/2025\/04\/Wbljennifer_ss_Shirt_White_Wblannika_High_Waist_White2-3.jpg\",\"datePublished\":\"2024-09-02T09:09:08+00:00\",\"dateModified\":\"2026-04-23T06:05:22+00:00\",\"description\":\"Diese klassische wei\u00dfe Hose aus Baumwolle\/Tencel-Gewebe hat eine hohe Taille und eine normale Passform. Sie hat abgerundete Taschen, eine M\u00fcnztasche und eine Passe auf der R\u00fcckseite und wird mit einem Knopf und Rei\u00dfverschluss geschlossen. Perfekt f\u00fcr einen zeitlosen Stil.\",\"breadcrumb\":{\"@id\":\"https:\/\/stylestore.com\/deu\/product\/wblannika-high-waist-pant-2\/#breadcrumb\"},\"inLanguage\":\"de\",\"potentialAction\":[{\"@type\":\"ReadAction\",\"target\":[\"https:\/\/stylestore.com\/deu\/product\/wblannika-high-waist-pant-2\/\"]}]},{\"@type\":\"ImageObject\",\"inLanguage\":\"de\",\"@id\":\"https:\/\/stylestore.com\/deu\/product\/wblannika-high-waist-pant-2\/#primaryimage\",\"url\":\"https:\/\/stylestore.com\/deu\/wp-content\/uploads\/sites\/4\/2025\/04\/Wbljennifer_ss_Shirt_White_Wblannika_High_Waist_White2-3.jpg\",\"contentUrl\":\"https:\/\/stylestore.com\/deu\/wp-content\/uploads\/sites\/4\/2025\/04\/Wbljennifer_ss_Shirt_White_Wblannika_High_Waist_White2-3.jpg\",\"width\":1098,\"height\":1646},{\"@type\":\"BreadcrumbList\",\"@id\":\"https:\/\/stylestore.com\/deu\/product\/wblannika-high-waist-pant-2\/#breadcrumb\",\"itemListElement\":[{\"@type\":\"ListItem\",\"position\":1,\"name\":\"Search\",\"item\":\"https:\/\/stylestore.com\/deu\/search\/\"},{\"@type\":\"ListItem\",\"position\":2,\"name\":\"WBLANNIKA HIGH WAIST PANT\"}]},{\"@type\":\"WebSite\",\"@id\":\"https:\/\/stylestore.com\/deu\/#website\",\"url\":\"https:\/\/stylestore.com\/deu\/\",\"name\":\"Stylestore.com Germany\",\"description\":\"\",\"potentialAction\":[{\"@type\":\"SearchAction\",\"target\":{\"@type\":\"EntryPoint\",\"urlTemplate\":\"https:\/\/stylestore.com\/deu\/?s={search_term_string}\"},\"query-input\":{\"@type\":\"PropertyValueSpecification\",\"valueRequired\":true,\"valueName\":\"search_term_string\"}}],\"inLanguage\":\"de\"}]}<\/script>\n<!-- \/ Yoast SEO plugin. -->","yoast_head_json":{"title":"WBLANNIKA HIGH WAIST PANT &#187; Stylestore.com Germany","description":"Diese klassische wei\u00dfe Hose aus Baumwolle\/Tencel-Gewebe hat eine hohe Taille und eine normale Passform. Sie hat abgerundete Taschen, eine M\u00fcnztasche und eine Passe auf der R\u00fcckseite und wird mit einem Knopf und Rei\u00dfverschluss geschlossen. Perfekt f\u00fcr einen zeitlosen Stil.","robots":{"index":"index","follow":"follow","max-snippet":"max-snippet:-1","max-image-preview":"max-image-preview:large","max-video-preview":"max-video-preview:-1"},"canonical":"https:\/\/stylestore.com\/deu\/product\/wblannika-high-waist-pant-2\/","og_locale":"de_DE","og_type":"article","og_title":"WBLANNIKA HIGH WAIST PANT &#187; Stylestore.com Germany","og_description":"Diese klassische wei\u00dfe Hose aus Baumwolle\/Tencel-Gewebe hat eine hohe Taille und eine normale Passform. Sie hat abgerundete Taschen, eine M\u00fcnztasche und eine Passe auf der R\u00fcckseite und wird mit einem Knopf und Rei\u00dfverschluss geschlossen. Perfekt f\u00fcr einen zeitlosen Stil.","og_url":"https:\/\/stylestore.com\/deu\/product\/wblannika-high-waist-pant-2\/","og_site_name":"Stylestore.com Germany","article_modified_time":"2026-04-23T06:05:22+00:00","og_image":[{"width":1098,"height":1646,"url":"https:\/\/stylestore.com\/deu\/wp-content\/uploads\/sites\/4\/2025\/04\/Wbljennifer_ss_Shirt_White_Wblannika_High_Waist_White2-3.jpg","type":"image\/jpeg"}],"twitter_card":"summary_large_image","schema":{"@context":"https:\/\/schema.org","@graph":[{"@type":"WebPage","@id":"https:\/\/stylestore.com\/deu\/product\/wblannika-high-waist-pant-2\/","url":"https:\/\/stylestore.com\/deu\/product\/wblannika-high-waist-pant-2\/","name":"WBLANNIKA HIGH WAIST PANT &#187; Stylestore.com Germany","isPartOf":{"@id":"https:\/\/stylestore.com\/deu\/#website"},"primaryImageOfPage":{"@id":"https:\/\/stylestore.com\/deu\/product\/wblannika-high-waist-pant-2\/#primaryimage"},"image":{"@id":"https:\/\/stylestore.com\/deu\/product\/wblannika-high-waist-pant-2\/#primaryimage"},"thumbnailUrl":"https:\/\/stylestore.com\/deu\/wp-content\/uploads\/sites\/4\/2025\/04\/Wbljennifer_ss_Shirt_White_Wblannika_High_Waist_White2-3.jpg","datePublished":"2024-09-02T09:09:08+00:00","dateModified":"2026-04-23T06:05:22+00:00","description":"Diese klassische wei\u00dfe Hose aus Baumwolle\/Tencel-Gewebe hat eine hohe Taille und eine normale Passform. Sie hat abgerundete Taschen, eine M\u00fcnztasche und eine Passe auf der R\u00fcckseite und wird mit einem Knopf und Rei\u00dfverschluss geschlossen. Perfekt f\u00fcr einen zeitlosen Stil.","breadcrumb":{"@id":"https:\/\/stylestore.com\/deu\/product\/wblannika-high-waist-pant-2\/#breadcrumb"},"inLanguage":"de","potentialAction":[{"@type":"ReadAction","target":["https:\/\/stylestore.com\/deu\/product\/wblannika-high-waist-pant-2\/"]}]},{"@type":"ImageObject","inLanguage":"de","@id":"https:\/\/stylestore.com\/deu\/product\/wblannika-high-waist-pant-2\/#primaryimage","url":"https:\/\/stylestore.com\/deu\/wp-content\/uploads\/sites\/4\/2025\/04\/Wbljennifer_ss_Shirt_White_Wblannika_High_Waist_White2-3.jpg","contentUrl":"https:\/\/stylestore.com\/deu\/wp-content\/uploads\/sites\/4\/2025\/04\/Wbljennifer_ss_Shirt_White_Wblannika_High_Waist_White2-3.jpg","width":1098,"height":1646},{"@type":"BreadcrumbList","@id":"https:\/\/stylestore.com\/deu\/product\/wblannika-high-waist-pant-2\/#breadcrumb","itemListElement":[{"@type":"ListItem","position":1,"name":"Search","item":"https:\/\/stylestore.com\/deu\/search\/"},{"@type":"ListItem","position":2,"name":"WBLANNIKA HIGH WAIST PANT"}]},{"@type":"WebSite","@id":"https:\/\/stylestore.com\/deu\/#website","url":"https:\/\/stylestore.com\/deu\/","name":"Stylestore.com Germany","description":"","potentialAction":[{"@type":"SearchAction","target":{"@type":"EntryPoint","urlTemplate":"https:\/\/stylestore.com\/deu\/?s={search_term_string}"},"query-input":{"@type":"PropertyValueSpecification","valueRequired":true,"valueName":"search_term_string"}}],"inLanguage":"de"}]}},"_links":{"self":[{"href":"https:\/\/stylestore.com\/deu\/wp-json\/wp\/v2\/product\/553129","targetHints":{"allow":["GET"]}}],"collection":[{"href":"https:\/\/stylestore.com\/deu\/wp-json\/wp\/v2\/product"}],"about":[{"href":"https:\/\/stylestore.com\/deu\/wp-json\/wp\/v2\/types\/product"}],"wp:featuredmedia":[{"embeddable":true,"href":"https:\/\/stylestore.com\/deu\/wp-json\/wp\/v2\/media\/577460"}],"wp:attachment":[{"href":"https:\/\/stylestore.com\/deu\/wp-json\/wp\/v2\/media?parent=553129"}],"wp:term":[{"taxonomy":"product_brand","embeddable":true,"href":"https:\/\/stylestore.com\/deu\/wp-json\/wp\/v2\/product_brand?post=553129"},{"taxonomy":"product_cat","embeddable":true,"href":"https:\/\/stylestore.com\/deu\/wp-json\/wp\/v2\/product_cat?post=553129"},{"taxonomy":"product_tag","embeddable":true,"href":"https:\/\/stylestore.com\/deu\/wp-json\/wp\/v2\/product_tag?post=553129"}],"curies":[{"name":"wp","href":"https:\/\/api.w.org\/{rel}","templated":true}]}}