{"id":550940,"date":"2024-07-01T11:56:30","date_gmt":"2024-07-01T09:56:30","guid":{"rendered":"https:\/\/stylestore.com\/deu\/product\/wblbrooke-mw-boyfriend-jeans\/"},"modified":"2026-04-23T08:05:25","modified_gmt":"2026-04-23T06:05:25","slug":"wblbrooke-mw-boyfriend-jeans","status":"publish","type":"product","link":"https:\/\/stylestore.com\/deu\/product\/wblbrooke-mw-boyfriend-jeans\/","title":{"rendered":"WBLBROOKE MW BOYFRIEND  JEANS"},"content":{"rendered":"<p>Klassische Jeans<br \/>\nOhne Stretchanteil<br \/>\nMittelhohe Taille<br \/>\nLockere Passform<br \/>\nGerade geschnittene Beine<br \/>\nAbgerundete Vordertaschen und M\u00fcnztasche<br \/>\nPasse auf der R\u00fcckseite<br \/>\nAufgen\u00e4hte Ges\u00e4\u00dftaschen<br \/>\nKn\u00f6chellang<br \/>\nBund und G\u00fcrtelschlaufen<br \/>\nMit Knopf und Rei\u00dfverschluss zu schlie\u00dfen<br \/>\nOffener Saum am Beinende<\/p>\n","protected":false},"excerpt":{"rendered":"","protected":false},"featured_media":566359,"template":"","meta":{"_acf_changed":false},"product_brand":[],"product_cat":[104,21],"product_tag":[1871],"class_list":{"0":"post-550940","1":"product","2":"type-product","3":"status-publish","4":"has-post-thumbnail","6":"product_cat-jeans-must-haves","7":"product_cat-unterteile","8":"product_tag-b2b","9":"pa_brand-withblack","10":"pa_collection-effortless","11":"pa_color-blue-spring","14":"instock","15":"taxable","16":"shipping-taxable","17":"purchasable","18":"product-type-variable"},"acf":[],"yoast_head":"<!-- This site is optimized with the Yoast SEO plugin v23.8 - https:\/\/yoast.com\/wordpress\/plugins\/seo\/ -->\n<title>WBLBROOKE MW BOYFRIEND JEANS &#187; Stylestore.com Germany<\/title>\n<meta name=\"description\" content=\"Klassische Mid-Rise-Jeans mit einer lockeren Passform, die mit einem geraden Bein und einer rohen Kante am Beinende ausgestattet ist. Abgerundete Vordertaschen, eine M\u00fcnztasche und N\u00e4hte an den Ges\u00e4\u00dftaschen sorgen f\u00fcr zeitlose Details. Perfekt f\u00fcr ein l\u00e4ssiges und modernes Styling!\" \/>\n<meta name=\"robots\" content=\"index, follow, max-snippet:-1, max-image-preview:large, max-video-preview:-1\" \/>\n<link rel=\"canonical\" href=\"https:\/\/stylestore.com\/deu\/product\/wblbrooke-mw-boyfriend-jeans\/\" \/>\n<meta property=\"og:locale\" content=\"de_DE\" \/>\n<meta property=\"og:type\" content=\"article\" \/>\n<meta property=\"og:title\" content=\"WBLBROOKE MW BOYFRIEND JEANS &#187; Stylestore.com Germany\" \/>\n<meta property=\"og:description\" content=\"Klassische Mid-Rise-Jeans mit einer lockeren Passform, die mit einem geraden Bein und einer rohen Kante am Beinende ausgestattet ist. Abgerundete Vordertaschen, eine M\u00fcnztasche und N\u00e4hte an den Ges\u00e4\u00dftaschen sorgen f\u00fcr zeitlose Details. Perfekt f\u00fcr ein l\u00e4ssiges und modernes Styling!\" \/>\n<meta property=\"og:url\" content=\"https:\/\/stylestore.com\/deu\/product\/wblbrooke-mw-boyfriend-jeans\/\" \/>\n<meta property=\"og:site_name\" content=\"Stylestore.com Germany\" \/>\n<meta property=\"article:modified_time\" content=\"2026-04-23T06:05:25+00:00\" \/>\n<meta property=\"og:image\" content=\"https:\/\/stylestore.com\/deu\/wp-content\/uploads\/sites\/4\/2024\/12\/Wblbrooke_Boyfriend_Jeans_Spring_Blue1.jpg\" \/>\n\t<meta property=\"og:image:width\" content=\"1364\" \/>\n\t<meta property=\"og:image:height\" content=\"2046\" \/>\n\t<meta property=\"og:image:type\" content=\"image\/jpeg\" \/>\n<meta name=\"twitter:card\" content=\"summary_large_image\" \/>\n<script type=\"application\/ld+json\" class=\"yoast-schema-graph\">{\"@context\":\"https:\/\/schema.org\",\"@graph\":[{\"@type\":\"WebPage\",\"@id\":\"https:\/\/stylestore.com\/deu\/product\/wblbrooke-mw-boyfriend-jeans\/\",\"url\":\"https:\/\/stylestore.com\/deu\/product\/wblbrooke-mw-boyfriend-jeans\/\",\"name\":\"WBLBROOKE MW BOYFRIEND JEANS &#187; Stylestore.com Germany\",\"isPartOf\":{\"@id\":\"https:\/\/stylestore.com\/deu\/#website\"},\"primaryImageOfPage\":{\"@id\":\"https:\/\/stylestore.com\/deu\/product\/wblbrooke-mw-boyfriend-jeans\/#primaryimage\"},\"image\":{\"@id\":\"https:\/\/stylestore.com\/deu\/product\/wblbrooke-mw-boyfriend-jeans\/#primaryimage\"},\"thumbnailUrl\":\"https:\/\/stylestore.com\/deu\/wp-content\/uploads\/sites\/4\/2024\/12\/Wblbrooke_Boyfriend_Jeans_Spring_Blue1.jpg\",\"datePublished\":\"2024-07-01T09:56:30+00:00\",\"dateModified\":\"2026-04-23T06:05:25+00:00\",\"description\":\"Klassische Mid-Rise-Jeans mit einer lockeren Passform, die mit einem geraden Bein und einer rohen Kante am Beinende ausgestattet ist. Abgerundete Vordertaschen, eine M\u00fcnztasche und N\u00e4hte an den Ges\u00e4\u00dftaschen sorgen f\u00fcr zeitlose Details. Perfekt f\u00fcr ein l\u00e4ssiges und modernes Styling!\",\"breadcrumb\":{\"@id\":\"https:\/\/stylestore.com\/deu\/product\/wblbrooke-mw-boyfriend-jeans\/#breadcrumb\"},\"inLanguage\":\"de\",\"potentialAction\":[{\"@type\":\"ReadAction\",\"target\":[\"https:\/\/stylestore.com\/deu\/product\/wblbrooke-mw-boyfriend-jeans\/\"]}]},{\"@type\":\"ImageObject\",\"inLanguage\":\"de\",\"@id\":\"https:\/\/stylestore.com\/deu\/product\/wblbrooke-mw-boyfriend-jeans\/#primaryimage\",\"url\":\"https:\/\/stylestore.com\/deu\/wp-content\/uploads\/sites\/4\/2024\/12\/Wblbrooke_Boyfriend_Jeans_Spring_Blue1.jpg\",\"contentUrl\":\"https:\/\/stylestore.com\/deu\/wp-content\/uploads\/sites\/4\/2024\/12\/Wblbrooke_Boyfriend_Jeans_Spring_Blue1.jpg\",\"width\":1364,\"height\":2046},{\"@type\":\"BreadcrumbList\",\"@id\":\"https:\/\/stylestore.com\/deu\/product\/wblbrooke-mw-boyfriend-jeans\/#breadcrumb\",\"itemListElement\":[{\"@type\":\"ListItem\",\"position\":1,\"name\":\"Search\",\"item\":\"https:\/\/stylestore.com\/deu\/search\/\"},{\"@type\":\"ListItem\",\"position\":2,\"name\":\"WBLBROOKE MW BOYFRIEND JEANS\"}]},{\"@type\":\"WebSite\",\"@id\":\"https:\/\/stylestore.com\/deu\/#website\",\"url\":\"https:\/\/stylestore.com\/deu\/\",\"name\":\"Stylestore.com Germany\",\"description\":\"\",\"potentialAction\":[{\"@type\":\"SearchAction\",\"target\":{\"@type\":\"EntryPoint\",\"urlTemplate\":\"https:\/\/stylestore.com\/deu\/?s={search_term_string}\"},\"query-input\":{\"@type\":\"PropertyValueSpecification\",\"valueRequired\":true,\"valueName\":\"search_term_string\"}}],\"inLanguage\":\"de\"}]}<\/script>\n<!-- \/ Yoast SEO plugin. -->","yoast_head_json":{"title":"WBLBROOKE MW BOYFRIEND JEANS &#187; Stylestore.com Germany","description":"Klassische Mid-Rise-Jeans mit einer lockeren Passform, die mit einem geraden Bein und einer rohen Kante am Beinende ausgestattet ist. Abgerundete Vordertaschen, eine M\u00fcnztasche und N\u00e4hte an den Ges\u00e4\u00dftaschen sorgen f\u00fcr zeitlose Details. Perfekt f\u00fcr ein l\u00e4ssiges und modernes Styling!","robots":{"index":"index","follow":"follow","max-snippet":"max-snippet:-1","max-image-preview":"max-image-preview:large","max-video-preview":"max-video-preview:-1"},"canonical":"https:\/\/stylestore.com\/deu\/product\/wblbrooke-mw-boyfriend-jeans\/","og_locale":"de_DE","og_type":"article","og_title":"WBLBROOKE MW BOYFRIEND JEANS &#187; Stylestore.com Germany","og_description":"Klassische Mid-Rise-Jeans mit einer lockeren Passform, die mit einem geraden Bein und einer rohen Kante am Beinende ausgestattet ist. Abgerundete Vordertaschen, eine M\u00fcnztasche und N\u00e4hte an den Ges\u00e4\u00dftaschen sorgen f\u00fcr zeitlose Details. Perfekt f\u00fcr ein l\u00e4ssiges und modernes Styling!","og_url":"https:\/\/stylestore.com\/deu\/product\/wblbrooke-mw-boyfriend-jeans\/","og_site_name":"Stylestore.com Germany","article_modified_time":"2026-04-23T06:05:25+00:00","og_image":[{"width":1364,"height":2046,"url":"https:\/\/stylestore.com\/deu\/wp-content\/uploads\/sites\/4\/2024\/12\/Wblbrooke_Boyfriend_Jeans_Spring_Blue1.jpg","type":"image\/jpeg"}],"twitter_card":"summary_large_image","schema":{"@context":"https:\/\/schema.org","@graph":[{"@type":"WebPage","@id":"https:\/\/stylestore.com\/deu\/product\/wblbrooke-mw-boyfriend-jeans\/","url":"https:\/\/stylestore.com\/deu\/product\/wblbrooke-mw-boyfriend-jeans\/","name":"WBLBROOKE MW BOYFRIEND JEANS &#187; Stylestore.com Germany","isPartOf":{"@id":"https:\/\/stylestore.com\/deu\/#website"},"primaryImageOfPage":{"@id":"https:\/\/stylestore.com\/deu\/product\/wblbrooke-mw-boyfriend-jeans\/#primaryimage"},"image":{"@id":"https:\/\/stylestore.com\/deu\/product\/wblbrooke-mw-boyfriend-jeans\/#primaryimage"},"thumbnailUrl":"https:\/\/stylestore.com\/deu\/wp-content\/uploads\/sites\/4\/2024\/12\/Wblbrooke_Boyfriend_Jeans_Spring_Blue1.jpg","datePublished":"2024-07-01T09:56:30+00:00","dateModified":"2026-04-23T06:05:25+00:00","description":"Klassische Mid-Rise-Jeans mit einer lockeren Passform, die mit einem geraden Bein und einer rohen Kante am Beinende ausgestattet ist. Abgerundete Vordertaschen, eine M\u00fcnztasche und N\u00e4hte an den Ges\u00e4\u00dftaschen sorgen f\u00fcr zeitlose Details. Perfekt f\u00fcr ein l\u00e4ssiges und modernes Styling!","breadcrumb":{"@id":"https:\/\/stylestore.com\/deu\/product\/wblbrooke-mw-boyfriend-jeans\/#breadcrumb"},"inLanguage":"de","potentialAction":[{"@type":"ReadAction","target":["https:\/\/stylestore.com\/deu\/product\/wblbrooke-mw-boyfriend-jeans\/"]}]},{"@type":"ImageObject","inLanguage":"de","@id":"https:\/\/stylestore.com\/deu\/product\/wblbrooke-mw-boyfriend-jeans\/#primaryimage","url":"https:\/\/stylestore.com\/deu\/wp-content\/uploads\/sites\/4\/2024\/12\/Wblbrooke_Boyfriend_Jeans_Spring_Blue1.jpg","contentUrl":"https:\/\/stylestore.com\/deu\/wp-content\/uploads\/sites\/4\/2024\/12\/Wblbrooke_Boyfriend_Jeans_Spring_Blue1.jpg","width":1364,"height":2046},{"@type":"BreadcrumbList","@id":"https:\/\/stylestore.com\/deu\/product\/wblbrooke-mw-boyfriend-jeans\/#breadcrumb","itemListElement":[{"@type":"ListItem","position":1,"name":"Search","item":"https:\/\/stylestore.com\/deu\/search\/"},{"@type":"ListItem","position":2,"name":"WBLBROOKE MW BOYFRIEND JEANS"}]},{"@type":"WebSite","@id":"https:\/\/stylestore.com\/deu\/#website","url":"https:\/\/stylestore.com\/deu\/","name":"Stylestore.com Germany","description":"","potentialAction":[{"@type":"SearchAction","target":{"@type":"EntryPoint","urlTemplate":"https:\/\/stylestore.com\/deu\/?s={search_term_string}"},"query-input":{"@type":"PropertyValueSpecification","valueRequired":true,"valueName":"search_term_string"}}],"inLanguage":"de"}]}},"_links":{"self":[{"href":"https:\/\/stylestore.com\/deu\/wp-json\/wp\/v2\/product\/550940","targetHints":{"allow":["GET"]}}],"collection":[{"href":"https:\/\/stylestore.com\/deu\/wp-json\/wp\/v2\/product"}],"about":[{"href":"https:\/\/stylestore.com\/deu\/wp-json\/wp\/v2\/types\/product"}],"wp:featuredmedia":[{"embeddable":true,"href":"https:\/\/stylestore.com\/deu\/wp-json\/wp\/v2\/media\/566359"}],"wp:attachment":[{"href":"https:\/\/stylestore.com\/deu\/wp-json\/wp\/v2\/media?parent=550940"}],"wp:term":[{"taxonomy":"product_brand","embeddable":true,"href":"https:\/\/stylestore.com\/deu\/wp-json\/wp\/v2\/product_brand?post=550940"},{"taxonomy":"product_cat","embeddable":true,"href":"https:\/\/stylestore.com\/deu\/wp-json\/wp\/v2\/product_cat?post=550940"},{"taxonomy":"product_tag","embeddable":true,"href":"https:\/\/stylestore.com\/deu\/wp-json\/wp\/v2\/product_tag?post=550940"}],"curies":[{"name":"wp","href":"https:\/\/api.w.org\/{rel}","templated":true}]}}