{"id":550239,"date":"2024-06-28T14:46:40","date_gmt":"2024-06-28T12:46:40","guid":{"rendered":"https:\/\/stylestore.com\/deu\/product\/wblbjork-vegan-wide-pant-2\/"},"modified":"2026-04-23T08:05:27","modified_gmt":"2026-04-23T06:05:27","slug":"wblbjork-vegan-wide-pant-2","status":"publish","type":"product","link":"https:\/\/stylestore.com\/deu\/product\/wblbjork-vegan-wide-pant-2\/","title":{"rendered":"WBLBJORK VEGAN WIDE PANT"},"content":{"rendered":"<p>Hose aus weichem und dehnbarem veganem Leder<br \/>\nNormale Passform<br \/>\nDurchgehend<br \/>\nWeite Beine<br \/>\nGeschlossen mit Knopf und Rei\u00dfverschluss am Hosenschlitz<br \/>\nBund und G\u00fcrtelschlaufen<br \/>\nFalten vorne<br \/>\nSeitentaschen<br \/>\nPaspeltaschen hinten<br \/>\nGummizug in der Taille hinten<\/p>\n","protected":false},"excerpt":{"rendered":"","protected":false},"featured_media":576572,"template":"","meta":{"_acf_changed":false},"product_brand":[],"product_cat":[128,21],"product_tag":[1871],"class_list":{"0":"post-550239","1":"product","2":"type-product","3":"status-publish","4":"has-post-thumbnail","6":"product_cat-hosen","7":"product_cat-unterteile","8":"product_tag-b2b","9":"pa_brand-withblack","10":"pa_collection-noir-lux","11":"pa_color-white-pepper","14":"instock","15":"taxable","16":"shipping-taxable","17":"purchasable","18":"product-type-variable"},"acf":[],"yoast_head":"<!-- This site is optimized with the Yoast SEO plugin v23.8 - https:\/\/yoast.com\/wordpress\/plugins\/seo\/ -->\n<title>WBLBJORK VEGAN WIDE PANT &#187; Stylestore.com Germany<\/title>\n<meta name=\"description\" content=\"Moderne Hose in weicher und dehnbarer veganer Lederqualit\u00e4t mit weitem Bein und voller L\u00e4nge. Bundfalten, Seitentaschen und ein Gummizug in der Taille sorgen f\u00fcr Komfort und Stil. Perfekt f\u00fcr l\u00e4ssige und trendige Stylings!\" \/>\n<meta name=\"robots\" content=\"index, follow, max-snippet:-1, max-image-preview:large, max-video-preview:-1\" \/>\n<link rel=\"canonical\" href=\"https:\/\/stylestore.com\/deu\/product\/wblbjork-vegan-wide-pant-2\/\" \/>\n<meta property=\"og:locale\" content=\"de_DE\" \/>\n<meta property=\"og:type\" content=\"article\" \/>\n<meta property=\"og:title\" content=\"WBLBJORK VEGAN WIDE PANT &#187; Stylestore.com Germany\" \/>\n<meta property=\"og:description\" content=\"Moderne Hose in weicher und dehnbarer veganer Lederqualit\u00e4t mit weitem Bein und voller L\u00e4nge. Bundfalten, Seitentaschen und ein Gummizug in der Taille sorgen f\u00fcr Komfort und Stil. Perfekt f\u00fcr l\u00e4ssige und trendige Stylings!\" \/>\n<meta property=\"og:url\" content=\"https:\/\/stylestore.com\/deu\/product\/wblbjork-vegan-wide-pant-2\/\" \/>\n<meta property=\"og:site_name\" content=\"Stylestore.com Germany\" \/>\n<meta property=\"article:modified_time\" content=\"2026-04-23T06:05:27+00:00\" \/>\n<meta property=\"og:image\" content=\"https:\/\/stylestore.com\/deu\/wp-content\/uploads\/sites\/4\/2025\/01\/WBLBJORK_VEGAN_JACKET_Wide_Pant_White-Pepper1-scaled.jpg\" \/>\n\t<meta property=\"og:image:width\" content=\"1708\" \/>\n\t<meta property=\"og:image:height\" content=\"2560\" \/>\n\t<meta property=\"og:image:type\" content=\"image\/jpeg\" \/>\n<meta name=\"twitter:card\" content=\"summary_large_image\" \/>\n<script type=\"application\/ld+json\" class=\"yoast-schema-graph\">{\"@context\":\"https:\/\/schema.org\",\"@graph\":[{\"@type\":\"WebPage\",\"@id\":\"https:\/\/stylestore.com\/deu\/product\/wblbjork-vegan-wide-pant-2\/\",\"url\":\"https:\/\/stylestore.com\/deu\/product\/wblbjork-vegan-wide-pant-2\/\",\"name\":\"WBLBJORK VEGAN WIDE PANT &#187; Stylestore.com Germany\",\"isPartOf\":{\"@id\":\"https:\/\/stylestore.com\/deu\/#website\"},\"primaryImageOfPage\":{\"@id\":\"https:\/\/stylestore.com\/deu\/product\/wblbjork-vegan-wide-pant-2\/#primaryimage\"},\"image\":{\"@id\":\"https:\/\/stylestore.com\/deu\/product\/wblbjork-vegan-wide-pant-2\/#primaryimage\"},\"thumbnailUrl\":\"https:\/\/stylestore.com\/deu\/wp-content\/uploads\/sites\/4\/2025\/03\/WBLBJORK_VEGAN_JACKET_Wide_Pant_White-Pepper1-4-scaled.jpg\",\"datePublished\":\"2024-06-28T12:46:40+00:00\",\"dateModified\":\"2026-04-23T06:05:27+00:00\",\"description\":\"Moderne Hose in weicher und dehnbarer veganer Lederqualit\u00e4t mit weitem Bein und voller L\u00e4nge. Bundfalten, Seitentaschen und ein Gummizug in der Taille sorgen f\u00fcr Komfort und Stil. Perfekt f\u00fcr l\u00e4ssige und trendige Stylings!\",\"breadcrumb\":{\"@id\":\"https:\/\/stylestore.com\/deu\/product\/wblbjork-vegan-wide-pant-2\/#breadcrumb\"},\"inLanguage\":\"de\",\"potentialAction\":[{\"@type\":\"ReadAction\",\"target\":[\"https:\/\/stylestore.com\/deu\/product\/wblbjork-vegan-wide-pant-2\/\"]}]},{\"@type\":\"ImageObject\",\"inLanguage\":\"de\",\"@id\":\"https:\/\/stylestore.com\/deu\/product\/wblbjork-vegan-wide-pant-2\/#primaryimage\",\"url\":\"https:\/\/stylestore.com\/deu\/wp-content\/uploads\/sites\/4\/2025\/03\/WBLBJORK_VEGAN_JACKET_Wide_Pant_White-Pepper1-4-scaled.jpg\",\"contentUrl\":\"https:\/\/stylestore.com\/deu\/wp-content\/uploads\/sites\/4\/2025\/03\/WBLBJORK_VEGAN_JACKET_Wide_Pant_White-Pepper1-4-scaled.jpg\",\"width\":1708,\"height\":2560},{\"@type\":\"BreadcrumbList\",\"@id\":\"https:\/\/stylestore.com\/deu\/product\/wblbjork-vegan-wide-pant-2\/#breadcrumb\",\"itemListElement\":[{\"@type\":\"ListItem\",\"position\":1,\"name\":\"Search\",\"item\":\"https:\/\/stylestore.com\/deu\/search\/\"},{\"@type\":\"ListItem\",\"position\":2,\"name\":\"WBLBJORK VEGAN WIDE PANT\"}]},{\"@type\":\"WebSite\",\"@id\":\"https:\/\/stylestore.com\/deu\/#website\",\"url\":\"https:\/\/stylestore.com\/deu\/\",\"name\":\"Stylestore.com Germany\",\"description\":\"\",\"potentialAction\":[{\"@type\":\"SearchAction\",\"target\":{\"@type\":\"EntryPoint\",\"urlTemplate\":\"https:\/\/stylestore.com\/deu\/?s={search_term_string}\"},\"query-input\":{\"@type\":\"PropertyValueSpecification\",\"valueRequired\":true,\"valueName\":\"search_term_string\"}}],\"inLanguage\":\"de\"}]}<\/script>\n<!-- \/ Yoast SEO plugin. -->","yoast_head_json":{"title":"WBLBJORK VEGAN WIDE PANT &#187; Stylestore.com Germany","description":"Moderne Hose in weicher und dehnbarer veganer Lederqualit\u00e4t mit weitem Bein und voller L\u00e4nge. Bundfalten, Seitentaschen und ein Gummizug in der Taille sorgen f\u00fcr Komfort und Stil. Perfekt f\u00fcr l\u00e4ssige und trendige Stylings!","robots":{"index":"index","follow":"follow","max-snippet":"max-snippet:-1","max-image-preview":"max-image-preview:large","max-video-preview":"max-video-preview:-1"},"canonical":"https:\/\/stylestore.com\/deu\/product\/wblbjork-vegan-wide-pant-2\/","og_locale":"de_DE","og_type":"article","og_title":"WBLBJORK VEGAN WIDE PANT &#187; Stylestore.com Germany","og_description":"Moderne Hose in weicher und dehnbarer veganer Lederqualit\u00e4t mit weitem Bein und voller L\u00e4nge. Bundfalten, Seitentaschen und ein Gummizug in der Taille sorgen f\u00fcr Komfort und Stil. Perfekt f\u00fcr l\u00e4ssige und trendige Stylings!","og_url":"https:\/\/stylestore.com\/deu\/product\/wblbjork-vegan-wide-pant-2\/","og_site_name":"Stylestore.com Germany","article_modified_time":"2026-04-23T06:05:27+00:00","og_image":[{"width":1708,"height":2560,"url":"https:\/\/stylestore.com\/deu\/wp-content\/uploads\/sites\/4\/2025\/01\/WBLBJORK_VEGAN_JACKET_Wide_Pant_White-Pepper1-scaled.jpg","type":"image\/jpeg"}],"twitter_card":"summary_large_image","schema":{"@context":"https:\/\/schema.org","@graph":[{"@type":"WebPage","@id":"https:\/\/stylestore.com\/deu\/product\/wblbjork-vegan-wide-pant-2\/","url":"https:\/\/stylestore.com\/deu\/product\/wblbjork-vegan-wide-pant-2\/","name":"WBLBJORK VEGAN WIDE PANT &#187; Stylestore.com Germany","isPartOf":{"@id":"https:\/\/stylestore.com\/deu\/#website"},"primaryImageOfPage":{"@id":"https:\/\/stylestore.com\/deu\/product\/wblbjork-vegan-wide-pant-2\/#primaryimage"},"image":{"@id":"https:\/\/stylestore.com\/deu\/product\/wblbjork-vegan-wide-pant-2\/#primaryimage"},"thumbnailUrl":"https:\/\/stylestore.com\/deu\/wp-content\/uploads\/sites\/4\/2025\/03\/WBLBJORK_VEGAN_JACKET_Wide_Pant_White-Pepper1-4-scaled.jpg","datePublished":"2024-06-28T12:46:40+00:00","dateModified":"2026-04-23T06:05:27+00:00","description":"Moderne Hose in weicher und dehnbarer veganer Lederqualit\u00e4t mit weitem Bein und voller L\u00e4nge. Bundfalten, Seitentaschen und ein Gummizug in der Taille sorgen f\u00fcr Komfort und Stil. Perfekt f\u00fcr l\u00e4ssige und trendige Stylings!","breadcrumb":{"@id":"https:\/\/stylestore.com\/deu\/product\/wblbjork-vegan-wide-pant-2\/#breadcrumb"},"inLanguage":"de","potentialAction":[{"@type":"ReadAction","target":["https:\/\/stylestore.com\/deu\/product\/wblbjork-vegan-wide-pant-2\/"]}]},{"@type":"ImageObject","inLanguage":"de","@id":"https:\/\/stylestore.com\/deu\/product\/wblbjork-vegan-wide-pant-2\/#primaryimage","url":"https:\/\/stylestore.com\/deu\/wp-content\/uploads\/sites\/4\/2025\/03\/WBLBJORK_VEGAN_JACKET_Wide_Pant_White-Pepper1-4-scaled.jpg","contentUrl":"https:\/\/stylestore.com\/deu\/wp-content\/uploads\/sites\/4\/2025\/03\/WBLBJORK_VEGAN_JACKET_Wide_Pant_White-Pepper1-4-scaled.jpg","width":1708,"height":2560},{"@type":"BreadcrumbList","@id":"https:\/\/stylestore.com\/deu\/product\/wblbjork-vegan-wide-pant-2\/#breadcrumb","itemListElement":[{"@type":"ListItem","position":1,"name":"Search","item":"https:\/\/stylestore.com\/deu\/search\/"},{"@type":"ListItem","position":2,"name":"WBLBJORK VEGAN WIDE PANT"}]},{"@type":"WebSite","@id":"https:\/\/stylestore.com\/deu\/#website","url":"https:\/\/stylestore.com\/deu\/","name":"Stylestore.com Germany","description":"","potentialAction":[{"@type":"SearchAction","target":{"@type":"EntryPoint","urlTemplate":"https:\/\/stylestore.com\/deu\/?s={search_term_string}"},"query-input":{"@type":"PropertyValueSpecification","valueRequired":true,"valueName":"search_term_string"}}],"inLanguage":"de"}]}},"_links":{"self":[{"href":"https:\/\/stylestore.com\/deu\/wp-json\/wp\/v2\/product\/550239","targetHints":{"allow":["GET"]}}],"collection":[{"href":"https:\/\/stylestore.com\/deu\/wp-json\/wp\/v2\/product"}],"about":[{"href":"https:\/\/stylestore.com\/deu\/wp-json\/wp\/v2\/types\/product"}],"wp:featuredmedia":[{"embeddable":true,"href":"https:\/\/stylestore.com\/deu\/wp-json\/wp\/v2\/media\/576572"}],"wp:attachment":[{"href":"https:\/\/stylestore.com\/deu\/wp-json\/wp\/v2\/media?parent=550239"}],"wp:term":[{"taxonomy":"product_brand","embeddable":true,"href":"https:\/\/stylestore.com\/deu\/wp-json\/wp\/v2\/product_brand?post=550239"},{"taxonomy":"product_cat","embeddable":true,"href":"https:\/\/stylestore.com\/deu\/wp-json\/wp\/v2\/product_cat?post=550239"},{"taxonomy":"product_tag","embeddable":true,"href":"https:\/\/stylestore.com\/deu\/wp-json\/wp\/v2\/product_tag?post=550239"}],"curies":[{"name":"wp","href":"https:\/\/api.w.org\/{rel}","templated":true}]}}